{"id":13698,"date":"2025-12-06T22:41:54","date_gmt":"2025-12-06T20:41:54","guid":{"rendered":"https:\/\/meeplendice.net\/?page_id=13698"},"modified":"2025-12-06T22:45:17","modified_gmt":"2025-12-06T20:45:17","slug":"mystria","status":"publish","type":"page","link":"https:\/\/meeplendice.net\/?page_id=13698","title":{"rendered":"Mystria"},"content":{"rendered":"<div id=\"pl-13698\"  class=\"panel-layout\" ><div id=\"pg-13698-0\"  class=\"panel-grid panel-no-style\" ><div id=\"pgc-13698-0-0\"  class=\"panel-grid-cell\" ><div id=\"panel-13698-0-0-0\" class=\"so-panel widget widget_sow-editor panel-first-child panel-last-child\" data-index=\"0\" ><div\n\t\t\t\n\t\t\tclass=\"so-widget-sow-editor so-widget-sow-editor-base\"\n\t\t\t\n\t\t>\n<div class=\"siteorigin-widget-tinymce textwidget\">\n\t<p style=\"text-align: center;\"><strong>Nombre de joueurs :<\/strong><br \/>\n2 - 2<\/p>\n<\/div>\n<\/div><\/div><\/div><div id=\"pgc-13698-0-1\"  class=\"panel-grid-cell\" ><div id=\"panel-13698-0-1-0\" class=\"so-panel widget widget_sow-editor panel-first-child panel-last-child\" data-index=\"1\" ><div\n\t\t\t\n\t\t\tclass=\"so-widget-sow-editor so-widget-sow-editor-base\"\n\t\t\t\n\t\t>\n<div class=\"siteorigin-widget-tinymce textwidget\">\n\t<p style=\"text-align: center;\"><strong>Dur\u00e9e moyenne :<\/strong><br \/>\n15 min<\/p>\n<\/div>\n<\/div><\/div><\/div><div id=\"pgc-13698-0-2\"  class=\"panel-grid-cell\" ><div id=\"panel-13698-0-2-0\" class=\"so-panel widget widget_sow-editor panel-first-child panel-last-child\" data-index=\"2\" ><div\n\t\t\t\n\t\t\tclass=\"so-widget-sow-editor so-widget-sow-editor-base\"\n\t\t\t\n\t\t>\n<div class=\"siteorigin-widget-tinymce textwidget\">\n\t<p style=\"text-align: center;\"><strong>Age :<\/strong><br \/>\n10 ans et plus<\/p>\n<\/div>\n<\/div><\/div><\/div><\/div><div id=\"pg-13698-1\"  class=\"panel-grid panel-no-style\" ><div id=\"pgc-13698-1-0\"  class=\"panel-grid-cell\" ><div id=\"panel-13698-1-0-0\" class=\"so-panel widget widget_sow-editor panel-first-child panel-last-child\" data-index=\"3\" ><div\n\t\t\t\n\t\t\tclass=\"so-widget-sow-editor so-widget-sow-editor-base\"\n\t\t\t\n\t\t>\n<div class=\"siteorigin-widget-tinymce textwidget\">\n\t<p style=\"text-align: center;\"><strong>Auteur(s) :<br \/>\n<\/strong>Florian Sirieix<br \/>\nBenoit Turpin<\/p>\n<\/div>\n<\/div><\/div><\/div><div id=\"pgc-13698-1-1\"  class=\"panel-grid-cell\" ><div id=\"panel-13698-1-1-0\" class=\"so-panel widget widget_sow-editor panel-first-child panel-last-child\" data-index=\"4\" ><div\n\t\t\t\n\t\t\tclass=\"so-widget-sow-editor so-widget-sow-editor-base\"\n\t\t\t\n\t\t>\n<div class=\"siteorigin-widget-tinymce textwidget\">\n\t<p style=\"text-align: center;\"><strong>Illustrations :<\/strong><br \/>\nJ\u00e9r\u00e9mie Fleury<\/p>\n<\/div>\n<\/div><\/div><\/div><div id=\"pgc-13698-1-2\"  class=\"panel-grid-cell\" ><div id=\"panel-13698-1-2-0\" class=\"so-panel widget widget_sow-editor panel-first-child panel-last-child\" data-index=\"5\" ><div\n\t\t\t\n\t\t\tclass=\"so-widget-sow-editor so-widget-sow-editor-base\"\n\t\t\t\n\t\t>\n<div class=\"siteorigin-widget-tinymce textwidget\">\n\t<p style=\"text-align: center;\"><strong>\u00c9dition :<\/strong><br \/>\nD\u00e9b\u00e2cle Jeux<br \/>\n2024<\/p>\n<\/div>\n<\/div><\/div><\/div><div id=\"pgc-13698-1-3\"  class=\"panel-grid-cell\" ><div id=\"panel-13698-1-3-0\" class=\"so-panel widget widget_sow-editor panel-first-child panel-last-child\" data-index=\"6\" ><div\n\t\t\t\n\t\t\tclass=\"so-widget-sow-editor so-widget-sow-editor-base\"\n\t\t\t\n\t\t>\n<div class=\"siteorigin-widget-tinymce textwidget\">\n\t<p style=\"text-align: center;\"><strong>Version :<\/strong><br \/>\nFran\u00e7aise<\/p>\n<\/div>\n<\/div><\/div><\/div><\/div><div id=\"pg-13698-2\"  class=\"panel-grid panel-no-style\" ><div id=\"pgc-13698-2-0\"  class=\"panel-grid-cell\" ><div id=\"panel-13698-2-0-0\" class=\"so-panel widget widget_sow-editor panel-first-child panel-last-child\" data-index=\"7\" ><div\n\t\t\t\n\t\t\tclass=\"so-widget-sow-editor so-widget-sow-editor-base\"\n\t\t\t\n\t\t>\n<div class=\"siteorigin-widget-tinymce textwidget\">\n\t<hr \/>\n<p><em>Depuis la nuit des temps, le jeu n'est pas une simple distraction. Il sculpte l'esprit, affine nos comp\u00e9tences et nos r\u00e9actions.<br \/>\nComme les mortels ma\u00eetrisent les \u00e9checs, leur intellect en action, les magiciennes, elles dans Mysteria trouvent satisfaction.<\/em><\/p>\n<p><em>Ce n'est pas jeu banal, mais un d\u00e9fi de comp\u00e9tence et d'intuition, un monde o\u00f9 le pouvoir s'entrem\u00eale \u00e0 la magie, sans limitation.<\/em><\/p>\n<p><em>Dans Mysteria, elles tissent des sortil\u00e8ges, usant de forces cach\u00e9es, o\u00f9 chaque geste p\u00e8se lourd, dans ce jeu de strat\u00e9gies entrelac\u00e9es.<\/em><\/p>\n<p><em>Venez, osez ce voyage dans un univers mystique, o\u00f9 sagesse, strat\u00e9gie et sortil\u00e8ges fa\u00e7onnent votre \u00e9pop\u00e9e magique.<\/em><\/p>\n<p>&nbsp;<\/p>\n<div class=\"hide_info_annexe row small-collapse medium-uncollapse\">\n<div class=\"column small-12\">\n<p>Dans <em>Mystria<\/em>, les magiciennes manipulent directement la magie, usant de forces secr\u00e8tes.<br \/>\nLe but du jeu est de remporter un maximum de points en fin de partie.<\/p>\n<p>Pour y parvenir, les joueurs vont d\u00e9placer des piles de jetons sur le plateau central en utilisant leur \u00e9nergie pour former des triangles de m\u00eame couleur. Alors, ils pourront r\u00e9cup\u00e9rer un jeton pour le placer astucieusement sur leur plateau Magicienne.<\/p>\n<p>Prenez garde \u00e0 votre r\u00e9serve d\u2019\u00e9nergie, et placez les jetons du mieux possible pour remporter des majorit\u00e9s et valider votre objectif secret.<\/p>\n<\/div>\n<\/div>\n<\/div>\n<\/div><\/div><\/div><\/div><div id=\"pg-13698-3\"  class=\"panel-grid panel-no-style\" ><div id=\"pgc-13698-3-0\"  class=\"panel-grid-cell\" ><div id=\"panel-13698-3-0-0\" class=\"so-panel widget widget_sow-editor panel-first-child panel-last-child\" data-index=\"8\" ><div\n\t\t\t\n\t\t\tclass=\"so-widget-sow-editor so-widget-sow-editor-base\"\n\t\t\t\n\t\t>\n<div class=\"siteorigin-widget-tinymce textwidget\">\n\t<hr \/>\n<h3 style=\"text-align: center;\">En vid\u00e9o<\/h3>\n<\/div>\n<\/div><\/div><\/div><\/div><div id=\"pg-13698-4\"  class=\"panel-grid panel-no-style\" ><div id=\"pgc-13698-4-0\"  class=\"panel-grid-cell\" ><div id=\"panel-13698-4-0-0\" class=\"so-panel widget widget_sow-editor panel-first-child panel-last-child\" data-index=\"9\" ><div\n\t\t\t\n\t\t\tclass=\"so-widget-sow-editor so-widget-sow-editor-base\"\n\t\t\t\n\t\t>\n<div class=\"siteorigin-widget-tinymce textwidget\">\n\t<hr \/>\n<h3 style=\"text-align: center;\">Pour aller plus loin<\/h3>\n<p style=\"text-align: center;\">\n<\/div>\n<\/div><\/div><\/div><\/div><\/div>","protected":false},"excerpt":{"rendered":"<p>Nombre de joueurs : 2 &#8211; 2 Dur\u00e9e moyenne : 15 min Age : 10 ans et plus Auteur(s) : Florian Sirieix Benoit Turpin Illustrations : J\u00e9r\u00e9mie Fleury \u00c9dition : D\u00e9b\u00e2cle Jeux 2024 Version : Fran\u00e7aise<\/p>\n","protected":false},"author":2,"featured_media":13700,"parent":0,"menu_order":0,"comment_status":"closed","ping_status":"closed","template":"","meta":{"footnotes":""},"class_list":["post-13698","page","type-page","status-publish","has-post-thumbnail","hentry"],"acf":[],"rttpg_featured_image_url":{"full":["https:\/\/meeplendice.net\/wp-content\/uploads\/2025\/12\/Mystria.png",350,350,false],"landscape":["https:\/\/meeplendice.net\/wp-content\/uploads\/2025\/12\/Mystria.png",350,350,false],"portraits":["https:\/\/meeplendice.net\/wp-content\/uploads\/2025\/12\/Mystria.png",350,350,false],"thumbnail":["https:\/\/meeplendice.net\/wp-content\/uploads\/2025\/12\/Mystria-150x150.png",150,150,true],"medium":["https:\/\/meeplendice.net\/wp-content\/uploads\/2025\/12\/Mystria-300x300.png",300,300,true],"large":["https:\/\/meeplendice.net\/wp-content\/uploads\/2025\/12\/Mystria.png",350,350,false],"ug_big":["https:\/\/meeplendice.net\/wp-content\/uploads\/2025\/12\/Mystria.png",350,350,false],"1536x1536":["https:\/\/meeplendice.net\/wp-content\/uploads\/2025\/12\/Mystria.png",350,350,false],"2048x2048":["https:\/\/meeplendice.net\/wp-content\/uploads\/2025\/12\/Mystria.png",350,350,false],"ashe-slider-grid-thumbnail":["https:\/\/meeplendice.net\/wp-content\/uploads\/2025\/12\/Mystria.png",350,350,false],"ashe-full-thumbnail":["https:\/\/meeplendice.net\/wp-content\/uploads\/2025\/12\/Mystria.png",350,350,false],"ashe-grid-thumbnail":["https:\/\/meeplendice.net\/wp-content\/uploads\/2025\/12\/Mystria-350x330.png",350,330,true],"ashe-list-thumbnail":["https:\/\/meeplendice.net\/wp-content\/uploads\/2025\/12\/Mystria-300x300.png",300,300,true],"ashe-single-navigation":["https:\/\/meeplendice.net\/wp-content\/uploads\/2025\/12\/Mystria-75x75.png",75,75,true],"mailpoet_newsletter_max":["https:\/\/meeplendice.net\/wp-content\/uploads\/2025\/12\/Mystria.png",350,350,false],"rpwe-thumbnail":["https:\/\/meeplendice.net\/wp-content\/uploads\/2025\/12\/Mystria-45x45.png",45,45,true],"sow-carousel-default":["https:\/\/meeplendice.net\/wp-content\/uploads\/2025\/12\/Mystria-272x182.png",272,182,true],"rt_custom":["https:\/\/meeplendice.net\/wp-content\/uploads\/2025\/12\/Mystria.png",350,350,false]},"rttpg_author":{"display_name":"Karnby","author_link":"https:\/\/meeplendice.net\/?author=2"},"rttpg_comment":0,"rttpg_category":null,"rttpg_excerpt":"Nombre de joueurs : 2 - 2 Dur\u00e9e moyenne : 15 min Age : 10 ans et plus Auteur(s) : Florian Sirieix Benoit Turpin Illustrations : J\u00e9r\u00e9mie Fleury \u00c9dition : D\u00e9b\u00e2cle Jeux 2024 Version : Fran\u00e7aise","_links":{"self":[{"href":"https:\/\/meeplendice.net\/index.php?rest_route=\/wp\/v2\/pages\/13698","targetHints":{"allow":["GET"]}}],"collection":[{"href":"https:\/\/meeplendice.net\/index.php?rest_route=\/wp\/v2\/pages"}],"about":[{"href":"https:\/\/meeplendice.net\/index.php?rest_route=\/wp\/v2\/types\/page"}],"author":[{"embeddable":true,"href":"https:\/\/meeplendice.net\/index.php?rest_route=\/wp\/v2\/users\/2"}],"replies":[{"embeddable":true,"href":"https:\/\/meeplendice.net\/index.php?rest_route=%2Fwp%2Fv2%2Fcomments&post=13698"}],"version-history":[{"count":1,"href":"https:\/\/meeplendice.net\/index.php?rest_route=\/wp\/v2\/pages\/13698\/revisions"}],"predecessor-version":[{"id":13699,"href":"https:\/\/meeplendice.net\/index.php?rest_route=\/wp\/v2\/pages\/13698\/revisions\/13699"}],"wp:featuredmedia":[{"embeddable":true,"href":"https:\/\/meeplendice.net\/index.php?rest_route=\/wp\/v2\/media\/13700"}],"wp:attachment":[{"href":"https:\/\/meeplendice.net\/index.php?rest_route=%2Fwp%2Fv2%2Fmedia&parent=13698"}],"curies":[{"name":"wp","href":"https:\/\/api.w.org\/{rel}","templated":true}]}}