{"id":13706,"date":"2025-12-07T23:47:49","date_gmt":"2025-12-07T21:47:49","guid":{"rendered":"https:\/\/meeplendice.net\/?page_id=13706"},"modified":"2025-12-07T23:47:49","modified_gmt":"2025-12-07T21:47:49","slug":"missions","status":"publish","type":"page","link":"https:\/\/meeplendice.net\/?page_id=13706","title":{"rendered":"Missions"},"content":{"rendered":"<div class=\"hide_info_annexe row small-collapse medium-uncollapse\">\n<div class=\"column small-12\">\n<p><em><span class=\"style-client-colored-text\">Missions<\/span> <\/em>introduit une nouvelle m\u00e9canique d\u2019objectifs \u00e0 atteindre pour dynamiser vos parties. Chaque joueur tente d\u2019accomplir des missions sp\u00e9cifiques avant ses adversaires pour marquer des points suppl\u00e9mentaires. Pour y parvenir, vous disposez de d\u00e9s violets in\u00e9dits qui symbolisent votre influence croissante et ouvrent la voie \u00e0 de nouvelles strat\u00e9gies de terraformation.<\/p>\n<p>L\u2019extension enrichit \u00e9galement le jeu avec de nouvelles corporations, de nouveaux projets et des objectifs vari\u00e9s qui renouvellent vos parties et renforcent l\u2019interaction entre les joueurs.<\/p>\n<\/div>\n<\/div>\n<p>&nbsp;<\/p>\n","protected":false},"excerpt":{"rendered":"<p>Missions introduit une nouvelle m\u00e9canique d\u2019objectifs \u00e0 atteindre pour dynamiser vos parties. Chaque joueur tente d\u2019accomplir des missions sp\u00e9cifiques avant ses adversaires pour marquer des points suppl\u00e9mentaires. Pour y parvenir, vous disposez de d\u00e9s violets in\u00e9dits qui symbolisent votre influence croissante et ouvrent la voie \u00e0 de nouvelles strat\u00e9gies de terraformation. L\u2019extension enrichit \u00e9galement le jeu avec de nouvelles corporations, de nouveaux projets et des objectifs vari\u00e9s qui renouvellent vos parties et renforcent l\u2019interaction entre les joueurs. &nbsp;<\/p>\n","protected":false},"author":2,"featured_media":13707,"parent":12319,"menu_order":2,"comment_status":"closed","ping_status":"closed","template":"","meta":{"footnotes":""},"class_list":["post-13706","page","type-page","status-publish","has-post-thumbnail","hentry"],"acf":[],"rttpg_featured_image_url":{"full":["https:\/\/meeplendice.net\/wp-content\/uploads\/2025\/12\/Terraformingmars_Dice_Missions.png",350,350,false],"landscape":["https:\/\/meeplendice.net\/wp-content\/uploads\/2025\/12\/Terraformingmars_Dice_Missions.png",350,350,false],"portraits":["https:\/\/meeplendice.net\/wp-content\/uploads\/2025\/12\/Terraformingmars_Dice_Missions.png",350,350,false],"thumbnail":["https:\/\/meeplendice.net\/wp-content\/uploads\/2025\/12\/Terraformingmars_Dice_Missions-150x150.png",150,150,true],"medium":["https:\/\/meeplendice.net\/wp-content\/uploads\/2025\/12\/Terraformingmars_Dice_Missions-300x300.png",300,300,true],"large":["https:\/\/meeplendice.net\/wp-content\/uploads\/2025\/12\/Terraformingmars_Dice_Missions.png",350,350,false],"ug_big":["https:\/\/meeplendice.net\/wp-content\/uploads\/2025\/12\/Terraformingmars_Dice_Missions.png",350,350,false],"1536x1536":["https:\/\/meeplendice.net\/wp-content\/uploads\/2025\/12\/Terraformingmars_Dice_Missions.png",350,350,false],"2048x2048":["https:\/\/meeplendice.net\/wp-content\/uploads\/2025\/12\/Terraformingmars_Dice_Missions.png",350,350,false],"ashe-slider-grid-thumbnail":["https:\/\/meeplendice.net\/wp-content\/uploads\/2025\/12\/Terraformingmars_Dice_Missions.png",350,350,false],"ashe-full-thumbnail":["https:\/\/meeplendice.net\/wp-content\/uploads\/2025\/12\/Terraformingmars_Dice_Missions.png",350,350,false],"ashe-grid-thumbnail":["https:\/\/meeplendice.net\/wp-content\/uploads\/2025\/12\/Terraformingmars_Dice_Missions-350x330.png",350,330,true],"ashe-list-thumbnail":["https:\/\/meeplendice.net\/wp-content\/uploads\/2025\/12\/Terraformingmars_Dice_Missions-300x300.png",300,300,true],"ashe-single-navigation":["https:\/\/meeplendice.net\/wp-content\/uploads\/2025\/12\/Terraformingmars_Dice_Missions-75x75.png",75,75,true],"mailpoet_newsletter_max":["https:\/\/meeplendice.net\/wp-content\/uploads\/2025\/12\/Terraformingmars_Dice_Missions.png",350,350,false],"rpwe-thumbnail":["https:\/\/meeplendice.net\/wp-content\/uploads\/2025\/12\/Terraformingmars_Dice_Missions-45x45.png",45,45,true],"sow-carousel-default":["https:\/\/meeplendice.net\/wp-content\/uploads\/2025\/12\/Terraformingmars_Dice_Missions-272x182.png",272,182,true],"rt_custom":["https:\/\/meeplendice.net\/wp-content\/uploads\/2025\/12\/Terraformingmars_Dice_Missions.png",350,350,false]},"rttpg_author":{"display_name":"Karnby","author_link":"https:\/\/meeplendice.net\/?author=2"},"rttpg_comment":0,"rttpg_category":null,"rttpg_excerpt":"Missions introduit une nouvelle m\u00e9canique d\u2019objectifs \u00e0 atteindre pour dynamiser vos parties. Chaque joueur tente d\u2019accomplir des missions sp\u00e9cifiques avant ses adversaires pour marquer des points suppl\u00e9mentaires. Pour y parvenir, vous disposez de d\u00e9s violets in\u00e9dits qui symbolisent votre influence croissante et ouvrent la voie \u00e0 de nouvelles strat\u00e9gies de terraformation. L\u2019extension enrichit \u00e9galement le\u2026","_links":{"self":[{"href":"https:\/\/meeplendice.net\/index.php?rest_route=\/wp\/v2\/pages\/13706","targetHints":{"allow":["GET"]}}],"collection":[{"href":"https:\/\/meeplendice.net\/index.php?rest_route=\/wp\/v2\/pages"}],"about":[{"href":"https:\/\/meeplendice.net\/index.php?rest_route=\/wp\/v2\/types\/page"}],"author":[{"embeddable":true,"href":"https:\/\/meeplendice.net\/index.php?rest_route=\/wp\/v2\/users\/2"}],"replies":[{"embeddable":true,"href":"https:\/\/meeplendice.net\/index.php?rest_route=%2Fwp%2Fv2%2Fcomments&post=13706"}],"version-history":[{"count":1,"href":"https:\/\/meeplendice.net\/index.php?rest_route=\/wp\/v2\/pages\/13706\/revisions"}],"predecessor-version":[{"id":13708,"href":"https:\/\/meeplendice.net\/index.php?rest_route=\/wp\/v2\/pages\/13706\/revisions\/13708"}],"up":[{"embeddable":true,"href":"https:\/\/meeplendice.net\/index.php?rest_route=\/wp\/v2\/pages\/12319"}],"wp:featuredmedia":[{"embeddable":true,"href":"https:\/\/meeplendice.net\/index.php?rest_route=\/wp\/v2\/media\/13707"}],"wp:attachment":[{"href":"https:\/\/meeplendice.net\/index.php?rest_route=%2Fwp%2Fv2%2Fmedia&parent=13706"}],"curies":[{"name":"wp","href":"https:\/\/api.w.org\/{rel}","templated":true}]}}