{"id":13711,"date":"2025-12-07T23:59:49","date_gmt":"2025-12-07T21:59:49","guid":{"rendered":"https:\/\/meeplendice.net\/?page_id=13711"},"modified":"2025-12-08T00:01:29","modified_gmt":"2025-12-07T22:01:29","slug":"secret-agents","status":"publish","type":"page","link":"https:\/\/meeplendice.net\/?page_id=13711","title":{"rendered":"Secret Agents"},"content":{"rendered":"<div class=\"hide_info_annexe row small-collapse medium-uncollapse\">\n<div class=\"column small-12\"><em>Zenith &#8211; Secret Agents\u00a0<\/em>est une extension pour le jeu <em>Zenith<\/em>. Elle ajoute de nouveaux agents permettant de diversifier facilement les strat\u00e9gies et d&rsquo;augmenter la rejouabilit\u00e9 entre les missions au S\u00e9nat.<\/div>\n<\/div>\n<p>&nbsp;<\/p>\n","protected":false},"excerpt":{"rendered":"<p>Zenith &#8211; Secret Agents\u00a0est une extension pour le jeu Zenith. Elle ajoute de nouveaux agents permettant de diversifier facilement les strat\u00e9gies et d&rsquo;augmenter la rejouabilit\u00e9 entre les missions au S\u00e9nat. &nbsp;<\/p>\n","protected":false},"author":2,"featured_media":13713,"parent":13709,"menu_order":1,"comment_status":"closed","ping_status":"closed","template":"","meta":{"footnotes":""},"class_list":["post-13711","page","type-page","status-publish","has-post-thumbnail","hentry"],"acf":[],"rttpg_featured_image_url":{"full":["https:\/\/meeplendice.net\/wp-content\/uploads\/2025\/12\/Zenith_SecretAgents.png",350,350,false],"landscape":["https:\/\/meeplendice.net\/wp-content\/uploads\/2025\/12\/Zenith_SecretAgents.png",350,350,false],"portraits":["https:\/\/meeplendice.net\/wp-content\/uploads\/2025\/12\/Zenith_SecretAgents.png",350,350,false],"thumbnail":["https:\/\/meeplendice.net\/wp-content\/uploads\/2025\/12\/Zenith_SecretAgents-150x150.png",150,150,true],"medium":["https:\/\/meeplendice.net\/wp-content\/uploads\/2025\/12\/Zenith_SecretAgents-300x300.png",300,300,true],"large":["https:\/\/meeplendice.net\/wp-content\/uploads\/2025\/12\/Zenith_SecretAgents.png",350,350,false],"ug_big":["https:\/\/meeplendice.net\/wp-content\/uploads\/2025\/12\/Zenith_SecretAgents.png",350,350,false],"1536x1536":["https:\/\/meeplendice.net\/wp-content\/uploads\/2025\/12\/Zenith_SecretAgents.png",350,350,false],"2048x2048":["https:\/\/meeplendice.net\/wp-content\/uploads\/2025\/12\/Zenith_SecretAgents.png",350,350,false],"ashe-slider-grid-thumbnail":["https:\/\/meeplendice.net\/wp-content\/uploads\/2025\/12\/Zenith_SecretAgents.png",350,350,false],"ashe-full-thumbnail":["https:\/\/meeplendice.net\/wp-content\/uploads\/2025\/12\/Zenith_SecretAgents.png",350,350,false],"ashe-grid-thumbnail":["https:\/\/meeplendice.net\/wp-content\/uploads\/2025\/12\/Zenith_SecretAgents-350x330.png",350,330,true],"ashe-list-thumbnail":["https:\/\/meeplendice.net\/wp-content\/uploads\/2025\/12\/Zenith_SecretAgents-300x300.png",300,300,true],"ashe-single-navigation":["https:\/\/meeplendice.net\/wp-content\/uploads\/2025\/12\/Zenith_SecretAgents-75x75.png",75,75,true],"mailpoet_newsletter_max":["https:\/\/meeplendice.net\/wp-content\/uploads\/2025\/12\/Zenith_SecretAgents.png",350,350,false],"rpwe-thumbnail":["https:\/\/meeplendice.net\/wp-content\/uploads\/2025\/12\/Zenith_SecretAgents-45x45.png",45,45,true],"sow-carousel-default":["https:\/\/meeplendice.net\/wp-content\/uploads\/2025\/12\/Zenith_SecretAgents-272x182.png",272,182,true],"rt_custom":["https:\/\/meeplendice.net\/wp-content\/uploads\/2025\/12\/Zenith_SecretAgents.png",350,350,false]},"rttpg_author":{"display_name":"Karnby","author_link":"https:\/\/meeplendice.net\/?author=2"},"rttpg_comment":0,"rttpg_category":null,"rttpg_excerpt":"Zenith &#8211; Secret Agents\u00a0est une extension pour le jeu Zenith. Elle ajoute de nouveaux agents permettant de diversifier facilement les strat\u00e9gies et d&rsquo;augmenter la rejouabilit\u00e9 entre les missions au S\u00e9nat. &nbsp;","_links":{"self":[{"href":"https:\/\/meeplendice.net\/index.php?rest_route=\/wp\/v2\/pages\/13711","targetHints":{"allow":["GET"]}}],"collection":[{"href":"https:\/\/meeplendice.net\/index.php?rest_route=\/wp\/v2\/pages"}],"about":[{"href":"https:\/\/meeplendice.net\/index.php?rest_route=\/wp\/v2\/types\/page"}],"author":[{"embeddable":true,"href":"https:\/\/meeplendice.net\/index.php?rest_route=\/wp\/v2\/users\/2"}],"replies":[{"embeddable":true,"href":"https:\/\/meeplendice.net\/index.php?rest_route=%2Fwp%2Fv2%2Fcomments&post=13711"}],"version-history":[{"count":1,"href":"https:\/\/meeplendice.net\/index.php?rest_route=\/wp\/v2\/pages\/13711\/revisions"}],"predecessor-version":[{"id":13712,"href":"https:\/\/meeplendice.net\/index.php?rest_route=\/wp\/v2\/pages\/13711\/revisions\/13712"}],"up":[{"embeddable":true,"href":"https:\/\/meeplendice.net\/index.php?rest_route=\/wp\/v2\/pages\/13709"}],"wp:featuredmedia":[{"embeddable":true,"href":"https:\/\/meeplendice.net\/index.php?rest_route=\/wp\/v2\/media\/13713"}],"wp:attachment":[{"href":"https:\/\/meeplendice.net\/index.php?rest_route=%2Fwp%2Fv2%2Fmedia&parent=13711"}],"curies":[{"name":"wp","href":"https:\/\/api.w.org\/{rel}","templated":true}]}}