{"id":13717,"date":"2025-12-08T00:40:59","date_gmt":"2025-12-07T22:40:59","guid":{"rendered":"https:\/\/meeplendice.net\/?page_id=13717"},"modified":"2025-12-08T00:43:19","modified_gmt":"2025-12-07T22:43:19","slug":"les-derniers-droides","status":"publish","type":"page","link":"https:\/\/meeplendice.net\/?page_id=13717","title":{"rendered":"Les Derniers Dro\u00efdes"},"content":{"rendered":"<div id=\"pl-13717\"  class=\"panel-layout\" ><div id=\"pg-13717-0\"  class=\"panel-grid panel-no-style\" ><div id=\"pgc-13717-0-0\"  class=\"panel-grid-cell\" ><div id=\"panel-13717-0-0-0\" class=\"so-panel widget widget_sow-editor panel-first-child panel-last-child\" data-index=\"0\" ><div\n\t\t\t\n\t\t\tclass=\"so-widget-sow-editor so-widget-sow-editor-base\"\n\t\t\t\n\t\t>\n<div class=\"siteorigin-widget-tinymce textwidget\">\n\t<p style=\"text-align: center;\"><strong>Nombre de joueurs :<\/strong><br \/>\n1 - 4<\/p>\n<\/div>\n<\/div><\/div><\/div><div id=\"pgc-13717-0-1\"  class=\"panel-grid-cell\" ><div id=\"panel-13717-0-1-0\" class=\"so-panel widget widget_sow-editor panel-first-child panel-last-child\" data-index=\"1\" ><div\n\t\t\t\n\t\t\tclass=\"so-widget-sow-editor so-widget-sow-editor-base\"\n\t\t\t\n\t\t>\n<div class=\"siteorigin-widget-tinymce textwidget\">\n\t<p style=\"text-align: center;\"><strong>Dur\u00e9e moyenne :<\/strong><br \/>\n30 min<\/p>\n<\/div>\n<\/div><\/div><\/div><div id=\"pgc-13717-0-2\"  class=\"panel-grid-cell\" ><div id=\"panel-13717-0-2-0\" class=\"so-panel widget widget_sow-editor panel-first-child panel-last-child\" data-index=\"2\" ><div\n\t\t\t\n\t\t\tclass=\"so-widget-sow-editor so-widget-sow-editor-base\"\n\t\t\t\n\t\t>\n<div class=\"siteorigin-widget-tinymce textwidget\">\n\t<p style=\"text-align: center;\"><strong>Age :<\/strong><br \/>\n10 ans et plus<\/p>\n<\/div>\n<\/div><\/div><\/div><\/div><div id=\"pg-13717-1\"  class=\"panel-grid panel-no-style\" ><div id=\"pgc-13717-1-0\"  class=\"panel-grid-cell\" ><div id=\"panel-13717-1-0-0\" class=\"so-panel widget widget_sow-editor panel-first-child panel-last-child\" data-index=\"3\" ><div\n\t\t\t\n\t\t\tclass=\"so-widget-sow-editor so-widget-sow-editor-base\"\n\t\t\t\n\t\t>\n<div class=\"siteorigin-widget-tinymce textwidget\">\n\t<p style=\"text-align: center;\"><strong>Auteur(s) :<br \/>\n<\/strong>Fabien Gridel<\/p>\n<\/div>\n<\/div><\/div><\/div><div id=\"pgc-13717-1-1\"  class=\"panel-grid-cell\" ><div id=\"panel-13717-1-1-0\" class=\"so-panel widget widget_sow-editor panel-first-child panel-last-child\" data-index=\"4\" ><div\n\t\t\t\n\t\t\tclass=\"so-widget-sow-editor so-widget-sow-editor-base\"\n\t\t\t\n\t\t>\n<div class=\"siteorigin-widget-tinymce textwidget\">\n\t<p style=\"text-align: center;\"><strong>Illustrations :<\/strong><br \/>\nAnne Heidsieck<\/p>\n<\/div>\n<\/div><\/div><\/div><div id=\"pgc-13717-1-2\"  class=\"panel-grid-cell\" ><div id=\"panel-13717-1-2-0\" class=\"so-panel widget widget_sow-editor panel-first-child panel-last-child\" data-index=\"5\" ><div\n\t\t\t\n\t\t\tclass=\"so-widget-sow-editor so-widget-sow-editor-base\"\n\t\t\t\n\t\t>\n<div class=\"siteorigin-widget-tinymce textwidget\">\n\t<p style=\"text-align: center;\"><strong>\u00c9dition :<\/strong><br \/>\nBlue Cocker<br \/>\n2025<\/p>\n<\/div>\n<\/div><\/div><\/div><div id=\"pgc-13717-1-3\"  class=\"panel-grid-cell\" ><div id=\"panel-13717-1-3-0\" class=\"so-panel widget widget_sow-editor panel-first-child panel-last-child\" data-index=\"6\" ><div\n\t\t\t\n\t\t\tclass=\"so-widget-sow-editor so-widget-sow-editor-base\"\n\t\t\t\n\t\t>\n<div class=\"siteorigin-widget-tinymce textwidget\">\n\t<p style=\"text-align: center;\"><strong>Version :<\/strong><br \/>\nFran\u00e7aise<\/p>\n<\/div>\n<\/div><\/div><\/div><\/div><div id=\"pg-13717-2\"  class=\"panel-grid panel-no-style\" ><div id=\"pgc-13717-2-0\"  class=\"panel-grid-cell\" ><div id=\"panel-13717-2-0-0\" class=\"so-panel widget widget_sow-editor panel-first-child panel-last-child\" data-index=\"7\" ><div\n\t\t\t\n\t\t\tclass=\"so-widget-sow-editor so-widget-sow-editor-base\"\n\t\t\t\n\t\t>\n<div class=\"siteorigin-widget-tinymce textwidget\">\n\t<hr \/>\n<div>Dans <em>Les Derniers Dro\u00efdes<\/em> vous incarnez des \u00c9com\u00e9canos : artisans et artisanes d\u2019un \u00ab nouveau monde \u00bb visant \u00e0 r\u00e9duire l\u2019extraction de mati\u00e8res premi\u00e8res de notre plan\u00e8te.\u00a0Votre art consiste \u00e0 construire , r\u00e9parer ou recycler en pi\u00e8ces d\u00e9tach\u00e9es les robots qui \u00e9taient la base de la main d\u2019\u0153uvre de \u00ab l\u2019ancien monde \u00bb productiviste, pour passer d\u2019un mode de vie extractiviste \u00e0 un mode de vie plus en accord avec les limites physiques plan\u00e9taires.<\/div>\n<div><\/div>\n<div>Votre r\u00eave ? Recevoir la d\u00e9coration la plus prestigieuse qui soit chez les \u00c9com\u00e9canos : la m\u00e9daille de l\u2019Ordre de la Feuille<\/div>\n<div><\/div>\n<div>Votre mission : donner une seconde vie aux derniers dro\u00efdes abandonn\u00e9s pour assurer la survie de l\u2019humanit\u00e9.<\/div>\n<div><\/div>\n<div>Choisissez soigneusement les \u00e9paves les plus prometteuses, g\u00e9rez intelligemment vos ressources, et construisez la collection de dro\u00efdes la plus performante possible.<\/div>\n<div><\/div>\n<div>Chaque r\u00e9paration compte dans cette course contre la montre \u00e9cologique !<\/div>\n<\/div>\n<\/div><\/div><\/div><\/div><div id=\"pg-13717-3\"  class=\"panel-grid panel-no-style\" ><div id=\"pgc-13717-3-0\"  class=\"panel-grid-cell\" ><div id=\"panel-13717-3-0-0\" class=\"so-panel widget widget_sow-editor panel-first-child panel-last-child\" data-index=\"8\" ><div\n\t\t\t\n\t\t\tclass=\"so-widget-sow-editor so-widget-sow-editor-base\"\n\t\t\t\n\t\t>\n<div class=\"siteorigin-widget-tinymce textwidget\">\n\t<hr \/>\n<h3 style=\"text-align: center;\">En vid\u00e9o<\/h3>\n<\/div>\n<\/div><\/div><\/div><\/div><div id=\"pg-13717-4\"  class=\"panel-grid panel-no-style\" ><div id=\"pgc-13717-4-0\"  class=\"panel-grid-cell\" ><div id=\"panel-13717-4-0-0\" class=\"so-panel widget widget_sow-editor panel-first-child panel-last-child\" data-index=\"9\" ><div\n\t\t\t\n\t\t\tclass=\"so-widget-sow-editor so-widget-sow-editor-base\"\n\t\t\t\n\t\t>\n<div class=\"siteorigin-widget-tinymce textwidget\">\n\t<hr \/>\n<h3 style=\"text-align: center;\">Pour aller plus loin<\/h3>\n<p style=\"text-align: center;\">\n<\/div>\n<\/div><\/div><\/div><\/div><\/div>","protected":false},"excerpt":{"rendered":"<p>Nombre de joueurs : 1 &#8211; 4 Dur\u00e9e moyenne : 30 min Age : 10 ans et plus Auteur(s) : Fabien Gridel Illustrations : Anne Heidsieck \u00c9dition : Blue Cocker 2025 Version : Fran\u00e7aise<\/p>\n","protected":false},"author":2,"featured_media":13720,"parent":0,"menu_order":0,"comment_status":"closed","ping_status":"closed","template":"","meta":{"footnotes":""},"class_list":["post-13717","page","type-page","status-publish","has-post-thumbnail","hentry"],"acf":[],"rttpg_featured_image_url":{"full":["https:\/\/meeplendice.net\/wp-content\/uploads\/2025\/12\/les_derniers_droides.png",350,350,false],"landscape":["https:\/\/meeplendice.net\/wp-content\/uploads\/2025\/12\/les_derniers_droides.png",350,350,false],"portraits":["https:\/\/meeplendice.net\/wp-content\/uploads\/2025\/12\/les_derniers_droides.png",350,350,false],"thumbnail":["https:\/\/meeplendice.net\/wp-content\/uploads\/2025\/12\/les_derniers_droides-150x150.png",150,150,true],"medium":["https:\/\/meeplendice.net\/wp-content\/uploads\/2025\/12\/les_derniers_droides-300x300.png",300,300,true],"large":["https:\/\/meeplendice.net\/wp-content\/uploads\/2025\/12\/les_derniers_droides.png",350,350,false],"ug_big":["https:\/\/meeplendice.net\/wp-content\/uploads\/2025\/12\/les_derniers_droides.png",350,350,false],"1536x1536":["https:\/\/meeplendice.net\/wp-content\/uploads\/2025\/12\/les_derniers_droides.png",350,350,false],"2048x2048":["https:\/\/meeplendice.net\/wp-content\/uploads\/2025\/12\/les_derniers_droides.png",350,350,false],"ashe-slider-grid-thumbnail":["https:\/\/meeplendice.net\/wp-content\/uploads\/2025\/12\/les_derniers_droides.png",350,350,false],"ashe-full-thumbnail":["https:\/\/meeplendice.net\/wp-content\/uploads\/2025\/12\/les_derniers_droides.png",350,350,false],"ashe-grid-thumbnail":["https:\/\/meeplendice.net\/wp-content\/uploads\/2025\/12\/les_derniers_droides-350x330.png",350,330,true],"ashe-list-thumbnail":["https:\/\/meeplendice.net\/wp-content\/uploads\/2025\/12\/les_derniers_droides-300x300.png",300,300,true],"ashe-single-navigation":["https:\/\/meeplendice.net\/wp-content\/uploads\/2025\/12\/les_derniers_droides-75x75.png",75,75,true],"mailpoet_newsletter_max":["https:\/\/meeplendice.net\/wp-content\/uploads\/2025\/12\/les_derniers_droides.png",350,350,false],"rpwe-thumbnail":["https:\/\/meeplendice.net\/wp-content\/uploads\/2025\/12\/les_derniers_droides-45x45.png",45,45,true],"sow-carousel-default":["https:\/\/meeplendice.net\/wp-content\/uploads\/2025\/12\/les_derniers_droides-272x182.png",272,182,true],"rt_custom":["https:\/\/meeplendice.net\/wp-content\/uploads\/2025\/12\/les_derniers_droides.png",350,350,false]},"rttpg_author":{"display_name":"Karnby","author_link":"https:\/\/meeplendice.net\/?author=2"},"rttpg_comment":0,"rttpg_category":null,"rttpg_excerpt":"Nombre de joueurs : 1 - 4 Dur\u00e9e moyenne : 30 min Age : 10 ans et plus Auteur(s) : Fabien Gridel Illustrations : Anne Heidsieck \u00c9dition : Blue Cocker 2025 Version : Fran\u00e7aise","_links":{"self":[{"href":"https:\/\/meeplendice.net\/index.php?rest_route=\/wp\/v2\/pages\/13717","targetHints":{"allow":["GET"]}}],"collection":[{"href":"https:\/\/meeplendice.net\/index.php?rest_route=\/wp\/v2\/pages"}],"about":[{"href":"https:\/\/meeplendice.net\/index.php?rest_route=\/wp\/v2\/types\/page"}],"author":[{"embeddable":true,"href":"https:\/\/meeplendice.net\/index.php?rest_route=\/wp\/v2\/users\/2"}],"replies":[{"embeddable":true,"href":"https:\/\/meeplendice.net\/index.php?rest_route=%2Fwp%2Fv2%2Fcomments&post=13717"}],"version-history":[{"count":3,"href":"https:\/\/meeplendice.net\/index.php?rest_route=\/wp\/v2\/pages\/13717\/revisions"}],"predecessor-version":[{"id":13721,"href":"https:\/\/meeplendice.net\/index.php?rest_route=\/wp\/v2\/pages\/13717\/revisions\/13721"}],"wp:featuredmedia":[{"embeddable":true,"href":"https:\/\/meeplendice.net\/index.php?rest_route=\/wp\/v2\/media\/13720"}],"wp:attachment":[{"href":"https:\/\/meeplendice.net\/index.php?rest_route=%2Fwp%2Fv2%2Fmedia&parent=13717"}],"curies":[{"name":"wp","href":"https:\/\/api.w.org\/{rel}","templated":true}]}}