{"id":13728,"date":"2025-12-13T16:07:46","date_gmt":"2025-12-13T14:07:46","guid":{"rendered":"https:\/\/meeplendice.net\/?page_id=13728"},"modified":"2025-12-13T16:47:06","modified_gmt":"2025-12-13T14:47:06","slug":"star-wars-la-bataille-de-hoth","status":"publish","type":"page","link":"https:\/\/meeplendice.net\/?page_id=13728","title":{"rendered":"Star Wars : La Bataille de Hoth"},"content":{"rendered":"<div id=\"pl-13728\"  class=\"panel-layout\" ><div id=\"pg-13728-0\"  class=\"panel-grid panel-no-style\" ><div id=\"pgc-13728-0-0\"  class=\"panel-grid-cell\" ><div id=\"panel-13728-0-0-0\" class=\"so-panel widget widget_sow-editor panel-first-child panel-last-child\" data-index=\"0\" ><div\n\t\t\t\n\t\t\tclass=\"so-widget-sow-editor so-widget-sow-editor-base\"\n\t\t\t\n\t\t>\n<div class=\"siteorigin-widget-tinymce textwidget\">\n\t<p style=\"text-align: center;\"><strong>Nombre de joueurs :<\/strong><br \/>\n2 - 4<\/p>\n<\/div>\n<\/div><\/div><\/div><div id=\"pgc-13728-0-1\"  class=\"panel-grid-cell\" ><div id=\"panel-13728-0-1-0\" class=\"so-panel widget widget_sow-editor panel-first-child panel-last-child\" data-index=\"1\" ><div\n\t\t\t\n\t\t\tclass=\"so-widget-sow-editor so-widget-sow-editor-base\"\n\t\t\t\n\t\t>\n<div class=\"siteorigin-widget-tinymce textwidget\">\n\t<p style=\"text-align: center;\"><strong>Dur\u00e9e moyenne :<\/strong><br \/>\n30 min<\/p>\n<\/div>\n<\/div><\/div><\/div><div id=\"pgc-13728-0-2\"  class=\"panel-grid-cell\" ><div id=\"panel-13728-0-2-0\" class=\"so-panel widget widget_sow-editor panel-first-child panel-last-child\" data-index=\"2\" ><div\n\t\t\t\n\t\t\tclass=\"so-widget-sow-editor so-widget-sow-editor-base\"\n\t\t\t\n\t\t>\n<div class=\"siteorigin-widget-tinymce textwidget\">\n\t<p style=\"text-align: center;\"><strong>Age :<\/strong><br \/>\n8 ans et plus<\/p>\n<\/div>\n<\/div><\/div><\/div><\/div><div id=\"pg-13728-1\"  class=\"panel-grid panel-no-style\" ><div id=\"pgc-13728-1-0\"  class=\"panel-grid-cell\" ><div id=\"panel-13728-1-0-0\" class=\"so-panel widget widget_sow-editor panel-first-child panel-last-child\" data-index=\"3\" ><div\n\t\t\t\n\t\t\tclass=\"so-widget-sow-editor so-widget-sow-editor-base\"\n\t\t\t\n\t\t>\n<div class=\"siteorigin-widget-tinymce textwidget\">\n\t<p style=\"text-align: center;\"><strong>Auteur(s) :<br \/>\n<\/strong>Richard Borg<br \/>\nAdrien Martinot<\/p>\n<\/div>\n<\/div><\/div><\/div><div id=\"pgc-13728-1-1\"  class=\"panel-grid-cell\" ><div id=\"panel-13728-1-1-0\" class=\"so-panel widget widget_sow-editor panel-first-child panel-last-child\" data-index=\"4\" ><div\n\t\t\t\n\t\t\tclass=\"so-widget-sow-editor so-widget-sow-editor-base\"\n\t\t\t\n\t\t>\n<div class=\"siteorigin-widget-tinymce textwidget\">\n\t<p style=\"text-align: center;\"><strong>Illustrations :<\/strong><br \/>\n<span class=\"data-siloing\" title=\"D\u00e9couvrez tous ces jeux\" data-siloing=\"https:\/\/www.philibertnet.com\/fr\/recherche?feature=41&amp;feature_value=Ian Rosenthaler\">Ben Carre<br \/>\nChristophe Duhaze<br \/>\nTony Foti<br \/>\nCl\u00e9ment Masson<\/span><\/p>\n<\/div>\n<\/div><\/div><\/div><div id=\"pgc-13728-1-2\"  class=\"panel-grid-cell\" ><div id=\"panel-13728-1-2-0\" class=\"so-panel widget widget_sow-editor panel-first-child panel-last-child\" data-index=\"5\" ><div\n\t\t\t\n\t\t\tclass=\"so-widget-sow-editor so-widget-sow-editor-base\"\n\t\t\t\n\t\t>\n<div class=\"siteorigin-widget-tinymce textwidget\">\n\t<p style=\"text-align: center;\"><strong>\u00c9dition :<\/strong><br \/>\nDays of wonder<br \/>\n2025<\/p>\n<\/div>\n<\/div><\/div><\/div><div id=\"pgc-13728-1-3\"  class=\"panel-grid-cell\" ><div id=\"panel-13728-1-3-0\" class=\"so-panel widget widget_sow-editor panel-first-child panel-last-child\" data-index=\"6\" ><div\n\t\t\t\n\t\t\tclass=\"so-widget-sow-editor so-widget-sow-editor-base\"\n\t\t\t\n\t\t>\n<div class=\"siteorigin-widget-tinymce textwidget\">\n\t<p style=\"text-align: center;\"><strong>Version :<\/strong><br \/>\nFran\u00e7aise<\/p>\n<\/div>\n<\/div><\/div><\/div><\/div><div id=\"pg-13728-2\"  class=\"panel-grid panel-no-style\" ><div id=\"pgc-13728-2-0\"  class=\"panel-grid-cell\" ><div id=\"panel-13728-2-0-0\" class=\"so-panel widget widget_sow-editor panel-first-child panel-last-child\" data-index=\"7\" ><div\n\t\t\t\n\t\t\tclass=\"so-widget-sow-editor so-widget-sow-editor-base\"\n\t\t\t\n\t\t>\n<div class=\"siteorigin-widget-tinymce textwidget\">\n\t<hr \/>\n<p><em>Il y a bien longtemps, dans une galaxie lointaine, tr\u00e8s lointaine...<\/em><\/p>\n<p><em>Le silence qui r\u00e8gne habituellement sur la plan\u00e8te glac\u00e9e et d\u00e9serte de Hoth est brusquement brais\u00e9 par le grondement m\u00e9canique de gigantesques monstres d'acier. Depuis leurs tranch\u00e9es, de courageux soldats rebelles viennent de rep\u00e9rer les forces imp\u00e9riales qui, inexorablement, avancent vers leurs positions.<br \/>\nDans une tentative d\u00e9sesp\u00e9r\u00e9e de ralentir l'assaut terrestre ennemi pour permettre l'\u00e9vacuation de la base Echo, l'Alliance Rebelle fait d\u00e9coller ses pr\u00e9cieux escadrons de snowspeeders.<\/em><\/p>\n<p>&nbsp;<\/p>\n<p><em>La Bataille de Hoth <\/em>est un jeu de strat\u00e9gie et de figurines rapide et accessible, dans lequel vous pourrez choisir d'incarner l'implacable arm\u00e9e imp\u00e9riale ou les courageuses forces rebelles.<br \/>\nRuse, sang-froid et audace vous permettront de d\u00e9velopper des strat\u00e9gies d\u00e9cisives et dominer votre adversaire. Mais prenez garde : m\u00eame le plus infaillible des plans de bataille peut \u00e9chouer si la chance n'est pas de votre c\u00f4t\u00e9...<\/p>\n<\/div>\n<\/div><\/div><\/div><\/div><div id=\"pg-13728-3\"  class=\"panel-grid panel-no-style\" ><div id=\"pgc-13728-3-0\"  class=\"panel-grid-cell\" ><div id=\"panel-13728-3-0-0\" class=\"so-panel widget widget_sow-editor panel-first-child panel-last-child\" data-index=\"8\" ><div\n\t\t\t\n\t\t\tclass=\"so-widget-sow-editor so-widget-sow-editor-base\"\n\t\t\t\n\t\t>\n<div class=\"siteorigin-widget-tinymce textwidget\">\n\t<hr \/>\n<h3 style=\"text-align: center;\">En vid\u00e9o<\/h3>\n<p><a href=\"https:\/\/www.youtube.com\/watch?v=WBj-FSuEwgU\" target=\"_blank\" rel=\"noopener\"><img loading=\"lazy\" decoding=\"async\" class=\"alignnone size-full wp-image-9090\" src=\"https:\/\/meeplendice.net\/wp-content\/uploads\/2022\/01\/Link_CJ_v2.png\" alt=\"\" width=\"200\" height=\"170\" \/><\/a><\/p>\n<\/div>\n<\/div><\/div><\/div><\/div><div id=\"pg-13728-4\"  class=\"panel-grid panel-no-style\" ><div id=\"pgc-13728-4-0\"  class=\"panel-grid-cell\" ><div id=\"panel-13728-4-0-0\" class=\"so-panel widget widget_sow-editor panel-first-child panel-last-child\" data-index=\"9\" ><div\n\t\t\t\n\t\t\tclass=\"so-widget-sow-editor so-widget-sow-editor-base\"\n\t\t\t\n\t\t>\n<div class=\"siteorigin-widget-tinymce textwidget\">\n\t<hr \/>\n<h3 style=\"text-align: center;\">Extension(s)<\/h3>\n<p style=\"text-align: center;\"><style type='text\/css' media='all'>#rt-tpg-container-1823954089 .read-more a{border-radius:px;}#rt-tpg-container-1823954089 .rt-img-holder img.rt-img-responsive,#rt-tpg-container-1823954089 .rt-img-holder,\n\t\t\t\t\t#rt-tpg-container-1823954089 .rt-post-overlay .post-img,\n\t\t\t\t\t#rt-tpg-container-1823954089 .post-sm .post-img,\n\t\t\t\t\t#rt-tpg-container-1823954089 .rt-post-grid .post-img,\n\t\t\t\t\t#rt-tpg-container-1823954089 .post-img img {border-radius:px;}#rt-tpg-container-1823954089 .layout9 .rt-holder h2.entry-title,\n\t\t\t\t\t#rt-tpg-container-1823954089 .layout9 .rt-holder h3.entry-title,\n\t\t\t\t\t#rt-tpg-container-1823954089 .layout9 .rt-holder h4.entry-title,\n\t\t\t\t\t#rt-tpg-container-1823954089 .layout9 .rt-holder h2.entry-title a,\n\t\t\t\t\t#rt-tpg-container-1823954089 .layout9 .rt-holder h3.entry-title a,\n\t\t\t\t\t#rt-tpg-container-1823954089 .layout9 .rt-holder h4.entry-title a,\n\t\t\t\t\t#rt-tpg-container-1823954089 .rt-holder .rt-woo-info h2 a,\n\t\t\t\t\t#rt-tpg-container-1823954089 .rt-holder .rt-woo-info h3 a,\n\t\t\t\t\t#rt-tpg-container-1823954089 .rt-holder .rt-woo-info h4 a,\n\t\t\t\t\t#rt-tpg-container-1823954089 .post-content .post-title,\n\t\t\t\t\t#rt-tpg-container-1823954089 .rt-post-grid .post-title,\n\t\t\t\t\t#rt-tpg-container-1823954089 .rt-post-grid .post-title a,\n\t\t\t\t\t#rt-tpg-container-1823954089 .post-content .post-title a,\n\t\t\t\t\t#rt-tpg-container-1823954089 .rt-holder .rt-woo-info h2,\n\t\t\t\t\t#rt-tpg-container-1823954089 .rt-holder .rt-woo-info h3,\n\t\t\t\t\t#rt-tpg-container-1823954089 .rt-holder .rt-woo-info h4{font-size:16px;line-height:26px;font-weight:normal;text-align:center;}#rt-tpg-container-1823954089 .post-grid-lg-style-1 .post-title,\n\t\t\t\t\t\t#rt-tpg-container-1823954089 .post-grid-lg-style-1 .post-title a,\n\t\t\t\t\t\t#rt-tpg-container-1823954089 .big-layout .post-title,\n\t\t\t\t\t\t#rt-tpg-container-1823954089 .big-layout .post-title a,\n\t\t\t\t\t\t#rt-tpg-container-1823954089 .post-grid-lg-style-1 .post-title,\n\t\t\t\t\t\t#rt-tpg-container-1823954089 .post-grid-lg-style-1 .post-title a {font-size:24px;line-height:34px;}<\/style><div class='rt-container-fluid rt-tpg-container tpg-shortcode-main-wrapper ' id='rt-tpg-container-1823954089'   data-layout='layout9' data-grid-style='masonry' data-desktop-col='3'  data-tab-col='2'  data-mobile-col='1' data-sc-id='13736'><div data-title='Loading ...' class='rt-row rt-content-loader   layout9 tpg-masonry '><div class=\"rt-col-md-4 rt-col-sm-6 rt-col-xs-12 masonry-grid-item rt-grid-item img_zoom_in\" data-id=\"13733\"><div class=\"rt-holder\"><div class='overlay'><a data-id='13733' class=' tpg-single-popup' href='https:\/\/meeplendice.net\/?page_id=13733'><img loading=\"lazy\" decoding=\"async\" width=\"350\" height=\"350\" src=\"https:\/\/meeplendice.net\/wp-content\/uploads\/2025\/12\/SW_bataillehoth_promopack01.png\" class=\"rt-img-responsive \" alt=\"\" \/><\/a><\/div><div class='post-info'><h3 class=\"entry-title\"><a data-id=\"13733\" class=\" tpg-single-popup\" href=\"https:\/\/meeplendice.net\/?page_id=13733\">Structure Miniatures &#8211; Promo Set 01<\/a><\/h3><div class='post-meta-user '><\/div><\/div><\/div><\/div><\/div><div class='rt-pagination-wrap' data-total-pages='1' data-posts-per-page='3' data-type='pagination_ajax'  ><div class='rt-page-numbers'><\/div><\/div><\/div><\/p>\n<\/div>\n<\/div><\/div><\/div><\/div><div id=\"pg-13728-5\"  class=\"panel-grid panel-no-style\" ><div id=\"pgc-13728-5-0\"  class=\"panel-grid-cell\" ><div id=\"panel-13728-5-0-0\" class=\"so-panel widget widget_sow-editor panel-first-child panel-last-child\" data-index=\"10\" ><div\n\t\t\t\n\t\t\tclass=\"so-widget-sow-editor so-widget-sow-editor-base\"\n\t\t\t\n\t\t>\n<div class=\"siteorigin-widget-tinymce textwidget\">\n\t<hr \/>\n<h3 style=\"text-align: center;\">Pour aller plus loin<\/h3>\n<p style=\"text-align: center;\">\n<\/div>\n<\/div><\/div><\/div><\/div><\/div>","protected":false},"excerpt":{"rendered":"<p>Nombre de joueurs : 2 &#8211; 4 Dur\u00e9e moyenne : 30 min Age : 8 ans et plus Auteur(s) : Richard Borg Adrien Martinot Illustrations : Ben Carre Christophe Duhaze Tony Foti Cl\u00e9ment Masson \u00c9dition : Days of wonder 2025 Version : Fran\u00e7aise<\/p>\n","protected":false},"author":2,"featured_media":13731,"parent":0,"menu_order":0,"comment_status":"closed","ping_status":"closed","template":"","meta":{"footnotes":""},"class_list":["post-13728","page","type-page","status-publish","has-post-thumbnail","hentry"],"acf":[],"rttpg_featured_image_url":{"full":["https:\/\/meeplendice.net\/wp-content\/uploads\/2025\/12\/SW_bataillehoth.png",350,350,false],"landscape":["https:\/\/meeplendice.net\/wp-content\/uploads\/2025\/12\/SW_bataillehoth.png",350,350,false],"portraits":["https:\/\/meeplendice.net\/wp-content\/uploads\/2025\/12\/SW_bataillehoth.png",350,350,false],"thumbnail":["https:\/\/meeplendice.net\/wp-content\/uploads\/2025\/12\/SW_bataillehoth-150x150.png",150,150,true],"medium":["https:\/\/meeplendice.net\/wp-content\/uploads\/2025\/12\/SW_bataillehoth-300x300.png",300,300,true],"large":["https:\/\/meeplendice.net\/wp-content\/uploads\/2025\/12\/SW_bataillehoth.png",350,350,false],"ug_big":["https:\/\/meeplendice.net\/wp-content\/uploads\/2025\/12\/SW_bataillehoth.png",350,350,false],"1536x1536":["https:\/\/meeplendice.net\/wp-content\/uploads\/2025\/12\/SW_bataillehoth.png",350,350,false],"2048x2048":["https:\/\/meeplendice.net\/wp-content\/uploads\/2025\/12\/SW_bataillehoth.png",350,350,false],"ashe-slider-grid-thumbnail":["https:\/\/meeplendice.net\/wp-content\/uploads\/2025\/12\/SW_bataillehoth.png",350,350,false],"ashe-full-thumbnail":["https:\/\/meeplendice.net\/wp-content\/uploads\/2025\/12\/SW_bataillehoth.png",350,350,false],"ashe-grid-thumbnail":["https:\/\/meeplendice.net\/wp-content\/uploads\/2025\/12\/SW_bataillehoth-350x330.png",350,330,true],"ashe-list-thumbnail":["https:\/\/meeplendice.net\/wp-content\/uploads\/2025\/12\/SW_bataillehoth-300x300.png",300,300,true],"ashe-single-navigation":["https:\/\/meeplendice.net\/wp-content\/uploads\/2025\/12\/SW_bataillehoth-75x75.png",75,75,true],"mailpoet_newsletter_max":["https:\/\/meeplendice.net\/wp-content\/uploads\/2025\/12\/SW_bataillehoth.png",350,350,false],"rpwe-thumbnail":["https:\/\/meeplendice.net\/wp-content\/uploads\/2025\/12\/SW_bataillehoth-45x45.png",45,45,true],"sow-carousel-default":["https:\/\/meeplendice.net\/wp-content\/uploads\/2025\/12\/SW_bataillehoth-272x182.png",272,182,true],"rt_custom":["https:\/\/meeplendice.net\/wp-content\/uploads\/2025\/12\/SW_bataillehoth.png",350,350,false]},"rttpg_author":{"display_name":"Karnby","author_link":"https:\/\/meeplendice.net\/?author=2"},"rttpg_comment":0,"rttpg_category":null,"rttpg_excerpt":"Nombre de joueurs : 2 - 4 Dur\u00e9e moyenne : 30 min Age : 8 ans et plus Auteur(s) : Richard Borg Adrien Martinot Illustrations : Ben Carre Christophe Duhaze Tony Foti Cl\u00e9ment Masson \u00c9dition : Days of wonder 2025 Version : Fran\u00e7aise","_links":{"self":[{"href":"https:\/\/meeplendice.net\/index.php?rest_route=\/wp\/v2\/pages\/13728","targetHints":{"allow":["GET"]}}],"collection":[{"href":"https:\/\/meeplendice.net\/index.php?rest_route=\/wp\/v2\/pages"}],"about":[{"href":"https:\/\/meeplendice.net\/index.php?rest_route=\/wp\/v2\/types\/page"}],"author":[{"embeddable":true,"href":"https:\/\/meeplendice.net\/index.php?rest_route=\/wp\/v2\/users\/2"}],"replies":[{"embeddable":true,"href":"https:\/\/meeplendice.net\/index.php?rest_route=%2Fwp%2Fv2%2Fcomments&post=13728"}],"version-history":[{"count":4,"href":"https:\/\/meeplendice.net\/index.php?rest_route=\/wp\/v2\/pages\/13728\/revisions"}],"predecessor-version":[{"id":13737,"href":"https:\/\/meeplendice.net\/index.php?rest_route=\/wp\/v2\/pages\/13728\/revisions\/13737"}],"wp:featuredmedia":[{"embeddable":true,"href":"https:\/\/meeplendice.net\/index.php?rest_route=\/wp\/v2\/media\/13731"}],"wp:attachment":[{"href":"https:\/\/meeplendice.net\/index.php?rest_route=%2Fwp%2Fv2%2Fmedia&parent=13728"}],"curies":[{"name":"wp","href":"https:\/\/api.w.org\/{rel}","templated":true}]}}