{"id":13756,"date":"2025-12-14T23:36:08","date_gmt":"2025-12-14T21:36:08","guid":{"rendered":"https:\/\/meeplendice.net\/?page_id=13756"},"modified":"2025-12-14T23:36:08","modified_gmt":"2025-12-14T21:36:08","slug":"au-cachots","status":"publish","type":"page","link":"https:\/\/meeplendice.net\/?page_id=13756","title":{"rendered":"Au Cachots !"},"content":{"rendered":"<p><em>Les portes du p\u00e9nitencier viennent de se refermer.. 12 hors-la-loi purgent leurs peines discutables dans les ge\u00f4les du royaume !<\/em><\/p>\n<p><em>Les lib\u00e9rerez-vous \u00e0 temps pour la fiesta ?<\/em><\/p>\n<p>&nbsp;<\/p>\n<p><em>Au Cachot <\/em>ajoute 12 nouvelles cartes et une nouvelle r\u00e8gle : les cadenas permettent aux joueurs de retarder certains effets des cartes jusqu&rsquo;\u00e0 un tour ult\u00e9rieur, cr\u00e9ant ainsi des combos encore plus puissants !<\/p>\n<p>&nbsp;<\/p>\n<p style=\"text-align: justify;\"><span id=\"result_box\" class=\"\" lang=\"fr\"><span class=\"\">\u00a0<\/span><\/span><\/p>\n","protected":false},"excerpt":{"rendered":"<p>Les portes du p\u00e9nitencier viennent de se refermer.. 12 hors-la-loi purgent leurs peines discutables dans les ge\u00f4les du royaume ! Les lib\u00e9rerez-vous \u00e0 temps pour la fiesta ? &nbsp; Au Cachot ajoute 12 nouvelles cartes et une nouvelle r\u00e8gle : les cadenas permettent aux joueurs de retarder certains effets des cartes jusqu&rsquo;\u00e0 un tour ult\u00e9rieur, cr\u00e9ant ainsi des combos encore plus puissants ! &nbsp; \u00a0<\/p>\n","protected":false},"author":2,"featured_media":13757,"parent":12657,"menu_order":1,"comment_status":"closed","ping_status":"closed","template":"","meta":{"footnotes":""},"class_list":["post-13756","page","type-page","status-publish","has-post-thumbnail","hentry"],"acf":[],"rttpg_featured_image_url":{"full":["https:\/\/meeplendice.net\/wp-content\/uploads\/2025\/12\/Chateau_combo_aucachot.png",350,350,false],"landscape":["https:\/\/meeplendice.net\/wp-content\/uploads\/2025\/12\/Chateau_combo_aucachot.png",350,350,false],"portraits":["https:\/\/meeplendice.net\/wp-content\/uploads\/2025\/12\/Chateau_combo_aucachot.png",350,350,false],"thumbnail":["https:\/\/meeplendice.net\/wp-content\/uploads\/2025\/12\/Chateau_combo_aucachot-150x150.png",150,150,true],"medium":["https:\/\/meeplendice.net\/wp-content\/uploads\/2025\/12\/Chateau_combo_aucachot-300x300.png",300,300,true],"large":["https:\/\/meeplendice.net\/wp-content\/uploads\/2025\/12\/Chateau_combo_aucachot.png",350,350,false],"ug_big":["https:\/\/meeplendice.net\/wp-content\/uploads\/2025\/12\/Chateau_combo_aucachot.png",350,350,false],"1536x1536":["https:\/\/meeplendice.net\/wp-content\/uploads\/2025\/12\/Chateau_combo_aucachot.png",350,350,false],"2048x2048":["https:\/\/meeplendice.net\/wp-content\/uploads\/2025\/12\/Chateau_combo_aucachot.png",350,350,false],"ashe-slider-grid-thumbnail":["https:\/\/meeplendice.net\/wp-content\/uploads\/2025\/12\/Chateau_combo_aucachot.png",350,350,false],"ashe-full-thumbnail":["https:\/\/meeplendice.net\/wp-content\/uploads\/2025\/12\/Chateau_combo_aucachot.png",350,350,false],"ashe-grid-thumbnail":["https:\/\/meeplendice.net\/wp-content\/uploads\/2025\/12\/Chateau_combo_aucachot-350x330.png",350,330,true],"ashe-list-thumbnail":["https:\/\/meeplendice.net\/wp-content\/uploads\/2025\/12\/Chateau_combo_aucachot-300x300.png",300,300,true],"ashe-single-navigation":["https:\/\/meeplendice.net\/wp-content\/uploads\/2025\/12\/Chateau_combo_aucachot-75x75.png",75,75,true],"mailpoet_newsletter_max":["https:\/\/meeplendice.net\/wp-content\/uploads\/2025\/12\/Chateau_combo_aucachot.png",350,350,false],"rpwe-thumbnail":["https:\/\/meeplendice.net\/wp-content\/uploads\/2025\/12\/Chateau_combo_aucachot-45x45.png",45,45,true],"sow-carousel-default":["https:\/\/meeplendice.net\/wp-content\/uploads\/2025\/12\/Chateau_combo_aucachot-272x182.png",272,182,true],"rt_custom":["https:\/\/meeplendice.net\/wp-content\/uploads\/2025\/12\/Chateau_combo_aucachot.png",350,350,false]},"rttpg_author":{"display_name":"Karnby","author_link":"https:\/\/meeplendice.net\/?author=2"},"rttpg_comment":0,"rttpg_category":null,"rttpg_excerpt":"Les portes du p\u00e9nitencier viennent de se refermer.. 12 hors-la-loi purgent leurs peines discutables dans les ge\u00f4les du royaume ! Les lib\u00e9rerez-vous \u00e0 temps pour la fiesta ? &nbsp; Au Cachot ajoute 12 nouvelles cartes et une nouvelle r\u00e8gle : les cadenas permettent aux joueurs de retarder certains effets des cartes jusqu&rsquo;\u00e0 un tour ult\u00e9rieur,\u2026","_links":{"self":[{"href":"https:\/\/meeplendice.net\/index.php?rest_route=\/wp\/v2\/pages\/13756","targetHints":{"allow":["GET"]}}],"collection":[{"href":"https:\/\/meeplendice.net\/index.php?rest_route=\/wp\/v2\/pages"}],"about":[{"href":"https:\/\/meeplendice.net\/index.php?rest_route=\/wp\/v2\/types\/page"}],"author":[{"embeddable":true,"href":"https:\/\/meeplendice.net\/index.php?rest_route=\/wp\/v2\/users\/2"}],"replies":[{"embeddable":true,"href":"https:\/\/meeplendice.net\/index.php?rest_route=%2Fwp%2Fv2%2Fcomments&post=13756"}],"version-history":[{"count":1,"href":"https:\/\/meeplendice.net\/index.php?rest_route=\/wp\/v2\/pages\/13756\/revisions"}],"predecessor-version":[{"id":13758,"href":"https:\/\/meeplendice.net\/index.php?rest_route=\/wp\/v2\/pages\/13756\/revisions\/13758"}],"up":[{"embeddable":true,"href":"https:\/\/meeplendice.net\/index.php?rest_route=\/wp\/v2\/pages\/12657"}],"wp:featuredmedia":[{"embeddable":true,"href":"https:\/\/meeplendice.net\/index.php?rest_route=\/wp\/v2\/media\/13757"}],"wp:attachment":[{"href":"https:\/\/meeplendice.net\/index.php?rest_route=%2Fwp%2Fv2%2Fmedia&parent=13756"}],"curies":[{"name":"wp","href":"https:\/\/api.w.org\/{rel}","templated":true}]}}