{"id":13768,"date":"2025-12-15T13:22:56","date_gmt":"2025-12-15T11:22:56","guid":{"rendered":"https:\/\/meeplendice.net\/?page_id=13768"},"modified":"2025-12-15T16:12:22","modified_gmt":"2025-12-15T14:12:22","slug":"unlock-escape-adventures","status":"publish","type":"page","link":"https:\/\/meeplendice.net\/?page_id=13768","title":{"rendered":"Escape Adventures"},"content":{"rendered":"<div id=\"pl-13768\"  class=\"panel-layout\" ><div id=\"pg-13768-0\"  class=\"panel-grid panel-no-style\" ><div id=\"pgc-13768-0-0\"  class=\"panel-grid-cell\" ><div id=\"panel-13768-0-0-0\" class=\"so-panel widget widget_sow-editor panel-first-child panel-last-child\" data-index=\"0\" ><div\n\t\t\t\n\t\t\tclass=\"so-widget-sow-editor so-widget-sow-editor-base\"\n\t\t\t\n\t\t>\n<div class=\"siteorigin-widget-tinymce textwidget\">\n\t<p style=\"text-align: center;\"><strong>Auteur(s) :<br \/>\n<\/strong>Cyril Demaegd<br \/>\nThomas Cauet<br \/>\nAlice Carroll<\/p>\n<\/div>\n<\/div><\/div><\/div><div id=\"pgc-13768-0-1\"  class=\"panel-grid-cell\" ><div id=\"panel-13768-0-1-0\" class=\"so-panel widget widget_sow-editor panel-first-child panel-last-child\" data-index=\"1\" ><div\n\t\t\t\n\t\t\tclass=\"so-widget-sow-editor so-widget-sow-editor-base\"\n\t\t\t\n\t\t>\n<div class=\"siteorigin-widget-tinymce textwidget\">\n\t<p style=\"text-align: center;\"><strong>Illustrations :<\/strong><br \/>\nArnaud Demaegd<br \/>\nLegruth<br \/>\nPierre Santamaria<br \/>\nFlorian de Gesincourt<\/p>\n<\/div>\n<\/div><\/div><\/div><div id=\"pgc-13768-0-2\"  class=\"panel-grid-cell\" ><div id=\"panel-13768-0-2-0\" class=\"so-panel widget widget_sow-editor panel-first-child panel-last-child\" data-index=\"2\" ><div\n\t\t\t\n\t\t\tclass=\"so-widget-sow-editor so-widget-sow-editor-base\"\n\t\t\t\n\t\t>\n<div class=\"siteorigin-widget-tinymce textwidget\">\n\t<p style=\"text-align: center;\"><strong>\u00c9dition :<\/strong><br \/>\nSpace Cowboys<br \/>\n2017<\/p>\n<\/div>\n<\/div><\/div><\/div><div id=\"pgc-13768-0-3\"  class=\"panel-grid-cell\" ><div id=\"panel-13768-0-3-0\" class=\"so-panel widget widget_sow-editor panel-first-child panel-last-child\" data-index=\"3\" ><div\n\t\t\t\n\t\t\tclass=\"so-widget-sow-editor so-widget-sow-editor-base\"\n\t\t\t\n\t\t>\n<div class=\"siteorigin-widget-tinymce textwidget\">\n\t<p style=\"text-align: center;\"><strong>Version :<\/strong><br \/>\nFran\u00e7aise<\/p>\n<\/div>\n<\/div><\/div><\/div><\/div><div id=\"pg-13768-1\"  class=\"panel-grid panel-no-style\" ><div id=\"pgc-13768-1-0\"  class=\"panel-grid-cell\" ><div id=\"panel-13768-1-0-0\" class=\"so-panel widget widget_sow-editor panel-first-child panel-last-child\" data-index=\"4\" ><div\n\t\t\t\n\t\t\tclass=\"so-widget-sow-editor so-widget-sow-editor-base\"\n\t\t\t\n\t\t>\n<div class=\"siteorigin-widget-tinymce textwidget\">\n\t<p>La bo\u00eete <em>Unlock! Escape Adventures<\/em> contient trois aventures :<\/p>\n<p><em><strong>La Formule<\/strong><\/em><br \/>\nEntrez dans un laboratoire secret pour r\u00e9cup\u00e9rer un myst\u00e9rieux s\u00e9rum \u00e9labor\u00e9 par un scientifique.<\/p>\n<p><em><strong>Squeek &amp; Sausage<\/strong><\/em><br \/>\nD\u00e9jouez les plans de l'inf\u00e2me professeur Noside dans cette aventure cartoonesque.<\/p>\n<p><em><strong>L'\u00eele du docteur Goorse<\/strong><\/em><br \/>\nVisitez l'\u00eele d'un milliardaire excentrique collectionneur d'antiquit\u00e9s et triomphez de ses pi\u00e8ges.<\/p>\n<\/div>\n<\/div><\/div><\/div><\/div><\/div>","protected":false},"excerpt":{"rendered":"<p>Auteur(s) : Cyril Demaegd Thomas Cauet Alice Carroll Illustrations : Arnaud Demaegd Legruth Pierre Santamaria Florian de Gesincourt \u00c9dition : Space Cowboys 2017 Version : Fran\u00e7aise La bo\u00eete Unlock! Escape Adventures contient trois aventures : La Formule Entrez dans un laboratoire secret pour r\u00e9cup\u00e9rer un myst\u00e9rieux s\u00e9rum \u00e9labor\u00e9 par un scientifique. Squeek &amp; Sausage D\u00e9jouez les plans de l&rsquo;inf\u00e2me professeur Noside dans cette aventure cartoonesque. L&rsquo;\u00eele du docteur Goorse Visitez l&rsquo;\u00eele d&rsquo;un milliardaire excentrique collectionneur d&rsquo;antiquit\u00e9s et triomphez de ses pi\u00e8ges.<\/p>\n","protected":false},"author":2,"featured_media":13776,"parent":2446,"menu_order":1,"comment_status":"closed","ping_status":"closed","template":"","meta":{"footnotes":""},"class_list":["post-13768","page","type-page","status-publish","has-post-thumbnail","hentry"],"acf":[],"rttpg_featured_image_url":{"full":["https:\/\/meeplendice.net\/wp-content\/uploads\/2025\/12\/Unlock_Escape.png",350,350,false],"landscape":["https:\/\/meeplendice.net\/wp-content\/uploads\/2025\/12\/Unlock_Escape.png",350,350,false],"portraits":["https:\/\/meeplendice.net\/wp-content\/uploads\/2025\/12\/Unlock_Escape.png",350,350,false],"thumbnail":["https:\/\/meeplendice.net\/wp-content\/uploads\/2025\/12\/Unlock_Escape-150x150.png",150,150,true],"medium":["https:\/\/meeplendice.net\/wp-content\/uploads\/2025\/12\/Unlock_Escape-300x300.png",300,300,true],"large":["https:\/\/meeplendice.net\/wp-content\/uploads\/2025\/12\/Unlock_Escape.png",350,350,false],"ug_big":["https:\/\/meeplendice.net\/wp-content\/uploads\/2025\/12\/Unlock_Escape.png",350,350,false],"1536x1536":["https:\/\/meeplendice.net\/wp-content\/uploads\/2025\/12\/Unlock_Escape.png",350,350,false],"2048x2048":["https:\/\/meeplendice.net\/wp-content\/uploads\/2025\/12\/Unlock_Escape.png",350,350,false],"ashe-slider-grid-thumbnail":["https:\/\/meeplendice.net\/wp-content\/uploads\/2025\/12\/Unlock_Escape.png",350,350,false],"ashe-full-thumbnail":["https:\/\/meeplendice.net\/wp-content\/uploads\/2025\/12\/Unlock_Escape.png",350,350,false],"ashe-grid-thumbnail":["https:\/\/meeplendice.net\/wp-content\/uploads\/2025\/12\/Unlock_Escape-350x330.png",350,330,true],"ashe-list-thumbnail":["https:\/\/meeplendice.net\/wp-content\/uploads\/2025\/12\/Unlock_Escape-300x300.png",300,300,true],"ashe-single-navigation":["https:\/\/meeplendice.net\/wp-content\/uploads\/2025\/12\/Unlock_Escape-75x75.png",75,75,true],"mailpoet_newsletter_max":["https:\/\/meeplendice.net\/wp-content\/uploads\/2025\/12\/Unlock_Escape.png",350,350,false],"rpwe-thumbnail":["https:\/\/meeplendice.net\/wp-content\/uploads\/2025\/12\/Unlock_Escape-45x45.png",45,45,true],"sow-carousel-default":["https:\/\/meeplendice.net\/wp-content\/uploads\/2025\/12\/Unlock_Escape-272x182.png",272,182,true],"rt_custom":["https:\/\/meeplendice.net\/wp-content\/uploads\/2025\/12\/Unlock_Escape.png",350,350,false]},"rttpg_author":{"display_name":"Karnby","author_link":"https:\/\/meeplendice.net\/?author=2"},"rttpg_comment":0,"rttpg_category":null,"rttpg_excerpt":"Auteur(s) : Cyril Demaegd Thomas Cauet Alice Carroll Illustrations : Arnaud Demaegd Legruth Pierre Santamaria Florian de Gesincourt \u00c9dition : Space Cowboys 2017 Version : Fran\u00e7aise La bo\u00eete Unlock! Escape Adventures contient trois aventures : La Formule Entrez dans un laboratoire secret pour r\u00e9cup\u00e9rer un myst\u00e9rieux s\u00e9rum \u00e9labor\u00e9 par un scientifique. Squeek &amp; Sausage D\u00e9jouez\u2026","_links":{"self":[{"href":"https:\/\/meeplendice.net\/index.php?rest_route=\/wp\/v2\/pages\/13768","targetHints":{"allow":["GET"]}}],"collection":[{"href":"https:\/\/meeplendice.net\/index.php?rest_route=\/wp\/v2\/pages"}],"about":[{"href":"https:\/\/meeplendice.net\/index.php?rest_route=\/wp\/v2\/types\/page"}],"author":[{"embeddable":true,"href":"https:\/\/meeplendice.net\/index.php?rest_route=\/wp\/v2\/users\/2"}],"replies":[{"embeddable":true,"href":"https:\/\/meeplendice.net\/index.php?rest_route=%2Fwp%2Fv2%2Fcomments&post=13768"}],"version-history":[{"count":7,"href":"https:\/\/meeplendice.net\/index.php?rest_route=\/wp\/v2\/pages\/13768\/revisions"}],"predecessor-version":[{"id":13795,"href":"https:\/\/meeplendice.net\/index.php?rest_route=\/wp\/v2\/pages\/13768\/revisions\/13795"}],"up":[{"embeddable":true,"href":"https:\/\/meeplendice.net\/index.php?rest_route=\/wp\/v2\/pages\/2446"}],"wp:featuredmedia":[{"embeddable":true,"href":"https:\/\/meeplendice.net\/index.php?rest_route=\/wp\/v2\/media\/13776"}],"wp:attachment":[{"href":"https:\/\/meeplendice.net\/index.php?rest_route=%2Fwp%2Fv2%2Fmedia&parent=13768"}],"curies":[{"name":"wp","href":"https:\/\/api.w.org\/{rel}","templated":true}]}}