{"id":13823,"date":"2025-12-15T18:11:59","date_gmt":"2025-12-15T16:11:59","guid":{"rendered":"https:\/\/meeplendice.net\/?page_id=13823"},"modified":"2025-12-16T00:03:06","modified_gmt":"2025-12-15T22:03:06","slug":"risky-adventures","status":"publish","type":"page","link":"https:\/\/meeplendice.net\/?page_id=13823","title":{"rendered":"Risky Adventures"},"content":{"rendered":"<div id=\"pl-13823\"  class=\"panel-layout\" ><div id=\"pg-13823-0\"  class=\"panel-grid panel-no-style\" ><div id=\"pgc-13823-0-0\"  class=\"panel-grid-cell\" ><div id=\"panel-13823-0-0-0\" class=\"so-panel widget widget_sow-editor panel-first-child panel-last-child\" data-index=\"0\" ><div\n\t\t\t\n\t\t\tclass=\"so-widget-sow-editor so-widget-sow-editor-base\"\n\t\t\t\n\t\t>\n<div class=\"siteorigin-widget-tinymce textwidget\">\n\t<p style=\"text-align: center;\"><strong>Auteur(s) :<br \/>\n<\/strong>Cyril Demaegd<strong><br \/>\n<\/strong>Mathieu Casnin<br \/>\nLewis Trondheim<br \/>\nRomain Pujol<br \/>\nPierre Chabosy<br \/>\nJulien Jovis<\/p>\n<\/div>\n<\/div><\/div><\/div><div id=\"pgc-13823-0-1\"  class=\"panel-grid-cell\" ><div id=\"panel-13823-0-1-0\" class=\"so-panel widget widget_sow-editor panel-first-child panel-last-child\" data-index=\"1\" ><div\n\t\t\t\n\t\t\tclass=\"so-widget-sow-editor so-widget-sow-editor-base\"\n\t\t\t\n\t\t>\n<div class=\"siteorigin-widget-tinymce textwidget\">\n\t<p style=\"text-align: center;\"><strong>Illustrations :<br \/>\n<\/strong>Cyrille Bertin<br \/>\nLewis Trondheim<br \/>\nPier\u00f4<\/p>\n<\/div>\n<\/div><\/div><\/div><div id=\"pgc-13823-0-2\"  class=\"panel-grid-cell\" ><div id=\"panel-13823-0-2-0\" class=\"so-panel widget widget_sow-editor panel-first-child panel-last-child\" data-index=\"2\" ><div\n\t\t\t\n\t\t\tclass=\"so-widget-sow-editor so-widget-sow-editor-base\"\n\t\t\t\n\t\t>\n<div class=\"siteorigin-widget-tinymce textwidget\">\n\t<p style=\"text-align: center;\"><strong>\u00c9dition :<br \/>\n<\/strong> Space Cowboys<br \/>\n2024<\/p>\n<\/div>\n<\/div><\/div><\/div><div id=\"pgc-13823-0-3\"  class=\"panel-grid-cell\" ><div id=\"panel-13823-0-3-0\" class=\"so-panel widget widget_sow-editor panel-first-child panel-last-child\" data-index=\"3\" ><div\n\t\t\t\n\t\t\tclass=\"so-widget-sow-editor so-widget-sow-editor-base\"\n\t\t\t\n\t\t>\n<div class=\"siteorigin-widget-tinymce textwidget\">\n\t<p style=\"text-align: center;\"><strong>Version :<\/strong><br \/>\nFran\u00e7aise<\/p>\n<\/div>\n<\/div><\/div><\/div><\/div><div id=\"pg-13823-1\"  class=\"panel-grid panel-no-style\" ><div id=\"pgc-13823-1-0\"  class=\"panel-grid-cell\" ><div id=\"panel-13823-1-0-0\" class=\"so-panel widget widget_sow-editor panel-first-child panel-last-child\" data-index=\"4\" ><div\n\t\t\t\n\t\t\tclass=\"so-widget-sow-editor so-widget-sow-editor-base\"\n\t\t\t\n\t\t>\n<div class=\"siteorigin-widget-tinymce textwidget\">\n\t<p>La bo\u00eete <em>Unlock! Risky Adventures<\/em> contient trois aventures :<\/p>\n<p><strong><em>La couronne d'Altipia<br \/>\n<\/em><\/strong>Revivez les aventures \u00e9piques que vous raconte votre grand-p\u00e8re et partez dans un temple perdu \u00e0 la recherche de la couronne d'Altipia...<\/p>\n<p><strong><em>Rendez-vous surprise<br \/>\n<\/em><\/strong>Incarnez Lapinot, le h\u00e9ro culte de la BD de Lewis Trondheim. Vous devez retrouver votre petit amie \u00e0 la biblioth\u00e8que mais rien ne se passe comme pr\u00e9vu.<\/p>\n<p><em><strong>L'infiltr\u00e9 de Little Italy<\/strong><br \/>\n<\/em>Au coeur de Little Italy, l'un des plus influents groupes mafieux de New York pr\u00e9pare un gros coup.<\/p>\n<\/div>\n<\/div><\/div><\/div><\/div><\/div>","protected":false},"excerpt":{"rendered":"<p>Auteur(s) : Cyril Demaegd Mathieu Casnin Lewis Trondheim Romain Pujol Pierre Chabosy Julien Jovis Illustrations : Cyrille Bertin Lewis Trondheim Pier\u00f4 \u00c9dition : Space Cowboys 2024 Version : Fran\u00e7aise La bo\u00eete Unlock! Risky Adventures contient trois aventures : La couronne d&rsquo;Altipia Revivez les aventures \u00e9piques que vous raconte votre grand-p\u00e8re et partez dans un temple perdu \u00e0 la recherche de la couronne d&rsquo;Altipia&#8230; Rendez-vous surprise Incarnez Lapinot, le h\u00e9ro culte de la BD de Lewis Trondheim. Vous devez retrouver votre petit amie \u00e0 la biblioth\u00e8que mais rien ne se passe comme pr\u00e9vu. L&rsquo;infiltr\u00e9 de Little Italy Au coeur de Little Italy, l&rsquo;un des plus influents groupes mafieux de New York pr\u00e9pare un gros coup.<\/p>\n","protected":false},"author":2,"featured_media":13784,"parent":2446,"menu_order":13,"comment_status":"closed","ping_status":"closed","template":"","meta":{"footnotes":""},"class_list":["post-13823","page","type-page","status-publish","has-post-thumbnail","hentry"],"acf":[],"rttpg_featured_image_url":{"full":["https:\/\/meeplendice.net\/wp-content\/uploads\/2025\/12\/Unlock_Risky.png",350,350,false],"landscape":["https:\/\/meeplendice.net\/wp-content\/uploads\/2025\/12\/Unlock_Risky.png",350,350,false],"portraits":["https:\/\/meeplendice.net\/wp-content\/uploads\/2025\/12\/Unlock_Risky.png",350,350,false],"thumbnail":["https:\/\/meeplendice.net\/wp-content\/uploads\/2025\/12\/Unlock_Risky-150x150.png",150,150,true],"medium":["https:\/\/meeplendice.net\/wp-content\/uploads\/2025\/12\/Unlock_Risky-300x300.png",300,300,true],"large":["https:\/\/meeplendice.net\/wp-content\/uploads\/2025\/12\/Unlock_Risky.png",350,350,false],"ug_big":["https:\/\/meeplendice.net\/wp-content\/uploads\/2025\/12\/Unlock_Risky.png",350,350,false],"1536x1536":["https:\/\/meeplendice.net\/wp-content\/uploads\/2025\/12\/Unlock_Risky.png",350,350,false],"2048x2048":["https:\/\/meeplendice.net\/wp-content\/uploads\/2025\/12\/Unlock_Risky.png",350,350,false],"ashe-slider-grid-thumbnail":["https:\/\/meeplendice.net\/wp-content\/uploads\/2025\/12\/Unlock_Risky.png",350,350,false],"ashe-full-thumbnail":["https:\/\/meeplendice.net\/wp-content\/uploads\/2025\/12\/Unlock_Risky.png",350,350,false],"ashe-grid-thumbnail":["https:\/\/meeplendice.net\/wp-content\/uploads\/2025\/12\/Unlock_Risky-350x330.png",350,330,true],"ashe-list-thumbnail":["https:\/\/meeplendice.net\/wp-content\/uploads\/2025\/12\/Unlock_Risky-300x300.png",300,300,true],"ashe-single-navigation":["https:\/\/meeplendice.net\/wp-content\/uploads\/2025\/12\/Unlock_Risky-75x75.png",75,75,true],"mailpoet_newsletter_max":["https:\/\/meeplendice.net\/wp-content\/uploads\/2025\/12\/Unlock_Risky.png",350,350,false],"rpwe-thumbnail":["https:\/\/meeplendice.net\/wp-content\/uploads\/2025\/12\/Unlock_Risky-45x45.png",45,45,true],"sow-carousel-default":["https:\/\/meeplendice.net\/wp-content\/uploads\/2025\/12\/Unlock_Risky-272x182.png",272,182,true],"rt_custom":["https:\/\/meeplendice.net\/wp-content\/uploads\/2025\/12\/Unlock_Risky.png",350,350,false]},"rttpg_author":{"display_name":"Karnby","author_link":"https:\/\/meeplendice.net\/?author=2"},"rttpg_comment":0,"rttpg_category":null,"rttpg_excerpt":"Auteur(s) : Cyril Demaegd Mathieu Casnin Lewis Trondheim Romain Pujol Pierre Chabosy Julien Jovis Illustrations : Cyrille Bertin Lewis Trondheim Pier\u00f4 \u00c9dition : Space Cowboys 2024 Version : Fran\u00e7aise La bo\u00eete Unlock! Risky Adventures contient trois aventures : La couronne d'Altipia Revivez les aventures \u00e9piques que vous raconte votre grand-p\u00e8re et partez dans un temple\u2026","_links":{"self":[{"href":"https:\/\/meeplendice.net\/index.php?rest_route=\/wp\/v2\/pages\/13823","targetHints":{"allow":["GET"]}}],"collection":[{"href":"https:\/\/meeplendice.net\/index.php?rest_route=\/wp\/v2\/pages"}],"about":[{"href":"https:\/\/meeplendice.net\/index.php?rest_route=\/wp\/v2\/types\/page"}],"author":[{"embeddable":true,"href":"https:\/\/meeplendice.net\/index.php?rest_route=\/wp\/v2\/users\/2"}],"replies":[{"embeddable":true,"href":"https:\/\/meeplendice.net\/index.php?rest_route=%2Fwp%2Fv2%2Fcomments&post=13823"}],"version-history":[{"count":4,"href":"https:\/\/meeplendice.net\/index.php?rest_route=\/wp\/v2\/pages\/13823\/revisions"}],"predecessor-version":[{"id":13834,"href":"https:\/\/meeplendice.net\/index.php?rest_route=\/wp\/v2\/pages\/13823\/revisions\/13834"}],"up":[{"embeddable":true,"href":"https:\/\/meeplendice.net\/index.php?rest_route=\/wp\/v2\/pages\/2446"}],"wp:featuredmedia":[{"embeddable":true,"href":"https:\/\/meeplendice.net\/index.php?rest_route=\/wp\/v2\/media\/13784"}],"wp:attachment":[{"href":"https:\/\/meeplendice.net\/index.php?rest_route=%2Fwp%2Fv2%2Fmedia&parent=13823"}],"curies":[{"name":"wp","href":"https:\/\/api.w.org\/{rel}","templated":true}]}}