{"id":13827,"date":"2025-12-15T18:20:39","date_gmt":"2025-12-15T16:20:39","guid":{"rendered":"https:\/\/meeplendice.net\/?page_id=13827"},"modified":"2025-12-16T00:06:47","modified_gmt":"2025-12-15T22:06:47","slug":"enchanted-adventures","status":"publish","type":"page","link":"https:\/\/meeplendice.net\/?page_id=13827","title":{"rendered":"Enchanted Adventures"},"content":{"rendered":"<div id=\"pl-13827\"  class=\"panel-layout\" ><div id=\"pg-13827-0\"  class=\"panel-grid panel-no-style\" ><div id=\"pgc-13827-0-0\"  class=\"panel-grid-cell\" ><div id=\"panel-13827-0-0-0\" class=\"so-panel widget widget_sow-editor panel-first-child panel-last-child\" data-index=\"0\" ><div\n\t\t\t\n\t\t\tclass=\"so-widget-sow-editor so-widget-sow-editor-base\"\n\t\t\t\n\t\t>\n<div class=\"siteorigin-widget-tinymce textwidget\">\n\t<p style=\"text-align: center;\"><strong>Auteur(s) :<br \/>\n<\/strong>Cyril Demaegd<strong><br \/>\n<\/strong>Arnaud Cebollada<br \/>\nJeremy Koch<br \/>\nArn De Rhoaz<\/p>\n<\/div>\n<\/div><\/div><\/div><div id=\"pgc-13827-0-1\"  class=\"panel-grid-cell\" ><div id=\"panel-13827-0-1-0\" class=\"so-panel widget widget_sow-editor panel-first-child panel-last-child\" data-index=\"1\" ><div\n\t\t\t\n\t\t\tclass=\"so-widget-sow-editor so-widget-sow-editor-base\"\n\t\t\t\n\t\t>\n<div class=\"siteorigin-widget-tinymce textwidget\">\n\t<p style=\"text-align: center;\"><strong>Illustrations :<br \/>\n<\/strong>Adrien Cantone<br \/>\nApolline Etienne<br \/>\nQuentin Regnes<\/p>\n<\/div>\n<\/div><\/div><\/div><div id=\"pgc-13827-0-2\"  class=\"panel-grid-cell\" ><div id=\"panel-13827-0-2-0\" class=\"so-panel widget widget_sow-editor panel-first-child panel-last-child\" data-index=\"2\" ><div\n\t\t\t\n\t\t\tclass=\"so-widget-sow-editor so-widget-sow-editor-base\"\n\t\t\t\n\t\t>\n<div class=\"siteorigin-widget-tinymce textwidget\">\n\t<p style=\"text-align: center;\"><strong>\u00c9dition :<br \/>\n<\/strong> Space Cowboys<br \/>\n2025<\/p>\n<\/div>\n<\/div><\/div><\/div><div id=\"pgc-13827-0-3\"  class=\"panel-grid-cell\" ><div id=\"panel-13827-0-3-0\" class=\"so-panel widget widget_sow-editor panel-first-child panel-last-child\" data-index=\"3\" ><div\n\t\t\t\n\t\t\tclass=\"so-widget-sow-editor so-widget-sow-editor-base\"\n\t\t\t\n\t\t>\n<div class=\"siteorigin-widget-tinymce textwidget\">\n\t<p style=\"text-align: center;\"><strong>Version :<\/strong><br \/>\nFran\u00e7aise<\/p>\n<\/div>\n<\/div><\/div><\/div><\/div><div id=\"pg-13827-1\"  class=\"panel-grid panel-no-style\" ><div id=\"pgc-13827-1-0\"  class=\"panel-grid-cell\" ><div id=\"panel-13827-1-0-0\" class=\"so-panel widget widget_sow-editor panel-first-child panel-last-child\" data-index=\"4\" ><div\n\t\t\t\n\t\t\tclass=\"so-widget-sow-editor so-widget-sow-editor-base\"\n\t\t\t\n\t\t>\n<div class=\"siteorigin-widget-tinymce textwidget\">\n\t<p>La bo\u00eete <em>Unlock! Enchanted Adventures<\/em> contient trois aventures :<\/p>\n<p><strong><em>La col\u00e8re de Kilea<br \/>\n<\/em><\/strong>Trouvez un moyen d'apaiser la col\u00e8re du dieu du Feu avant que l'\u00eele ne soit d\u00e9truite !<\/p>\n<p><strong><em>La course au jouet<br \/>\n<\/em><\/strong>La f\u00eate foraine touche \u00e0 sa fin, l'occassion ou jamais de remporter le gros lot.<\/p>\n<p><em><strong>La Mal\u00e9diction de Camelot<\/strong><br \/>\n<\/em>Excalibur a disparu ! Retrouvez-la pour sauver le royaume de Pendragon !<\/p>\n<\/div>\n<\/div><\/div><\/div><\/div><\/div>","protected":false},"excerpt":{"rendered":"<p>Auteur(s) : Cyril Demaegd Arnaud Cebollada Jeremy Koch Arn De Rhoaz Illustrations : Adrien Cantone Apolline Etienne Quentin Regnes \u00c9dition : Space Cowboys 2025 Version : Fran\u00e7aise La bo\u00eete Unlock! Enchanted Adventures contient trois aventures : La col\u00e8re de Kilea Trouvez un moyen d&rsquo;apaiser la col\u00e8re du dieu du Feu avant que l&rsquo;\u00eele ne soit d\u00e9truite ! La course au jouet La f\u00eate foraine touche \u00e0 sa fin, l&rsquo;occassion ou jamais de remporter le gros lot. La Mal\u00e9diction de Camelot Excalibur a disparu ! Retrouvez-la pour sauver le royaume de Pendragon !<\/p>\n","protected":false},"author":2,"featured_media":13828,"parent":2446,"menu_order":14,"comment_status":"closed","ping_status":"closed","template":"","meta":{"footnotes":""},"class_list":["post-13827","page","type-page","status-publish","has-post-thumbnail","hentry"],"acf":[],"rttpg_featured_image_url":{"full":["https:\/\/meeplendice.net\/wp-content\/uploads\/2025\/12\/Unlock_Enchanted.png",350,350,false],"landscape":["https:\/\/meeplendice.net\/wp-content\/uploads\/2025\/12\/Unlock_Enchanted.png",350,350,false],"portraits":["https:\/\/meeplendice.net\/wp-content\/uploads\/2025\/12\/Unlock_Enchanted.png",350,350,false],"thumbnail":["https:\/\/meeplendice.net\/wp-content\/uploads\/2025\/12\/Unlock_Enchanted-150x150.png",150,150,true],"medium":["https:\/\/meeplendice.net\/wp-content\/uploads\/2025\/12\/Unlock_Enchanted-300x300.png",300,300,true],"large":["https:\/\/meeplendice.net\/wp-content\/uploads\/2025\/12\/Unlock_Enchanted.png",350,350,false],"ug_big":["https:\/\/meeplendice.net\/wp-content\/uploads\/2025\/12\/Unlock_Enchanted.png",350,350,false],"1536x1536":["https:\/\/meeplendice.net\/wp-content\/uploads\/2025\/12\/Unlock_Enchanted.png",350,350,false],"2048x2048":["https:\/\/meeplendice.net\/wp-content\/uploads\/2025\/12\/Unlock_Enchanted.png",350,350,false],"ashe-slider-grid-thumbnail":["https:\/\/meeplendice.net\/wp-content\/uploads\/2025\/12\/Unlock_Enchanted.png",350,350,false],"ashe-full-thumbnail":["https:\/\/meeplendice.net\/wp-content\/uploads\/2025\/12\/Unlock_Enchanted.png",350,350,false],"ashe-grid-thumbnail":["https:\/\/meeplendice.net\/wp-content\/uploads\/2025\/12\/Unlock_Enchanted-350x330.png",350,330,true],"ashe-list-thumbnail":["https:\/\/meeplendice.net\/wp-content\/uploads\/2025\/12\/Unlock_Enchanted-300x300.png",300,300,true],"ashe-single-navigation":["https:\/\/meeplendice.net\/wp-content\/uploads\/2025\/12\/Unlock_Enchanted-75x75.png",75,75,true],"mailpoet_newsletter_max":["https:\/\/meeplendice.net\/wp-content\/uploads\/2025\/12\/Unlock_Enchanted.png",350,350,false],"rpwe-thumbnail":["https:\/\/meeplendice.net\/wp-content\/uploads\/2025\/12\/Unlock_Enchanted-45x45.png",45,45,true],"sow-carousel-default":["https:\/\/meeplendice.net\/wp-content\/uploads\/2025\/12\/Unlock_Enchanted-272x182.png",272,182,true],"rt_custom":["https:\/\/meeplendice.net\/wp-content\/uploads\/2025\/12\/Unlock_Enchanted.png",350,350,false]},"rttpg_author":{"display_name":"Karnby","author_link":"https:\/\/meeplendice.net\/?author=2"},"rttpg_comment":0,"rttpg_category":null,"rttpg_excerpt":"Auteur(s) : Cyril Demaegd Arnaud Cebollada Jeremy Koch Arn De Rhoaz Illustrations : Adrien Cantone Apolline Etienne Quentin Regnes \u00c9dition : Space Cowboys 2025 Version : Fran\u00e7aise La bo\u00eete Unlock! Enchanted Adventures contient trois aventures : La col\u00e8re de Kilea Trouvez un moyen d'apaiser la col\u00e8re du dieu du Feu avant que l'\u00eele ne soit\u2026","_links":{"self":[{"href":"https:\/\/meeplendice.net\/index.php?rest_route=\/wp\/v2\/pages\/13827","targetHints":{"allow":["GET"]}}],"collection":[{"href":"https:\/\/meeplendice.net\/index.php?rest_route=\/wp\/v2\/pages"}],"about":[{"href":"https:\/\/meeplendice.net\/index.php?rest_route=\/wp\/v2\/types\/page"}],"author":[{"embeddable":true,"href":"https:\/\/meeplendice.net\/index.php?rest_route=\/wp\/v2\/users\/2"}],"replies":[{"embeddable":true,"href":"https:\/\/meeplendice.net\/index.php?rest_route=%2Fwp%2Fv2%2Fcomments&post=13827"}],"version-history":[{"count":2,"href":"https:\/\/meeplendice.net\/index.php?rest_route=\/wp\/v2\/pages\/13827\/revisions"}],"predecessor-version":[{"id":13835,"href":"https:\/\/meeplendice.net\/index.php?rest_route=\/wp\/v2\/pages\/13827\/revisions\/13835"}],"up":[{"embeddable":true,"href":"https:\/\/meeplendice.net\/index.php?rest_route=\/wp\/v2\/pages\/2446"}],"wp:featuredmedia":[{"embeddable":true,"href":"https:\/\/meeplendice.net\/index.php?rest_route=\/wp\/v2\/media\/13828"}],"wp:attachment":[{"href":"https:\/\/meeplendice.net\/index.php?rest_route=%2Fwp%2Fv2%2Fmedia&parent=13827"}],"curies":[{"name":"wp","href":"https:\/\/api.w.org\/{rel}","templated":true}]}}