{"id":13865,"date":"2025-12-16T11:31:54","date_gmt":"2025-12-16T09:31:54","guid":{"rendered":"https:\/\/meeplendice.net\/?page_id=13865"},"modified":"2025-12-16T12:50:44","modified_gmt":"2025-12-16T10:50:44","slug":"dans-la-tete-de-sherlock-holmes","status":"publish","type":"page","link":"https:\/\/meeplendice.net\/?page_id=13865","title":{"rendered":"Dans la t\u00eate de Sherlock Holmes"},"content":{"rendered":"<div id=\"pl-13865\"  class=\"panel-layout\" ><div id=\"pg-13865-0\"  class=\"panel-grid panel-no-style\" ><div id=\"pgc-13865-0-0\"  class=\"panel-grid-cell\" ><div id=\"panel-13865-0-0-0\" class=\"so-panel widget widget_sow-editor panel-first-child panel-last-child\" data-index=\"0\" ><div\n\t\t\t\n\t\t\tclass=\"so-widget-sow-editor so-widget-sow-editor-base\"\n\t\t\t\n\t\t>\n<div class=\"siteorigin-widget-tinymce textwidget\">\n\t<p style=\"text-align: center;\"><strong>Auteur(s) :<br \/>\n<\/strong>Cyril Demaegd<br \/>\n<span class=\"wixui-rich-text__text\">Dave Neale<\/span><\/p>\n<\/div>\n<\/div><\/div><\/div><div id=\"pgc-13865-0-1\"  class=\"panel-grid-cell\" ><div id=\"panel-13865-0-1-0\" class=\"so-panel widget widget_sow-editor panel-first-child panel-last-child\" data-index=\"1\" ><div\n\t\t\t\n\t\t\tclass=\"so-widget-sow-editor so-widget-sow-editor-base\"\n\t\t\t\n\t\t>\n<div class=\"siteorigin-widget-tinymce textwidget\">\n\t<p style=\"text-align: center;\"><strong>Illustrations :<br \/>\n<\/strong><span class=\"wixui-rich-text__text\">Beno\u00eet Dahan<\/span><\/p>\n<\/div>\n<\/div><\/div><\/div><div id=\"pgc-13865-0-2\"  class=\"panel-grid-cell\" ><div id=\"panel-13865-0-2-0\" class=\"so-panel widget widget_sow-editor panel-first-child panel-last-child\" data-index=\"2\" ><div\n\t\t\t\n\t\t\tclass=\"so-widget-sow-editor so-widget-sow-editor-base\"\n\t\t\t\n\t\t>\n<div class=\"siteorigin-widget-tinymce textwidget\">\n\t<p style=\"text-align: center;\"><strong>\u00c9dition :<\/strong><br \/>\nSpace Cowboys<br \/>\n2024<\/p>\n<\/div>\n<\/div><\/div><\/div><div id=\"pgc-13865-0-3\"  class=\"panel-grid-cell\" ><div id=\"panel-13865-0-3-0\" class=\"so-panel widget widget_sow-editor panel-first-child panel-last-child\" data-index=\"3\" ><div\n\t\t\t\n\t\t\tclass=\"so-widget-sow-editor so-widget-sow-editor-base\"\n\t\t\t\n\t\t>\n<div class=\"siteorigin-widget-tinymce textwidget\">\n\t<p style=\"text-align: center;\"><strong>Version :<\/strong><br \/>\nFran\u00e7aise<\/p>\n<\/div>\n<\/div><\/div><\/div><\/div><div id=\"pg-13865-1\"  class=\"panel-grid panel-no-style\" ><div id=\"pgc-13865-1-0\"  class=\"panel-grid-cell\" ><div id=\"panel-13865-1-0-0\" class=\"so-panel widget widget_sow-editor panel-first-child panel-last-child\" data-index=\"4\" ><div\n\t\t\t\n\t\t\tclass=\"so-widget-sow-editor so-widget-sow-editor-base\"\n\t\t\t\n\t\t>\n<div class=\"siteorigin-widget-tinymce textwidget\">\n\t<p>Les escape rooms sont des salles dont vous devez vous \u00e9chapper en moins de 60min. <em>Unlock!<\/em> vous fait vivre ces exp\u00e9riences chez vous, autour d'une table. Mais en version courte et avec une seule aventure !<\/p>\n<p><strong><em><img loading=\"lazy\" decoding=\"async\" class=\"size-full wp-image-13881 alignleft\" src=\"https:\/\/meeplendice.net\/wp-content\/uploads\/2025\/12\/Unlock_n02.png\" alt=\"\" width=\"100\" height=\"18\" \/>Dans la t\u00eate de Sherlock Holmes<br \/>\n<\/em><\/strong>Une histoire in\u00e9dite dans l'univers de la bande dessin\u00e9e \u00e9dit\u00e9e par Ankama Editions.<\/p>\n<\/div>\n<\/div><\/div><\/div><\/div><\/div>","protected":false},"excerpt":{"rendered":"<p>Auteur(s) : Cyril Demaegd Dave Neale Illustrations : Beno\u00eet Dahan \u00c9dition : Space Cowboys 2024 Version : Fran\u00e7aise Les escape rooms sont des salles dont vous devez vous \u00e9chapper en moins de 60min. Unlock! vous fait vivre ces exp\u00e9riences chez vous, autour d&rsquo;une table. Mais en version courte et avec une seule aventure ! Dans la t\u00eate de Sherlock Holmes Une histoire in\u00e9dite dans l&rsquo;univers de la bande dessin\u00e9e \u00e9dit\u00e9e par Ankama Editions.<\/p>\n","protected":false},"author":2,"featured_media":13845,"parent":2446,"menu_order":10,"comment_status":"closed","ping_status":"closed","template":"","meta":{"footnotes":""},"class_list":["post-13865","page","type-page","status-publish","has-post-thumbnail","hentry"],"acf":[],"rttpg_featured_image_url":{"full":["https:\/\/meeplendice.net\/wp-content\/uploads\/2025\/12\/UnlockS_Sherlock.png",350,350,false],"landscape":["https:\/\/meeplendice.net\/wp-content\/uploads\/2025\/12\/UnlockS_Sherlock.png",350,350,false],"portraits":["https:\/\/meeplendice.net\/wp-content\/uploads\/2025\/12\/UnlockS_Sherlock.png",350,350,false],"thumbnail":["https:\/\/meeplendice.net\/wp-content\/uploads\/2025\/12\/UnlockS_Sherlock-150x150.png",150,150,true],"medium":["https:\/\/meeplendice.net\/wp-content\/uploads\/2025\/12\/UnlockS_Sherlock-300x300.png",300,300,true],"large":["https:\/\/meeplendice.net\/wp-content\/uploads\/2025\/12\/UnlockS_Sherlock.png",350,350,false],"ug_big":["https:\/\/meeplendice.net\/wp-content\/uploads\/2025\/12\/UnlockS_Sherlock.png",350,350,false],"1536x1536":["https:\/\/meeplendice.net\/wp-content\/uploads\/2025\/12\/UnlockS_Sherlock.png",350,350,false],"2048x2048":["https:\/\/meeplendice.net\/wp-content\/uploads\/2025\/12\/UnlockS_Sherlock.png",350,350,false],"ashe-slider-grid-thumbnail":["https:\/\/meeplendice.net\/wp-content\/uploads\/2025\/12\/UnlockS_Sherlock.png",350,350,false],"ashe-full-thumbnail":["https:\/\/meeplendice.net\/wp-content\/uploads\/2025\/12\/UnlockS_Sherlock.png",350,350,false],"ashe-grid-thumbnail":["https:\/\/meeplendice.net\/wp-content\/uploads\/2025\/12\/UnlockS_Sherlock-350x330.png",350,330,true],"ashe-list-thumbnail":["https:\/\/meeplendice.net\/wp-content\/uploads\/2025\/12\/UnlockS_Sherlock-300x300.png",300,300,true],"ashe-single-navigation":["https:\/\/meeplendice.net\/wp-content\/uploads\/2025\/12\/UnlockS_Sherlock-75x75.png",75,75,true],"mailpoet_newsletter_max":["https:\/\/meeplendice.net\/wp-content\/uploads\/2025\/12\/UnlockS_Sherlock.png",350,350,false],"rpwe-thumbnail":["https:\/\/meeplendice.net\/wp-content\/uploads\/2025\/12\/UnlockS_Sherlock-45x45.png",45,45,true],"sow-carousel-default":["https:\/\/meeplendice.net\/wp-content\/uploads\/2025\/12\/UnlockS_Sherlock-272x182.png",272,182,true],"rt_custom":["https:\/\/meeplendice.net\/wp-content\/uploads\/2025\/12\/UnlockS_Sherlock.png",350,350,false]},"rttpg_author":{"display_name":"Karnby","author_link":"https:\/\/meeplendice.net\/?author=2"},"rttpg_comment":0,"rttpg_category":null,"rttpg_excerpt":"Auteur(s) : Cyril Demaegd Dave Neale Illustrations : Beno\u00eet Dahan \u00c9dition : Space Cowboys 2024 Version : Fran\u00e7aise Les escape rooms sont des salles dont vous devez vous \u00e9chapper en moins de 60min. Unlock! vous fait vivre ces exp\u00e9riences chez vous, autour d'une table. Mais en version courte et avec une seule aventure ! Dans\u2026","_links":{"self":[{"href":"https:\/\/meeplendice.net\/index.php?rest_route=\/wp\/v2\/pages\/13865","targetHints":{"allow":["GET"]}}],"collection":[{"href":"https:\/\/meeplendice.net\/index.php?rest_route=\/wp\/v2\/pages"}],"about":[{"href":"https:\/\/meeplendice.net\/index.php?rest_route=\/wp\/v2\/types\/page"}],"author":[{"embeddable":true,"href":"https:\/\/meeplendice.net\/index.php?rest_route=\/wp\/v2\/users\/2"}],"replies":[{"embeddable":true,"href":"https:\/\/meeplendice.net\/index.php?rest_route=%2Fwp%2Fv2%2Fcomments&post=13865"}],"version-history":[{"count":2,"href":"https:\/\/meeplendice.net\/index.php?rest_route=\/wp\/v2\/pages\/13865\/revisions"}],"predecessor-version":[{"id":13890,"href":"https:\/\/meeplendice.net\/index.php?rest_route=\/wp\/v2\/pages\/13865\/revisions\/13890"}],"up":[{"embeddable":true,"href":"https:\/\/meeplendice.net\/index.php?rest_route=\/wp\/v2\/pages\/2446"}],"wp:featuredmedia":[{"embeddable":true,"href":"https:\/\/meeplendice.net\/index.php?rest_route=\/wp\/v2\/media\/13845"}],"wp:attachment":[{"href":"https:\/\/meeplendice.net\/index.php?rest_route=%2Fwp%2Fv2%2Fmedia&parent=13865"}],"curies":[{"name":"wp","href":"https:\/\/api.w.org\/{rel}","templated":true}]}}