{"id":13869,"date":"2025-12-16T11:37:12","date_gmt":"2025-12-16T09:37:12","guid":{"rendered":"https:\/\/meeplendice.net\/?page_id=13869"},"modified":"2025-12-16T12:51:05","modified_gmt":"2025-12-16T10:51:05","slug":"le-coeur-de-locean","status":"publish","type":"page","link":"https:\/\/meeplendice.net\/?page_id=13869","title":{"rendered":"Le Coeur de l&rsquo;Oc\u00e9an"},"content":{"rendered":"<div id=\"pl-13869\"  class=\"panel-layout\" ><div id=\"pg-13869-0\"  class=\"panel-grid panel-no-style\" ><div id=\"pgc-13869-0-0\"  class=\"panel-grid-cell\" ><div id=\"panel-13869-0-0-0\" class=\"so-panel widget widget_sow-editor panel-first-child panel-last-child\" data-index=\"0\" ><div\n\t\t\t\n\t\t\tclass=\"so-widget-sow-editor so-widget-sow-editor-base\"\n\t\t\t\n\t\t>\n<div class=\"siteorigin-widget-tinymce textwidget\">\n\t<p style=\"text-align: center;\"><strong>Auteur(s) :<br \/>\n<\/strong>Cyril Demaegd<br \/>\nMathieu Casnin<\/p>\n<\/div>\n<\/div><\/div><\/div><div id=\"pgc-13869-0-1\"  class=\"panel-grid-cell\" ><div id=\"panel-13869-0-1-0\" class=\"so-panel widget widget_sow-editor panel-first-child panel-last-child\" data-index=\"1\" ><div\n\t\t\t\n\t\t\tclass=\"so-widget-sow-editor so-widget-sow-editor-base\"\n\t\t\t\n\t\t>\n<div class=\"siteorigin-widget-tinymce textwidget\">\n\t<p style=\"text-align: center;\"><strong>Illustrations :<br \/>\n<\/strong>Mathieu Clochard<br \/>\nIngrind Desmidt<\/p>\n<\/div>\n<\/div><\/div><\/div><div id=\"pgc-13869-0-2\"  class=\"panel-grid-cell\" ><div id=\"panel-13869-0-2-0\" class=\"so-panel widget widget_sow-editor panel-first-child panel-last-child\" data-index=\"2\" ><div\n\t\t\t\n\t\t\tclass=\"so-widget-sow-editor so-widget-sow-editor-base\"\n\t\t\t\n\t\t>\n<div class=\"siteorigin-widget-tinymce textwidget\">\n\t<p style=\"text-align: center;\"><strong>\u00c9dition :<\/strong><br \/>\nSpace Cowboys<br \/>\n2025<\/p>\n<\/div>\n<\/div><\/div><\/div><div id=\"pgc-13869-0-3\"  class=\"panel-grid-cell\" ><div id=\"panel-13869-0-3-0\" class=\"so-panel widget widget_sow-editor panel-first-child panel-last-child\" data-index=\"3\" ><div\n\t\t\t\n\t\t\tclass=\"so-widget-sow-editor so-widget-sow-editor-base\"\n\t\t\t\n\t\t>\n<div class=\"siteorigin-widget-tinymce textwidget\">\n\t<p style=\"text-align: center;\"><strong>Version :<\/strong><br \/>\nFran\u00e7aise<\/p>\n<\/div>\n<\/div><\/div><\/div><\/div><div id=\"pg-13869-1\"  class=\"panel-grid panel-no-style\" ><div id=\"pgc-13869-1-0\"  class=\"panel-grid-cell\" ><div id=\"panel-13869-1-0-0\" class=\"so-panel widget widget_sow-editor panel-first-child panel-last-child\" data-index=\"4\" ><div\n\t\t\t\n\t\t\tclass=\"so-widget-sow-editor so-widget-sow-editor-base\"\n\t\t\t\n\t\t>\n<div class=\"siteorigin-widget-tinymce textwidget\">\n\t<p>Les escape rooms sont des salles dont vous devez vous \u00e9chapper en moins de 60min. <em>Unlock!<\/em> vous fait vivre ces exp\u00e9riences chez vous, autour d'une table. Mais en version courte et avec une seule aventure !<\/p>\n<p><strong><em><img loading=\"lazy\" decoding=\"async\" class=\"size-full wp-image-13881 alignleft\" src=\"https:\/\/meeplendice.net\/wp-content\/uploads\/2025\/12\/Unlock_n02.png\" alt=\"\" width=\"100\" height=\"18\" \/>Le Coeur de l'Oc\u00e9an<br \/>\n<\/em><\/strong>Plongez dans les profondeurs sous-marine et percez le myst\u00e8re de l'oc\u00e9an.<\/p>\n<\/div>\n<\/div><\/div><\/div><\/div><\/div>","protected":false},"excerpt":{"rendered":"<p>Auteur(s) : Cyril Demaegd Mathieu Casnin Illustrations : Mathieu Clochard Ingrind Desmidt \u00c9dition : Space Cowboys 2025 Version : Fran\u00e7aise Les escape rooms sont des salles dont vous devez vous \u00e9chapper en moins de 60min. Unlock! vous fait vivre ces exp\u00e9riences chez vous, autour d&rsquo;une table. Mais en version courte et avec une seule aventure ! Le Coeur de l&rsquo;Oc\u00e9an Plongez dans les profondeurs sous-marine et percez le myst\u00e8re de l&rsquo;oc\u00e9an.<\/p>\n","protected":false},"author":2,"featured_media":13847,"parent":2446,"menu_order":12,"comment_status":"closed","ping_status":"closed","template":"","meta":{"footnotes":""},"class_list":["post-13869","page","type-page","status-publish","has-post-thumbnail","hentry"],"acf":[],"rttpg_featured_image_url":{"full":["https:\/\/meeplendice.net\/wp-content\/uploads\/2025\/12\/UnlockS_Ocean.png",350,350,false],"landscape":["https:\/\/meeplendice.net\/wp-content\/uploads\/2025\/12\/UnlockS_Ocean.png",350,350,false],"portraits":["https:\/\/meeplendice.net\/wp-content\/uploads\/2025\/12\/UnlockS_Ocean.png",350,350,false],"thumbnail":["https:\/\/meeplendice.net\/wp-content\/uploads\/2025\/12\/UnlockS_Ocean-150x150.png",150,150,true],"medium":["https:\/\/meeplendice.net\/wp-content\/uploads\/2025\/12\/UnlockS_Ocean-300x300.png",300,300,true],"large":["https:\/\/meeplendice.net\/wp-content\/uploads\/2025\/12\/UnlockS_Ocean.png",350,350,false],"ug_big":["https:\/\/meeplendice.net\/wp-content\/uploads\/2025\/12\/UnlockS_Ocean.png",350,350,false],"1536x1536":["https:\/\/meeplendice.net\/wp-content\/uploads\/2025\/12\/UnlockS_Ocean.png",350,350,false],"2048x2048":["https:\/\/meeplendice.net\/wp-content\/uploads\/2025\/12\/UnlockS_Ocean.png",350,350,false],"ashe-slider-grid-thumbnail":["https:\/\/meeplendice.net\/wp-content\/uploads\/2025\/12\/UnlockS_Ocean.png",350,350,false],"ashe-full-thumbnail":["https:\/\/meeplendice.net\/wp-content\/uploads\/2025\/12\/UnlockS_Ocean.png",350,350,false],"ashe-grid-thumbnail":["https:\/\/meeplendice.net\/wp-content\/uploads\/2025\/12\/UnlockS_Ocean-350x330.png",350,330,true],"ashe-list-thumbnail":["https:\/\/meeplendice.net\/wp-content\/uploads\/2025\/12\/UnlockS_Ocean-300x300.png",300,300,true],"ashe-single-navigation":["https:\/\/meeplendice.net\/wp-content\/uploads\/2025\/12\/UnlockS_Ocean-75x75.png",75,75,true],"mailpoet_newsletter_max":["https:\/\/meeplendice.net\/wp-content\/uploads\/2025\/12\/UnlockS_Ocean.png",350,350,false],"rpwe-thumbnail":["https:\/\/meeplendice.net\/wp-content\/uploads\/2025\/12\/UnlockS_Ocean-45x45.png",45,45,true],"sow-carousel-default":["https:\/\/meeplendice.net\/wp-content\/uploads\/2025\/12\/UnlockS_Ocean-272x182.png",272,182,true],"rt_custom":["https:\/\/meeplendice.net\/wp-content\/uploads\/2025\/12\/UnlockS_Ocean.png",350,350,false]},"rttpg_author":{"display_name":"Karnby","author_link":"https:\/\/meeplendice.net\/?author=2"},"rttpg_comment":0,"rttpg_category":null,"rttpg_excerpt":"Auteur(s) : Cyril Demaegd Mathieu Casnin Illustrations : Mathieu Clochard Ingrind Desmidt \u00c9dition : Space Cowboys 2025 Version : Fran\u00e7aise Les escape rooms sont des salles dont vous devez vous \u00e9chapper en moins de 60min. Unlock! vous fait vivre ces exp\u00e9riences chez vous, autour d'une table. Mais en version courte et avec une seule aventure\u2026","_links":{"self":[{"href":"https:\/\/meeplendice.net\/index.php?rest_route=\/wp\/v2\/pages\/13869","targetHints":{"allow":["GET"]}}],"collection":[{"href":"https:\/\/meeplendice.net\/index.php?rest_route=\/wp\/v2\/pages"}],"about":[{"href":"https:\/\/meeplendice.net\/index.php?rest_route=\/wp\/v2\/types\/page"}],"author":[{"embeddable":true,"href":"https:\/\/meeplendice.net\/index.php?rest_route=\/wp\/v2\/users\/2"}],"replies":[{"embeddable":true,"href":"https:\/\/meeplendice.net\/index.php?rest_route=%2Fwp%2Fv2%2Fcomments&post=13869"}],"version-history":[{"count":2,"href":"https:\/\/meeplendice.net\/index.php?rest_route=\/wp\/v2\/pages\/13869\/revisions"}],"predecessor-version":[{"id":13892,"href":"https:\/\/meeplendice.net\/index.php?rest_route=\/wp\/v2\/pages\/13869\/revisions\/13892"}],"up":[{"embeddable":true,"href":"https:\/\/meeplendice.net\/index.php?rest_route=\/wp\/v2\/pages\/2446"}],"wp:featuredmedia":[{"embeddable":true,"href":"https:\/\/meeplendice.net\/index.php?rest_route=\/wp\/v2\/media\/13847"}],"wp:attachment":[{"href":"https:\/\/meeplendice.net\/index.php?rest_route=%2Fwp%2Fv2%2Fmedia&parent=13869"}],"curies":[{"name":"wp","href":"https:\/\/api.w.org\/{rel}","templated":true}]}}