{"id":13902,"date":"2025-12-16T14:09:37","date_gmt":"2025-12-16T12:09:37","guid":{"rendered":"https:\/\/meeplendice.net\/?page_id=13902"},"modified":"2025-12-16T15:51:35","modified_gmt":"2025-12-16T13:51:35","slug":"la-soleil-ne-se-couche-jamais","status":"publish","type":"page","link":"https:\/\/meeplendice.net\/?page_id=13902","title":{"rendered":"La Soleil ne se couche jamais"},"content":{"rendered":"<p><em>Splendor : Le Soleil ne se couche jamais<\/em> est une extension pour Splendor (2024), ajoutant deux modules : l&rsquo;Orient et les Bastions. Ces deux modules se jouent individuellement ou combin\u00e9s aux autres modules de Splendor.<\/p>\n<p><em><strong>L&rsquo;Orient<\/strong> <\/em><br \/>\nL&rsquo;Orient ouvre maintenant ses richesses \u00e0 tous, et les m\u00e9c\u00e8nes sont de plus en plus attir\u00e9s par son exotisme. Parviendrez-vous \u00e0 d\u00e9velopper votre empire commercial ?<\/p>\n<p><em><strong>Les Bastions<\/strong><\/em><br \/>\nLa concurrence entre les empires commerciaux s&rsquo;intensifie, et chaque guilde \u00e9rige des bastions pour prot\u00e9ger ses richesses des ambitions adverses et faciliter son expansion.<\/p>\n<p>&nbsp;<\/p>\n<p><span id=\"result_box\" class=\"\" lang=\"fr\"><span class=\"\">\u00a0<\/span><\/span><\/p>\n","protected":false},"excerpt":{"rendered":"<p>Splendor : Le Soleil ne se couche jamais est une extension pour Splendor (2024), ajoutant deux modules : l&rsquo;Orient et les Bastions. Ces deux modules se jouent individuellement ou combin\u00e9s aux autres modules de Splendor. L&rsquo;Orient L&rsquo;Orient ouvre maintenant ses richesses \u00e0 tous, et les m\u00e9c\u00e8nes sont de plus en plus attir\u00e9s par son exotisme. Parviendrez-vous \u00e0 d\u00e9velopper votre empire commercial ? Les Bastions La concurrence entre les empires commerciaux s&rsquo;intensifie, et chaque guilde \u00e9rige des bastions pour prot\u00e9ger ses richesses des ambitions adverses et faciliter son expansion. &nbsp; \u00a0<\/p>\n","protected":false},"author":2,"featured_media":13911,"parent":13895,"menu_order":2,"comment_status":"closed","ping_status":"closed","template":"","meta":{"footnotes":""},"class_list":["post-13902","page","type-page","status-publish","has-post-thumbnail","hentry"],"acf":[],"rttpg_featured_image_url":{"full":["https:\/\/meeplendice.net\/wp-content\/uploads\/2025\/12\/Splendor_soleil.png",350,350,false],"landscape":["https:\/\/meeplendice.net\/wp-content\/uploads\/2025\/12\/Splendor_soleil.png",350,350,false],"portraits":["https:\/\/meeplendice.net\/wp-content\/uploads\/2025\/12\/Splendor_soleil.png",350,350,false],"thumbnail":["https:\/\/meeplendice.net\/wp-content\/uploads\/2025\/12\/Splendor_soleil-150x150.png",150,150,true],"medium":["https:\/\/meeplendice.net\/wp-content\/uploads\/2025\/12\/Splendor_soleil-300x300.png",300,300,true],"large":["https:\/\/meeplendice.net\/wp-content\/uploads\/2025\/12\/Splendor_soleil.png",350,350,false],"ug_big":["https:\/\/meeplendice.net\/wp-content\/uploads\/2025\/12\/Splendor_soleil.png",350,350,false],"1536x1536":["https:\/\/meeplendice.net\/wp-content\/uploads\/2025\/12\/Splendor_soleil.png",350,350,false],"2048x2048":["https:\/\/meeplendice.net\/wp-content\/uploads\/2025\/12\/Splendor_soleil.png",350,350,false],"ashe-slider-grid-thumbnail":["https:\/\/meeplendice.net\/wp-content\/uploads\/2025\/12\/Splendor_soleil.png",350,350,false],"ashe-full-thumbnail":["https:\/\/meeplendice.net\/wp-content\/uploads\/2025\/12\/Splendor_soleil.png",350,350,false],"ashe-grid-thumbnail":["https:\/\/meeplendice.net\/wp-content\/uploads\/2025\/12\/Splendor_soleil-350x330.png",350,330,true],"ashe-list-thumbnail":["https:\/\/meeplendice.net\/wp-content\/uploads\/2025\/12\/Splendor_soleil-300x300.png",300,300,true],"ashe-single-navigation":["https:\/\/meeplendice.net\/wp-content\/uploads\/2025\/12\/Splendor_soleil-75x75.png",75,75,true],"mailpoet_newsletter_max":["https:\/\/meeplendice.net\/wp-content\/uploads\/2025\/12\/Splendor_soleil.png",350,350,false],"rpwe-thumbnail":["https:\/\/meeplendice.net\/wp-content\/uploads\/2025\/12\/Splendor_soleil-45x45.png",45,45,true],"sow-carousel-default":["https:\/\/meeplendice.net\/wp-content\/uploads\/2025\/12\/Splendor_soleil-272x182.png",272,182,true],"rt_custom":["https:\/\/meeplendice.net\/wp-content\/uploads\/2025\/12\/Splendor_soleil.png",350,350,false]},"rttpg_author":{"display_name":"Karnby","author_link":"https:\/\/meeplendice.net\/?author=2"},"rttpg_comment":0,"rttpg_category":null,"rttpg_excerpt":"Splendor : Le Soleil ne se couche jamais est une extension pour Splendor (2024), ajoutant deux modules : l&rsquo;Orient et les Bastions. Ces deux modules se jouent individuellement ou combin\u00e9s aux autres modules de Splendor. L&rsquo;Orient L&rsquo;Orient ouvre maintenant ses richesses \u00e0 tous, et les m\u00e9c\u00e8nes sont de plus en plus attir\u00e9s par son exotisme.\u2026","_links":{"self":[{"href":"https:\/\/meeplendice.net\/index.php?rest_route=\/wp\/v2\/pages\/13902","targetHints":{"allow":["GET"]}}],"collection":[{"href":"https:\/\/meeplendice.net\/index.php?rest_route=\/wp\/v2\/pages"}],"about":[{"href":"https:\/\/meeplendice.net\/index.php?rest_route=\/wp\/v2\/types\/page"}],"author":[{"embeddable":true,"href":"https:\/\/meeplendice.net\/index.php?rest_route=\/wp\/v2\/users\/2"}],"replies":[{"embeddable":true,"href":"https:\/\/meeplendice.net\/index.php?rest_route=%2Fwp%2Fv2%2Fcomments&post=13902"}],"version-history":[{"count":1,"href":"https:\/\/meeplendice.net\/index.php?rest_route=\/wp\/v2\/pages\/13902\/revisions"}],"predecessor-version":[{"id":13903,"href":"https:\/\/meeplendice.net\/index.php?rest_route=\/wp\/v2\/pages\/13902\/revisions\/13903"}],"up":[{"embeddable":true,"href":"https:\/\/meeplendice.net\/index.php?rest_route=\/wp\/v2\/pages\/13895"}],"wp:featuredmedia":[{"embeddable":true,"href":"https:\/\/meeplendice.net\/index.php?rest_route=\/wp\/v2\/media\/13911"}],"wp:attachment":[{"href":"https:\/\/meeplendice.net\/index.php?rest_route=%2Fwp%2Fv2%2Fmedia&parent=13902"}],"curies":[{"name":"wp","href":"https:\/\/api.w.org\/{rel}","templated":true}]}}