{"id":13921,"date":"2025-12-18T01:00:00","date_gmt":"2025-12-17T23:00:00","guid":{"rendered":"https:\/\/meeplendice.net\/?page_id=13921"},"modified":"2025-12-18T01:36:42","modified_gmt":"2025-12-17T23:36:42","slug":"wondrous-creatures","status":"publish","type":"page","link":"https:\/\/meeplendice.net\/?page_id=13921","title":{"rendered":"Wondrous Creatures"},"content":{"rendered":"<div id=\"pl-13921\"  class=\"panel-layout\" ><div id=\"pg-13921-0\"  class=\"panel-grid panel-no-style\" ><div id=\"pgc-13921-0-0\"  class=\"panel-grid-cell\" ><div id=\"panel-13921-0-0-0\" class=\"so-panel widget widget_sow-editor panel-first-child panel-last-child\" data-index=\"0\" ><div\n\t\t\t\n\t\t\tclass=\"so-widget-sow-editor so-widget-sow-editor-base\"\n\t\t\t\n\t\t>\n<div class=\"siteorigin-widget-tinymce textwidget\">\n\t<p style=\"text-align: center;\"><strong>Nombre de joueurs :<\/strong><br \/>\n1 - 4<\/p>\n<\/div>\n<\/div><\/div><\/div><div id=\"pgc-13921-0-1\"  class=\"panel-grid-cell\" ><div id=\"panel-13921-0-1-0\" class=\"so-panel widget widget_sow-editor panel-first-child panel-last-child\" data-index=\"1\" ><div\n\t\t\t\n\t\t\tclass=\"so-widget-sow-editor so-widget-sow-editor-base\"\n\t\t\t\n\t\t>\n<div class=\"siteorigin-widget-tinymce textwidget\">\n\t<p style=\"text-align: center;\"><strong>Dur\u00e9e moyenne :<\/strong><br \/>\n90 min<\/p>\n<\/div>\n<\/div><\/div><\/div><div id=\"pgc-13921-0-2\"  class=\"panel-grid-cell\" ><div id=\"panel-13921-0-2-0\" class=\"so-panel widget widget_sow-editor panel-first-child panel-last-child\" data-index=\"2\" ><div\n\t\t\t\n\t\t\tclass=\"so-widget-sow-editor so-widget-sow-editor-base\"\n\t\t\t\n\t\t>\n<div class=\"siteorigin-widget-tinymce textwidget\">\n\t<p style=\"text-align: center;\"><strong>Age :<\/strong><br \/>\n14 ans et plus<\/p>\n<\/div>\n<\/div><\/div><\/div><\/div><div id=\"pg-13921-1\"  class=\"panel-grid panel-no-style\" ><div id=\"pgc-13921-1-0\"  class=\"panel-grid-cell\" ><div id=\"panel-13921-1-0-0\" class=\"so-panel widget widget_sow-editor panel-first-child panel-last-child\" data-index=\"3\" ><div\n\t\t\t\n\t\t\tclass=\"so-widget-sow-editor so-widget-sow-editor-base\"\n\t\t\t\n\t\t>\n<div class=\"siteorigin-widget-tinymce textwidget\">\n\t<p style=\"text-align: center;\"><strong>Auteur(s) :<br \/>\n<\/strong>Yeom.C.W<\/p>\n<\/div>\n<\/div><\/div><\/div><div id=\"pgc-13921-1-1\"  class=\"panel-grid-cell\" ><div id=\"panel-13921-1-1-0\" class=\"so-panel widget widget_sow-editor panel-first-child panel-last-child\" data-index=\"4\" ><div\n\t\t\t\n\t\t\tclass=\"so-widget-sow-editor so-widget-sow-editor-base\"\n\t\t\t\n\t\t>\n<div class=\"siteorigin-widget-tinymce textwidget\">\n\t<p style=\"text-align: center;\"><strong>Illustrations :<\/strong><span class=\"data-siloing\" title=\"D\u00e9couvrez tous ces jeux\" data-siloing=\"https:\/\/www.philibertnet.com\/fr\/recherche?feature=41&amp;feature_value=Ian Rosenthaler\">Sophia Kang<\/span><\/p>\n<\/div>\n<\/div><\/div><\/div><div id=\"pgc-13921-1-2\"  class=\"panel-grid-cell\" ><div id=\"panel-13921-1-2-0\" class=\"so-panel widget widget_sow-editor panel-first-child panel-last-child\" data-index=\"5\" ><div\n\t\t\t\n\t\t\tclass=\"so-widget-sow-editor so-widget-sow-editor-base\"\n\t\t\t\n\t\t>\n<div class=\"siteorigin-widget-tinymce textwidget\">\n\t<p style=\"text-align: center;\"><strong>\u00c9dition :<\/strong><br \/>\nSuper Meeple<br \/>\n2024<\/p>\n<\/div>\n<\/div><\/div><\/div><div id=\"pgc-13921-1-3\"  class=\"panel-grid-cell\" ><div id=\"panel-13921-1-3-0\" class=\"so-panel widget widget_sow-editor panel-first-child panel-last-child\" data-index=\"6\" ><div\n\t\t\t\n\t\t\tclass=\"so-widget-sow-editor so-widget-sow-editor-base\"\n\t\t\t\n\t\t>\n<div class=\"siteorigin-widget-tinymce textwidget\">\n\t<p style=\"text-align: center;\"><strong>Version :<\/strong><br \/>\nFran\u00e7aise<\/p>\n<\/div>\n<\/div><\/div><\/div><\/div><div id=\"pg-13921-2\"  class=\"panel-grid panel-no-style\" ><div id=\"pgc-13921-2-0\"  class=\"panel-grid-cell\" ><div id=\"panel-13921-2-0-0\" class=\"so-panel widget widget_sow-editor panel-first-child panel-last-child\" data-index=\"7\" ><div\n\t\t\t\n\t\t\tclass=\"so-widget-sow-editor so-widget-sow-editor-base\"\n\t\t\t\n\t\t>\n<div class=\"siteorigin-widget-tinymce textwidget\">\n\t<hr \/>\n<p><em>C'est dans les brumes tourbillonnantes des oc\u00e9ans qu'un navire de commerce \u00e0 la d\u00e9riv\u00e9 fit une rencontre des plus singuli\u00e8res : une sorte d'oiseau dont le bec dor\u00e9, qui semblait anim\u00e9 d'une lueur surnaturelle, per\u00e7ait les t\u00e9n\u00e8bres les plus profondes.<br \/>\nL'\u00e9quipage intrigu\u00e9 entreprit de le suivre jusqu'\u00e0 la terre, qu'il supposait proche ; et en effet, il ne tarda pas \u00e0 d\u00e9couvrir une \u00eele myst\u00e9rieuse o\u00f9 d'innombrables cr\u00e9atures mystiques avaient \u00e9lu domicile - des cr\u00e9atures dont personne, jusque-l\u00e0, n'avait suppos\u00e9 l'existence. Il y avait l\u00e0 de petites boules de poils inoffensives comme de gigantesques reptiles pourvus de crocs redoutables. La nouvelle se r\u00e9pandit comme une tra\u00een\u00e9e de poudre et bient\u00f4t, nombre d'explorateurs d\u00e9barqu\u00e8rent sur l'\u00eele. <\/em><\/p>\n<p><em>Anim\u00e9 par votre passion pour les animaux et le frisson de la d\u00e9couverte, vous vous joignez \u00e0 l'aventure, pr\u00eat \u00e0 explorer tous les recoins de ce nouveau monde.<\/em><\/p>\n<p>&nbsp;<\/p>\n<p><em>Wondrous Creatures, <\/em>est un jeu de plateau qui combine des m\u00e9caniques innovantes de placement d'ouvriers et de construction de tableau.<br \/>\nA la t\u00eate de votre \u00e9quipage, placez vos explorateurs sur les diff\u00e9rents habitats du plateau, r\u00e9coltez des ressources, d\u00e9clenchez des effets sp\u00e9ciaux, r\u00e9cup\u00e9rez des cartes Cr\u00e9ature, et efforcez-vous de combiner leurs capacit\u00e9s pour devenir l'explorateur le plus renomm\u00e9 de ce nouveau monde.<\/p>\n<\/div>\n<\/div><\/div><\/div><\/div><div id=\"pg-13921-3\"  class=\"panel-grid panel-no-style\" ><div id=\"pgc-13921-3-0\"  class=\"panel-grid-cell\" ><div id=\"panel-13921-3-0-0\" class=\"so-panel widget widget_sow-editor panel-first-child panel-last-child\" data-index=\"8\" ><div\n\t\t\t\n\t\t\tclass=\"so-widget-sow-editor so-widget-sow-editor-base\"\n\t\t\t\n\t\t>\n<div class=\"siteorigin-widget-tinymce textwidget\">\n\t<hr \/>\n<h3 style=\"text-align: center;\">En vid\u00e9o<\/h3>\n<p><a href=\"https:\/\/www.youtube.com\/watch?v=Vuaj6iiaJYw\" target=\"_blank\" rel=\"noopener\"><img loading=\"lazy\" decoding=\"async\" class=\"alignnone size-full wp-image-9090\" src=\"https:\/\/meeplendice.net\/wp-content\/uploads\/2022\/01\/Link_CJ_v2.png\" alt=\"\" width=\"200\" height=\"170\" \/><\/a><\/p>\n<\/div>\n<\/div><\/div><\/div><\/div><div id=\"pg-13921-4\"  class=\"panel-grid panel-no-style\" ><div id=\"pgc-13921-4-0\"  class=\"panel-grid-cell\" ><div id=\"panel-13921-4-0-0\" class=\"so-panel widget widget_sow-editor panel-first-child panel-last-child\" data-index=\"9\" ><div\n\t\t\t\n\t\t\tclass=\"so-widget-sow-editor so-widget-sow-editor-base\"\n\t\t\t\n\t\t>\n<div class=\"siteorigin-widget-tinymce textwidget\">\n\t<hr \/>\n<h3 style=\"text-align: center;\">Extension(s)<\/h3>\n<p style=\"text-align: center;\"><style type='text\/css' media='all'>#rt-tpg-container-3479958493 .read-more a{border-radius:px;}#rt-tpg-container-3479958493 .rt-img-holder img.rt-img-responsive,#rt-tpg-container-3479958493 .rt-img-holder,\n\t\t\t\t\t#rt-tpg-container-3479958493 .rt-post-overlay .post-img,\n\t\t\t\t\t#rt-tpg-container-3479958493 .post-sm .post-img,\n\t\t\t\t\t#rt-tpg-container-3479958493 .rt-post-grid .post-img,\n\t\t\t\t\t#rt-tpg-container-3479958493 .post-img img {border-radius:px;}#rt-tpg-container-3479958493 .layout9 .rt-holder h2.entry-title,\n\t\t\t\t\t#rt-tpg-container-3479958493 .layout9 .rt-holder h3.entry-title,\n\t\t\t\t\t#rt-tpg-container-3479958493 .layout9 .rt-holder h4.entry-title,\n\t\t\t\t\t#rt-tpg-container-3479958493 .layout9 .rt-holder h2.entry-title a,\n\t\t\t\t\t#rt-tpg-container-3479958493 .layout9 .rt-holder h3.entry-title a,\n\t\t\t\t\t#rt-tpg-container-3479958493 .layout9 .rt-holder h4.entry-title a,\n\t\t\t\t\t#rt-tpg-container-3479958493 .rt-holder .rt-woo-info h2 a,\n\t\t\t\t\t#rt-tpg-container-3479958493 .rt-holder .rt-woo-info h3 a,\n\t\t\t\t\t#rt-tpg-container-3479958493 .rt-holder .rt-woo-info h4 a,\n\t\t\t\t\t#rt-tpg-container-3479958493 .post-content .post-title,\n\t\t\t\t\t#rt-tpg-container-3479958493 .rt-post-grid .post-title,\n\t\t\t\t\t#rt-tpg-container-3479958493 .rt-post-grid .post-title a,\n\t\t\t\t\t#rt-tpg-container-3479958493 .post-content .post-title a,\n\t\t\t\t\t#rt-tpg-container-3479958493 .rt-holder .rt-woo-info h2,\n\t\t\t\t\t#rt-tpg-container-3479958493 .rt-holder .rt-woo-info h3,\n\t\t\t\t\t#rt-tpg-container-3479958493 .rt-holder .rt-woo-info h4{font-size:16px;line-height:26px;font-weight:normal;text-align:center;}#rt-tpg-container-3479958493 .post-grid-lg-style-1 .post-title,\n\t\t\t\t\t\t#rt-tpg-container-3479958493 .post-grid-lg-style-1 .post-title a,\n\t\t\t\t\t\t#rt-tpg-container-3479958493 .big-layout .post-title,\n\t\t\t\t\t\t#rt-tpg-container-3479958493 .big-layout .post-title a,\n\t\t\t\t\t\t#rt-tpg-container-3479958493 .post-grid-lg-style-1 .post-title,\n\t\t\t\t\t\t#rt-tpg-container-3479958493 .post-grid-lg-style-1 .post-title a {font-size:24px;line-height:34px;}<\/style><div class='rt-container-fluid rt-tpg-container tpg-shortcode-main-wrapper ' id='rt-tpg-container-3479958493'   data-layout='layout9' data-grid-style='masonry' data-desktop-col='3'  data-tab-col='2'  data-mobile-col='1' data-sc-id='13928'><div data-title='Loading ...' class='rt-row rt-content-loader   layout9 tpg-masonry '><div class=\"rt-col-md-4 rt-col-sm-6 rt-col-xs-12 masonry-grid-item rt-grid-item img_zoom_in\" data-id=\"13926\"><div class=\"rt-holder\"><div class='overlay'><a data-id='13926' class=' tpg-single-popup' href='https:\/\/meeplendice.net\/?page_id=13926'><img loading=\"lazy\" decoding=\"async\" width=\"350\" height=\"350\" src=\"https:\/\/meeplendice.net\/wp-content\/uploads\/2025\/12\/WC_gargantuesques.png\" class=\"rt-img-responsive \" alt=\"\" \/><\/a><\/div><div class='post-info'><h3 class=\"entry-title\"><a data-id=\"13926\" class=\" tpg-single-popup\" href=\"https:\/\/meeplendice.net\/?page_id=13926\">B\u00eates Gargantuesques<\/a><\/h3><div class='post-meta-user '><\/div><\/div><\/div><\/div><div class=\"rt-col-md-4 rt-col-sm-6 rt-col-xs-12 masonry-grid-item rt-grid-item img_zoom_in\" data-id=\"13930\"><div class=\"rt-holder\"><div class='overlay'><a data-id='13930' class=' tpg-single-popup' href='https:\/\/meeplendice.net\/?page_id=13930'><img loading=\"lazy\" decoding=\"async\" width=\"350\" height=\"350\" src=\"https:\/\/meeplendice.net\/wp-content\/uploads\/2025\/12\/WC_explorateurs.png\" class=\"rt-img-responsive \" alt=\"\" \/><\/a><\/div><div class='post-info'><h3 class=\"entry-title\"><a data-id=\"13930\" class=\" tpg-single-popup\" href=\"https:\/\/meeplendice.net\/?page_id=13930\">Pack Explorateurs<\/a><\/h3><div class='post-meta-user '><\/div><\/div><\/div><\/div><\/div><div class='rt-pagination-wrap' data-total-pages='1' data-posts-per-page='3' data-type='pagination_ajax'  ><div class='rt-page-numbers'><\/div><\/div><\/div><\/p>\n<\/div>\n<\/div><\/div><\/div><\/div><div id=\"pg-13921-5\"  class=\"panel-grid panel-no-style\" ><div id=\"pgc-13921-5-0\"  class=\"panel-grid-cell\" ><div id=\"panel-13921-5-0-0\" class=\"so-panel widget widget_sow-editor panel-first-child panel-last-child\" data-index=\"10\" ><div\n\t\t\t\n\t\t\tclass=\"so-widget-sow-editor so-widget-sow-editor-base\"\n\t\t\t\n\t\t>\n<div class=\"siteorigin-widget-tinymce textwidget\">\n\t<hr \/>\n<h3 style=\"text-align: center;\">Pour aller plus loin<\/h3>\n<p style=\"text-align: center;\">\n<\/div>\n<\/div><\/div><\/div><\/div><\/div>","protected":false},"excerpt":{"rendered":"<p>Nombre de joueurs : 1 &#8211; 4 Dur\u00e9e moyenne : 90 min Age : 14 ans et plus Auteur(s) : Yeom.C.W Illustrations :Sophia Kang \u00c9dition : Super Meeple 2024 Version : Fran\u00e7aise<\/p>\n","protected":false},"author":2,"featured_media":13924,"parent":0,"menu_order":0,"comment_status":"closed","ping_status":"closed","template":"","meta":{"footnotes":""},"class_list":["post-13921","page","type-page","status-publish","has-post-thumbnail","hentry"],"acf":[],"rttpg_featured_image_url":{"full":["https:\/\/meeplendice.net\/wp-content\/uploads\/2025\/12\/Wondrous_creatures.png",350,350,false],"landscape":["https:\/\/meeplendice.net\/wp-content\/uploads\/2025\/12\/Wondrous_creatures.png",350,350,false],"portraits":["https:\/\/meeplendice.net\/wp-content\/uploads\/2025\/12\/Wondrous_creatures.png",350,350,false],"thumbnail":["https:\/\/meeplendice.net\/wp-content\/uploads\/2025\/12\/Wondrous_creatures-150x150.png",150,150,true],"medium":["https:\/\/meeplendice.net\/wp-content\/uploads\/2025\/12\/Wondrous_creatures-300x300.png",300,300,true],"large":["https:\/\/meeplendice.net\/wp-content\/uploads\/2025\/12\/Wondrous_creatures.png",350,350,false],"ug_big":["https:\/\/meeplendice.net\/wp-content\/uploads\/2025\/12\/Wondrous_creatures.png",350,350,false],"1536x1536":["https:\/\/meeplendice.net\/wp-content\/uploads\/2025\/12\/Wondrous_creatures.png",350,350,false],"2048x2048":["https:\/\/meeplendice.net\/wp-content\/uploads\/2025\/12\/Wondrous_creatures.png",350,350,false],"ashe-slider-grid-thumbnail":["https:\/\/meeplendice.net\/wp-content\/uploads\/2025\/12\/Wondrous_creatures.png",350,350,false],"ashe-full-thumbnail":["https:\/\/meeplendice.net\/wp-content\/uploads\/2025\/12\/Wondrous_creatures.png",350,350,false],"ashe-grid-thumbnail":["https:\/\/meeplendice.net\/wp-content\/uploads\/2025\/12\/Wondrous_creatures-350x330.png",350,330,true],"ashe-list-thumbnail":["https:\/\/meeplendice.net\/wp-content\/uploads\/2025\/12\/Wondrous_creatures-300x300.png",300,300,true],"ashe-single-navigation":["https:\/\/meeplendice.net\/wp-content\/uploads\/2025\/12\/Wondrous_creatures-75x75.png",75,75,true],"mailpoet_newsletter_max":["https:\/\/meeplendice.net\/wp-content\/uploads\/2025\/12\/Wondrous_creatures.png",350,350,false],"rpwe-thumbnail":["https:\/\/meeplendice.net\/wp-content\/uploads\/2025\/12\/Wondrous_creatures-45x45.png",45,45,true],"sow-carousel-default":["https:\/\/meeplendice.net\/wp-content\/uploads\/2025\/12\/Wondrous_creatures-272x182.png",272,182,true],"rt_custom":["https:\/\/meeplendice.net\/wp-content\/uploads\/2025\/12\/Wondrous_creatures.png",350,350,false]},"rttpg_author":{"display_name":"Karnby","author_link":"https:\/\/meeplendice.net\/?author=2"},"rttpg_comment":0,"rttpg_category":null,"rttpg_excerpt":"Nombre de joueurs : 1 - 4 Dur\u00e9e moyenne : 90 min Age : 14 ans et plus Auteur(s) : Yeom.C.W Illustrations :Sophia Kang \u00c9dition : Super Meeple 2024 Version : Fran\u00e7aise","_links":{"self":[{"href":"https:\/\/meeplendice.net\/index.php?rest_route=\/wp\/v2\/pages\/13921","targetHints":{"allow":["GET"]}}],"collection":[{"href":"https:\/\/meeplendice.net\/index.php?rest_route=\/wp\/v2\/pages"}],"about":[{"href":"https:\/\/meeplendice.net\/index.php?rest_route=\/wp\/v2\/types\/page"}],"author":[{"embeddable":true,"href":"https:\/\/meeplendice.net\/index.php?rest_route=\/wp\/v2\/users\/2"}],"replies":[{"embeddable":true,"href":"https:\/\/meeplendice.net\/index.php?rest_route=%2Fwp%2Fv2%2Fcomments&post=13921"}],"version-history":[{"count":4,"href":"https:\/\/meeplendice.net\/index.php?rest_route=\/wp\/v2\/pages\/13921\/revisions"}],"predecessor-version":[{"id":13931,"href":"https:\/\/meeplendice.net\/index.php?rest_route=\/wp\/v2\/pages\/13921\/revisions\/13931"}],"wp:featuredmedia":[{"embeddable":true,"href":"https:\/\/meeplendice.net\/index.php?rest_route=\/wp\/v2\/media\/13924"}],"wp:attachment":[{"href":"https:\/\/meeplendice.net\/index.php?rest_route=%2Fwp%2Fv2%2Fmedia&parent=13921"}],"curies":[{"name":"wp","href":"https:\/\/api.w.org\/{rel}","templated":true}]}}