{"id":13930,"date":"2025-12-18T01:38:48","date_gmt":"2025-12-17T23:38:48","guid":{"rendered":"https:\/\/meeplendice.net\/?page_id=13930"},"modified":"2025-12-18T01:44:49","modified_gmt":"2025-12-17T23:44:49","slug":"pack-explorateurs","status":"publish","type":"page","link":"https:\/\/meeplendice.net\/?page_id=13930","title":{"rendered":"Pack Explorateurs"},"content":{"rendered":"<p><em>Fort de vos connaissances acquises sur les cr\u00e9atures merveilleuses de l&rsquo;\u00eele, vous \u00eates d\u00e9sormais capable d&rsquo;exploiter les capacit\u00e9s mystiques de vos fid\u00e8les compagnons d&rsquo;exploration.<\/em><\/p>\n<p>Faites b\u00e9n\u00e9ficier vos capitaines de capacit\u00e9s vari\u00e9e des explorateurs et trouvez les meilleures combinaisons possible. Recrutez \u00e9galement de nouvelles cr\u00e9atures encore plus myst\u00e9rieuses et uniques !<\/p>\n<p>&nbsp;<\/p>\n<p style=\"text-align: justify;\"><span id=\"result_box\" class=\"\" lang=\"fr\"><span class=\"\">\u00a0<\/span><\/span><\/p>\n","protected":false},"excerpt":{"rendered":"<p>Fort de vos connaissances acquises sur les cr\u00e9atures merveilleuses de l&rsquo;\u00eele, vous \u00eates d\u00e9sormais capable d&rsquo;exploiter les capacit\u00e9s mystiques de vos fid\u00e8les compagnons d&rsquo;exploration. Faites b\u00e9n\u00e9ficier vos capitaines de capacit\u00e9s vari\u00e9e des explorateurs et trouvez les meilleures combinaisons possible. Recrutez \u00e9galement de nouvelles cr\u00e9atures encore plus myst\u00e9rieuses et uniques ! &nbsp; \u00a0<\/p>\n","protected":false},"author":2,"featured_media":13934,"parent":13921,"menu_order":2,"comment_status":"closed","ping_status":"closed","template":"","meta":{"footnotes":""},"class_list":["post-13930","page","type-page","status-publish","has-post-thumbnail","hentry"],"acf":[],"rttpg_featured_image_url":{"full":["https:\/\/meeplendice.net\/wp-content\/uploads\/2025\/12\/WC_explorateurs.png",350,350,false],"landscape":["https:\/\/meeplendice.net\/wp-content\/uploads\/2025\/12\/WC_explorateurs.png",350,350,false],"portraits":["https:\/\/meeplendice.net\/wp-content\/uploads\/2025\/12\/WC_explorateurs.png",350,350,false],"thumbnail":["https:\/\/meeplendice.net\/wp-content\/uploads\/2025\/12\/WC_explorateurs-150x150.png",150,150,true],"medium":["https:\/\/meeplendice.net\/wp-content\/uploads\/2025\/12\/WC_explorateurs-300x300.png",300,300,true],"large":["https:\/\/meeplendice.net\/wp-content\/uploads\/2025\/12\/WC_explorateurs.png",350,350,false],"ug_big":["https:\/\/meeplendice.net\/wp-content\/uploads\/2025\/12\/WC_explorateurs.png",350,350,false],"1536x1536":["https:\/\/meeplendice.net\/wp-content\/uploads\/2025\/12\/WC_explorateurs.png",350,350,false],"2048x2048":["https:\/\/meeplendice.net\/wp-content\/uploads\/2025\/12\/WC_explorateurs.png",350,350,false],"ashe-slider-grid-thumbnail":["https:\/\/meeplendice.net\/wp-content\/uploads\/2025\/12\/WC_explorateurs.png",350,350,false],"ashe-full-thumbnail":["https:\/\/meeplendice.net\/wp-content\/uploads\/2025\/12\/WC_explorateurs.png",350,350,false],"ashe-grid-thumbnail":["https:\/\/meeplendice.net\/wp-content\/uploads\/2025\/12\/WC_explorateurs-350x330.png",350,330,true],"ashe-list-thumbnail":["https:\/\/meeplendice.net\/wp-content\/uploads\/2025\/12\/WC_explorateurs-300x300.png",300,300,true],"ashe-single-navigation":["https:\/\/meeplendice.net\/wp-content\/uploads\/2025\/12\/WC_explorateurs-75x75.png",75,75,true],"mailpoet_newsletter_max":["https:\/\/meeplendice.net\/wp-content\/uploads\/2025\/12\/WC_explorateurs.png",350,350,false],"rpwe-thumbnail":["https:\/\/meeplendice.net\/wp-content\/uploads\/2025\/12\/WC_explorateurs-45x45.png",45,45,true],"sow-carousel-default":["https:\/\/meeplendice.net\/wp-content\/uploads\/2025\/12\/WC_explorateurs-272x182.png",272,182,true],"rt_custom":["https:\/\/meeplendice.net\/wp-content\/uploads\/2025\/12\/WC_explorateurs.png",350,350,false]},"rttpg_author":{"display_name":"Karnby","author_link":"https:\/\/meeplendice.net\/?author=2"},"rttpg_comment":0,"rttpg_category":null,"rttpg_excerpt":"Fort de vos connaissances acquises sur les cr\u00e9atures merveilleuses de l&rsquo;\u00eele, vous \u00eates d\u00e9sormais capable d&rsquo;exploiter les capacit\u00e9s mystiques de vos fid\u00e8les compagnons d&rsquo;exploration. Faites b\u00e9n\u00e9ficier vos capitaines de capacit\u00e9s vari\u00e9e des explorateurs et trouvez les meilleures combinaisons possible. Recrutez \u00e9galement de nouvelles cr\u00e9atures encore plus myst\u00e9rieuses et uniques ! &nbsp; \u00a0","_links":{"self":[{"href":"https:\/\/meeplendice.net\/index.php?rest_route=\/wp\/v2\/pages\/13930","targetHints":{"allow":["GET"]}}],"collection":[{"href":"https:\/\/meeplendice.net\/index.php?rest_route=\/wp\/v2\/pages"}],"about":[{"href":"https:\/\/meeplendice.net\/index.php?rest_route=\/wp\/v2\/types\/page"}],"author":[{"embeddable":true,"href":"https:\/\/meeplendice.net\/index.php?rest_route=\/wp\/v2\/users\/2"}],"replies":[{"embeddable":true,"href":"https:\/\/meeplendice.net\/index.php?rest_route=%2Fwp%2Fv2%2Fcomments&post=13930"}],"version-history":[{"count":1,"href":"https:\/\/meeplendice.net\/index.php?rest_route=\/wp\/v2\/pages\/13930\/revisions"}],"predecessor-version":[{"id":13932,"href":"https:\/\/meeplendice.net\/index.php?rest_route=\/wp\/v2\/pages\/13930\/revisions\/13932"}],"up":[{"embeddable":true,"href":"https:\/\/meeplendice.net\/index.php?rest_route=\/wp\/v2\/pages\/13921"}],"wp:featuredmedia":[{"embeddable":true,"href":"https:\/\/meeplendice.net\/index.php?rest_route=\/wp\/v2\/media\/13934"}],"wp:attachment":[{"href":"https:\/\/meeplendice.net\/index.php?rest_route=%2Fwp%2Fv2%2Fmedia&parent=13930"}],"curies":[{"name":"wp","href":"https:\/\/api.w.org\/{rel}","templated":true}]}}