{"id":13937,"date":"2025-12-19T13:29:28","date_gmt":"2025-12-19T11:29:28","guid":{"rendered":"https:\/\/meeplendice.net\/?page_id=13937"},"modified":"2025-12-19T15:50:14","modified_gmt":"2025-12-19T13:50:14","slug":"tiny-epic-cthulhu","status":"publish","type":"page","link":"https:\/\/meeplendice.net\/?page_id=13937","title":{"rendered":"Tiny Epic Cthulhu"},"content":{"rendered":"<div id=\"pl-13937\"  class=\"panel-layout\" ><div id=\"pg-13937-0\"  class=\"panel-grid panel-no-style\" ><div id=\"pgc-13937-0-0\"  class=\"panel-grid-cell\" ><div id=\"panel-13937-0-0-0\" class=\"so-panel widget widget_sow-editor panel-first-child panel-last-child\" data-index=\"0\" ><div\n\t\t\t\n\t\t\tclass=\"so-widget-sow-editor so-widget-sow-editor-base\"\n\t\t\t\n\t\t>\n<div class=\"siteorigin-widget-tinymce textwidget\">\n\t<p style=\"text-align: center;\"><strong>Nombre de joueurs :<\/strong><br \/>\n1 - 4<\/p>\n<\/div>\n<\/div><\/div><\/div><div id=\"pgc-13937-0-1\"  class=\"panel-grid-cell\" ><div id=\"panel-13937-0-1-0\" class=\"so-panel widget widget_sow-editor panel-first-child panel-last-child\" data-index=\"1\" ><div\n\t\t\t\n\t\t\tclass=\"so-widget-sow-editor so-widget-sow-editor-base\"\n\t\t\t\n\t\t>\n<div class=\"siteorigin-widget-tinymce textwidget\">\n\t<p style=\"text-align: center;\"><strong>Dur\u00e9e moyenne :<\/strong><br \/>\n45 min<\/p>\n<\/div>\n<\/div><\/div><\/div><div id=\"pgc-13937-0-2\"  class=\"panel-grid-cell\" ><div id=\"panel-13937-0-2-0\" class=\"so-panel widget widget_sow-editor panel-first-child panel-last-child\" data-index=\"2\" ><div\n\t\t\t\n\t\t\tclass=\"so-widget-sow-editor so-widget-sow-editor-base\"\n\t\t\t\n\t\t>\n<div class=\"siteorigin-widget-tinymce textwidget\">\n\t<p style=\"text-align: center;\"><strong>Age :<\/strong><br \/>\n14 ans et plus<\/p>\n<\/div>\n<\/div><\/div><\/div><\/div><div id=\"pg-13937-1\"  class=\"panel-grid panel-no-style\" ><div id=\"pgc-13937-1-0\"  class=\"panel-grid-cell\" ><div id=\"panel-13937-1-0-0\" class=\"so-panel widget widget_sow-editor panel-first-child panel-last-child\" data-index=\"3\" ><div\n\t\t\t\n\t\t\tclass=\"so-widget-sow-editor so-widget-sow-editor-base\"\n\t\t\t\n\t\t>\n<div class=\"siteorigin-widget-tinymce textwidget\">\n\t<p style=\"text-align: center;\"><strong>Auteur(s) :<br \/>\n<\/strong>Scott Almes<\/p>\n<\/div>\n<\/div><\/div><\/div><div id=\"pgc-13937-1-1\"  class=\"panel-grid-cell\" ><div id=\"panel-13937-1-1-0\" class=\"so-panel widget widget_sow-editor panel-first-child panel-last-child\" data-index=\"4\" ><div\n\t\t\t\n\t\t\tclass=\"so-widget-sow-editor so-widget-sow-editor-base\"\n\t\t\t\n\t\t>\n<div class=\"siteorigin-widget-tinymce textwidget\">\n\t<p style=\"text-align: center;\"><strong>Illustrations :<\/strong><br \/>\n<span class=\"data-siloing\" title=\"D\u00e9couvrez tous ces jeux\" data-siloing=\"https:\/\/www.philibertnet.com\/fr\/recherche?feature=41&amp;feature_value=Ian Rosenthaler\">Susie O'Connor<br \/>\nIan Rosenthaler<\/span><\/p>\n<\/div>\n<\/div><\/div><\/div><div id=\"pgc-13937-1-2\"  class=\"panel-grid-cell\" ><div id=\"panel-13937-1-2-0\" class=\"so-panel widget widget_sow-editor panel-first-child panel-last-child\" data-index=\"5\" ><div\n\t\t\t\n\t\t\tclass=\"so-widget-sow-editor so-widget-sow-editor-base\"\n\t\t\t\n\t\t>\n<div class=\"siteorigin-widget-tinymce textwidget\">\n\t<p style=\"text-align: center;\"><strong>\u00c9dition :<\/strong><br \/>\nPixie Games<br \/>\n2024<\/p>\n<\/div>\n<\/div><\/div><\/div><div id=\"pgc-13937-1-3\"  class=\"panel-grid-cell\" ><div id=\"panel-13937-1-3-0\" class=\"so-panel widget widget_sow-editor panel-first-child panel-last-child\" data-index=\"6\" ><div\n\t\t\t\n\t\t\tclass=\"so-widget-sow-editor so-widget-sow-editor-base\"\n\t\t\t\n\t\t>\n<div class=\"siteorigin-widget-tinymce textwidget\">\n\t<p style=\"text-align: center;\"><strong>Version :<\/strong><br \/>\nFran\u00e7aise<\/p>\n<\/div>\n<\/div><\/div><\/div><\/div><div id=\"pg-13937-2\"  class=\"panel-grid panel-no-style\" ><div id=\"pgc-13937-2-0\"  class=\"panel-grid-cell\" ><div id=\"panel-13937-2-0-0\" class=\"so-panel widget widget_sow-editor panel-first-child panel-last-child\" data-index=\"7\" ><div\n\t\t\t\n\t\t\tclass=\"so-widget-sow-editor so-widget-sow-editor-base\"\n\t\t\t\n\t\t>\n<div class=\"siteorigin-widget-tinymce textwidget\">\n\t<hr \/>\n<p><em>Dans l'atmosph\u00e8re somnolente de New Arkamoore, un mal ancien s'agite, tir\u00e9 de son profond sommeil. Des chuchotements, port\u00e9s par une brise marine des plus glaciales, se font le sinistre \u00e9cho de ce mal qui \u00e9tait en sommeil depuis des \u00e8res imm\u00e9morielles. Dans les profondeurs abyssales, la terreur titanesque s'\u00e9veille, impr\u00e9gnant de sa pr\u00e9sence l'esprit des habitants de la ville \u00e0 leur insu.<br \/>\nTelle une graine insidieuse plant\u00e9e dans un sol fertile, la folie prend racine, transformant ces \u00e2mes infortun\u00e9es en de grotesques monstres errants : les Shamblers.<\/em><\/p>\n<p><em>\u00a0Pourtant, au c\u0153ur de ces t\u00e9n\u00e8bres envahissantes, des individus disparates se retrouvent li\u00e9s par des cauchemars commun. Scientifiques, eccl\u00e9siastiques, historiens et bien d'autres enqu\u00eateurs, poss\u00e9dant chacun des comp\u00e9tences et des connaissances propres, se doivent d\u00e9sormais d'unir leur forces. Ils n'ont pas d'autre choix que d'apprivoiser la folie qui menace de les d\u00e9vorer, de se plonger dans des \u00e9crits cryptiques et de franchir le pr\u00e9cipice p\u00e9rilleux qui s\u00e9pare notre monde des ab\u00eemes du chaos. Alors que le temps leur file entre les doigts, ces h\u00e9ros s'empressent de rassembler les pages \u00e9parses du Necronomicon afin de juguler les Signes Annonciateurs du Chaos avant que l'humanit\u00e9 ne devienne la proie des griffes de la folie incarn\u00e9es par... Cthulhu.<\/em><\/p>\n<p>&nbsp;<\/p>\n<p><em><span class=\"style-client-colored-text\">Tiny Epic Cthulhu <\/span><\/em>est un jeu de strat\u00e9gie coop\u00e9ratif. Dans ce jeu situ\u00e9 dans l'univers du mythe de Lovecraft, vous incarnez des investigateurs dans une ville submerg\u00e9e par les horreurs cosmiques, o\u00f9 chaque d\u00e9cision vous rapproche du salut\u2026 ou de la damnation.<\/p>\n<\/div>\n<\/div><\/div><\/div><\/div><div id=\"pg-13937-3\"  class=\"panel-grid panel-no-style\" ><div id=\"pgc-13937-3-0\"  class=\"panel-grid-cell\" ><div id=\"panel-13937-3-0-0\" class=\"so-panel widget widget_sow-editor panel-first-child panel-last-child\" data-index=\"8\" ><div\n\t\t\t\n\t\t\tclass=\"so-widget-sow-editor so-widget-sow-editor-base\"\n\t\t\t\n\t\t>\n<div class=\"siteorigin-widget-tinymce textwidget\">\n\t<hr \/>\n<h3 style=\"text-align: center;\">En vid\u00e9o<\/h3>\n<\/div>\n<\/div><\/div><\/div><\/div><div id=\"pg-13937-4\"  class=\"panel-grid panel-no-style\" ><div id=\"pgc-13937-4-0\"  class=\"panel-grid-cell\" ><div id=\"panel-13937-4-0-0\" class=\"so-panel widget widget_sow-editor panel-first-child panel-last-child\" data-index=\"9\" ><div\n\t\t\t\n\t\t\tclass=\"so-widget-sow-editor so-widget-sow-editor-base\"\n\t\t\t\n\t\t>\n<div class=\"siteorigin-widget-tinymce textwidget\">\n\t<hr \/>\n<h3 style=\"text-align: center;\">Extension(s)<\/h3>\n<p style=\"text-align: center;\"><style type='text\/css' media='all'>#rt-tpg-container-1788272202 .read-more a{border-radius:px;}#rt-tpg-container-1788272202 .rt-img-holder img.rt-img-responsive,#rt-tpg-container-1788272202 .rt-img-holder,\n\t\t\t\t\t#rt-tpg-container-1788272202 .rt-post-overlay .post-img,\n\t\t\t\t\t#rt-tpg-container-1788272202 .post-sm .post-img,\n\t\t\t\t\t#rt-tpg-container-1788272202 .rt-post-grid .post-img,\n\t\t\t\t\t#rt-tpg-container-1788272202 .post-img img {border-radius:px;}#rt-tpg-container-1788272202 .layout9 .rt-holder h2.entry-title,\n\t\t\t\t\t#rt-tpg-container-1788272202 .layout9 .rt-holder h3.entry-title,\n\t\t\t\t\t#rt-tpg-container-1788272202 .layout9 .rt-holder h4.entry-title,\n\t\t\t\t\t#rt-tpg-container-1788272202 .layout9 .rt-holder h2.entry-title a,\n\t\t\t\t\t#rt-tpg-container-1788272202 .layout9 .rt-holder h3.entry-title a,\n\t\t\t\t\t#rt-tpg-container-1788272202 .layout9 .rt-holder h4.entry-title a,\n\t\t\t\t\t#rt-tpg-container-1788272202 .rt-holder .rt-woo-info h2 a,\n\t\t\t\t\t#rt-tpg-container-1788272202 .rt-holder .rt-woo-info h3 a,\n\t\t\t\t\t#rt-tpg-container-1788272202 .rt-holder .rt-woo-info h4 a,\n\t\t\t\t\t#rt-tpg-container-1788272202 .post-content .post-title,\n\t\t\t\t\t#rt-tpg-container-1788272202 .rt-post-grid .post-title,\n\t\t\t\t\t#rt-tpg-container-1788272202 .rt-post-grid .post-title a,\n\t\t\t\t\t#rt-tpg-container-1788272202 .post-content .post-title a,\n\t\t\t\t\t#rt-tpg-container-1788272202 .rt-holder .rt-woo-info h2,\n\t\t\t\t\t#rt-tpg-container-1788272202 .rt-holder .rt-woo-info h3,\n\t\t\t\t\t#rt-tpg-container-1788272202 .rt-holder .rt-woo-info h4{font-size:16px;line-height:26px;font-weight:normal;text-align:center;}#rt-tpg-container-1788272202 .post-grid-lg-style-1 .post-title,\n\t\t\t\t\t\t#rt-tpg-container-1788272202 .post-grid-lg-style-1 .post-title a,\n\t\t\t\t\t\t#rt-tpg-container-1788272202 .big-layout .post-title,\n\t\t\t\t\t\t#rt-tpg-container-1788272202 .big-layout .post-title a,\n\t\t\t\t\t\t#rt-tpg-container-1788272202 .post-grid-lg-style-1 .post-title,\n\t\t\t\t\t\t#rt-tpg-container-1788272202 .post-grid-lg-style-1 .post-title a {font-size:24px;line-height:34px;}<\/style><div class='rt-container-fluid rt-tpg-container tpg-shortcode-main-wrapper ' id='rt-tpg-container-1788272202'   data-layout='layout9' data-grid-style='masonry' data-desktop-col='3'  data-tab-col='2'  data-mobile-col='1' data-sc-id='13945'><div data-title='Loading ...' class='rt-row rt-content-loader   layout9 tpg-masonry '><div class=\"rt-col-md-4 rt-col-sm-6 rt-col-xs-12 masonry-grid-item rt-grid-item img_zoom_in\" data-id=\"13942\"><div class=\"rt-holder\"><div class='overlay'><a data-id='13942' class=' tpg-single-popup' href='https:\/\/meeplendice.net\/?page_id=13942'><img loading=\"lazy\" decoding=\"async\" width=\"350\" height=\"350\" src=\"https:\/\/meeplendice.net\/wp-content\/uploads\/2025\/12\/TECT_culdofchaos.png\" class=\"rt-img-responsive \" alt=\"\" \/><\/a><\/div><div class='post-info'><h3 class=\"entry-title\"><a data-id=\"13942\" class=\" tpg-single-popup\" href=\"https:\/\/meeplendice.net\/?page_id=13942\">Cult of Chaos<\/a><\/h3><div class='post-meta-user '><\/div><\/div><\/div><\/div><\/div><div class='rt-pagination-wrap' data-total-pages='1' data-posts-per-page='3' data-type='pagination_ajax'  ><div class='rt-page-numbers'><\/div><\/div><\/div><\/p>\n<\/div>\n<\/div><\/div><\/div><\/div><div id=\"pg-13937-5\"  class=\"panel-grid panel-no-style\" ><div id=\"pgc-13937-5-0\"  class=\"panel-grid-cell\" ><div id=\"panel-13937-5-0-0\" class=\"so-panel widget widget_sow-editor panel-first-child panel-last-child\" data-index=\"10\" ><div\n\t\t\t\n\t\t\tclass=\"so-widget-sow-editor so-widget-sow-editor-base\"\n\t\t\t\n\t\t>\n<div class=\"siteorigin-widget-tinymce textwidget\">\n\t<hr \/>\n<h3 style=\"text-align: center;\">Pour aller plus loin<\/h3>\n<p style=\"text-align: center;\">\n<\/div>\n<\/div><\/div><\/div><\/div><\/div>","protected":false},"excerpt":{"rendered":"<p>Nombre de joueurs : 1 &#8211; 4 Dur\u00e9e moyenne : 45 min Age : 14 ans et plus Auteur(s) : Scott Almes Illustrations : Susie O&rsquo;Connor Ian Rosenthaler \u00c9dition : Pixie Games 2024 Version : Fran\u00e7aise<\/p>\n","protected":false},"author":2,"featured_media":13940,"parent":0,"menu_order":0,"comment_status":"closed","ping_status":"closed","template":"","meta":{"footnotes":""},"class_list":["post-13937","page","type-page","status-publish","has-post-thumbnail","hentry"],"acf":[],"rttpg_featured_image_url":{"full":["https:\/\/meeplendice.net\/wp-content\/uploads\/2025\/12\/Tinyepiccthulhu.png",350,350,false],"landscape":["https:\/\/meeplendice.net\/wp-content\/uploads\/2025\/12\/Tinyepiccthulhu.png",350,350,false],"portraits":["https:\/\/meeplendice.net\/wp-content\/uploads\/2025\/12\/Tinyepiccthulhu.png",350,350,false],"thumbnail":["https:\/\/meeplendice.net\/wp-content\/uploads\/2025\/12\/Tinyepiccthulhu-150x150.png",150,150,true],"medium":["https:\/\/meeplendice.net\/wp-content\/uploads\/2025\/12\/Tinyepiccthulhu-300x300.png",300,300,true],"large":["https:\/\/meeplendice.net\/wp-content\/uploads\/2025\/12\/Tinyepiccthulhu.png",350,350,false],"ug_big":["https:\/\/meeplendice.net\/wp-content\/uploads\/2025\/12\/Tinyepiccthulhu.png",350,350,false],"1536x1536":["https:\/\/meeplendice.net\/wp-content\/uploads\/2025\/12\/Tinyepiccthulhu.png",350,350,false],"2048x2048":["https:\/\/meeplendice.net\/wp-content\/uploads\/2025\/12\/Tinyepiccthulhu.png",350,350,false],"ashe-slider-grid-thumbnail":["https:\/\/meeplendice.net\/wp-content\/uploads\/2025\/12\/Tinyepiccthulhu.png",350,350,false],"ashe-full-thumbnail":["https:\/\/meeplendice.net\/wp-content\/uploads\/2025\/12\/Tinyepiccthulhu.png",350,350,false],"ashe-grid-thumbnail":["https:\/\/meeplendice.net\/wp-content\/uploads\/2025\/12\/Tinyepiccthulhu-350x330.png",350,330,true],"ashe-list-thumbnail":["https:\/\/meeplendice.net\/wp-content\/uploads\/2025\/12\/Tinyepiccthulhu-300x300.png",300,300,true],"ashe-single-navigation":["https:\/\/meeplendice.net\/wp-content\/uploads\/2025\/12\/Tinyepiccthulhu-75x75.png",75,75,true],"mailpoet_newsletter_max":["https:\/\/meeplendice.net\/wp-content\/uploads\/2025\/12\/Tinyepiccthulhu.png",350,350,false],"rpwe-thumbnail":["https:\/\/meeplendice.net\/wp-content\/uploads\/2025\/12\/Tinyepiccthulhu-45x45.png",45,45,true],"sow-carousel-default":["https:\/\/meeplendice.net\/wp-content\/uploads\/2025\/12\/Tinyepiccthulhu-272x182.png",272,182,true],"rt_custom":["https:\/\/meeplendice.net\/wp-content\/uploads\/2025\/12\/Tinyepiccthulhu.png",350,350,false]},"rttpg_author":{"display_name":"Karnby","author_link":"https:\/\/meeplendice.net\/?author=2"},"rttpg_comment":0,"rttpg_category":null,"rttpg_excerpt":"Nombre de joueurs : 1 - 4 Dur\u00e9e moyenne : 45 min Age : 14 ans et plus Auteur(s) : Scott Almes Illustrations : Susie O'Connor Ian Rosenthaler \u00c9dition : Pixie Games 2024 Version : Fran\u00e7aise","_links":{"self":[{"href":"https:\/\/meeplendice.net\/index.php?rest_route=\/wp\/v2\/pages\/13937","targetHints":{"allow":["GET"]}}],"collection":[{"href":"https:\/\/meeplendice.net\/index.php?rest_route=\/wp\/v2\/pages"}],"about":[{"href":"https:\/\/meeplendice.net\/index.php?rest_route=\/wp\/v2\/types\/page"}],"author":[{"embeddable":true,"href":"https:\/\/meeplendice.net\/index.php?rest_route=\/wp\/v2\/users\/2"}],"replies":[{"embeddable":true,"href":"https:\/\/meeplendice.net\/index.php?rest_route=%2Fwp%2Fv2%2Fcomments&post=13937"}],"version-history":[{"count":4,"href":"https:\/\/meeplendice.net\/index.php?rest_route=\/wp\/v2\/pages\/13937\/revisions"}],"predecessor-version":[{"id":13946,"href":"https:\/\/meeplendice.net\/index.php?rest_route=\/wp\/v2\/pages\/13937\/revisions\/13946"}],"wp:featuredmedia":[{"embeddable":true,"href":"https:\/\/meeplendice.net\/index.php?rest_route=\/wp\/v2\/media\/13940"}],"wp:attachment":[{"href":"https:\/\/meeplendice.net\/index.php?rest_route=%2Fwp%2Fv2%2Fmedia&parent=13937"}],"curies":[{"name":"wp","href":"https:\/\/api.w.org\/{rel}","templated":true}]}}