{"id":13942,"date":"2025-12-19T15:48:29","date_gmt":"2025-12-19T13:48:29","guid":{"rendered":"https:\/\/meeplendice.net\/?page_id=13942"},"modified":"2025-12-19T15:48:29","modified_gmt":"2025-12-19T13:48:29","slug":"cult-of-chaos","status":"publish","type":"page","link":"https:\/\/meeplendice.net\/?page_id=13942","title":{"rendered":"Cult of Chaos"},"content":{"rendered":"<p><em>Alors que New Arkhamoore sombre dans le chaos, nos intr\u00e9pides investigateurs ne sont pas les seuls \u00e0 vouloir percer les secrets du Necronomicon. Dans l&rsquo;ombre, le Culte du Chaos tente d&rsquo;utiliser ces m\u00eames pages pour sa sombre cause.<br \/>\nCes Fid\u00e8les ne veulent pas bannir le Grand Ancien, ils veulent l&rsquo;invoquer d\u00e9finitivement dans notre r\u00e9alit\u00e9. Une course contre la montre s&rsquo;engage alors pour que les joueurs traduisent le Necronomicon et scellent les portails avant que l&rsquo;inf\u00e2me culte ne l\u00e8ve une arm\u00e9e de fid\u00e8les et ne livre le monde au Grand Ancien !<\/em><\/p>\n<p>&nbsp;<\/p>\n<p style=\"text-align: justify;\"><span id=\"result_box\" class=\"\" lang=\"fr\"><span class=\"\">\u00a0<\/span><\/span><\/p>\n","protected":false},"excerpt":{"rendered":"<p>Alors que New Arkhamoore sombre dans le chaos, nos intr\u00e9pides investigateurs ne sont pas les seuls \u00e0 vouloir percer les secrets du Necronomicon. Dans l&rsquo;ombre, le Culte du Chaos tente d&rsquo;utiliser ces m\u00eames pages pour sa sombre cause. Ces Fid\u00e8les ne veulent pas bannir le Grand Ancien, ils veulent l&rsquo;invoquer d\u00e9finitivement dans notre r\u00e9alit\u00e9. Une course contre la montre s&rsquo;engage alors pour que les joueurs traduisent le Necronomicon et scellent les portails avant que l&rsquo;inf\u00e2me culte ne l\u00e8ve une arm\u00e9e de fid\u00e8les et ne livre le monde au Grand Ancien ! &nbsp; \u00a0<\/p>\n","protected":false},"author":2,"featured_media":13943,"parent":13937,"menu_order":1,"comment_status":"closed","ping_status":"closed","template":"","meta":{"footnotes":""},"class_list":["post-13942","page","type-page","status-publish","has-post-thumbnail","hentry"],"acf":[],"rttpg_featured_image_url":{"full":["https:\/\/meeplendice.net\/wp-content\/uploads\/2025\/12\/TECT_culdofchaos.png",350,350,false],"landscape":["https:\/\/meeplendice.net\/wp-content\/uploads\/2025\/12\/TECT_culdofchaos.png",350,350,false],"portraits":["https:\/\/meeplendice.net\/wp-content\/uploads\/2025\/12\/TECT_culdofchaos.png",350,350,false],"thumbnail":["https:\/\/meeplendice.net\/wp-content\/uploads\/2025\/12\/TECT_culdofchaos-150x150.png",150,150,true],"medium":["https:\/\/meeplendice.net\/wp-content\/uploads\/2025\/12\/TECT_culdofchaos-300x300.png",300,300,true],"large":["https:\/\/meeplendice.net\/wp-content\/uploads\/2025\/12\/TECT_culdofchaos.png",350,350,false],"ug_big":["https:\/\/meeplendice.net\/wp-content\/uploads\/2025\/12\/TECT_culdofchaos.png",350,350,false],"1536x1536":["https:\/\/meeplendice.net\/wp-content\/uploads\/2025\/12\/TECT_culdofchaos.png",350,350,false],"2048x2048":["https:\/\/meeplendice.net\/wp-content\/uploads\/2025\/12\/TECT_culdofchaos.png",350,350,false],"ashe-slider-grid-thumbnail":["https:\/\/meeplendice.net\/wp-content\/uploads\/2025\/12\/TECT_culdofchaos.png",350,350,false],"ashe-full-thumbnail":["https:\/\/meeplendice.net\/wp-content\/uploads\/2025\/12\/TECT_culdofchaos.png",350,350,false],"ashe-grid-thumbnail":["https:\/\/meeplendice.net\/wp-content\/uploads\/2025\/12\/TECT_culdofchaos-350x330.png",350,330,true],"ashe-list-thumbnail":["https:\/\/meeplendice.net\/wp-content\/uploads\/2025\/12\/TECT_culdofchaos-300x300.png",300,300,true],"ashe-single-navigation":["https:\/\/meeplendice.net\/wp-content\/uploads\/2025\/12\/TECT_culdofchaos-75x75.png",75,75,true],"mailpoet_newsletter_max":["https:\/\/meeplendice.net\/wp-content\/uploads\/2025\/12\/TECT_culdofchaos.png",350,350,false],"rpwe-thumbnail":["https:\/\/meeplendice.net\/wp-content\/uploads\/2025\/12\/TECT_culdofchaos-45x45.png",45,45,true],"sow-carousel-default":["https:\/\/meeplendice.net\/wp-content\/uploads\/2025\/12\/TECT_culdofchaos-272x182.png",272,182,true],"rt_custom":["https:\/\/meeplendice.net\/wp-content\/uploads\/2025\/12\/TECT_culdofchaos.png",350,350,false]},"rttpg_author":{"display_name":"Karnby","author_link":"https:\/\/meeplendice.net\/?author=2"},"rttpg_comment":0,"rttpg_category":null,"rttpg_excerpt":"Alors que New Arkhamoore sombre dans le chaos, nos intr\u00e9pides investigateurs ne sont pas les seuls \u00e0 vouloir percer les secrets du Necronomicon. Dans l&rsquo;ombre, le Culte du Chaos tente d&rsquo;utiliser ces m\u00eames pages pour sa sombre cause. Ces Fid\u00e8les ne veulent pas bannir le Grand Ancien, ils veulent l&rsquo;invoquer d\u00e9finitivement dans notre r\u00e9alit\u00e9. Une\u2026","_links":{"self":[{"href":"https:\/\/meeplendice.net\/index.php?rest_route=\/wp\/v2\/pages\/13942","targetHints":{"allow":["GET"]}}],"collection":[{"href":"https:\/\/meeplendice.net\/index.php?rest_route=\/wp\/v2\/pages"}],"about":[{"href":"https:\/\/meeplendice.net\/index.php?rest_route=\/wp\/v2\/types\/page"}],"author":[{"embeddable":true,"href":"https:\/\/meeplendice.net\/index.php?rest_route=\/wp\/v2\/users\/2"}],"replies":[{"embeddable":true,"href":"https:\/\/meeplendice.net\/index.php?rest_route=%2Fwp%2Fv2%2Fcomments&post=13942"}],"version-history":[{"count":1,"href":"https:\/\/meeplendice.net\/index.php?rest_route=\/wp\/v2\/pages\/13942\/revisions"}],"predecessor-version":[{"id":13944,"href":"https:\/\/meeplendice.net\/index.php?rest_route=\/wp\/v2\/pages\/13942\/revisions\/13944"}],"up":[{"embeddable":true,"href":"https:\/\/meeplendice.net\/index.php?rest_route=\/wp\/v2\/pages\/13937"}],"wp:featuredmedia":[{"embeddable":true,"href":"https:\/\/meeplendice.net\/index.php?rest_route=\/wp\/v2\/media\/13943"}],"wp:attachment":[{"href":"https:\/\/meeplendice.net\/index.php?rest_route=%2Fwp%2Fv2%2Fmedia&parent=13942"}],"curies":[{"name":"wp","href":"https:\/\/api.w.org\/{rel}","templated":true}]}}