{"id":13948,"date":"2025-12-19T16:09:02","date_gmt":"2025-12-19T14:09:02","guid":{"rendered":"https:\/\/meeplendice.net\/?page_id=13948"},"modified":"2025-12-19T16:17:28","modified_gmt":"2025-12-19T14:17:28","slug":"carnet-de-voyage","status":"publish","type":"page","link":"https:\/\/meeplendice.net\/?page_id=13948","title":{"rendered":"Carnet de voyage"},"content":{"rendered":"<p>Dans l&rsquo;extension <em>Carnet de voyage<\/em> de <em>Meadow<\/em>, embarquez pour une aventure fascinante !<br \/>\nTraversez de magnifiques champs de fleurs, explorez une grotte \u00e9nigmatique&#8230; Vous jouerez les 6 randonn\u00e9es de cette extension sur les pages d&rsquo;un carnet qui vous servira aussi de plateau, et d\u00e9couvrirez ainsi la faune et la flore sous un jour nouveau.<\/p>\n<p>Avec Carnet de voyage, enrichissez votre Praire et d\u00e9couvrez tout ce qu&rsquo;elle a \u00e0 vous offrir.<\/p>\n","protected":false},"excerpt":{"rendered":"<p>Dans l&rsquo;extension Carnet de voyage de Meadow, embarquez pour une aventure fascinante ! Traversez de magnifiques champs de fleurs, explorez une grotte \u00e9nigmatique&#8230; Vous jouerez les 6 randonn\u00e9es de cette extension sur les pages d&rsquo;un carnet qui vous servira aussi de plateau, et d\u00e9couvrirez ainsi la faune et la flore sous un jour nouveau. Avec Carnet de voyage, enrichissez votre Praire et d\u00e9couvrez tout ce qu&rsquo;elle a \u00e0 vous offrir.<\/p>\n","protected":false},"author":2,"featured_media":13950,"parent":11167,"menu_order":2,"comment_status":"closed","ping_status":"closed","template":"","meta":{"footnotes":""},"class_list":["post-13948","page","type-page","status-publish","has-post-thumbnail","hentry"],"acf":[],"rttpg_featured_image_url":{"full":["https:\/\/meeplendice.net\/wp-content\/uploads\/2025\/12\/Meadow_Carnet.png",350,350,false],"landscape":["https:\/\/meeplendice.net\/wp-content\/uploads\/2025\/12\/Meadow_Carnet.png",350,350,false],"portraits":["https:\/\/meeplendice.net\/wp-content\/uploads\/2025\/12\/Meadow_Carnet.png",350,350,false],"thumbnail":["https:\/\/meeplendice.net\/wp-content\/uploads\/2025\/12\/Meadow_Carnet-150x150.png",150,150,true],"medium":["https:\/\/meeplendice.net\/wp-content\/uploads\/2025\/12\/Meadow_Carnet-300x300.png",300,300,true],"large":["https:\/\/meeplendice.net\/wp-content\/uploads\/2025\/12\/Meadow_Carnet.png",350,350,false],"ug_big":["https:\/\/meeplendice.net\/wp-content\/uploads\/2025\/12\/Meadow_Carnet.png",350,350,false],"1536x1536":["https:\/\/meeplendice.net\/wp-content\/uploads\/2025\/12\/Meadow_Carnet.png",350,350,false],"2048x2048":["https:\/\/meeplendice.net\/wp-content\/uploads\/2025\/12\/Meadow_Carnet.png",350,350,false],"ashe-slider-grid-thumbnail":["https:\/\/meeplendice.net\/wp-content\/uploads\/2025\/12\/Meadow_Carnet.png",350,350,false],"ashe-full-thumbnail":["https:\/\/meeplendice.net\/wp-content\/uploads\/2025\/12\/Meadow_Carnet.png",350,350,false],"ashe-grid-thumbnail":["https:\/\/meeplendice.net\/wp-content\/uploads\/2025\/12\/Meadow_Carnet-350x330.png",350,330,true],"ashe-list-thumbnail":["https:\/\/meeplendice.net\/wp-content\/uploads\/2025\/12\/Meadow_Carnet-300x300.png",300,300,true],"ashe-single-navigation":["https:\/\/meeplendice.net\/wp-content\/uploads\/2025\/12\/Meadow_Carnet-75x75.png",75,75,true],"mailpoet_newsletter_max":["https:\/\/meeplendice.net\/wp-content\/uploads\/2025\/12\/Meadow_Carnet.png",350,350,false],"rpwe-thumbnail":["https:\/\/meeplendice.net\/wp-content\/uploads\/2025\/12\/Meadow_Carnet-45x45.png",45,45,true],"sow-carousel-default":["https:\/\/meeplendice.net\/wp-content\/uploads\/2025\/12\/Meadow_Carnet-272x182.png",272,182,true],"rt_custom":["https:\/\/meeplendice.net\/wp-content\/uploads\/2025\/12\/Meadow_Carnet.png",350,350,false]},"rttpg_author":{"display_name":"Karnby","author_link":"https:\/\/meeplendice.net\/?author=2"},"rttpg_comment":0,"rttpg_category":null,"rttpg_excerpt":"Dans l&rsquo;extension Carnet de voyage de Meadow, embarquez pour une aventure fascinante ! Traversez de magnifiques champs de fleurs, explorez une grotte \u00e9nigmatique&#8230; Vous jouerez les 6 randonn\u00e9es de cette extension sur les pages d&rsquo;un carnet qui vous servira aussi de plateau, et d\u00e9couvrirez ainsi la faune et la flore sous un jour nouveau. Avec\u2026","_links":{"self":[{"href":"https:\/\/meeplendice.net\/index.php?rest_route=\/wp\/v2\/pages\/13948","targetHints":{"allow":["GET"]}}],"collection":[{"href":"https:\/\/meeplendice.net\/index.php?rest_route=\/wp\/v2\/pages"}],"about":[{"href":"https:\/\/meeplendice.net\/index.php?rest_route=\/wp\/v2\/types\/page"}],"author":[{"embeddable":true,"href":"https:\/\/meeplendice.net\/index.php?rest_route=\/wp\/v2\/users\/2"}],"replies":[{"embeddable":true,"href":"https:\/\/meeplendice.net\/index.php?rest_route=%2Fwp%2Fv2%2Fcomments&post=13948"}],"version-history":[{"count":1,"href":"https:\/\/meeplendice.net\/index.php?rest_route=\/wp\/v2\/pages\/13948\/revisions"}],"predecessor-version":[{"id":13949,"href":"https:\/\/meeplendice.net\/index.php?rest_route=\/wp\/v2\/pages\/13948\/revisions\/13949"}],"up":[{"embeddable":true,"href":"https:\/\/meeplendice.net\/index.php?rest_route=\/wp\/v2\/pages\/11167"}],"wp:featuredmedia":[{"embeddable":true,"href":"https:\/\/meeplendice.net\/index.php?rest_route=\/wp\/v2\/media\/13950"}],"wp:attachment":[{"href":"https:\/\/meeplendice.net\/index.php?rest_route=%2Fwp%2Fv2%2Fmedia&parent=13948"}],"curies":[{"name":"wp","href":"https:\/\/api.w.org\/{rel}","templated":true}]}}