{"id":13951,"date":"2025-12-19T16:46:16","date_gmt":"2025-12-19T14:46:16","guid":{"rendered":"https:\/\/meeplendice.net\/?page_id=13951"},"modified":"2025-12-19T16:58:46","modified_gmt":"2025-12-19T14:58:46","slug":"terrorscape","status":"publish","type":"page","link":"https:\/\/meeplendice.net\/?page_id=13951","title":{"rendered":"Terrorscape"},"content":{"rendered":"<div id=\"pl-13951\"  class=\"panel-layout\" ><div id=\"pg-13951-0\"  class=\"panel-grid panel-no-style\" ><div id=\"pgc-13951-0-0\"  class=\"panel-grid-cell\" ><div id=\"panel-13951-0-0-0\" class=\"so-panel widget widget_sow-editor panel-first-child panel-last-child\" data-index=\"0\" ><div\n\t\t\t\n\t\t\tclass=\"so-widget-sow-editor so-widget-sow-editor-base\"\n\t\t\t\n\t\t>\n<div class=\"siteorigin-widget-tinymce textwidget\">\n\t<p style=\"text-align: center;\"><strong>Nombre de joueurs :<\/strong><br \/>\n2 - 4<\/p>\n<\/div>\n<\/div><\/div><\/div><div id=\"pgc-13951-0-1\"  class=\"panel-grid-cell\" ><div id=\"panel-13951-0-1-0\" class=\"so-panel widget widget_sow-editor panel-first-child panel-last-child\" data-index=\"1\" ><div\n\t\t\t\n\t\t\tclass=\"so-widget-sow-editor so-widget-sow-editor-base\"\n\t\t\t\n\t\t>\n<div class=\"siteorigin-widget-tinymce textwidget\">\n\t<p style=\"text-align: center;\"><strong>Dur\u00e9e moyenne :<\/strong><br \/>\n60 min<\/p>\n<\/div>\n<\/div><\/div><\/div><div id=\"pgc-13951-0-2\"  class=\"panel-grid-cell\" ><div id=\"panel-13951-0-2-0\" class=\"so-panel widget widget_sow-editor panel-first-child panel-last-child\" data-index=\"2\" ><div\n\t\t\t\n\t\t\tclass=\"so-widget-sow-editor so-widget-sow-editor-base\"\n\t\t\t\n\t\t>\n<div class=\"siteorigin-widget-tinymce textwidget\">\n\t<p style=\"text-align: center;\"><strong>Age :<\/strong><br \/>\n14 ans et plus<\/p>\n<\/div>\n<\/div><\/div><\/div><\/div><div id=\"pg-13951-1\"  class=\"panel-grid panel-no-style\" ><div id=\"pgc-13951-1-0\"  class=\"panel-grid-cell\" ><div id=\"panel-13951-1-0-0\" class=\"so-panel widget widget_sow-editor panel-first-child panel-last-child\" data-index=\"3\" ><div\n\t\t\t\n\t\t\tclass=\"so-widget-sow-editor so-widget-sow-editor-base\"\n\t\t\t\n\t\t>\n<div class=\"siteorigin-widget-tinymce textwidget\">\n\t<p style=\"text-align: center;\"><strong>Auteur(s) :<br \/>\n<\/strong>Jeffrey CCH<\/p>\n<\/div>\n<\/div><\/div><\/div><div id=\"pgc-13951-1-1\"  class=\"panel-grid-cell\" ><div id=\"panel-13951-1-1-0\" class=\"so-panel widget widget_sow-editor panel-first-child panel-last-child\" data-index=\"4\" ><div\n\t\t\t\n\t\t\tclass=\"so-widget-sow-editor so-widget-sow-editor-base\"\n\t\t\t\n\t\t>\n<div class=\"siteorigin-widget-tinymce textwidget\">\n\t<p style=\"text-align: center;\"><strong>Illustrations :<\/strong><br \/>\n<span class=\"data-siloing\" title=\"D\u00e9couvrez tous ces jeux\" data-siloing=\"https:\/\/www.philibertnet.com\/fr\/recherche?feature=41&amp;feature_value=Ian Rosenthaler\">Arepko<br \/>\nRoxy Dai<br \/>\nSamuel Horowitz<br \/>\nNilanjan Malakar<br \/>\nAmanda Phelps<br \/>\nDomingo Pino<\/span><\/p>\n<\/div>\n<\/div><\/div><\/div><div id=\"pgc-13951-1-2\"  class=\"panel-grid-cell\" ><div id=\"panel-13951-1-2-0\" class=\"so-panel widget widget_sow-editor panel-first-child panel-last-child\" data-index=\"5\" ><div\n\t\t\t\n\t\t\tclass=\"so-widget-sow-editor so-widget-sow-editor-base\"\n\t\t\t\n\t\t>\n<div class=\"siteorigin-widget-tinymce textwidget\">\n\t<p style=\"text-align: center;\"><strong>\u00c9dition :<\/strong><br \/>\nIello<br \/>\n2023<\/p>\n<\/div>\n<\/div><\/div><\/div><div id=\"pgc-13951-1-3\"  class=\"panel-grid-cell\" ><div id=\"panel-13951-1-3-0\" class=\"so-panel widget widget_sow-editor panel-first-child panel-last-child\" data-index=\"6\" ><div\n\t\t\t\n\t\t\tclass=\"so-widget-sow-editor so-widget-sow-editor-base\"\n\t\t\t\n\t\t>\n<div class=\"siteorigin-widget-tinymce textwidget\">\n\t<p style=\"text-align: center;\"><strong>Version :<\/strong><br \/>\nFran\u00e7aise<\/p>\n<\/div>\n<\/div><\/div><\/div><\/div><div id=\"pg-13951-2\"  class=\"panel-grid panel-no-style\" ><div id=\"pgc-13951-2-0\"  class=\"panel-grid-cell\" ><div id=\"panel-13951-2-0-0\" class=\"so-panel widget widget_sow-editor panel-first-child panel-last-child\" data-index=\"7\" ><div\n\t\t\t\n\t\t\tclass=\"so-widget-sow-editor so-widget-sow-editor-base\"\n\t\t\t\n\t\t>\n<div class=\"siteorigin-widget-tinymce textwidget\">\n\t<hr \/>\n<p><em>Un orage \u00e9clate, faisant tomber pr\u00e9cipitamment la nuit. Des promeneurs infortun\u00e9s se pr\u00e9cipitent alors vers un manoir abandonn\u00e9 pour y trouver refuge. Pensant \u00e9chapper \u00e0 la pluie, ils viennent en r\u00e9alit\u00e9 de s'aventurer sur le terrain de chasse d'un tueur assoiff\u00e9 de sang...<\/em><\/p>\n<p>&nbsp;<\/p>\n<p><em>Terrorscape<\/em> est un jeu d'angoisse en \u00e9quipe. Endossez le r\u00f4le des survivants et faites tout pour \u00e9chapper au tueur, ou mettez-vous dans\u00a0 a peau du tueur et pourchassez vos proies \u00e0 travers le manoir !<\/p>\n<p>Durant la partie, les survivants devront se cacher du tueur, utiliser des objets afin d'augmenter leurs chances de survie et, surtout, tenter de sortir du cauchemar dans lequel ils se sont retrouv\u00e9s plong\u00e9s.<br \/>\nLe tueur, quant \u00e0 lui, se servira de ses capacit\u00e9s impitoyables pour traquer les survivants. Celles et ceux qu'il croisera devront l'affronter au cours de combats sanglants, s'ils veulent sauver leur peau...<\/p>\n<p>Gr\u00e2ce aux diff\u00e9rents survivants et tueurs disponibles, chaque partie offre une configuration in\u00e9dite pour une exp\u00e9rience renouvel\u00e9e. Chaque personnage a ses propres caract\u00e9ristiques et un style de jeu unique.<\/p>\n<p>Alors, vous \u00eates pr\u00eats ? Tueur, bonne chasse ! Survivants, faites preuve de strat\u00e9gie et d'instinct de survie... Que le meilleur gagne !<\/p>\n<\/div>\n<\/div><\/div><\/div><\/div><div id=\"pg-13951-3\"  class=\"panel-grid panel-no-style\" ><div id=\"pgc-13951-3-0\"  class=\"panel-grid-cell\" ><div id=\"panel-13951-3-0-0\" class=\"so-panel widget widget_sow-editor panel-first-child panel-last-child\" data-index=\"8\" ><div\n\t\t\t\n\t\t\tclass=\"so-widget-sow-editor so-widget-sow-editor-base\"\n\t\t\t\n\t\t>\n<div class=\"siteorigin-widget-tinymce textwidget\">\n\t<hr \/>\n<h3 style=\"text-align: center;\">En vid\u00e9o<\/h3>\n<\/div>\n<\/div><\/div><\/div><\/div><div id=\"pg-13951-4\"  class=\"panel-grid panel-no-style\" ><div id=\"pgc-13951-4-0\"  class=\"panel-grid-cell\" ><div id=\"panel-13951-4-0-0\" class=\"so-panel widget widget_sow-editor panel-first-child panel-last-child\" data-index=\"9\" ><div\n\t\t\t\n\t\t\tclass=\"so-widget-sow-editor so-widget-sow-editor-base\"\n\t\t\t\n\t\t>\n<div class=\"siteorigin-widget-tinymce textwidget\">\n\t<hr \/>\n<h3 style=\"text-align: center;\">Pour aller plus loin<\/h3>\n<p style=\"text-align: center;\">\n<\/div>\n<\/div><\/div><\/div><\/div><\/div>","protected":false},"excerpt":{"rendered":"<p>Nombre de joueurs : 2 &#8211; 4 Dur\u00e9e moyenne : 60 min Age : 14 ans et plus Auteur(s) : Jeffrey CCH Illustrations : Arepko Roxy Dai Samuel Horowitz Nilanjan Malakar Amanda Phelps Domingo Pino \u00c9dition : Iello 2023 Version : Fran\u00e7aise<\/p>\n","protected":false},"author":2,"featured_media":13434,"parent":0,"menu_order":0,"comment_status":"closed","ping_status":"closed","template":"","meta":{"footnotes":""},"class_list":["post-13951","page","type-page","status-publish","has-post-thumbnail","hentry"],"acf":[],"rttpg_featured_image_url":{"full":["https:\/\/meeplendice.net\/wp-content\/uploads\/2025\/11\/Terroscape.png",350,350,false],"landscape":["https:\/\/meeplendice.net\/wp-content\/uploads\/2025\/11\/Terroscape.png",350,350,false],"portraits":["https:\/\/meeplendice.net\/wp-content\/uploads\/2025\/11\/Terroscape.png",350,350,false],"thumbnail":["https:\/\/meeplendice.net\/wp-content\/uploads\/2025\/11\/Terroscape-150x150.png",150,150,true],"medium":["https:\/\/meeplendice.net\/wp-content\/uploads\/2025\/11\/Terroscape-300x300.png",300,300,true],"large":["https:\/\/meeplendice.net\/wp-content\/uploads\/2025\/11\/Terroscape.png",350,350,false],"ug_big":["https:\/\/meeplendice.net\/wp-content\/uploads\/2025\/11\/Terroscape.png",350,350,false],"1536x1536":["https:\/\/meeplendice.net\/wp-content\/uploads\/2025\/11\/Terroscape.png",350,350,false],"2048x2048":["https:\/\/meeplendice.net\/wp-content\/uploads\/2025\/11\/Terroscape.png",350,350,false],"ashe-slider-grid-thumbnail":["https:\/\/meeplendice.net\/wp-content\/uploads\/2025\/11\/Terroscape.png",350,350,false],"ashe-full-thumbnail":["https:\/\/meeplendice.net\/wp-content\/uploads\/2025\/11\/Terroscape.png",350,350,false],"ashe-grid-thumbnail":["https:\/\/meeplendice.net\/wp-content\/uploads\/2025\/11\/Terroscape-350x330.png",350,330,true],"ashe-list-thumbnail":["https:\/\/meeplendice.net\/wp-content\/uploads\/2025\/11\/Terroscape-300x300.png",300,300,true],"ashe-single-navigation":["https:\/\/meeplendice.net\/wp-content\/uploads\/2025\/11\/Terroscape-75x75.png",75,75,true],"mailpoet_newsletter_max":["https:\/\/meeplendice.net\/wp-content\/uploads\/2025\/11\/Terroscape.png",350,350,false],"rpwe-thumbnail":["https:\/\/meeplendice.net\/wp-content\/uploads\/2025\/11\/Terroscape-45x45.png",45,45,true],"sow-carousel-default":["https:\/\/meeplendice.net\/wp-content\/uploads\/2025\/11\/Terroscape-272x182.png",272,182,true],"rt_custom":["https:\/\/meeplendice.net\/wp-content\/uploads\/2025\/11\/Terroscape.png",350,350,false]},"rttpg_author":{"display_name":"Karnby","author_link":"https:\/\/meeplendice.net\/?author=2"},"rttpg_comment":0,"rttpg_category":null,"rttpg_excerpt":"Nombre de joueurs : 2 - 4 Dur\u00e9e moyenne : 60 min Age : 14 ans et plus Auteur(s) : Jeffrey CCH Illustrations : Arepko Roxy Dai Samuel Horowitz Nilanjan Malakar Amanda Phelps Domingo Pino \u00c9dition : Iello 2023 Version : Fran\u00e7aise","_links":{"self":[{"href":"https:\/\/meeplendice.net\/index.php?rest_route=\/wp\/v2\/pages\/13951","targetHints":{"allow":["GET"]}}],"collection":[{"href":"https:\/\/meeplendice.net\/index.php?rest_route=\/wp\/v2\/pages"}],"about":[{"href":"https:\/\/meeplendice.net\/index.php?rest_route=\/wp\/v2\/types\/page"}],"author":[{"embeddable":true,"href":"https:\/\/meeplendice.net\/index.php?rest_route=\/wp\/v2\/users\/2"}],"replies":[{"embeddable":true,"href":"https:\/\/meeplendice.net\/index.php?rest_route=%2Fwp%2Fv2%2Fcomments&post=13951"}],"version-history":[{"count":4,"href":"https:\/\/meeplendice.net\/index.php?rest_route=\/wp\/v2\/pages\/13951\/revisions"}],"predecessor-version":[{"id":13956,"href":"https:\/\/meeplendice.net\/index.php?rest_route=\/wp\/v2\/pages\/13951\/revisions\/13956"}],"wp:featuredmedia":[{"embeddable":true,"href":"https:\/\/meeplendice.net\/index.php?rest_route=\/wp\/v2\/media\/13434"}],"wp:attachment":[{"href":"https:\/\/meeplendice.net\/index.php?rest_route=%2Fwp%2Fv2%2Fmedia&parent=13951"}],"curies":[{"name":"wp","href":"https:\/\/api.w.org\/{rel}","templated":true}]}}