{"id":1399,"date":"2016-09-20T11:07:33","date_gmt":"2016-09-20T10:07:33","guid":{"rendered":"http:\/\/meeplendice.net\/?page_id=1399"},"modified":"2020-08-31T15:30:10","modified_gmt":"2020-08-31T14:30:10","slug":"le-rat-cornu","status":"publish","type":"page","link":"https:\/\/meeplendice.net\/?page_id=1399","title":{"rendered":"Le Rat Cornu"},"content":{"rendered":"<p style=\"text-align: justify;\"><em>Sortant de son Empire Souterrain sous le Vieux Monde, une nouvelle force se joint \u00e0 la bataille !<\/em><\/p>\n<p>L\u2019extension<em>\u00a0Le Rat Cornu<\/em>\u00a0pour\u00a0Chaos dans le Vieux Monde\u00a0contient une nouvelle faction, lesSkavens, et les r\u00e8gles pour un cinqui\u00e8me joueur.<\/p>\n<p style=\"text-align: justify;\">De nouvelles cartes Chaos et Am\u00e9lioration donnent une nouvelle dimension au jeu et apportent de nouvelles dynamiques dans les strat\u00e9gies de chaque Puissance de la Corruption. Cette extension propose \u00e9galement de nouvelles cartes Vieux Monde qui rendent le jeu plus complexe.<\/p>\n<p style=\"text-align: justify;\"><span id=\"result_box\" class=\"\" lang=\"fr\"><span class=\"\">\u00a0<\/span><\/span><\/p>\n","protected":false},"excerpt":{"rendered":"<p>Sortant de son Empire Souterrain sous le Vieux Monde, une nouvelle force se joint \u00e0 la bataille ! L\u2019extension\u00a0Le Rat Cornu\u00a0pour\u00a0Chaos dans le Vieux Monde\u00a0contient une nouvelle faction, lesSkavens, et les r\u00e8gles pour un cinqui\u00e8me joueur. De nouvelles cartes Chaos et Am\u00e9lioration donnent une nouvelle dimension au jeu et apportent de nouvelles dynamiques dans les strat\u00e9gies de chaque Puissance de la Corruption. Cette extension propose \u00e9galement de nouvelles cartes Vieux Monde qui rendent le jeu plus complexe. \u00a0<\/p>\n","protected":false},"author":2,"featured_media":1403,"parent":202,"menu_order":0,"comment_status":"closed","ping_status":"closed","template":"","meta":{"footnotes":""},"class_list":["post-1399","page","type-page","status-publish","has-post-thumbnail","hentry"],"acf":[],"rttpg_featured_image_url":{"full":["https:\/\/meeplendice.net\/wp-content\/uploads\/2016\/09\/Chaos_leratcornu.png",350,350,false],"landscape":["https:\/\/meeplendice.net\/wp-content\/uploads\/2016\/09\/Chaos_leratcornu.png",350,350,false],"portraits":["https:\/\/meeplendice.net\/wp-content\/uploads\/2016\/09\/Chaos_leratcornu.png",350,350,false],"thumbnail":["https:\/\/meeplendice.net\/wp-content\/uploads\/2016\/09\/Chaos_leratcornu-150x150.png",150,150,true],"medium":["https:\/\/meeplendice.net\/wp-content\/uploads\/2016\/09\/Chaos_leratcornu-300x300.png",300,300,true],"large":["https:\/\/meeplendice.net\/wp-content\/uploads\/2016\/09\/Chaos_leratcornu.png",350,350,false],"ug_big":["https:\/\/meeplendice.net\/wp-content\/uploads\/2016\/09\/Chaos_leratcornu.png",350,350,false],"1536x1536":["https:\/\/meeplendice.net\/wp-content\/uploads\/2016\/09\/Chaos_leratcornu.png",350,350,false],"2048x2048":["https:\/\/meeplendice.net\/wp-content\/uploads\/2016\/09\/Chaos_leratcornu.png",350,350,false],"ashe-slider-grid-thumbnail":["https:\/\/meeplendice.net\/wp-content\/uploads\/2016\/09\/Chaos_leratcornu.png",350,350,false],"ashe-full-thumbnail":["https:\/\/meeplendice.net\/wp-content\/uploads\/2016\/09\/Chaos_leratcornu.png",350,350,false],"ashe-grid-thumbnail":["https:\/\/meeplendice.net\/wp-content\/uploads\/2016\/09\/Chaos_leratcornu-350x330.png",350,330,true],"ashe-list-thumbnail":["https:\/\/meeplendice.net\/wp-content\/uploads\/2016\/09\/Chaos_leratcornu-300x300.png",300,300,true],"ashe-single-navigation":["https:\/\/meeplendice.net\/wp-content\/uploads\/2016\/09\/Chaos_leratcornu-75x75.png",75,75,true],"mailpoet_newsletter_max":["https:\/\/meeplendice.net\/wp-content\/uploads\/2016\/09\/Chaos_leratcornu.png",350,350,false],"rpwe-thumbnail":["https:\/\/meeplendice.net\/wp-content\/uploads\/2016\/09\/Chaos_leratcornu-45x45.png",45,45,true],"sow-carousel-default":["https:\/\/meeplendice.net\/wp-content\/uploads\/2016\/09\/Chaos_leratcornu-272x182.png",272,182,true],"rt_custom":["https:\/\/meeplendice.net\/wp-content\/uploads\/2016\/09\/Chaos_leratcornu.png",350,350,false]},"rttpg_author":{"display_name":"Karnby","author_link":"https:\/\/meeplendice.net\/?author=2"},"rttpg_comment":0,"rttpg_category":null,"rttpg_excerpt":"Sortant de son Empire Souterrain sous le Vieux Monde, une nouvelle force se joint \u00e0 la bataille ! L\u2019extension\u00a0Le Rat Cornu\u00a0pour\u00a0Chaos dans le Vieux Monde\u00a0contient une nouvelle faction, lesSkavens, et les r\u00e8gles pour un cinqui\u00e8me joueur. De nouvelles cartes Chaos et Am\u00e9lioration donnent une nouvelle dimension au jeu et apportent de nouvelles dynamiques dans les\u2026","_links":{"self":[{"href":"https:\/\/meeplendice.net\/index.php?rest_route=\/wp\/v2\/pages\/1399","targetHints":{"allow":["GET"]}}],"collection":[{"href":"https:\/\/meeplendice.net\/index.php?rest_route=\/wp\/v2\/pages"}],"about":[{"href":"https:\/\/meeplendice.net\/index.php?rest_route=\/wp\/v2\/types\/page"}],"author":[{"embeddable":true,"href":"https:\/\/meeplendice.net\/index.php?rest_route=\/wp\/v2\/users\/2"}],"replies":[{"embeddable":true,"href":"https:\/\/meeplendice.net\/index.php?rest_route=%2Fwp%2Fv2%2Fcomments&post=1399"}],"version-history":[{"count":6,"href":"https:\/\/meeplendice.net\/index.php?rest_route=\/wp\/v2\/pages\/1399\/revisions"}],"predecessor-version":[{"id":6311,"href":"https:\/\/meeplendice.net\/index.php?rest_route=\/wp\/v2\/pages\/1399\/revisions\/6311"}],"up":[{"embeddable":true,"href":"https:\/\/meeplendice.net\/index.php?rest_route=\/wp\/v2\/pages\/202"}],"wp:featuredmedia":[{"embeddable":true,"href":"https:\/\/meeplendice.net\/index.php?rest_route=\/wp\/v2\/media\/1403"}],"wp:attachment":[{"href":"https:\/\/meeplendice.net\/index.php?rest_route=%2Fwp%2Fv2%2Fmedia&parent=1399"}],"curies":[{"name":"wp","href":"https:\/\/api.w.org\/{rel}","templated":true}]}}