{"id":1410,"date":"2016-09-20T13:03:27","date_gmt":"2016-09-20T12:03:27","guid":{"rendered":"http:\/\/meeplendice.net\/?page_id=1410"},"modified":"2020-08-31T15:39:04","modified_gmt":"2020-08-31T14:39:04","slug":"de-profundis","status":"publish","type":"page","link":"https:\/\/meeplendice.net\/?page_id=1410","title":{"rendered":"De Profundis"},"content":{"rendered":"<p style=\"text-align: justify;\"><span id=\"result_box\" class=\"\" lang=\"fr\"><span class=\"\">1634. Assoiff\u00e9e de conqu\u00eates, l\u2019humanit\u00e9 a jet\u00e9 son d\u00e9volu sur l\u2019enfer.<\/span><\/span><\/p>\n<p>Dans ce jeu de survie tactique, l\u2019un des joueurs dirige le groupe d\u2019humains qui explore les lugubres couloirs infernaux et affronte un flot incessant de troglodytes, alors que son adversaire incarne les d\u00e9mons qui prennent d\u2019assaut ces aventuriers.<\/p>\n<p>Claustrophobia &#8211; De Profundis est la premi\u00e8re extension pour Claustrophobia. Elle propose de nouvelles figurines, de nouvelles tuiles et de nouveaux sc\u00e9narios&#8230;<\/p>\n","protected":false},"excerpt":{"rendered":"<p>1634. Assoiff\u00e9e de conqu\u00eates, l\u2019humanit\u00e9 a jet\u00e9 son d\u00e9volu sur l\u2019enfer. Dans ce jeu de survie tactique, l\u2019un des joueurs dirige le groupe d\u2019humains qui explore les lugubres couloirs infernaux et affronte un flot incessant de troglodytes, alors que son adversaire incarne les d\u00e9mons qui prennent d\u2019assaut ces aventuriers. Claustrophobia &#8211; De Profundis est la premi\u00e8re extension pour Claustrophobia. Elle propose de nouvelles figurines, de nouvelles tuiles et de nouveaux sc\u00e9narios&#8230;<\/p>\n","protected":false},"author":2,"featured_media":1417,"parent":206,"menu_order":0,"comment_status":"closed","ping_status":"closed","template":"","meta":{"footnotes":""},"class_list":["post-1410","page","type-page","status-publish","has-post-thumbnail","hentry"],"acf":[],"rttpg_featured_image_url":{"full":["https:\/\/meeplendice.net\/wp-content\/uploads\/2016\/09\/Claustrophobia_deprofundis.png",350,350,false],"landscape":["https:\/\/meeplendice.net\/wp-content\/uploads\/2016\/09\/Claustrophobia_deprofundis.png",350,350,false],"portraits":["https:\/\/meeplendice.net\/wp-content\/uploads\/2016\/09\/Claustrophobia_deprofundis.png",350,350,false],"thumbnail":["https:\/\/meeplendice.net\/wp-content\/uploads\/2016\/09\/Claustrophobia_deprofundis-150x150.png",150,150,true],"medium":["https:\/\/meeplendice.net\/wp-content\/uploads\/2016\/09\/Claustrophobia_deprofundis-300x300.png",300,300,true],"large":["https:\/\/meeplendice.net\/wp-content\/uploads\/2016\/09\/Claustrophobia_deprofundis.png",350,350,false],"ug_big":["https:\/\/meeplendice.net\/wp-content\/uploads\/2016\/09\/Claustrophobia_deprofundis.png",350,350,false],"1536x1536":["https:\/\/meeplendice.net\/wp-content\/uploads\/2016\/09\/Claustrophobia_deprofundis.png",350,350,false],"2048x2048":["https:\/\/meeplendice.net\/wp-content\/uploads\/2016\/09\/Claustrophobia_deprofundis.png",350,350,false],"ashe-slider-grid-thumbnail":["https:\/\/meeplendice.net\/wp-content\/uploads\/2016\/09\/Claustrophobia_deprofundis.png",350,350,false],"ashe-full-thumbnail":["https:\/\/meeplendice.net\/wp-content\/uploads\/2016\/09\/Claustrophobia_deprofundis.png",350,350,false],"ashe-grid-thumbnail":["https:\/\/meeplendice.net\/wp-content\/uploads\/2016\/09\/Claustrophobia_deprofundis-350x330.png",350,330,true],"ashe-list-thumbnail":["https:\/\/meeplendice.net\/wp-content\/uploads\/2016\/09\/Claustrophobia_deprofundis-300x300.png",300,300,true],"ashe-single-navigation":["https:\/\/meeplendice.net\/wp-content\/uploads\/2016\/09\/Claustrophobia_deprofundis-75x75.png",75,75,true],"mailpoet_newsletter_max":["https:\/\/meeplendice.net\/wp-content\/uploads\/2016\/09\/Claustrophobia_deprofundis.png",350,350,false],"rpwe-thumbnail":["https:\/\/meeplendice.net\/wp-content\/uploads\/2016\/09\/Claustrophobia_deprofundis-45x45.png",45,45,true],"sow-carousel-default":["https:\/\/meeplendice.net\/wp-content\/uploads\/2016\/09\/Claustrophobia_deprofundis-272x182.png",272,182,true],"rt_custom":["https:\/\/meeplendice.net\/wp-content\/uploads\/2016\/09\/Claustrophobia_deprofundis.png",350,350,false]},"rttpg_author":{"display_name":"Karnby","author_link":"https:\/\/meeplendice.net\/?author=2"},"rttpg_comment":0,"rttpg_category":null,"rttpg_excerpt":"1634. Assoiff\u00e9e de conqu\u00eates, l\u2019humanit\u00e9 a jet\u00e9 son d\u00e9volu sur l\u2019enfer. Dans ce jeu de survie tactique, l\u2019un des joueurs dirige le groupe d\u2019humains qui explore les lugubres couloirs infernaux et affronte un flot incessant de troglodytes, alors que son adversaire incarne les d\u00e9mons qui prennent d\u2019assaut ces aventuriers. Claustrophobia &#8211; De Profundis est la\u2026","_links":{"self":[{"href":"https:\/\/meeplendice.net\/index.php?rest_route=\/wp\/v2\/pages\/1410","targetHints":{"allow":["GET"]}}],"collection":[{"href":"https:\/\/meeplendice.net\/index.php?rest_route=\/wp\/v2\/pages"}],"about":[{"href":"https:\/\/meeplendice.net\/index.php?rest_route=\/wp\/v2\/types\/page"}],"author":[{"embeddable":true,"href":"https:\/\/meeplendice.net\/index.php?rest_route=\/wp\/v2\/users\/2"}],"replies":[{"embeddable":true,"href":"https:\/\/meeplendice.net\/index.php?rest_route=%2Fwp%2Fv2%2Fcomments&post=1410"}],"version-history":[{"count":5,"href":"https:\/\/meeplendice.net\/index.php?rest_route=\/wp\/v2\/pages\/1410\/revisions"}],"predecessor-version":[{"id":6318,"href":"https:\/\/meeplendice.net\/index.php?rest_route=\/wp\/v2\/pages\/1410\/revisions\/6318"}],"up":[{"embeddable":true,"href":"https:\/\/meeplendice.net\/index.php?rest_route=\/wp\/v2\/pages\/206"}],"wp:featuredmedia":[{"embeddable":true,"href":"https:\/\/meeplendice.net\/index.php?rest_route=\/wp\/v2\/media\/1417"}],"wp:attachment":[{"href":"https:\/\/meeplendice.net\/index.php?rest_route=%2Fwp%2Fv2%2Fmedia&parent=1410"}],"curies":[{"name":"wp","href":"https:\/\/api.w.org\/{rel}","templated":true}]}}