{"id":1422,"date":"2016-09-20T13:42:23","date_gmt":"2016-09-20T12:42:23","guid":{"rendered":"http:\/\/meeplendice.net\/?page_id=1422"},"modified":"2020-09-01T09:35:38","modified_gmt":"2020-09-01T08:35:38","slug":"blanche-neige","status":"publish","type":"page","link":"https:\/\/meeplendice.net\/?page_id=1422","title":{"rendered":"Blanche Neige"},"content":{"rendered":"<p style=\"text-align: justify;\"><span id=\"result_box\" class=\"\" lang=\"fr\"><span class=\"\"><em>\u00ab Miroir, mon beau miroir, dis-moi qui est la plus belle en ce pays ?<br \/>\n\u2014 Vous \u00eates belle, ma reine, mais Blanche Neige est mille fois plus belle encore. \u00bb<\/em><\/span><\/span><\/p>\n<p style=\"text-align: justify;\">Revivez le plus c\u00e9l\u00e8bre des contes de f\u00e9es avec Dark Tales &#8211; Blanche Neige !<\/p>\n<p>Du Prince aux myst\u00e9rieux Nains en passant par le Cercueil de Cristal et la tristement c\u00e9l\u00e8bre Pomme Empoisonn\u00e9e, de nouveaux personnages et objets sp\u00e9ciaux font leur apparition dans le monde de Dark Tales, et donnent lieu \u00e0 des combinaisons inattendues ! La M\u00e9chante Reine parviendra-t-elle \u00e0 ses fins, ou Blanche Neige r\u00e9ussira-t-elle \u00e0 s\u2019en d\u00e9barrasser une bonne fois pour toutes ? Quand l\u2019histoire s\u2019ach\u00e8ve, il est temps d\u2019en jouer une autre : la fin peut toujours changer !<\/p>\n","protected":false},"excerpt":{"rendered":"<p>\u00ab Miroir, mon beau miroir, dis-moi qui est la plus belle en ce pays ? \u2014 Vous \u00eates belle, ma reine, mais Blanche Neige est mille fois plus belle encore. \u00bb Revivez le plus c\u00e9l\u00e8bre des contes de f\u00e9es avec Dark Tales &#8211; Blanche Neige ! Du Prince aux myst\u00e9rieux Nains en passant par le Cercueil de Cristal et la tristement c\u00e9l\u00e8bre Pomme Empoisonn\u00e9e, de nouveaux personnages et objets sp\u00e9ciaux font leur apparition dans le monde de Dark Tales, et donnent lieu \u00e0 des combinaisons inattendues ! La M\u00e9chante Reine parviendra-t-elle \u00e0 ses fins, ou Blanche Neige r\u00e9ussira-t-elle \u00e0 s\u2019en d\u00e9barrasser une bonne fois pour toutes ? Quand l\u2019histoire s\u2019ach\u00e8ve, il est temps d\u2019en jouer une autre : la fin peut toujours changer !<\/p>\n","protected":false},"author":2,"featured_media":1423,"parent":280,"menu_order":0,"comment_status":"closed","ping_status":"closed","template":"","meta":{"footnotes":""},"class_list":["post-1422","page","type-page","status-publish","has-post-thumbnail","hentry"],"acf":[],"rttpg_featured_image_url":{"full":["https:\/\/meeplendice.net\/wp-content\/uploads\/2016\/09\/DT_Blancheneige.png",350,350,false],"landscape":["https:\/\/meeplendice.net\/wp-content\/uploads\/2016\/09\/DT_Blancheneige.png",350,350,false],"portraits":["https:\/\/meeplendice.net\/wp-content\/uploads\/2016\/09\/DT_Blancheneige.png",350,350,false],"thumbnail":["https:\/\/meeplendice.net\/wp-content\/uploads\/2016\/09\/DT_Blancheneige-150x150.png",150,150,true],"medium":["https:\/\/meeplendice.net\/wp-content\/uploads\/2016\/09\/DT_Blancheneige-300x300.png",300,300,true],"large":["https:\/\/meeplendice.net\/wp-content\/uploads\/2016\/09\/DT_Blancheneige.png",350,350,false],"ug_big":["https:\/\/meeplendice.net\/wp-content\/uploads\/2016\/09\/DT_Blancheneige.png",350,350,false],"1536x1536":["https:\/\/meeplendice.net\/wp-content\/uploads\/2016\/09\/DT_Blancheneige.png",350,350,false],"2048x2048":["https:\/\/meeplendice.net\/wp-content\/uploads\/2016\/09\/DT_Blancheneige.png",350,350,false],"ashe-slider-grid-thumbnail":["https:\/\/meeplendice.net\/wp-content\/uploads\/2016\/09\/DT_Blancheneige.png",350,350,false],"ashe-full-thumbnail":["https:\/\/meeplendice.net\/wp-content\/uploads\/2016\/09\/DT_Blancheneige.png",350,350,false],"ashe-grid-thumbnail":["https:\/\/meeplendice.net\/wp-content\/uploads\/2016\/09\/DT_Blancheneige-350x330.png",350,330,true],"ashe-list-thumbnail":["https:\/\/meeplendice.net\/wp-content\/uploads\/2016\/09\/DT_Blancheneige-300x300.png",300,300,true],"ashe-single-navigation":["https:\/\/meeplendice.net\/wp-content\/uploads\/2016\/09\/DT_Blancheneige-75x75.png",75,75,true],"mailpoet_newsletter_max":["https:\/\/meeplendice.net\/wp-content\/uploads\/2016\/09\/DT_Blancheneige.png",350,350,false],"rpwe-thumbnail":["https:\/\/meeplendice.net\/wp-content\/uploads\/2016\/09\/DT_Blancheneige-45x45.png",45,45,true],"sow-carousel-default":["https:\/\/meeplendice.net\/wp-content\/uploads\/2016\/09\/DT_Blancheneige-272x182.png",272,182,true],"rt_custom":["https:\/\/meeplendice.net\/wp-content\/uploads\/2016\/09\/DT_Blancheneige.png",350,350,false]},"rttpg_author":{"display_name":"Karnby","author_link":"https:\/\/meeplendice.net\/?author=2"},"rttpg_comment":0,"rttpg_category":null,"rttpg_excerpt":"\u00ab Miroir, mon beau miroir, dis-moi qui est la plus belle en ce pays ? \u2014 Vous \u00eates belle, ma reine, mais Blanche Neige est mille fois plus belle encore. \u00bb Revivez le plus c\u00e9l\u00e8bre des contes de f\u00e9es avec Dark Tales &#8211; Blanche Neige ! Du Prince aux myst\u00e9rieux Nains en passant par le\u2026","_links":{"self":[{"href":"https:\/\/meeplendice.net\/index.php?rest_route=\/wp\/v2\/pages\/1422","targetHints":{"allow":["GET"]}}],"collection":[{"href":"https:\/\/meeplendice.net\/index.php?rest_route=\/wp\/v2\/pages"}],"about":[{"href":"https:\/\/meeplendice.net\/index.php?rest_route=\/wp\/v2\/types\/page"}],"author":[{"embeddable":true,"href":"https:\/\/meeplendice.net\/index.php?rest_route=\/wp\/v2\/users\/2"}],"replies":[{"embeddable":true,"href":"https:\/\/meeplendice.net\/index.php?rest_route=%2Fwp%2Fv2%2Fcomments&post=1422"}],"version-history":[{"count":3,"href":"https:\/\/meeplendice.net\/index.php?rest_route=\/wp\/v2\/pages\/1422\/revisions"}],"predecessor-version":[{"id":6420,"href":"https:\/\/meeplendice.net\/index.php?rest_route=\/wp\/v2\/pages\/1422\/revisions\/6420"}],"up":[{"embeddable":true,"href":"https:\/\/meeplendice.net\/index.php?rest_route=\/wp\/v2\/pages\/280"}],"wp:featuredmedia":[{"embeddable":true,"href":"https:\/\/meeplendice.net\/index.php?rest_route=\/wp\/v2\/media\/1423"}],"wp:attachment":[{"href":"https:\/\/meeplendice.net\/index.php?rest_route=%2Fwp%2Fv2%2Fmedia&parent=1422"}],"curies":[{"name":"wp","href":"https:\/\/api.w.org\/{rel}","templated":true}]}}