{"id":145,"date":"2016-08-25T22:57:38","date_gmt":"2016-08-25T21:57:38","guid":{"rendered":"http:\/\/meeplendice.net\/?page_id=145"},"modified":"2023-01-09T12:03:02","modified_gmt":"2023-01-09T11:03:02","slug":"warhammer-40000","status":"publish","type":"page","link":"https:\/\/meeplendice.net\/?page_id=145","title":{"rendered":"Warhammer 40000"},"content":{"rendered":"<div id=\"pl-145\"  class=\"panel-layout\" ><div id=\"pg-145-0\"  class=\"panel-grid panel-no-style\" ><div id=\"pgc-145-0-0\"  class=\"panel-grid-cell\" ><div id=\"panel-145-0-0-0\" class=\"so-panel widget widget_sow-editor panel-first-child panel-last-child\" data-index=\"0\" ><div\n\t\t\t\n\t\t\tclass=\"so-widget-sow-editor so-widget-sow-editor-base\"\n\t\t\t\n\t\t>\n<div class=\"siteorigin-widget-tinymce textwidget\">\n\t<p style=\"text-align: center;\"><strong>Nombre de joueurs :<\/strong><br \/>\n2 - 2<\/p>\n<\/div>\n<\/div><\/div><\/div><div id=\"pgc-145-0-1\"  class=\"panel-grid-cell\" ><div id=\"panel-145-0-1-0\" class=\"so-panel widget widget_sow-editor panel-first-child panel-last-child\" data-index=\"1\" ><div\n\t\t\t\n\t\t\tclass=\"so-widget-sow-editor so-widget-sow-editor-base\"\n\t\t\t\n\t\t>\n<div class=\"siteorigin-widget-tinymce textwidget\">\n\t<p style=\"text-align: center;\"><strong>Dur\u00e9e moyenne :<\/strong><br \/>\n240 min<\/p>\n<\/div>\n<\/div><\/div><\/div><div id=\"pgc-145-0-2\"  class=\"panel-grid-cell\" ><div id=\"panel-145-0-2-0\" class=\"so-panel widget widget_sow-editor panel-first-child panel-last-child\" data-index=\"2\" ><div\n\t\t\t\n\t\t\tclass=\"so-widget-sow-editor so-widget-sow-editor-base\"\n\t\t\t\n\t\t>\n<div class=\"siteorigin-widget-tinymce textwidget\">\n\t<p style=\"text-align: center;\"><strong>Age :<\/strong><br \/>\n14 ans et plus<\/p>\n<\/div>\n<\/div><\/div><\/div><\/div><div id=\"pg-145-1\"  class=\"panel-grid panel-no-style\" ><div id=\"pgc-145-1-0\"  class=\"panel-grid-cell\" ><div id=\"panel-145-1-0-0\" class=\"so-panel widget widget_sow-editor panel-first-child panel-last-child\" data-index=\"3\" ><div\n\t\t\t\n\t\t\tclass=\"so-widget-sow-editor so-widget-sow-editor-base\"\n\t\t\t\n\t\t>\n<div class=\"siteorigin-widget-tinymce textwidget\">\n\t<p style=\"text-align: center;\"><strong>\u00c9dition :<\/strong><br \/>\n9\u00e8me \u00e9dition<\/p>\n<\/div>\n<\/div><\/div><\/div><div id=\"pgc-145-1-1\"  class=\"panel-grid-cell\" ><div id=\"panel-145-1-1-0\" class=\"so-panel widget widget_sow-editor panel-first-child panel-last-child\" data-index=\"4\" ><div\n\t\t\t\n\t\t\tclass=\"so-widget-sow-editor so-widget-sow-editor-base\"\n\t\t\t\n\t\t>\n<div class=\"siteorigin-widget-tinymce textwidget\">\n\t<p style=\"text-align: center;\"><strong>Distribution :<\/strong><br \/>\nGamesWorkshop<\/p>\n<\/div>\n<\/div><\/div><\/div><\/div><div id=\"pg-145-2\"  class=\"panel-grid panel-no-style\" ><div id=\"pgc-145-2-0\"  class=\"panel-grid-cell\" ><div id=\"panel-145-2-0-0\" class=\"so-panel widget widget_sow-editor panel-first-child panel-last-child\" data-index=\"5\" ><div\n\t\t\t\n\t\t\tclass=\"so-widget-sow-editor so-widget-sow-editor-base\"\n\t\t\t\n\t\t>\n<div class=\"siteorigin-widget-tinymce textwidget\">\n\t<hr \/>\n<p align=\"left\">Warhammer 40,000 transporte l'univers d\u00e9chir\u00e9 par la guerre du 41\u00e8me mill\u00e9naire jusqu'\u00e0 votre table de jeu.<\/p>\n<p align=\"left\">Les tirs incessants, le tonnerre des explosions, le tremblement du sol sous les chenilles des chars et les sifflements aigus des propulseurs antigrav, vous commandez des escouades de guerriers endurcis, des v\u00e9hicules \u00e0 la technologie futuriste et des machines de guerre aux armes d\u00e9vastatrices.<\/p>\n<p align=\"left\">B\u00e9n\u00e9ficiant de la large gamme des figurines Citadel, Warhammer 40,000 transforme n'importe quelle surface plane en un champ de bataille. Vous \u00eates le commandant de l'arm\u00e9e et faites avancer vos troupes sous un tir de couverture, lancer des attaques \u00e9clairs ou amorcer une retraite strat\u00e9gique.<\/p>\n<p align=\"left\">Dans les t\u00e9n\u00e8bres du 41\u00e8me mill\u00e9naire, il n'y a que la guerre\u00a0! Y survivrez-vous ?<\/p>\n<\/div>\n<\/div><\/div><\/div><\/div><div id=\"pg-145-3\"  class=\"panel-grid panel-no-style\" ><div id=\"pgc-145-3-0\"  class=\"panel-grid-cell\" ><div id=\"panel-145-3-0-0\" class=\"so-panel widget widget_sow-editor panel-first-child panel-last-child\" data-index=\"6\" ><div\n\t\t\t\n\t\t\tclass=\"so-widget-sow-editor so-widget-sow-editor-base\"\n\t\t\t\n\t\t>\n<div class=\"siteorigin-widget-tinymce textwidget\">\n\t<hr \/>\n<h3 style=\"text-align: center;\">En vid\u00e9o<\/h3>\n<\/div>\n<\/div><\/div><\/div><\/div><div id=\"pg-145-4\"  class=\"panel-grid panel-no-style\" ><div id=\"pgc-145-4-0\"  class=\"panel-grid-cell\" ><div id=\"panel-145-4-0-0\" class=\"so-panel widget widget_sow-editor panel-first-child panel-last-child\" data-index=\"7\" ><div\n\t\t\t\n\t\t\tclass=\"so-widget-sow-editor so-widget-sow-editor-base\"\n\t\t\t\n\t\t>\n<div class=\"siteorigin-widget-tinymce textwidget\">\n\t<hr \/>\n<h3 style=\"text-align: center;\">Nos Arm\u00e9es<strong><br \/>\n<\/strong><\/h3>\n<p style=\"text-align: center;\"><strong>Imperium<br \/>\n<\/strong><\/p>\n<p style=\"text-align: center;\"><strong>Xeno<\/strong><\/p>\n<\/div>\n<\/div><\/div><\/div><\/div><div id=\"pg-145-5\"  class=\"panel-grid panel-no-style\" ><div id=\"pgc-145-5-0\"  class=\"panel-grid-cell\" ><div id=\"panel-145-5-0-0\" class=\"so-panel widget widget_sow-editor panel-first-child panel-last-child\" data-index=\"8\" ><div\n\t\t\t\n\t\t\tclass=\"so-widget-sow-editor so-widget-sow-editor-base\"\n\t\t\t\n\t\t>\n<div class=\"siteorigin-widget-tinymce textwidget\">\n\t<hr \/>\n<h3 style=\"text-align: center;\">Pour aller plus loin<\/h3>\n<\/div>\n<\/div><\/div><\/div><\/div><div id=\"pg-145-6\"  class=\"panel-grid panel-no-style\" ><div id=\"pgc-145-6-0\"  class=\"panel-grid-cell panel-grid-cell-empty\" ><\/div><div id=\"pgc-145-6-1\"  class=\"panel-grid-cell panel-grid-cell-mobile-last\" ><div id=\"panel-145-6-1-0\" class=\"so-panel widget panel-first-child panel-last-child\" data-index=\"9\" ><\/div><\/div><div id=\"pgc-145-6-2\"  class=\"panel-grid-cell panel-grid-cell-empty\" ><\/div><\/div><\/div>","protected":false},"excerpt":{"rendered":"<p>Nombre de joueurs : 2 &#8211; 2 Dur\u00e9e moyenne : 240 min Age : 14 ans et plus \u00c9dition : 9\u00e8me \u00e9dition Distribution : GamesWorkshop<\/p>\n","protected":false},"author":2,"featured_media":8195,"parent":0,"menu_order":0,"comment_status":"closed","ping_status":"closed","template":"","meta":{"footnotes":""},"class_list":["post-145","page","type-page","status-publish","has-post-thumbnail","hentry"],"acf":[],"rttpg_featured_image_url":{"full":["https:\/\/meeplendice.net\/wp-content\/uploads\/2021\/03\/W40K_v9.png",350,350,false],"landscape":["https:\/\/meeplendice.net\/wp-content\/uploads\/2021\/03\/W40K_v9.png",350,350,false],"portraits":["https:\/\/meeplendice.net\/wp-content\/uploads\/2021\/03\/W40K_v9.png",350,350,false],"thumbnail":["https:\/\/meeplendice.net\/wp-content\/uploads\/2021\/03\/W40K_v9-150x150.png",150,150,true],"medium":["https:\/\/meeplendice.net\/wp-content\/uploads\/2021\/03\/W40K_v9-300x300.png",300,300,true],"large":["https:\/\/meeplendice.net\/wp-content\/uploads\/2021\/03\/W40K_v9.png",350,350,false],"ug_big":["https:\/\/meeplendice.net\/wp-content\/uploads\/2021\/03\/W40K_v9.png",350,350,false],"1536x1536":["https:\/\/meeplendice.net\/wp-content\/uploads\/2021\/03\/W40K_v9.png",350,350,false],"2048x2048":["https:\/\/meeplendice.net\/wp-content\/uploads\/2021\/03\/W40K_v9.png",350,350,false],"ashe-slider-grid-thumbnail":["https:\/\/meeplendice.net\/wp-content\/uploads\/2021\/03\/W40K_v9.png",350,350,false],"ashe-full-thumbnail":["https:\/\/meeplendice.net\/wp-content\/uploads\/2021\/03\/W40K_v9.png",350,350,false],"ashe-grid-thumbnail":["https:\/\/meeplendice.net\/wp-content\/uploads\/2021\/03\/W40K_v9-350x330.png",350,330,true],"ashe-list-thumbnail":["https:\/\/meeplendice.net\/wp-content\/uploads\/2021\/03\/W40K_v9-300x300.png",300,300,true],"ashe-single-navigation":["https:\/\/meeplendice.net\/wp-content\/uploads\/2021\/03\/W40K_v9-75x75.png",75,75,true],"mailpoet_newsletter_max":["https:\/\/meeplendice.net\/wp-content\/uploads\/2021\/03\/W40K_v9.png",350,350,false],"rpwe-thumbnail":["https:\/\/meeplendice.net\/wp-content\/uploads\/2021\/03\/W40K_v9-45x45.png",45,45,true],"sow-carousel-default":["https:\/\/meeplendice.net\/wp-content\/uploads\/2021\/03\/W40K_v9-272x182.png",272,182,true],"rt_custom":["https:\/\/meeplendice.net\/wp-content\/uploads\/2021\/03\/W40K_v9.png",350,350,false]},"rttpg_author":{"display_name":"Karnby","author_link":"https:\/\/meeplendice.net\/?author=2"},"rttpg_comment":0,"rttpg_category":null,"rttpg_excerpt":"Nombre de joueurs : 2 - 2 Dur\u00e9e moyenne : 240 min Age : 14 ans et plus \u00c9dition : 9\u00e8me \u00e9dition Distribution : GamesWorkshop","_links":{"self":[{"href":"https:\/\/meeplendice.net\/index.php?rest_route=\/wp\/v2\/pages\/145","targetHints":{"allow":["GET"]}}],"collection":[{"href":"https:\/\/meeplendice.net\/index.php?rest_route=\/wp\/v2\/pages"}],"about":[{"href":"https:\/\/meeplendice.net\/index.php?rest_route=\/wp\/v2\/types\/page"}],"author":[{"embeddable":true,"href":"https:\/\/meeplendice.net\/index.php?rest_route=\/wp\/v2\/users\/2"}],"replies":[{"embeddable":true,"href":"https:\/\/meeplendice.net\/index.php?rest_route=%2Fwp%2Fv2%2Fcomments&post=145"}],"version-history":[{"count":81,"href":"https:\/\/meeplendice.net\/index.php?rest_route=\/wp\/v2\/pages\/145\/revisions"}],"predecessor-version":[{"id":10370,"href":"https:\/\/meeplendice.net\/index.php?rest_route=\/wp\/v2\/pages\/145\/revisions\/10370"}],"wp:featuredmedia":[{"embeddable":true,"href":"https:\/\/meeplendice.net\/index.php?rest_route=\/wp\/v2\/media\/8195"}],"wp:attachment":[{"href":"https:\/\/meeplendice.net\/index.php?rest_route=%2Fwp%2Fv2%2Fmedia&parent=145"}],"curies":[{"name":"wp","href":"https:\/\/api.w.org\/{rel}","templated":true}]}}