{"id":1499,"date":"2016-09-21T14:09:03","date_gmt":"2016-09-21T13:09:03","guid":{"rendered":"http:\/\/meeplendice.net\/?page_id=1499"},"modified":"2020-09-07T11:44:21","modified_gmt":"2020-09-07T10:44:21","slug":"forces-occultes","status":"publish","type":"page","link":"https:\/\/meeplendice.net\/?page_id=1499","title":{"rendered":"Forces Occultes"},"content":{"rendered":"<p style=\"text-align: justify;\">Pour chaque b\u00e9n\u00e9diction, une mal\u00e9diction.<\/p>\n<p>Que serait-il advenu si je n\u2019avais pas affront\u00e9 le mal ? Car en v\u00e9rit\u00e9, la fortune me sourit. Chaque fois que j\u2019affronte ces monstres et que je suis t\u00e9moin de ces abominations, je m\u2019interroge : et si les forces subtiles qui guident mes pas n\u2019\u00e9taient pas une b\u00e9n\u00e9diction, mais plut\u00f4t une mal\u00e9diction ? La main invisible qui fa\u00e7onne ainsi ma destin\u00e9e ne cherche peut-\u00eatre qu\u2019\u00e0 me faire sombrer dans le n\u00e9ant.<\/p>\n<p>De puissants Grands Anciens s\u2019agitent dans leur sommeil, apportant avec eux de redoutables cr\u00e9atures et d\u2019effroyables myst\u00e8res. En ces temps troubl\u00e9s, les investigateurs cherchent de nouveaux alli\u00e9s, sorts, objets et b\u00e9n\u00e9dictions pour lutter contre ces forces occultes. Mais qu\u2019ils prennent garde\u00a0lorsqu\u2019ils pactisent de la sorte avec l\u2019inconnu, car une terrible mal\u00e9diction issue des t\u00e9n\u00e8bres s\u2019appr\u00eate \u00e0 les frapper et \u00e0 sceller leur sort ! Braverez-vous une fois encore les p\u00e9rils du mus\u00e9e ?<\/p>\n<p>&nbsp;<\/p>\n","protected":false},"excerpt":{"rendered":"<p>Pour chaque b\u00e9n\u00e9diction, une mal\u00e9diction. Que serait-il advenu si je n\u2019avais pas affront\u00e9 le mal ? Car en v\u00e9rit\u00e9, la fortune me sourit. Chaque fois que j\u2019affronte ces monstres et que je suis t\u00e9moin de ces abominations, je m\u2019interroge : et si les forces subtiles qui guident mes pas n\u2019\u00e9taient pas une b\u00e9n\u00e9diction, mais plut\u00f4t une mal\u00e9diction ? La main invisible qui fa\u00e7onne ainsi ma destin\u00e9e ne cherche peut-\u00eatre qu\u2019\u00e0 me faire sombrer dans le n\u00e9ant. De puissants Grands Anciens s\u2019agitent dans leur sommeil, apportant avec eux de redoutables cr\u00e9atures et d\u2019effroyables myst\u00e8res. En ces temps troubl\u00e9s, les investigateurs cherchent de nouveaux alli\u00e9s, sorts, objets et b\u00e9n\u00e9dictions pour lutter contre ces forces occultes. Mais qu\u2019ils prennent garde\u00a0lorsqu\u2019ils pactisent de la sorte avec l\u2019inconnu, car une terrible mal\u00e9diction issue des t\u00e9n\u00e8bres s\u2019appr\u00eate \u00e0 les frapper et \u00e0 sceller leur sort ! Braverez-vous une fois encore les p\u00e9rils du mus\u00e9e ? &nbsp;<\/p>\n","protected":false},"author":2,"featured_media":1500,"parent":338,"menu_order":0,"comment_status":"closed","ping_status":"closed","template":"","meta":{"footnotes":""},"class_list":["post-1499","page","type-page","status-publish","has-post-thumbnail","hentry"],"acf":[],"rttpg_featured_image_url":{"full":["https:\/\/meeplendice.net\/wp-content\/uploads\/2016\/09\/LsdA_Forcesoccultes.png",350,350,false],"landscape":["https:\/\/meeplendice.net\/wp-content\/uploads\/2016\/09\/LsdA_Forcesoccultes.png",350,350,false],"portraits":["https:\/\/meeplendice.net\/wp-content\/uploads\/2016\/09\/LsdA_Forcesoccultes.png",350,350,false],"thumbnail":["https:\/\/meeplendice.net\/wp-content\/uploads\/2016\/09\/LsdA_Forcesoccultes-150x150.png",150,150,true],"medium":["https:\/\/meeplendice.net\/wp-content\/uploads\/2016\/09\/LsdA_Forcesoccultes-300x300.png",300,300,true],"large":["https:\/\/meeplendice.net\/wp-content\/uploads\/2016\/09\/LsdA_Forcesoccultes.png",350,350,false],"ug_big":["https:\/\/meeplendice.net\/wp-content\/uploads\/2016\/09\/LsdA_Forcesoccultes.png",350,350,false],"1536x1536":["https:\/\/meeplendice.net\/wp-content\/uploads\/2016\/09\/LsdA_Forcesoccultes.png",350,350,false],"2048x2048":["https:\/\/meeplendice.net\/wp-content\/uploads\/2016\/09\/LsdA_Forcesoccultes.png",350,350,false],"ashe-slider-grid-thumbnail":["https:\/\/meeplendice.net\/wp-content\/uploads\/2016\/09\/LsdA_Forcesoccultes.png",350,350,false],"ashe-full-thumbnail":["https:\/\/meeplendice.net\/wp-content\/uploads\/2016\/09\/LsdA_Forcesoccultes.png",350,350,false],"ashe-grid-thumbnail":["https:\/\/meeplendice.net\/wp-content\/uploads\/2016\/09\/LsdA_Forcesoccultes-350x330.png",350,330,true],"ashe-list-thumbnail":["https:\/\/meeplendice.net\/wp-content\/uploads\/2016\/09\/LsdA_Forcesoccultes-300x300.png",300,300,true],"ashe-single-navigation":["https:\/\/meeplendice.net\/wp-content\/uploads\/2016\/09\/LsdA_Forcesoccultes-75x75.png",75,75,true],"mailpoet_newsletter_max":["https:\/\/meeplendice.net\/wp-content\/uploads\/2016\/09\/LsdA_Forcesoccultes.png",350,350,false],"rpwe-thumbnail":["https:\/\/meeplendice.net\/wp-content\/uploads\/2016\/09\/LsdA_Forcesoccultes-45x45.png",45,45,true],"sow-carousel-default":["https:\/\/meeplendice.net\/wp-content\/uploads\/2016\/09\/LsdA_Forcesoccultes-272x182.png",272,182,true],"rt_custom":["https:\/\/meeplendice.net\/wp-content\/uploads\/2016\/09\/LsdA_Forcesoccultes.png",350,350,false]},"rttpg_author":{"display_name":"Karnby","author_link":"https:\/\/meeplendice.net\/?author=2"},"rttpg_comment":0,"rttpg_category":null,"rttpg_excerpt":"Pour chaque b\u00e9n\u00e9diction, une mal\u00e9diction. Que serait-il advenu si je n\u2019avais pas affront\u00e9 le mal ? Car en v\u00e9rit\u00e9, la fortune me sourit. Chaque fois que j\u2019affronte ces monstres et que je suis t\u00e9moin de ces abominations, je m\u2019interroge : et si les forces subtiles qui guident mes pas n\u2019\u00e9taient pas une b\u00e9n\u00e9diction, mais plut\u00f4t\u2026","_links":{"self":[{"href":"https:\/\/meeplendice.net\/index.php?rest_route=\/wp\/v2\/pages\/1499","targetHints":{"allow":["GET"]}}],"collection":[{"href":"https:\/\/meeplendice.net\/index.php?rest_route=\/wp\/v2\/pages"}],"about":[{"href":"https:\/\/meeplendice.net\/index.php?rest_route=\/wp\/v2\/types\/page"}],"author":[{"embeddable":true,"href":"https:\/\/meeplendice.net\/index.php?rest_route=\/wp\/v2\/users\/2"}],"replies":[{"embeddable":true,"href":"https:\/\/meeplendice.net\/index.php?rest_route=%2Fwp%2Fv2%2Fcomments&post=1499"}],"version-history":[{"count":3,"href":"https:\/\/meeplendice.net\/index.php?rest_route=\/wp\/v2\/pages\/1499\/revisions"}],"predecessor-version":[{"id":6801,"href":"https:\/\/meeplendice.net\/index.php?rest_route=\/wp\/v2\/pages\/1499\/revisions\/6801"}],"up":[{"embeddable":true,"href":"https:\/\/meeplendice.net\/index.php?rest_route=\/wp\/v2\/pages\/338"}],"wp:featuredmedia":[{"embeddable":true,"href":"https:\/\/meeplendice.net\/index.php?rest_route=\/wp\/v2\/media\/1500"}],"wp:attachment":[{"href":"https:\/\/meeplendice.net\/index.php?rest_route=%2Fwp%2Fv2%2Fmedia&parent=1499"}],"curies":[{"name":"wp","href":"https:\/\/api.w.org\/{rel}","templated":true}]}}