{"id":1516,"date":"2016-09-21T15:19:39","date_gmt":"2016-09-21T14:19:39","guid":{"rendered":"http:\/\/meeplendice.net\/?page_id=1516"},"modified":"2020-09-07T14:25:05","modified_gmt":"2020-09-07T13:25:05","slug":"les-secrets-des-pyramides","status":"publish","type":"page","link":"https:\/\/meeplendice.net\/?page_id=1516","title":{"rendered":"Les Masques de Nyarlathotep"},"content":{"rendered":"<p style=\"text-align: justify;\"><em>Le Dieu aux Mille Formes&#8230;<\/em><\/p>\n<p>Des cultes jusqu\u2019\u00e0 pr\u00e9sent discrets et semblant n\u2019avoir aucun lien les uns avec les autres ont commenc\u00e9 \u00e0 mettre en branle un plan qui provoquera la fin du monde. Ils \u0153uvrent \u00e0 travers le globe dans un but singulier : ouvrir le Grand Portail et conduire l\u2019humanit\u00e9 \u00e0 sa perte. Quelle force mal\u00e9fique a bien pu unir ces organisations jusqu\u2019alors disparates ? Plus important encore : comment les emp\u00eacher de nuire ?<\/p>\n<p>L\u2019extension Les Masques de Nyarlathotep plonge les investigateurs dans une lutte contre le Chaos Rampant pour sauver l\u2019humanit\u00e9. Dans cet audacieux hommage \u00e0 l\u2019une des plus grandes campagnes de jeu de r\u00f4le, sept intr\u00e9pides investigateurs rejoignent le combat qui les verra rena\u00eetre dans les flammes du destin\u2026 ou \u00eatre irr\u00e9m\u00e9diablement consum\u00e9s.<\/p>\n<p>Les Masques de Nyarlathotep introduit les histoires personnelles sp\u00e9cifiques aux investigateurs, les actions Concentration et R\u00e9unir des Atouts, ainsi qu\u2019une foule de nouveaux Sorts, Ressources et Artefacts pour Les Contr\u00e9es de l\u2019Horreur. Cette extension \u00e9quipe les investigateurs de tout ce dont ils auront besoin pour d\u00e9fier les nouveaux Grands Anciens et le mode Campagne in\u00e9dit fournis dans cette bo\u00eete.<\/p>\n<p>Le Seigneur de Kadath est de retour !<\/p>\n<p>&nbsp;<\/p>\n","protected":false},"excerpt":{"rendered":"<p>Le Dieu aux Mille Formes&#8230; Des cultes jusqu\u2019\u00e0 pr\u00e9sent discrets et semblant n\u2019avoir aucun lien les uns avec les autres ont commenc\u00e9 \u00e0 mettre en branle un plan qui provoquera la fin du monde. Ils \u0153uvrent \u00e0 travers le globe dans un but singulier : ouvrir le Grand Portail et conduire l\u2019humanit\u00e9 \u00e0 sa perte. Quelle force mal\u00e9fique a bien pu unir ces organisations jusqu\u2019alors disparates ? Plus important encore : comment les emp\u00eacher de nuire ? L\u2019extension Les Masques de Nyarlathotep plonge les investigateurs dans une lutte contre le Chaos Rampant pour sauver l\u2019humanit\u00e9. Dans cet audacieux hommage \u00e0 l\u2019une des plus grandes campagnes de jeu de r\u00f4le, sept intr\u00e9pides investigateurs rejoignent le combat qui les verra rena\u00eetre dans les flammes du destin\u2026 ou \u00eatre irr\u00e9m\u00e9diablement consum\u00e9s. Les Masques de Nyarlathotep introduit les histoires personnelles sp\u00e9cifiques aux investigateurs, les actions Concentration et R\u00e9unir des Atouts, ainsi qu\u2019une foule de nouveaux Sorts, Ressources et Artefacts pour Les Contr\u00e9es de l\u2019Horreur. Cette extension \u00e9quipe les investigateurs de tout ce dont ils auront besoin pour d\u00e9fier les nouveaux Grands Anciens et le mode Campagne in\u00e9dit fournis dans cette bo\u00eete. Le Seigneur de Kadath est de retour ! &nbsp;<\/p>\n","protected":false},"author":2,"featured_media":4356,"parent":344,"menu_order":0,"comment_status":"closed","ping_status":"closed","template":"","meta":{"footnotes":""},"class_list":["post-1516","page","type-page","status-publish","has-post-thumbnail","hentry"],"acf":[],"rttpg_featured_image_url":{"full":["https:\/\/meeplendice.net\/wp-content\/uploads\/2018\/07\/LcdL_Masques.png",350,350,false],"landscape":["https:\/\/meeplendice.net\/wp-content\/uploads\/2018\/07\/LcdL_Masques.png",350,350,false],"portraits":["https:\/\/meeplendice.net\/wp-content\/uploads\/2018\/07\/LcdL_Masques.png",350,350,false],"thumbnail":["https:\/\/meeplendice.net\/wp-content\/uploads\/2018\/07\/LcdL_Masques-150x150.png",150,150,true],"medium":["https:\/\/meeplendice.net\/wp-content\/uploads\/2018\/07\/LcdL_Masques-300x300.png",300,300,true],"large":["https:\/\/meeplendice.net\/wp-content\/uploads\/2018\/07\/LcdL_Masques.png",350,350,false],"ug_big":["https:\/\/meeplendice.net\/wp-content\/uploads\/2018\/07\/LcdL_Masques.png",350,350,false],"1536x1536":["https:\/\/meeplendice.net\/wp-content\/uploads\/2018\/07\/LcdL_Masques.png",350,350,false],"2048x2048":["https:\/\/meeplendice.net\/wp-content\/uploads\/2018\/07\/LcdL_Masques.png",350,350,false],"ashe-slider-grid-thumbnail":["https:\/\/meeplendice.net\/wp-content\/uploads\/2018\/07\/LcdL_Masques.png",350,350,false],"ashe-full-thumbnail":["https:\/\/meeplendice.net\/wp-content\/uploads\/2018\/07\/LcdL_Masques.png",350,350,false],"ashe-grid-thumbnail":["https:\/\/meeplendice.net\/wp-content\/uploads\/2018\/07\/LcdL_Masques-350x330.png",350,330,true],"ashe-list-thumbnail":["https:\/\/meeplendice.net\/wp-content\/uploads\/2018\/07\/LcdL_Masques-300x300.png",300,300,true],"ashe-single-navigation":["https:\/\/meeplendice.net\/wp-content\/uploads\/2018\/07\/LcdL_Masques-75x75.png",75,75,true],"mailpoet_newsletter_max":["https:\/\/meeplendice.net\/wp-content\/uploads\/2018\/07\/LcdL_Masques.png",350,350,false],"rpwe-thumbnail":["https:\/\/meeplendice.net\/wp-content\/uploads\/2018\/07\/LcdL_Masques-45x45.png",45,45,true],"sow-carousel-default":["https:\/\/meeplendice.net\/wp-content\/uploads\/2018\/07\/LcdL_Masques-272x182.png",272,182,true],"rt_custom":["https:\/\/meeplendice.net\/wp-content\/uploads\/2018\/07\/LcdL_Masques.png",350,350,false]},"rttpg_author":{"display_name":"Karnby","author_link":"https:\/\/meeplendice.net\/?author=2"},"rttpg_comment":0,"rttpg_category":null,"rttpg_excerpt":"Le Dieu aux Mille Formes&#8230; Des cultes jusqu\u2019\u00e0 pr\u00e9sent discrets et semblant n\u2019avoir aucun lien les uns avec les autres ont commenc\u00e9 \u00e0 mettre en branle un plan qui provoquera la fin du monde. Ils \u0153uvrent \u00e0 travers le globe dans un but singulier : ouvrir le Grand Portail et conduire l\u2019humanit\u00e9 \u00e0 sa perte.\u2026","_links":{"self":[{"href":"https:\/\/meeplendice.net\/index.php?rest_route=\/wp\/v2\/pages\/1516","targetHints":{"allow":["GET"]}}],"collection":[{"href":"https:\/\/meeplendice.net\/index.php?rest_route=\/wp\/v2\/pages"}],"about":[{"href":"https:\/\/meeplendice.net\/index.php?rest_route=\/wp\/v2\/types\/page"}],"author":[{"embeddable":true,"href":"https:\/\/meeplendice.net\/index.php?rest_route=\/wp\/v2\/users\/2"}],"replies":[{"embeddable":true,"href":"https:\/\/meeplendice.net\/index.php?rest_route=%2Fwp%2Fv2%2Fcomments&post=1516"}],"version-history":[{"count":6,"href":"https:\/\/meeplendice.net\/index.php?rest_route=\/wp\/v2\/pages\/1516\/revisions"}],"predecessor-version":[{"id":6816,"href":"https:\/\/meeplendice.net\/index.php?rest_route=\/wp\/v2\/pages\/1516\/revisions\/6816"}],"up":[{"embeddable":true,"href":"https:\/\/meeplendice.net\/index.php?rest_route=\/wp\/v2\/pages\/344"}],"wp:featuredmedia":[{"embeddable":true,"href":"https:\/\/meeplendice.net\/index.php?rest_route=\/wp\/v2\/media\/4356"}],"wp:attachment":[{"href":"https:\/\/meeplendice.net\/index.php?rest_route=%2Fwp%2Fv2%2Fmedia&parent=1516"}],"curies":[{"name":"wp","href":"https:\/\/api.w.org\/{rel}","templated":true}]}}