{"id":154,"date":"2016-08-27T16:18:12","date_gmt":"2016-08-27T15:18:12","guid":{"rendered":"http:\/\/meeplendice.net\/?page_id=154"},"modified":"2022-01-24T15:38:35","modified_gmt":"2022-01-24T14:38:35","slug":"battlelore","status":"publish","type":"page","link":"https:\/\/meeplendice.net\/?page_id=154","title":{"rendered":"Battlelore (2nd \u00e9dition)"},"content":{"rendered":"<div id=\"pl-154\"  class=\"panel-layout\" ><div id=\"pg-154-0\"  class=\"panel-grid panel-no-style\" ><div id=\"pgc-154-0-0\"  class=\"panel-grid-cell\" ><div id=\"panel-154-0-0-0\" class=\"so-panel widget widget_sow-editor panel-first-child panel-last-child\" data-index=\"0\" ><div\n\t\t\t\n\t\t\tclass=\"so-widget-sow-editor so-widget-sow-editor-base\"\n\t\t\t\n\t\t>\n<div class=\"siteorigin-widget-tinymce textwidget\">\n\t<p style=\"text-align: center;\"><strong>Nombre de joueurs :<\/strong><br \/>\n2 - 2<\/p>\n<\/div>\n<\/div><\/div><\/div><div id=\"pgc-154-0-1\"  class=\"panel-grid-cell\" ><div id=\"panel-154-0-1-0\" class=\"so-panel widget widget_sow-editor panel-first-child panel-last-child\" data-index=\"1\" ><div\n\t\t\t\n\t\t\tclass=\"so-widget-sow-editor so-widget-sow-editor-base\"\n\t\t\t\n\t\t>\n<div class=\"siteorigin-widget-tinymce textwidget\">\n\t<p style=\"text-align: center;\"><strong>Dur\u00e9e moyenne :<\/strong><br \/>\n90 min<\/p>\n<\/div>\n<\/div><\/div><\/div><div id=\"pgc-154-0-2\"  class=\"panel-grid-cell\" ><div id=\"panel-154-0-2-0\" class=\"so-panel widget widget_sow-editor panel-first-child panel-last-child\" data-index=\"2\" ><div\n\t\t\t\n\t\t\tclass=\"so-widget-sow-editor so-widget-sow-editor-base\"\n\t\t\t\n\t\t>\n<div class=\"siteorigin-widget-tinymce textwidget\">\n\t<p style=\"text-align: center;\"><strong>Age :<\/strong><br \/>\n14 ans et plus<\/p>\n<\/div>\n<\/div><\/div><\/div><\/div><div id=\"pg-154-1\"  class=\"panel-grid panel-no-style\" ><div id=\"pgc-154-1-0\"  class=\"panel-grid-cell\" ><div id=\"panel-154-1-0-0\" class=\"so-panel widget widget_sow-editor panel-first-child panel-last-child\" data-index=\"3\" ><div\n\t\t\t\n\t\t\tclass=\"so-widget-sow-editor so-widget-sow-editor-base\"\n\t\t\t\n\t\t>\n<div class=\"siteorigin-widget-tinymce textwidget\">\n\t<p style=\"text-align: center;\"><strong>Auteur(s) :<br \/>\n<\/strong>Richard Borg<\/p>\n<\/div>\n<\/div><\/div><\/div><div id=\"pgc-154-1-1\"  class=\"panel-grid-cell\" ><div id=\"panel-154-1-1-0\" class=\"so-panel widget widget_sow-editor panel-first-child panel-last-child\" data-index=\"4\" ><div\n\t\t\t\n\t\t\tclass=\"so-widget-sow-editor so-widget-sow-editor-base\"\n\t\t\t\n\t\t>\n<div class=\"siteorigin-widget-tinymce textwidget\">\n\t<p style=\"text-align: center;\"><strong>Illustrations :<\/strong><br \/>\nWiL Spinger<br \/>\nDallas Melhoff<br \/>\nMathias Kollros<br \/>\n...<\/p>\n<\/div>\n<\/div><\/div><\/div><div id=\"pgc-154-1-2\"  class=\"panel-grid-cell\" ><div id=\"panel-154-1-2-0\" class=\"so-panel widget widget_sow-editor panel-first-child panel-last-child\" data-index=\"5\" ><div\n\t\t\t\n\t\t\tclass=\"so-widget-sow-editor so-widget-sow-editor-base\"\n\t\t\t\n\t\t>\n<div class=\"siteorigin-widget-tinymce textwidget\">\n\t<p style=\"text-align: center;\"><strong>\u00c9dition :<\/strong><br \/>\nFantasy Flight Games<br \/>\nEdge Entertainment<br \/>\n2014<\/p>\n<\/div>\n<\/div><\/div><\/div><div id=\"pgc-154-1-3\"  class=\"panel-grid-cell\" ><div id=\"panel-154-1-3-0\" class=\"so-panel widget widget_sow-editor panel-first-child panel-last-child\" data-index=\"6\" ><div\n\t\t\t\n\t\t\tclass=\"so-widget-sow-editor so-widget-sow-editor-base\"\n\t\t\t\n\t\t>\n<div class=\"siteorigin-widget-tinymce textwidget\">\n\t<p style=\"text-align: center;\"><strong>Version :<\/strong><br \/>\nFran\u00e7aise<\/p>\n<\/div>\n<\/div><\/div><\/div><\/div><div id=\"pg-154-2\"  class=\"panel-grid panel-no-style\" ><div id=\"pgc-154-2-0\"  class=\"panel-grid-cell\" ><div id=\"panel-154-2-0-0\" class=\"so-panel widget widget_sow-editor panel-first-child panel-last-child\" data-index=\"7\" ><div\n\t\t\t\n\t\t\tclass=\"so-widget-sow-editor so-widget-sow-editor-base\"\n\t\t\t\n\t\t>\n<div class=\"siteorigin-widget-tinymce textwidget\">\n\t<hr \/>\n<p><em>Rassemblez vos arm\u00e9es sur le champ de bataille !<\/em><br \/>\n<em>Un ennemi longtemps oubli\u00e9 ressurgit et Terrinoth plonge dans la guerre ! Les Uthuk Y\u2019llan marqu\u00e9s par le d\u00e9mon sont de retour, leurs arm\u00e9es frappent sans pr\u00e9venir dans le coeur des Terres Sombres de Ru. Les forces des Seigneurs Daqan, qui se reposaient sur les lauriers de leur gloire pass\u00e9e apr\u00e8s une longue paix, ne sont pas pr\u00eates. Les h\u00e9ro\u00efques soldats de la Citadelle tiendront-ils assez longtemps pour rassembler leurs d\u00e9fenses ? Ou Terrinoth sera-t-elle de nouveau ravag\u00e9e par son plus grand ennemi ?<\/em><\/p>\n<p>BattleLore Seconde \u00c9dition est un jeu de combats tactiques \u00e9piques pour deux joueurs. Incarnant les nobles Seigneurs Daqan ou les sanguinaires Uthuk Y\u2019llan, vous commandez une multitude d\u2019unit\u00e9s au coeur des champs de bataille d\u00e9vast\u00e9s de Terrinoth.<br \/>\nAvec des r\u00e8gles simples pour construire et d\u00e9ployer vos arm\u00e9es, pour les commander sur tous les terrains, BattleLore Seconde \u00c9dition permet aux joueurs d\u2019explorer de nombreuses options tactiques. De plus, un nouveau syst\u00e8me dynamique de cr\u00e9ation de sc\u00e9narios assure une exp\u00e9rience diff\u00e9rente \u00e0 chaque partie ! Les joueurs devront utiliser toutes leurs forces, leur ruse et la magie des Arcanes pour prendre l\u2019avantage, ou \u00eatre \u00e9cras\u00e9s sous la puissance des forces ennemies.<\/p>\n<p style=\"text-align: center;\"><strong>\u00a0<\/strong><\/p>\n<\/div>\n<\/div><\/div><\/div><\/div><div id=\"pg-154-3\"  class=\"panel-grid panel-no-style\" ><div id=\"pgc-154-3-0\"  class=\"panel-grid-cell\" ><div id=\"panel-154-3-0-0\" class=\"so-panel widget widget_sow-editor panel-first-child panel-last-child\" data-index=\"8\" ><div\n\t\t\t\n\t\t\tclass=\"so-widget-sow-editor so-widget-sow-editor-base\"\n\t\t\t\n\t\t>\n<div class=\"siteorigin-widget-tinymce textwidget\">\n\t<hr \/>\n<h3 style=\"text-align: center;\">En vid\u00e9o<\/h3>\n<\/div>\n<\/div><\/div><\/div><\/div><div id=\"pg-154-4\"  class=\"panel-grid panel-no-style\" ><div id=\"pgc-154-4-0\"  class=\"panel-grid-cell\" ><div id=\"panel-154-4-0-0\" class=\"so-panel widget widget_sow-editor panel-first-child panel-last-child\" data-index=\"9\" ><div\n\t\t\t\n\t\t\tclass=\"so-widget-sow-editor so-widget-sow-editor-base\"\n\t\t\t\n\t\t>\n<div class=\"siteorigin-widget-tinymce textwidget\">\n\t<hr \/>\n<h3 style=\"text-align: center;\">Extension(s)<\/h3>\n<p style=\"text-align: center;\"><style type='text\/css' media='all'>#rt-tpg-container-1789801823 .read-more a{border-radius:px;}#rt-tpg-container-1789801823 .rt-img-holder img.rt-img-responsive,#rt-tpg-container-1789801823 .rt-img-holder,\n\t\t\t\t\t#rt-tpg-container-1789801823 .rt-post-overlay .post-img,\n\t\t\t\t\t#rt-tpg-container-1789801823 .post-sm .post-img,\n\t\t\t\t\t#rt-tpg-container-1789801823 .rt-post-grid .post-img,\n\t\t\t\t\t#rt-tpg-container-1789801823 .post-img img {border-radius:px;}#rt-tpg-container-1789801823 .layout9 .rt-holder h2.entry-title,\n\t\t\t\t\t#rt-tpg-container-1789801823 .layout9 .rt-holder h3.entry-title,\n\t\t\t\t\t#rt-tpg-container-1789801823 .layout9 .rt-holder h4.entry-title,\n\t\t\t\t\t#rt-tpg-container-1789801823 .layout9 .rt-holder h2.entry-title a,\n\t\t\t\t\t#rt-tpg-container-1789801823 .layout9 .rt-holder h3.entry-title a,\n\t\t\t\t\t#rt-tpg-container-1789801823 .layout9 .rt-holder h4.entry-title a,\n\t\t\t\t\t#rt-tpg-container-1789801823 .rt-holder .rt-woo-info h2 a,\n\t\t\t\t\t#rt-tpg-container-1789801823 .rt-holder .rt-woo-info h3 a,\n\t\t\t\t\t#rt-tpg-container-1789801823 .rt-holder .rt-woo-info h4 a,\n\t\t\t\t\t#rt-tpg-container-1789801823 .post-content .post-title,\n\t\t\t\t\t#rt-tpg-container-1789801823 .rt-post-grid .post-title,\n\t\t\t\t\t#rt-tpg-container-1789801823 .rt-post-grid .post-title a,\n\t\t\t\t\t#rt-tpg-container-1789801823 .post-content .post-title a,\n\t\t\t\t\t#rt-tpg-container-1789801823 .rt-holder .rt-woo-info h2,\n\t\t\t\t\t#rt-tpg-container-1789801823 .rt-holder .rt-woo-info h3,\n\t\t\t\t\t#rt-tpg-container-1789801823 .rt-holder .rt-woo-info h4{font-size:16px;line-height:26px;font-weight:normal;text-align:center;}#rt-tpg-container-1789801823 .post-grid-lg-style-1 .post-title,\n\t\t\t\t\t\t#rt-tpg-container-1789801823 .post-grid-lg-style-1 .post-title a,\n\t\t\t\t\t\t#rt-tpg-container-1789801823 .big-layout .post-title,\n\t\t\t\t\t\t#rt-tpg-container-1789801823 .big-layout .post-title a,\n\t\t\t\t\t\t#rt-tpg-container-1789801823 .post-grid-lg-style-1 .post-title,\n\t\t\t\t\t\t#rt-tpg-container-1789801823 .post-grid-lg-style-1 .post-title a {font-size:24px;line-height:34px;}<\/style><div class='rt-container-fluid rt-tpg-container tpg-shortcode-main-wrapper ' id='rt-tpg-container-1789801823'   data-layout='layout9' data-grid-style='even' data-desktop-col='3'  data-tab-col='2'  data-mobile-col='1' data-sc-id='1331'><div data-title='Loading ...' class='rt-row rt-content-loader   layout9 tpg-even '><div class=\"rt-col-md-4 rt-col-sm-6 rt-col-xs-12 even-grid-item rt-grid-item img_zoom_in\" data-id=\"1320\"><div class=\"rt-holder\"><div class='overlay'><a data-id='1320' class=' tpg-single-popup' href='https:\/\/meeplendice.net\/?page_id=1320'><img loading=\"lazy\" decoding=\"async\" width=\"350\" height=\"350\" src=\"https:\/\/meeplendice.net\/wp-content\/uploads\/2016\/09\/Battlelore_herautsdebriseffroi.png\" class=\"rt-img-responsive \" alt=\"\" \/><\/a><\/div><div class='post-info'><h2 class=\"entry-title\"><a data-id=\"1320\" class=\" tpg-single-popup\" href=\"https:\/\/meeplendice.net\/?page_id=1320\">Arm\u00e9e : H\u00e9rauts de Briseffroi<\/a><\/h2><div class='post-meta-user '><\/div><\/div><\/div><\/div><div class=\"rt-col-md-4 rt-col-sm-6 rt-col-xs-12 even-grid-item rt-grid-item img_zoom_in\" data-id=\"1315\"><div class=\"rt-holder\"><div class='overlay'><a data-id='1315' class=' tpg-single-popup' href='https:\/\/meeplendice.net\/?page_id=1315'><img loading=\"lazy\" decoding=\"async\" width=\"350\" height=\"350\" src=\"https:\/\/meeplendice.net\/wp-content\/uploads\/2016\/09\/Battlelore_hordedescorn.png\" class=\"rt-img-responsive \" alt=\"\" \/><\/a><\/div><div class='post-info'><h2 class=\"entry-title\"><a data-id=\"1315\" class=\" tpg-single-popup\" href=\"https:\/\/meeplendice.net\/?page_id=1315\">Arm\u00e9e : La Horde de Scorn<\/a><\/h2><div class='post-meta-user '><\/div><\/div><\/div><\/div><div class=\"rt-col-md-4 rt-col-sm-6 rt-col-xs-12 even-grid-item rt-grid-item img_zoom_in\" data-id=\"1313\"><div class=\"rt-holder\"><div class='overlay'><a data-id='1313' class=' tpg-single-popup' href='https:\/\/meeplendice.net\/?page_id=1313'><img loading=\"lazy\" decoding=\"async\" width=\"350\" height=\"350\" src=\"https:\/\/meeplendice.net\/wp-content\/uploads\/2016\/09\/Battlelore_gardiensdhernfar.png\" class=\"rt-img-responsive \" alt=\"\" \/><\/a><\/div><div class='post-info'><h2 class=\"entry-title\"><a data-id=\"1313\" class=\" tpg-single-popup\" href=\"https:\/\/meeplendice.net\/?page_id=1313\">Arm\u00e9e : Les Gardiens d&rsquo;Hernfar<\/a><\/h2><div class='post-meta-user '><\/div><\/div><\/div><\/div><\/div><div class='rt-pagination-wrap' data-total-pages='3' data-posts-per-page='3' data-type='pagination_ajax'  ><div class='rt-page-numbers'><\/div><\/div><\/div><strong><br \/>\n<\/strong><\/p>\n<\/div>\n<\/div><\/div><\/div><\/div><div id=\"pg-154-5\"  class=\"panel-grid panel-no-style\" ><div id=\"pgc-154-5-0\"  class=\"panel-grid-cell\" ><div id=\"panel-154-5-0-0\" class=\"so-panel widget widget_sow-editor panel-first-child panel-last-child\" data-index=\"10\" ><div\n\t\t\t\n\t\t\tclass=\"so-widget-sow-editor so-widget-sow-editor-base\"\n\t\t\t\n\t\t>\n<div class=\"siteorigin-widget-tinymce textwidget\">\n\t<hr \/>\n<h3 style=\"text-align: center;\">Pour aller plus loin<strong><br \/>\n<\/strong><\/h3>\n<\/div>\n<\/div><\/div><\/div><\/div><\/div>","protected":false},"excerpt":{"rendered":"<p>Nombre de joueurs : 2 &#8211; 2 Dur\u00e9e moyenne : 90 min Age : 14 ans et plus Auteur(s) : Richard Borg Illustrations : WiL Spinger Dallas Melhoff Mathias Kollros &#8230; \u00c9dition : Fantasy Flight Games Edge Entertainment 2014 Version : Fran\u00e7aise<\/p>\n","protected":false},"author":2,"featured_media":170,"parent":0,"menu_order":0,"comment_status":"closed","ping_status":"closed","template":"","meta":{"footnotes":""},"class_list":["post-154","page","type-page","status-publish","has-post-thumbnail","hentry"],"acf":[],"rttpg_featured_image_url":{"full":["https:\/\/meeplendice.net\/wp-content\/uploads\/2016\/08\/Battelore.png",350,350,false],"landscape":["https:\/\/meeplendice.net\/wp-content\/uploads\/2016\/08\/Battelore.png",350,350,false],"portraits":["https:\/\/meeplendice.net\/wp-content\/uploads\/2016\/08\/Battelore.png",350,350,false],"thumbnail":["https:\/\/meeplendice.net\/wp-content\/uploads\/2016\/08\/Battelore-150x150.png",150,150,true],"medium":["https:\/\/meeplendice.net\/wp-content\/uploads\/2016\/08\/Battelore-300x300.png",300,300,true],"large":["https:\/\/meeplendice.net\/wp-content\/uploads\/2016\/08\/Battelore.png",350,350,false],"ug_big":["https:\/\/meeplendice.net\/wp-content\/uploads\/2016\/08\/Battelore.png",350,350,false],"1536x1536":["https:\/\/meeplendice.net\/wp-content\/uploads\/2016\/08\/Battelore.png",350,350,false],"2048x2048":["https:\/\/meeplendice.net\/wp-content\/uploads\/2016\/08\/Battelore.png",350,350,false],"ashe-slider-grid-thumbnail":["https:\/\/meeplendice.net\/wp-content\/uploads\/2016\/08\/Battelore.png",350,350,false],"ashe-full-thumbnail":["https:\/\/meeplendice.net\/wp-content\/uploads\/2016\/08\/Battelore.png",350,350,false],"ashe-grid-thumbnail":["https:\/\/meeplendice.net\/wp-content\/uploads\/2016\/08\/Battelore-350x330.png",350,330,true],"ashe-list-thumbnail":["https:\/\/meeplendice.net\/wp-content\/uploads\/2016\/08\/Battelore-300x300.png",300,300,true],"ashe-single-navigation":["https:\/\/meeplendice.net\/wp-content\/uploads\/2016\/08\/Battelore-75x75.png",75,75,true],"mailpoet_newsletter_max":["https:\/\/meeplendice.net\/wp-content\/uploads\/2016\/08\/Battelore.png",350,350,false],"rpwe-thumbnail":["https:\/\/meeplendice.net\/wp-content\/uploads\/2016\/08\/Battelore-45x45.png",45,45,true],"sow-carousel-default":["https:\/\/meeplendice.net\/wp-content\/uploads\/2016\/08\/Battelore-272x182.png",272,182,true],"rt_custom":["https:\/\/meeplendice.net\/wp-content\/uploads\/2016\/08\/Battelore.png",350,350,false]},"rttpg_author":{"display_name":"Karnby","author_link":"https:\/\/meeplendice.net\/?author=2"},"rttpg_comment":0,"rttpg_category":null,"rttpg_excerpt":"Nombre de joueurs : 2 - 2 Dur\u00e9e moyenne : 90 min Age : 14 ans et plus Auteur(s) : Richard Borg Illustrations : WiL Spinger Dallas Melhoff Mathias Kollros ... \u00c9dition : Fantasy Flight Games Edge Entertainment 2014 Version : Fran\u00e7aise","_links":{"self":[{"href":"https:\/\/meeplendice.net\/index.php?rest_route=\/wp\/v2\/pages\/154","targetHints":{"allow":["GET"]}}],"collection":[{"href":"https:\/\/meeplendice.net\/index.php?rest_route=\/wp\/v2\/pages"}],"about":[{"href":"https:\/\/meeplendice.net\/index.php?rest_route=\/wp\/v2\/types\/page"}],"author":[{"embeddable":true,"href":"https:\/\/meeplendice.net\/index.php?rest_route=\/wp\/v2\/users\/2"}],"replies":[{"embeddable":true,"href":"https:\/\/meeplendice.net\/index.php?rest_route=%2Fwp%2Fv2%2Fcomments&post=154"}],"version-history":[{"count":20,"href":"https:\/\/meeplendice.net\/index.php?rest_route=\/wp\/v2\/pages\/154\/revisions"}],"predecessor-version":[{"id":9511,"href":"https:\/\/meeplendice.net\/index.php?rest_route=\/wp\/v2\/pages\/154\/revisions\/9511"}],"wp:featuredmedia":[{"embeddable":true,"href":"https:\/\/meeplendice.net\/index.php?rest_route=\/wp\/v2\/media\/170"}],"wp:attachment":[{"href":"https:\/\/meeplendice.net\/index.php?rest_route=%2Fwp%2Fv2%2Fmedia&parent=154"}],"curies":[{"name":"wp","href":"https:\/\/api.w.org\/{rel}","templated":true}]}}