{"id":1543,"date":"2016-09-23T13:14:15","date_gmt":"2016-09-23T12:14:15","guid":{"rendered":"http:\/\/meeplendice.net\/?page_id=1543"},"modified":"2020-09-02T21:36:42","modified_gmt":"2020-09-02T20:36:42","slug":"revolucion","status":"publish","type":"page","link":"https:\/\/meeplendice.net\/?page_id=1543","title":{"rendered":"Revolucion !"},"content":{"rendered":"<p style=\"text-align: justify;\"><span id=\"result_box\" class=\"\" lang=\"fr\"><span class=\"\"><em>La Havane, 19 septembre 1958, la corruption gangr\u00e8ne Cuba. L&rsquo;\u00eele grouille de tra\u00eetres, d&rsquo;avocats v\u00e9reux et de croqueuses de diamants, alors que les contrefa\u00e7ons inondent le march\u00e9.<\/em><br \/>\n<em> Le peuple gronde et des noms de barbudos comme Castro ou Guevarra circulent hors des forets recul\u00e9es o\u00f9 se pr\u00e9pare l&rsquo;ultime combat.<\/em><\/span><\/span><\/p>\n<p>Un feu d&rsquo;artifice de nouveaut\u00e9s va \u00ab\u00a0r\u00e9volutionner\u00a0\u00bb votre plaisir de jeu !<\/p>\n","protected":false},"excerpt":{"rendered":"<p>La Havane, 19 septembre 1958, la corruption gangr\u00e8ne Cuba. L&rsquo;\u00eele grouille de tra\u00eetres, d&rsquo;avocats v\u00e9reux et de croqueuses de diamants, alors que les contrefa\u00e7ons inondent le march\u00e9. Le peuple gronde et des noms de barbudos comme Castro ou Guevarra circulent hors des forets recul\u00e9es o\u00f9 se pr\u00e9pare l&rsquo;ultime combat. Un feu d&rsquo;artifice de nouveaut\u00e9s va \u00ab\u00a0r\u00e9volutionner\u00a0\u00bb votre plaisir de jeu !<\/p>\n","protected":false},"author":2,"featured_media":1544,"parent":362,"menu_order":0,"comment_status":"closed","ping_status":"closed","template":"","meta":{"footnotes":""},"class_list":["post-1543","page","type-page","status-publish","has-post-thumbnail","hentry"],"acf":[],"rttpg_featured_image_url":{"full":["https:\/\/meeplendice.net\/wp-content\/uploads\/2016\/09\/Mafia_Revolucion.png",350,350,false],"landscape":["https:\/\/meeplendice.net\/wp-content\/uploads\/2016\/09\/Mafia_Revolucion.png",350,350,false],"portraits":["https:\/\/meeplendice.net\/wp-content\/uploads\/2016\/09\/Mafia_Revolucion.png",350,350,false],"thumbnail":["https:\/\/meeplendice.net\/wp-content\/uploads\/2016\/09\/Mafia_Revolucion-150x150.png",150,150,true],"medium":["https:\/\/meeplendice.net\/wp-content\/uploads\/2016\/09\/Mafia_Revolucion-300x300.png",300,300,true],"large":["https:\/\/meeplendice.net\/wp-content\/uploads\/2016\/09\/Mafia_Revolucion.png",350,350,false],"ug_big":["https:\/\/meeplendice.net\/wp-content\/uploads\/2016\/09\/Mafia_Revolucion.png",350,350,false],"1536x1536":["https:\/\/meeplendice.net\/wp-content\/uploads\/2016\/09\/Mafia_Revolucion.png",350,350,false],"2048x2048":["https:\/\/meeplendice.net\/wp-content\/uploads\/2016\/09\/Mafia_Revolucion.png",350,350,false],"ashe-slider-grid-thumbnail":["https:\/\/meeplendice.net\/wp-content\/uploads\/2016\/09\/Mafia_Revolucion.png",350,350,false],"ashe-full-thumbnail":["https:\/\/meeplendice.net\/wp-content\/uploads\/2016\/09\/Mafia_Revolucion.png",350,350,false],"ashe-grid-thumbnail":["https:\/\/meeplendice.net\/wp-content\/uploads\/2016\/09\/Mafia_Revolucion-350x330.png",350,330,true],"ashe-list-thumbnail":["https:\/\/meeplendice.net\/wp-content\/uploads\/2016\/09\/Mafia_Revolucion-300x300.png",300,300,true],"ashe-single-navigation":["https:\/\/meeplendice.net\/wp-content\/uploads\/2016\/09\/Mafia_Revolucion-75x75.png",75,75,true],"mailpoet_newsletter_max":["https:\/\/meeplendice.net\/wp-content\/uploads\/2016\/09\/Mafia_Revolucion.png",350,350,false],"rpwe-thumbnail":["https:\/\/meeplendice.net\/wp-content\/uploads\/2016\/09\/Mafia_Revolucion-45x45.png",45,45,true],"sow-carousel-default":["https:\/\/meeplendice.net\/wp-content\/uploads\/2016\/09\/Mafia_Revolucion-272x182.png",272,182,true],"rt_custom":["https:\/\/meeplendice.net\/wp-content\/uploads\/2016\/09\/Mafia_Revolucion.png",350,350,false]},"rttpg_author":{"display_name":"Karnby","author_link":"https:\/\/meeplendice.net\/?author=2"},"rttpg_comment":0,"rttpg_category":null,"rttpg_excerpt":"La Havane, 19 septembre 1958, la corruption gangr\u00e8ne Cuba. L&rsquo;\u00eele grouille de tra\u00eetres, d&rsquo;avocats v\u00e9reux et de croqueuses de diamants, alors que les contrefa\u00e7ons inondent le march\u00e9. Le peuple gronde et des noms de barbudos comme Castro ou Guevarra circulent hors des forets recul\u00e9es o\u00f9 se pr\u00e9pare l&rsquo;ultime combat. Un feu d&rsquo;artifice de nouveaut\u00e9s va\u2026","_links":{"self":[{"href":"https:\/\/meeplendice.net\/index.php?rest_route=\/wp\/v2\/pages\/1543","targetHints":{"allow":["GET"]}}],"collection":[{"href":"https:\/\/meeplendice.net\/index.php?rest_route=\/wp\/v2\/pages"}],"about":[{"href":"https:\/\/meeplendice.net\/index.php?rest_route=\/wp\/v2\/types\/page"}],"author":[{"embeddable":true,"href":"https:\/\/meeplendice.net\/index.php?rest_route=\/wp\/v2\/users\/2"}],"replies":[{"embeddable":true,"href":"https:\/\/meeplendice.net\/index.php?rest_route=%2Fwp%2Fv2%2Fcomments&post=1543"}],"version-history":[{"count":3,"href":"https:\/\/meeplendice.net\/index.php?rest_route=\/wp\/v2\/pages\/1543\/revisions"}],"predecessor-version":[{"id":6658,"href":"https:\/\/meeplendice.net\/index.php?rest_route=\/wp\/v2\/pages\/1543\/revisions\/6658"}],"up":[{"embeddable":true,"href":"https:\/\/meeplendice.net\/index.php?rest_route=\/wp\/v2\/pages\/362"}],"wp:featuredmedia":[{"embeddable":true,"href":"https:\/\/meeplendice.net\/index.php?rest_route=\/wp\/v2\/media\/1544"}],"wp:attachment":[{"href":"https:\/\/meeplendice.net\/index.php?rest_route=%2Fwp%2Fv2%2Fmedia&parent=1543"}],"curies":[{"name":"wp","href":"https:\/\/api.w.org\/{rel}","templated":true}]}}