{"id":1570,"date":"2016-09-23T14:02:35","date_gmt":"2016-09-23T13:02:35","guid":{"rendered":"http:\/\/meeplendice.net\/?page_id=1570"},"modified":"2020-09-07T10:30:11","modified_gmt":"2020-09-07T09:30:11","slug":"les-halls-de-terra","status":"publish","type":"page","link":"https:\/\/meeplendice.net\/?page_id=1570","title":{"rendered":"Les Halls de Terra"},"content":{"rendered":"<p style=\"text-align: justify;\"><em>Une intrigue mortelle dans la capitale de l\u2019Imperium<\/em><\/p>\n<p style=\"text-align: justify;\"><em>La guerre qui secoue le secteur Antian s\u2019est finalement \u00e9tendue \u00e0 la Sainte Terra, le berceau de l\u2019Humanit\u00e9. En gagnant les faveurs des grandes puissances de l\u2019Imperium, vous pourriez triompher de l\u2019h\u00e9r\u00e9sie et sauver un nombre incalculable de vies. Poss\u00e9dez-vous la ruse et l\u2019influence n\u00e9cessaires pour pousser ces implacables politiciens \u00e0 rallier votre cause, et peut-\u00eatre m\u00eame jouir de la b\u00e9n\u00e9diction de l\u2019Empereur en personne ? Ou vos \u00e9checs politiques sonneront-ils le glas du c\u0153ur de l\u2019Empire ?<\/em><\/p>\n<p style=\"text-align: justify;\">Dans Relic : Les Halls de Terra, les joueurs gagnent le l\u00e9gendaire berceau de l\u2019Humanit\u00e9 pour se plonger dans les dangereux m\u00e9andres de l\u2019ar\u00e8ne politique, mais \u00e9galement n\u00e9gocier avec les institutions et personnalit\u00e9s qui contr\u00f4lent l\u2019Imperium, du myst\u00e9rieux Adeptus Mechanicus \u00e0 la noblesse imp\u00e9riale d\u00e9voy\u00e9e en passant par l\u2019implacable Inquisition. L\u2019avenir du secteur Antian d\u00e9pend de ces joutes politiques, qui peuvent vous offrir puissance et gloire\u2026 ou signer votre perte.<\/p>\n<p style=\"text-align: justify;\">Cette extension vous propose un nouveau plateau secondaire \u2013 qui repr\u00e9sente la Sainte Terra et la plan\u00e8te rouge Mars \u2013 ainsi que trois fiches de sc\u00e9nario. Des dizaines de cartes Menace, Mission et Corruption donnent vie \u00e0 ces mondes perfides et ces imbroglios politiques.<\/p>\n<p style=\"text-align: justify;\">Lorsque les dirigeants de l\u2019Imperium entreront dans la danse, la bataille du secteur Antian ne sera plus jamais la m\u00eame.<\/p>\n<p>&nbsp;<\/p>\n","protected":false},"excerpt":{"rendered":"<p>Une intrigue mortelle dans la capitale de l\u2019Imperium La guerre qui secoue le secteur Antian s\u2019est finalement \u00e9tendue \u00e0 la Sainte Terra, le berceau de l\u2019Humanit\u00e9. En gagnant les faveurs des grandes puissances de l\u2019Imperium, vous pourriez triompher de l\u2019h\u00e9r\u00e9sie et sauver un nombre incalculable de vies. Poss\u00e9dez-vous la ruse et l\u2019influence n\u00e9cessaires pour pousser ces implacables politiciens \u00e0 rallier votre cause, et peut-\u00eatre m\u00eame jouir de la b\u00e9n\u00e9diction de l\u2019Empereur en personne ? Ou vos \u00e9checs politiques sonneront-ils le glas du c\u0153ur de l\u2019Empire ? Dans Relic : Les Halls de Terra, les joueurs gagnent le l\u00e9gendaire berceau de l\u2019Humanit\u00e9 pour se plonger dans les dangereux m\u00e9andres de l\u2019ar\u00e8ne politique, mais \u00e9galement n\u00e9gocier avec les institutions et personnalit\u00e9s qui contr\u00f4lent l\u2019Imperium, du myst\u00e9rieux Adeptus Mechanicus \u00e0 la noblesse imp\u00e9riale d\u00e9voy\u00e9e en passant par l\u2019implacable Inquisition. L\u2019avenir du secteur Antian d\u00e9pend de ces joutes politiques, qui peuvent vous offrir puissance et gloire\u2026 ou signer votre perte. Cette extension vous propose un nouveau plateau secondaire \u2013 qui repr\u00e9sente la Sainte Terra et la plan\u00e8te rouge Mars \u2013 ainsi que trois fiches de sc\u00e9nario. Des dizaines de cartes Menace, Mission et Corruption donnent vie \u00e0 ces mondes perfides et ces imbroglios politiques. Lorsque les dirigeants de l\u2019Imperium entreront dans la danse, la bataille du secteur Antian ne sera plus jamais la m\u00eame. &nbsp;<\/p>\n","protected":false},"author":2,"featured_media":1571,"parent":400,"menu_order":0,"comment_status":"closed","ping_status":"closed","template":"","meta":{"footnotes":""},"class_list":["post-1570","page","type-page","status-publish","has-post-thumbnail","hentry"],"acf":[],"rttpg_featured_image_url":{"full":["https:\/\/meeplendice.net\/wp-content\/uploads\/2016\/09\/Relic_Leshallsdeterra.png",350,350,false],"landscape":["https:\/\/meeplendice.net\/wp-content\/uploads\/2016\/09\/Relic_Leshallsdeterra.png",350,350,false],"portraits":["https:\/\/meeplendice.net\/wp-content\/uploads\/2016\/09\/Relic_Leshallsdeterra.png",350,350,false],"thumbnail":["https:\/\/meeplendice.net\/wp-content\/uploads\/2016\/09\/Relic_Leshallsdeterra-150x150.png",150,150,true],"medium":["https:\/\/meeplendice.net\/wp-content\/uploads\/2016\/09\/Relic_Leshallsdeterra-300x300.png",300,300,true],"large":["https:\/\/meeplendice.net\/wp-content\/uploads\/2016\/09\/Relic_Leshallsdeterra.png",350,350,false],"ug_big":["https:\/\/meeplendice.net\/wp-content\/uploads\/2016\/09\/Relic_Leshallsdeterra.png",350,350,false],"1536x1536":["https:\/\/meeplendice.net\/wp-content\/uploads\/2016\/09\/Relic_Leshallsdeterra.png",350,350,false],"2048x2048":["https:\/\/meeplendice.net\/wp-content\/uploads\/2016\/09\/Relic_Leshallsdeterra.png",350,350,false],"ashe-slider-grid-thumbnail":["https:\/\/meeplendice.net\/wp-content\/uploads\/2016\/09\/Relic_Leshallsdeterra.png",350,350,false],"ashe-full-thumbnail":["https:\/\/meeplendice.net\/wp-content\/uploads\/2016\/09\/Relic_Leshallsdeterra.png",350,350,false],"ashe-grid-thumbnail":["https:\/\/meeplendice.net\/wp-content\/uploads\/2016\/09\/Relic_Leshallsdeterra-350x330.png",350,330,true],"ashe-list-thumbnail":["https:\/\/meeplendice.net\/wp-content\/uploads\/2016\/09\/Relic_Leshallsdeterra-300x300.png",300,300,true],"ashe-single-navigation":["https:\/\/meeplendice.net\/wp-content\/uploads\/2016\/09\/Relic_Leshallsdeterra-75x75.png",75,75,true],"mailpoet_newsletter_max":["https:\/\/meeplendice.net\/wp-content\/uploads\/2016\/09\/Relic_Leshallsdeterra.png",350,350,false],"rpwe-thumbnail":["https:\/\/meeplendice.net\/wp-content\/uploads\/2016\/09\/Relic_Leshallsdeterra-45x45.png",45,45,true],"sow-carousel-default":["https:\/\/meeplendice.net\/wp-content\/uploads\/2016\/09\/Relic_Leshallsdeterra-272x182.png",272,182,true],"rt_custom":["https:\/\/meeplendice.net\/wp-content\/uploads\/2016\/09\/Relic_Leshallsdeterra.png",350,350,false]},"rttpg_author":{"display_name":"Karnby","author_link":"https:\/\/meeplendice.net\/?author=2"},"rttpg_comment":0,"rttpg_category":null,"rttpg_excerpt":"Une intrigue mortelle dans la capitale de l\u2019Imperium La guerre qui secoue le secteur Antian s\u2019est finalement \u00e9tendue \u00e0 la Sainte Terra, le berceau de l\u2019Humanit\u00e9. En gagnant les faveurs des grandes puissances de l\u2019Imperium, vous pourriez triompher de l\u2019h\u00e9r\u00e9sie et sauver un nombre incalculable de vies. Poss\u00e9dez-vous la ruse et l\u2019influence n\u00e9cessaires pour pousser\u2026","_links":{"self":[{"href":"https:\/\/meeplendice.net\/index.php?rest_route=\/wp\/v2\/pages\/1570","targetHints":{"allow":["GET"]}}],"collection":[{"href":"https:\/\/meeplendice.net\/index.php?rest_route=\/wp\/v2\/pages"}],"about":[{"href":"https:\/\/meeplendice.net\/index.php?rest_route=\/wp\/v2\/types\/page"}],"author":[{"embeddable":true,"href":"https:\/\/meeplendice.net\/index.php?rest_route=\/wp\/v2\/users\/2"}],"replies":[{"embeddable":true,"href":"https:\/\/meeplendice.net\/index.php?rest_route=%2Fwp%2Fv2%2Fcomments&post=1570"}],"version-history":[{"count":3,"href":"https:\/\/meeplendice.net\/index.php?rest_route=\/wp\/v2\/pages\/1570\/revisions"}],"predecessor-version":[{"id":6749,"href":"https:\/\/meeplendice.net\/index.php?rest_route=\/wp\/v2\/pages\/1570\/revisions\/6749"}],"up":[{"embeddable":true,"href":"https:\/\/meeplendice.net\/index.php?rest_route=\/wp\/v2\/pages\/400"}],"wp:featuredmedia":[{"embeddable":true,"href":"https:\/\/meeplendice.net\/index.php?rest_route=\/wp\/v2\/media\/1571"}],"wp:attachment":[{"href":"https:\/\/meeplendice.net\/index.php?rest_route=%2Fwp%2Fv2%2Fmedia&parent=1570"}],"curies":[{"name":"wp","href":"https:\/\/api.w.org\/{rel}","templated":true}]}}