{"id":1583,"date":"2016-09-26T14:24:47","date_gmt":"2016-09-26T13:24:47","guid":{"rendered":"http:\/\/meeplendice.net\/?page_id=1583"},"modified":"2020-09-01T09:55:20","modified_gmt":"2020-09-01T08:55:20","slug":"lantre-du-wyrm","status":"publish","type":"page","link":"https:\/\/meeplendice.net\/?page_id=1583","title":{"rendered":"L&rsquo;Antre du Wyrm"},"content":{"rendered":"<p style=\"text-align: justify;\"><em><span id=\"result_box\" class=\"\" lang=\"fr\"><span class=\"\">L\u2019Antre de Valyndra abrite de sinistres secrets\u2026<\/span><\/span><\/em><\/p>\n<p style=\"text-align: justify;\"><em>La perfide Reine Wyrm, Valyndra, vient d\u2019\u00e9merger de son long sommeil et l\u00e2che ses ignobles s\u00e9ides hybrides sur le pays. Les pillages et les incendies ravagent toute la contr\u00e9e. C\u2019est l\u2019attrait de l\u2019or qui a fait sortir Valyndra de son antre\u00a0: il faut d\u00e9sormais que quelques courageux h\u00e9ros l\u2019y renvoient et d\u00e9truisent ses cruels serviteurs\u00a0!<\/em><\/p>\n<p style=\"text-align: justify;\">L\u2019Antre du Wyrm vient enrichir vos campagnes de Descent\u00a0: Voyages dans les T\u00e9n\u00e8bres, Seconde \u00c9dition. Cette extension introduit des h\u00e9ros, classes, monstres et qu\u00eates in\u00e9dits, et bien plus encore\u00a0!<\/p>\n<p style=\"text-align: justify;\">Les nobles h\u00e9ros peuvent d\u00e9sormais d\u00e9couvrir et explorer des salles secr\u00e8tes et enqu\u00eater sur d\u2019\u00e9tranges rumeurs, tandis que le Seigneur du Mal ajoute de nouvelles cartes \u00e0 son arsenal et tente de s\u2019attacher les services d\u2019un nouveau lieutenant, et non des moindres\u00a0: Valyndra, la Reine Wyrm\u00a0!<\/p>\n","protected":false},"excerpt":{"rendered":"<p>L\u2019Antre de Valyndra abrite de sinistres secrets\u2026 La perfide Reine Wyrm, Valyndra, vient d\u2019\u00e9merger de son long sommeil et l\u00e2che ses ignobles s\u00e9ides hybrides sur le pays. Les pillages et les incendies ravagent toute la contr\u00e9e. C\u2019est l\u2019attrait de l\u2019or qui a fait sortir Valyndra de son antre\u00a0: il faut d\u00e9sormais que quelques courageux h\u00e9ros l\u2019y renvoient et d\u00e9truisent ses cruels serviteurs\u00a0! L\u2019Antre du Wyrm vient enrichir vos campagnes de Descent\u00a0: Voyages dans les T\u00e9n\u00e8bres, Seconde \u00c9dition. Cette extension introduit des h\u00e9ros, classes, monstres et qu\u00eates in\u00e9dits, et bien plus encore\u00a0! Les nobles h\u00e9ros peuvent d\u00e9sormais d\u00e9couvrir et explorer des salles secr\u00e8tes et enqu\u00eater sur d\u2019\u00e9tranges rumeurs, tandis que le Seigneur du Mal ajoute de nouvelles cartes \u00e0 son arsenal et tente de s\u2019attacher les services d\u2019un nouveau lieutenant, et non des moindres\u00a0: Valyndra, la Reine Wyrm\u00a0!<\/p>\n","protected":false},"author":2,"featured_media":1584,"parent":286,"menu_order":1,"comment_status":"closed","ping_status":"closed","template":"","meta":{"footnotes":""},"class_list":["post-1583","page","type-page","status-publish","has-post-thumbnail","hentry"],"acf":[],"rttpg_featured_image_url":{"full":["https:\/\/meeplendice.net\/wp-content\/uploads\/2016\/09\/Descentv2_Antrewyrm.png",350,350,false],"landscape":["https:\/\/meeplendice.net\/wp-content\/uploads\/2016\/09\/Descentv2_Antrewyrm.png",350,350,false],"portraits":["https:\/\/meeplendice.net\/wp-content\/uploads\/2016\/09\/Descentv2_Antrewyrm.png",350,350,false],"thumbnail":["https:\/\/meeplendice.net\/wp-content\/uploads\/2016\/09\/Descentv2_Antrewyrm-150x150.png",150,150,true],"medium":["https:\/\/meeplendice.net\/wp-content\/uploads\/2016\/09\/Descentv2_Antrewyrm-300x300.png",300,300,true],"large":["https:\/\/meeplendice.net\/wp-content\/uploads\/2016\/09\/Descentv2_Antrewyrm.png",350,350,false],"ug_big":["https:\/\/meeplendice.net\/wp-content\/uploads\/2016\/09\/Descentv2_Antrewyrm.png",350,350,false],"1536x1536":["https:\/\/meeplendice.net\/wp-content\/uploads\/2016\/09\/Descentv2_Antrewyrm.png",350,350,false],"2048x2048":["https:\/\/meeplendice.net\/wp-content\/uploads\/2016\/09\/Descentv2_Antrewyrm.png",350,350,false],"ashe-slider-grid-thumbnail":["https:\/\/meeplendice.net\/wp-content\/uploads\/2016\/09\/Descentv2_Antrewyrm.png",350,350,false],"ashe-full-thumbnail":["https:\/\/meeplendice.net\/wp-content\/uploads\/2016\/09\/Descentv2_Antrewyrm.png",350,350,false],"ashe-grid-thumbnail":["https:\/\/meeplendice.net\/wp-content\/uploads\/2016\/09\/Descentv2_Antrewyrm-350x330.png",350,330,true],"ashe-list-thumbnail":["https:\/\/meeplendice.net\/wp-content\/uploads\/2016\/09\/Descentv2_Antrewyrm-300x300.png",300,300,true],"ashe-single-navigation":["https:\/\/meeplendice.net\/wp-content\/uploads\/2016\/09\/Descentv2_Antrewyrm-75x75.png",75,75,true],"mailpoet_newsletter_max":["https:\/\/meeplendice.net\/wp-content\/uploads\/2016\/09\/Descentv2_Antrewyrm.png",350,350,false],"rpwe-thumbnail":["https:\/\/meeplendice.net\/wp-content\/uploads\/2016\/09\/Descentv2_Antrewyrm-45x45.png",45,45,true],"sow-carousel-default":["https:\/\/meeplendice.net\/wp-content\/uploads\/2016\/09\/Descentv2_Antrewyrm-272x182.png",272,182,true],"rt_custom":["https:\/\/meeplendice.net\/wp-content\/uploads\/2016\/09\/Descentv2_Antrewyrm.png",350,350,false]},"rttpg_author":{"display_name":"Karnby","author_link":"https:\/\/meeplendice.net\/?author=2"},"rttpg_comment":0,"rttpg_category":null,"rttpg_excerpt":"L\u2019Antre de Valyndra abrite de sinistres secrets\u2026 La perfide Reine Wyrm, Valyndra, vient d\u2019\u00e9merger de son long sommeil et l\u00e2che ses ignobles s\u00e9ides hybrides sur le pays. Les pillages et les incendies ravagent toute la contr\u00e9e. C\u2019est l\u2019attrait de l\u2019or qui a fait sortir Valyndra de son antre\u00a0: il faut d\u00e9sormais que quelques courageux h\u00e9ros\u2026","_links":{"self":[{"href":"https:\/\/meeplendice.net\/index.php?rest_route=\/wp\/v2\/pages\/1583","targetHints":{"allow":["GET"]}}],"collection":[{"href":"https:\/\/meeplendice.net\/index.php?rest_route=\/wp\/v2\/pages"}],"about":[{"href":"https:\/\/meeplendice.net\/index.php?rest_route=\/wp\/v2\/types\/page"}],"author":[{"embeddable":true,"href":"https:\/\/meeplendice.net\/index.php?rest_route=\/wp\/v2\/users\/2"}],"replies":[{"embeddable":true,"href":"https:\/\/meeplendice.net\/index.php?rest_route=%2Fwp%2Fv2%2Fcomments&post=1583"}],"version-history":[{"count":5,"href":"https:\/\/meeplendice.net\/index.php?rest_route=\/wp\/v2\/pages\/1583\/revisions"}],"predecessor-version":[{"id":6453,"href":"https:\/\/meeplendice.net\/index.php?rest_route=\/wp\/v2\/pages\/1583\/revisions\/6453"}],"up":[{"embeddable":true,"href":"https:\/\/meeplendice.net\/index.php?rest_route=\/wp\/v2\/pages\/286"}],"wp:featuredmedia":[{"embeddable":true,"href":"https:\/\/meeplendice.net\/index.php?rest_route=\/wp\/v2\/media\/1584"}],"wp:attachment":[{"href":"https:\/\/meeplendice.net\/index.php?rest_route=%2Fwp%2Fv2%2Fmedia&parent=1583"}],"curies":[{"name":"wp","href":"https:\/\/api.w.org\/{rel}","templated":true}]}}