{"id":1714,"date":"2016-10-11T13:33:11","date_gmt":"2016-10-11T12:33:11","guid":{"rendered":"http:\/\/meeplendice.net\/?page_id=1714"},"modified":"2017-05-30T13:26:05","modified_gmt":"2017-05-30T12:26:05","slug":"forces-imperiales-lescadre-noire","status":"publish","type":"page","link":"https:\/\/meeplendice.net\/?page_id=1714","title":{"rendered":"&#8230; de l&rsquo;Empire"},"content":{"rendered":"<div id=\"pl-1714\"  class=\"panel-layout\" ><div id=\"pg-1714-0\"  class=\"panel-grid panel-no-style\" ><div id=\"pgc-1714-0-0\"  class=\"panel-grid-cell\" ><div id=\"panel-1714-0-0-0\" class=\"so-panel widget widget_sow-editor panel-first-child panel-last-child\" data-index=\"0\" ><div\n\t\t\t\n\t\t\tclass=\"so-widget-sow-editor so-widget-sow-editor-base\"\n\t\t\t\n\t\t>\n<div class=\"siteorigin-widget-tinymce textwidget\">\n\t<p><img loading=\"lazy\" decoding=\"async\" class=\"alignnone size-full wp-image-1962\" src=\"http:\/\/meeplendice.net\/wp-content\/uploads\/2016\/10\/SWArmada_logo_empire.png\" alt=\"swarmada_logo_empire\" width=\"25\" height=\"25\" \/>\u00a0 <strong>Dans les hangars de l'Empire<br \/><\/strong><\/p>\n<\/div>\n<\/div><\/div><\/div><\/div><div id=\"pg-1714-1\"  class=\"panel-grid panel-no-style\" ><div id=\"pgc-1714-1-0\"  class=\"panel-grid-cell\" ><div id=\"panel-1714-1-0-0\" class=\"so-panel widget widget_sow-editor panel-first-child panel-last-child\" data-index=\"1\" ><div\n\t\t\t\n\t\t\tclass=\"so-widget-sow-editor so-widget-sow-editor-base\"\n\t\t\t\n\t\t>\n<div class=\"siteorigin-widget-tinymce textwidget\">\n\t<p style=\"text-align: center;\"><strong>Vaisseaux de lignes<\/strong><\/p>\n<\/div>\n<\/div><\/div><\/div><div id=\"pgc-1714-1-1\"  class=\"panel-grid-cell\" ><div id=\"panel-1714-1-1-0\" class=\"so-panel widget widget_sow-editor panel-first-child panel-last-child\" data-index=\"2\" ><div\n\t\t\t\n\t\t\tclass=\"so-widget-sow-editor so-widget-sow-editor-base\"\n\t\t\t\n\t\t>\n<div class=\"siteorigin-widget-tinymce textwidget\">\n\t<p style=\"text-align: center;\"><strong>Escadrons<\/strong><\/p>\n<\/div>\n<\/div><\/div><\/div><\/div><div id=\"pg-1714-2\"  class=\"panel-grid panel-no-style\" ><div id=\"pgc-1714-2-0\"  class=\"panel-grid-cell\" ><div id=\"panel-1714-2-0-0\" class=\"so-panel widget widget_sow-editor panel-first-child panel-last-child\" data-index=\"3\" ><div\n\t\t\t\n\t\t\tclass=\"so-widget-sow-editor so-widget-sow-editor-base\"\n\t\t\t\n\t\t>\n<div class=\"siteorigin-widget-tinymce textwidget\">\n\t<p style=\"text-align: left;\"><em><img loading=\"lazy\" decoding=\"async\" class=\"size-full wp-image-2055 alignleft\" src=\"http:\/\/meeplendice.net\/wp-content\/uploads\/2016\/11\/SWArmada_Empire_Victory.png\" alt=\"\" width=\"75\" height=\"75\" srcset=\"https:\/\/meeplendice.net\/wp-content\/uploads\/2016\/11\/SWArmada_Empire_Victory.png 75w, https:\/\/meeplendice.net\/wp-content\/uploads\/2016\/11\/SWArmada_Empire_Victory-45x45.png 45w\" sizes=\"auto, (max-width: 75px) 100vw, 75px\" \/><\/em>Destroyer Stellaire de classe : Victory <br \/><em>Force disponible : 3<\/em><\/p>\n<p style=\"text-align: left;\">\u00a0<\/p>\n<p style=\"text-align: left;\"><img loading=\"lazy\" decoding=\"async\" class=\"size-full wp-image-2046 alignleft\" src=\"http:\/\/meeplendice.net\/wp-content\/uploads\/2016\/11\/SWArmada_Empire_Imperial.png\" alt=\"\" width=\"75\" height=\"75\" srcset=\"https:\/\/meeplendice.net\/wp-content\/uploads\/2016\/11\/SWArmada_Empire_Imperial.png 75w, https:\/\/meeplendice.net\/wp-content\/uploads\/2016\/11\/SWArmada_Empire_Imperial-45x45.png 45w\" sizes=\"auto, (max-width: 75px) 100vw, 75px\" \/>Destroyer Stellaire de classe : Imperial<br \/><em>Force disponible : 2<\/em><\/p>\n<p style=\"text-align: left;\">\u00a0<\/p>\n<p style=\"text-align: left;\"><img loading=\"lazy\" decoding=\"async\" class=\"size-full wp-image-2045 alignleft\" src=\"http:\/\/meeplendice.net\/wp-content\/uploads\/2016\/11\/SWArmada_Empire_Gladiator.png\" alt=\"\" width=\"75\" height=\"75\" srcset=\"https:\/\/meeplendice.net\/wp-content\/uploads\/2016\/11\/SWArmada_Empire_Gladiator.png 75w, https:\/\/meeplendice.net\/wp-content\/uploads\/2016\/11\/SWArmada_Empire_Gladiator-45x45.png 45w\" sizes=\"auto, (max-width: 75px) 100vw, 75px\" \/>Destroyer Stellaire\u00a0 de classe : Gladiator<br \/><em>Force disponible : 2<\/em><\/p>\n<p style=\"text-align: left;\">\u00a0<\/p>\n<p style=\"text-align: left;\"><img loading=\"lazy\" decoding=\"async\" class=\"size-full wp-image-2047 alignleft\" src=\"http:\/\/meeplendice.net\/wp-content\/uploads\/2016\/11\/SWArmada_Empire_Interdictor.png\" alt=\"\" width=\"75\" height=\"75\" srcset=\"https:\/\/meeplendice.net\/wp-content\/uploads\/2016\/11\/SWArmada_Empire_Interdictor.png 75w, https:\/\/meeplendice.net\/wp-content\/uploads\/2016\/11\/SWArmada_Empire_Interdictor-45x45.png 45w\" sizes=\"auto, (max-width: 75px) 100vw, 75px\" \/>Interdictor<br \/><em>Force disponible : 2<\/em><\/p>\n<p style=\"text-align: left;\">\u00a0<\/p>\n<\/div>\n<\/div><\/div><\/div><div id=\"pgc-1714-2-1\"  class=\"panel-grid-cell\" ><div id=\"panel-1714-2-1-0\" class=\"so-panel widget widget_sow-editor panel-first-child panel-last-child\" data-index=\"4\" ><div\n\t\t\t\n\t\t\tclass=\"so-widget-sow-editor so-widget-sow-editor-base\"\n\t\t\t\n\t\t>\n<div class=\"siteorigin-widget-tinymce textwidget\">\n\t<p style=\"text-align: left;\"><img loading=\"lazy\" decoding=\"async\" class=\"size-full wp-image-2049 alignleft\" src=\"http:\/\/meeplendice.net\/wp-content\/uploads\/2016\/11\/SWArmada_Empire_Raider.png\" alt=\"\" width=\"75\" height=\"75\" srcset=\"https:\/\/meeplendice.net\/wp-content\/uploads\/2016\/11\/SWArmada_Empire_Raider.png 75w, https:\/\/meeplendice.net\/wp-content\/uploads\/2016\/11\/SWArmada_Empire_Raider-45x45.png 45w\" sizes=\"auto, (max-width: 75px) 100vw, 75px\" \/>Corvette de classe : Raider<br \/><em>Force disponible : 2<\/em><em><br \/> <\/em><\/p>\n<p style=\"text-align: left;\">\u00a0<\/p>\n<p style=\"text-align: left;\">\u00a0<img loading=\"lazy\" decoding=\"async\" class=\"size-full wp-image-2054 alignleft\" src=\"http:\/\/meeplendice.net\/wp-content\/uploads\/2016\/11\/SWArmada_Empire_Transport.png\" alt=\"\" width=\"75\" height=\"75\" srcset=\"https:\/\/meeplendice.net\/wp-content\/uploads\/2016\/11\/SWArmada_Empire_Transport.png 75w, https:\/\/meeplendice.net\/wp-content\/uploads\/2016\/11\/SWArmada_Empire_Transport-45x45.png 45w\" sizes=\"auto, (max-width: 75px) 100vw, 75px\" \/>Transport d'Assaut de classe : Gozanti<br \/><em>Force disponible : 2<\/em><em><br \/> <\/em><\/p>\n<p style=\"text-align: left;\">\u00a0<\/p>\n<p style=\"text-align: left;\">\u00a0<img loading=\"lazy\" decoding=\"async\" class=\"size-full wp-image-2277 alignleft\" src=\"http:\/\/meeplendice.net\/wp-content\/uploads\/2016\/10\/SWArmada_Empire_CLeger.png\" alt=\"\" width=\"75\" height=\"75\" srcset=\"https:\/\/meeplendice.net\/wp-content\/uploads\/2016\/10\/SWArmada_Empire_CLeger.png 75w, https:\/\/meeplendice.net\/wp-content\/uploads\/2016\/10\/SWArmada_Empire_CLeger-45x45.png 45w\" sizes=\"auto, (max-width: 75px) 100vw, 75px\" \/>Croiseur L\u00e9ger<br \/><em>Force disponible : 2<\/em><\/p>\n<p style=\"text-align: left;\">\u00a0<\/p>\n<\/div>\n<\/div><\/div><\/div><div id=\"pgc-1714-2-2\"  class=\"panel-grid-cell\" ><div id=\"panel-1714-2-2-0\" class=\"so-panel widget widget_sow-editor panel-first-child panel-last-child\" data-index=\"5\" ><div\n\t\t\t\n\t\t\tclass=\"so-widget-sow-editor so-widget-sow-editor-base\"\n\t\t\t\n\t\t>\n<div class=\"siteorigin-widget-tinymce textwidget\">\n\t<p style=\"text-align: left;\"><img loading=\"lazy\" decoding=\"async\" class=\"size-full wp-image-2052 alignleft\" src=\"http:\/\/meeplendice.net\/wp-content\/uploads\/2016\/11\/SWArmada_Empire_TIE-Fighter.png\" alt=\"\" width=\"75\" height=\"75\" srcset=\"https:\/\/meeplendice.net\/wp-content\/uploads\/2016\/11\/SWArmada_Empire_TIE-Fighter.png 75w, https:\/\/meeplendice.net\/wp-content\/uploads\/2016\/11\/SWArmada_Empire_TIE-Fighter-45x45.png 45w\" sizes=\"auto, (max-width: 75px) 100vw, 75px\" \/>TIE Fighter<br \/><em>Force disponible : 18<\/em><\/p>\n<p style=\"text-align: left;\">\u00a0<\/p>\n<p style=\"text-align: left;\"><img loading=\"lazy\" decoding=\"async\" class=\"size-full wp-image-2051 alignleft\" src=\"http:\/\/meeplendice.net\/wp-content\/uploads\/2016\/11\/SWArmada_Empire_TIE-Bomber.png\" alt=\"\" width=\"75\" height=\"75\" srcset=\"https:\/\/meeplendice.net\/wp-content\/uploads\/2016\/11\/SWArmada_Empire_TIE-Bomber.png 75w, https:\/\/meeplendice.net\/wp-content\/uploads\/2016\/11\/SWArmada_Empire_TIE-Bomber-45x45.png 45w\" sizes=\"auto, (max-width: 75px) 100vw, 75px\" \/>TIE Bomber<br \/><em>Force disponible : 6<\/em><\/p>\n<p style=\"text-align: left;\">\u00a0<\/p>\n<p style=\"text-align: left;\"><img loading=\"lazy\" decoding=\"async\" class=\"size-full wp-image-2050 alignleft\" src=\"http:\/\/meeplendice.net\/wp-content\/uploads\/2016\/11\/SWArmada_Empire_TIE-Adv.png\" alt=\"\" width=\"75\" height=\"75\" srcset=\"https:\/\/meeplendice.net\/wp-content\/uploads\/2016\/11\/SWArmada_Empire_TIE-Adv.png 75w, https:\/\/meeplendice.net\/wp-content\/uploads\/2016\/11\/SWArmada_Empire_TIE-Adv-45x45.png 45w\" sizes=\"auto, (max-width: 75px) 100vw, 75px\" \/>TIE Advanced<br \/><em>Force disponible : 6<\/em><\/p>\n<p style=\"text-align: left;\">\u00a0<\/p>\n<p style=\"text-align: left;\"><img loading=\"lazy\" decoding=\"async\" class=\"size-full wp-image-2053 alignleft\" src=\"http:\/\/meeplendice.net\/wp-content\/uploads\/2016\/11\/SWArmada_Empire_TIE-Int.png\" alt=\"\" width=\"75\" height=\"75\" srcset=\"https:\/\/meeplendice.net\/wp-content\/uploads\/2016\/11\/SWArmada_Empire_TIE-Int.png 75w, https:\/\/meeplendice.net\/wp-content\/uploads\/2016\/11\/SWArmada_Empire_TIE-Int-45x45.png 45w\" sizes=\"auto, (max-width: 75px) 100vw, 75px\" \/>TIE Interceptor<br \/><em>Force disponible : 6<\/em><\/p>\n<p style=\"text-align: left;\">\u00a0<\/p>\n<p style=\"text-align: left;\"><img loading=\"lazy\" decoding=\"async\" class=\"size-full wp-image-2283 alignleft\" src=\"http:\/\/meeplendice.net\/wp-content\/uploads\/2016\/10\/SWArmada_Empire_TIE-Ghost.png\" alt=\"\" width=\"75\" height=\"75\" srcset=\"https:\/\/meeplendice.net\/wp-content\/uploads\/2016\/10\/SWArmada_Empire_TIE-Ghost.png 75w, https:\/\/meeplendice.net\/wp-content\/uploads\/2016\/10\/SWArmada_Empire_TIE-Ghost-45x45.png 45w\" sizes=\"auto, (max-width: 75px) 100vw, 75px\" \/>TIE Fant\u00f4me<br \/><em>Force disponible : 4<\/em><\/p>\n<p style=\"text-align: left;\">\u00a0<\/p>\n<p style=\"text-align: left;\"><img loading=\"lazy\" decoding=\"async\" class=\"size-full wp-image-2282 alignleft\" src=\"http:\/\/meeplendice.net\/wp-content\/uploads\/2016\/10\/SWArmada_Empire_TIE-Def.png\" alt=\"\" width=\"75\" height=\"75\" srcset=\"https:\/\/meeplendice.net\/wp-content\/uploads\/2016\/10\/SWArmada_Empire_TIE-Def.png 75w, https:\/\/meeplendice.net\/wp-content\/uploads\/2016\/10\/SWArmada_Empire_TIE-Def-45x45.png 45w\" sizes=\"auto, (max-width: 75px) 100vw, 75px\" \/>TIE Defender<br \/><em>Force disponible : 4<\/em><\/p>\n<\/div>\n<\/div><\/div><\/div><div id=\"pgc-1714-2-3\"  class=\"panel-grid-cell\" ><div id=\"panel-1714-2-3-0\" class=\"so-panel widget widget_sow-editor panel-first-child panel-last-child\" data-index=\"6\" ><div\n\t\t\t\n\t\t\tclass=\"so-widget-sow-editor so-widget-sow-editor-base\"\n\t\t\t\n\t\t>\n<div class=\"siteorigin-widget-tinymce textwidget\">\n\t<p style=\"text-align: left;\"><img loading=\"lazy\" decoding=\"async\" class=\"size-full wp-image-2043 alignleft\" src=\"http:\/\/meeplendice.net\/wp-content\/uploads\/2016\/11\/SWArmada_Empire_Agressor.png\" alt=\"\" width=\"75\" height=\"75\" srcset=\"https:\/\/meeplendice.net\/wp-content\/uploads\/2016\/11\/SWArmada_Empire_Agressor.png 75w, https:\/\/meeplendice.net\/wp-content\/uploads\/2016\/11\/SWArmada_Empire_Agressor-45x45.png 45w\" sizes=\"auto, (max-width: 75px) 100vw, 75px\" \/>Agressor<br \/><em>Force disponible : 2<\/em><\/p>\n<p style=\"text-align: left;\">\u00a0<\/p>\n<p style=\"text-align: left;\"><img loading=\"lazy\" decoding=\"async\" class=\"size-full wp-image-2044 alignleft\" src=\"http:\/\/meeplendice.net\/wp-content\/uploads\/2016\/11\/SWArmada_Empire_Firespray-31.png\" alt=\"\" width=\"75\" height=\"75\" srcset=\"https:\/\/meeplendice.net\/wp-content\/uploads\/2016\/11\/SWArmada_Empire_Firespray-31.png 75w, https:\/\/meeplendice.net\/wp-content\/uploads\/2016\/11\/SWArmada_Empire_Firespray-31-45x45.png 45w\" sizes=\"auto, (max-width: 75px) 100vw, 75px\" \/>Firespray-31<br \/><em>Force disponible : 2<\/em><\/p>\n<p style=\"text-align: left;\">\u00a0<\/p>\n<p style=\"text-align: left;\"><img loading=\"lazy\" decoding=\"async\" class=\"size-full wp-image-2048 alignleft\" src=\"http:\/\/meeplendice.net\/wp-content\/uploads\/2016\/11\/SWArmada_Empire_JM.png\" alt=\"\" width=\"75\" height=\"75\" srcset=\"https:\/\/meeplendice.net\/wp-content\/uploads\/2016\/11\/SWArmada_Empire_JM.png 75w, https:\/\/meeplendice.net\/wp-content\/uploads\/2016\/11\/SWArmada_Empire_JM-45x45.png 45w\" sizes=\"auto, (max-width: 75px) 100vw, 75px\" \/>JumpMaster 5000<br \/><em>Force disponible : 2<\/em><\/p>\n<p style=\"text-align: left;\">\u00a0<\/p>\n<p style=\"text-align: left;\"><img loading=\"lazy\" decoding=\"async\" class=\"size-full wp-image-2056 alignleft\" src=\"http:\/\/meeplendice.net\/wp-content\/uploads\/2016\/11\/SWArmada_Empire_YV-666.png\" alt=\"\" width=\"75\" height=\"75\" srcset=\"https:\/\/meeplendice.net\/wp-content\/uploads\/2016\/11\/SWArmada_Empire_YV-666.png 75w, https:\/\/meeplendice.net\/wp-content\/uploads\/2016\/11\/SWArmada_Empire_YV-666-45x45.png 45w\" sizes=\"auto, (max-width: 75px) 100vw, 75px\" \/>YV-666<br \/><em>Force disponible : 2<\/em><\/p>\n<p style=\"text-align: left;\">\u00a0<\/p>\n<p style=\"text-align: left;\"><img loading=\"lazy\" decoding=\"async\" class=\"size-full wp-image-2281 alignleft\" src=\"http:\/\/meeplendice.net\/wp-content\/uploads\/2016\/10\/SWArmada_Empire_Lambda.png\" alt=\"\" width=\"75\" height=\"75\" srcset=\"https:\/\/meeplendice.net\/wp-content\/uploads\/2016\/10\/SWArmada_Empire_Lambda.png 75w, https:\/\/meeplendice.net\/wp-content\/uploads\/2016\/10\/SWArmada_Empire_Lambda-45x45.png 45w\" sizes=\"auto, (max-width: 75px) 100vw, 75px\" \/>Navette Lambda<br \/><em>Force disponible : 4<\/em><\/p>\n<p style=\"text-align: left;\">\u00a0<\/p>\n<p style=\"text-align: left;\"><img loading=\"lazy\" decoding=\"async\" class=\"size-full wp-image-2280 alignleft\" src=\"http:\/\/meeplendice.net\/wp-content\/uploads\/2016\/10\/SWArmada_Empire_Decimator.png\" alt=\"\" width=\"75\" height=\"75\" srcset=\"https:\/\/meeplendice.net\/wp-content\/uploads\/2016\/10\/SWArmada_Empire_Decimator.png 75w, https:\/\/meeplendice.net\/wp-content\/uploads\/2016\/10\/SWArmada_Empire_Decimator-45x45.png 45w\" sizes=\"auto, (max-width: 75px) 100vw, 75px\" \/>Decimator VT-49<br \/><em>Force disponible : 4<\/em><\/p>\n<\/div>\n<\/div><\/div><\/div><\/div><div id=\"pg-1714-3\"  class=\"panel-grid panel-no-style\" ><div id=\"pgc-1714-3-0\"  class=\"panel-grid-cell\" ><div id=\"panel-1714-3-0-0\" class=\"so-panel widget widget_sow-editor panel-first-child panel-last-child\" data-index=\"7\" ><div\n\t\t\t\n\t\t\tclass=\"so-widget-sow-editor so-widget-sow-editor-base\"\n\t\t\t\n\t\t>\n<div class=\"siteorigin-widget-tinymce textwidget\">\n\t<p><img loading=\"lazy\" decoding=\"async\" class=\"alignnone size-full wp-image-1962\" src=\"http:\/\/meeplendice.net\/wp-content\/uploads\/2016\/10\/SWArmada_logo_empire.png\" alt=\"swarmada_logo_empire\" width=\"25\" height=\"25\" \/>\u00a0\u00a0<strong>G\u00e9n\u00e9raux, pilotes &amp; \u00e9quipements<\/strong><\/p>\n<\/div>\n<\/div><\/div><\/div><\/div><div id=\"pg-1714-4\"  class=\"panel-grid panel-no-style\" ><div id=\"pgc-1714-4-0\"  class=\"panel-grid-cell\" ><div id=\"panel-1714-4-0-0\" class=\"so-panel widget widget_sow-editor panel-first-child panel-last-child\" data-index=\"8\" ><div\n\t\t\t\n\t\t\tclass=\"so-widget-sow-editor so-widget-sow-editor-base\"\n\t\t\t\n\t\t>\n<div class=\"siteorigin-widget-tinymce textwidget\">\n\t<p>\u00a0<\/p>\n<p><img loading=\"lazy\" decoding=\"async\" class=\"alignnone size-full wp-image-1962\" src=\"http:\/\/meeplendice.net\/wp-content\/uploads\/2016\/10\/SWArmada_logo_empire.png\" alt=\"swarmada_logo_empire\" width=\"25\" height=\"25\" \/>\u00a0 <strong>Le Centre Strat\u00e9gique<br \/><\/strong><\/p>\n<\/div>\n<\/div><\/div><\/div><\/div><div id=\"pg-1714-5\"  class=\"panel-grid panel-no-style\" ><div id=\"pgc-1714-5-0\"  class=\"panel-grid-cell\" ><\/div><div id=\"pgc-1714-5-1\"  class=\"panel-grid-cell panel-grid-cell-empty panel-grid-cell-mobile-last\" ><\/div><div id=\"pgc-1714-5-2\"  class=\"panel-grid-cell panel-grid-cell-empty\" ><\/div><\/div><\/div>","protected":false},"excerpt":{"rendered":"<p>\u00a0 Dans les hangars de l&rsquo;Empire Vaisseaux de lignes Escadrons<\/p>\n","protected":false},"author":2,"featured_media":1960,"parent":151,"menu_order":1,"comment_status":"closed","ping_status":"closed","template":"","meta":{"footnotes":""},"class_list":["post-1714","page","type-page","status-publish","has-post-thumbnail","hentry"],"acf":[],"rttpg_featured_image_url":{"full":["https:\/\/meeplendice.net\/wp-content\/uploads\/2016\/10\/SWArmada_Empire.png",239,239,false],"landscape":["https:\/\/meeplendice.net\/wp-content\/uploads\/2016\/10\/SWArmada_Empire.png",239,239,false],"portraits":["https:\/\/meeplendice.net\/wp-content\/uploads\/2016\/10\/SWArmada_Empire.png",239,239,false],"thumbnail":["https:\/\/meeplendice.net\/wp-content\/uploads\/2016\/10\/SWArmada_Empire-150x150.png",150,150,true],"medium":["https:\/\/meeplendice.net\/wp-content\/uploads\/2016\/10\/SWArmada_Empire.png",239,239,false],"large":["https:\/\/meeplendice.net\/wp-content\/uploads\/2016\/10\/SWArmada_Empire.png",239,239,false],"ug_big":["https:\/\/meeplendice.net\/wp-content\/uploads\/2016\/10\/SWArmada_Empire.png",239,239,false],"1536x1536":["https:\/\/meeplendice.net\/wp-content\/uploads\/2016\/10\/SWArmada_Empire.png",239,239,false],"2048x2048":["https:\/\/meeplendice.net\/wp-content\/uploads\/2016\/10\/SWArmada_Empire.png",239,239,false],"ashe-slider-grid-thumbnail":["https:\/\/meeplendice.net\/wp-content\/uploads\/2016\/10\/SWArmada_Empire.png",239,239,false],"ashe-full-thumbnail":["https:\/\/meeplendice.net\/wp-content\/uploads\/2016\/10\/SWArmada_Empire.png",239,239,false],"ashe-grid-thumbnail":["https:\/\/meeplendice.net\/wp-content\/uploads\/2016\/10\/SWArmada_Empire.png",239,239,false],"ashe-list-thumbnail":["https:\/\/meeplendice.net\/wp-content\/uploads\/2016\/10\/SWArmada_Empire.png",239,239,false],"ashe-single-navigation":["https:\/\/meeplendice.net\/wp-content\/uploads\/2016\/10\/SWArmada_Empire-75x75.png",75,75,true],"mailpoet_newsletter_max":["https:\/\/meeplendice.net\/wp-content\/uploads\/2016\/10\/SWArmada_Empire.png",239,239,false],"rpwe-thumbnail":["https:\/\/meeplendice.net\/wp-content\/uploads\/2016\/10\/SWArmada_Empire-45x45.png",45,45,true],"sow-carousel-default":["https:\/\/meeplendice.net\/wp-content\/uploads\/2016\/10\/SWArmada_Empire-239x182.png",239,182,true],"rt_custom":["https:\/\/meeplendice.net\/wp-content\/uploads\/2016\/10\/SWArmada_Empire.png",239,239,false]},"rttpg_author":{"display_name":"Karnby","author_link":"https:\/\/meeplendice.net\/?author=2"},"rttpg_comment":0,"rttpg_category":null,"rttpg_excerpt":"\u00a0 Dans les hangars de l'Empire Vaisseaux de lignes Escadrons","_links":{"self":[{"href":"https:\/\/meeplendice.net\/index.php?rest_route=\/wp\/v2\/pages\/1714","targetHints":{"allow":["GET"]}}],"collection":[{"href":"https:\/\/meeplendice.net\/index.php?rest_route=\/wp\/v2\/pages"}],"about":[{"href":"https:\/\/meeplendice.net\/index.php?rest_route=\/wp\/v2\/types\/page"}],"author":[{"embeddable":true,"href":"https:\/\/meeplendice.net\/index.php?rest_route=\/wp\/v2\/users\/2"}],"replies":[{"embeddable":true,"href":"https:\/\/meeplendice.net\/index.php?rest_route=%2Fwp%2Fv2%2Fcomments&post=1714"}],"version-history":[{"count":57,"href":"https:\/\/meeplendice.net\/index.php?rest_route=\/wp\/v2\/pages\/1714\/revisions"}],"predecessor-version":[{"id":3132,"href":"https:\/\/meeplendice.net\/index.php?rest_route=\/wp\/v2\/pages\/1714\/revisions\/3132"}],"up":[{"embeddable":true,"href":"https:\/\/meeplendice.net\/index.php?rest_route=\/wp\/v2\/pages\/151"}],"wp:featuredmedia":[{"embeddable":true,"href":"https:\/\/meeplendice.net\/index.php?rest_route=\/wp\/v2\/media\/1960"}],"wp:attachment":[{"href":"https:\/\/meeplendice.net\/index.php?rest_route=%2Fwp%2Fv2%2Fmedia&parent=1714"}],"curies":[{"name":"wp","href":"https:\/\/api.w.org\/{rel}","templated":true}]}}