{"id":2112,"date":"2016-11-24T00:30:19","date_gmt":"2016-11-23T23:30:19","guid":{"rendered":"http:\/\/meeplendice.net\/?page_id=2112"},"modified":"2020-11-22T15:41:10","modified_gmt":"2020-11-22T14:41:10","slug":"2112-2","status":"publish","type":"page","link":"https:\/\/meeplendice.net\/?page_id=2112","title":{"rendered":"Crossroads"},"content":{"rendered":"<p style=\"text-align: justify;\">Voyageurs du Tokaido, vous avez d\u00e9j\u00e0 pu appr\u00e9cier les paysages \u00e9poustouflants, profiter des bienfaits des sources chaudes, d\u00e9guster les mets culinaires locaux, faire d\u2019\u00e9tonnantes rencontres, et ramener de nombreux souvenirs au cours de votre p\u00e9riple empli de qui\u00e9tude sur cette route unique.<\/p>\n<p style=\"text-align: justify;\">Le Tokaido est maintenant pr\u00eat \u00e0 d\u00e9voiler quelques tr\u00e9sors suppl\u00e9mentaires aux voyageurs les plus fid\u00e8les, insatiables de ses richesses et de ses beaut\u00e9s. Profitez des magnifiques cerisiers en fleur ornant les panoramas, visitez les \u00e9tablissements de bain luxueux qui encadrent les sources chaudes, trouvez votre amulette porte-bonheur au sein des temples, d\u00e9nichez des objets l\u00e9gendaires dans les \u00e9choppes, tentez votre chance dans les salles de jeux clandestines et apprenez l\u2019art de la calligraphie gr\u00e2ce aux nombreuses rencontres qui rythment votre marche. De nouveaux voyageurs ont \u00e9t\u00e9 s\u00e9duits par cette qu\u00eate de tranquillit\u00e9 et se joignent \u00e0 vous lors de vos p\u00e9r\u00e9grinations.<\/p>\n<p style=\"text-align: justify;\">Crossroads va vous ouvrir de nouvelles portes et autant de nouvelles possibilit\u00e9s pour un voyage encore plus riche et strat\u00e9gique, donnant ainsi une nouvelle dimension au jeu de base et renouvelant l\u2019exp\u00e9rience ludique.<\/p>\n<p style=\"text-align: justify;\">Quelle merveille vous attendra \u00e0 la crois\u00e9e des chemins ?<span id=\"result_box\" class=\"\" lang=\"fr\"><\/span><\/p>\n","protected":false},"excerpt":{"rendered":"<p>Voyageurs du Tokaido, vous avez d\u00e9j\u00e0 pu appr\u00e9cier les paysages \u00e9poustouflants, profiter des bienfaits des sources chaudes, d\u00e9guster les mets culinaires locaux, faire d\u2019\u00e9tonnantes rencontres, et ramener de nombreux souvenirs au cours de votre p\u00e9riple empli de qui\u00e9tude sur cette route unique. Le Tokaido est maintenant pr\u00eat \u00e0 d\u00e9voiler quelques tr\u00e9sors suppl\u00e9mentaires aux voyageurs les plus fid\u00e8les, insatiables de ses richesses et de ses beaut\u00e9s. Profitez des magnifiques cerisiers en fleur ornant les panoramas, visitez les \u00e9tablissements de bain luxueux qui encadrent les sources chaudes, trouvez votre amulette porte-bonheur au sein des temples, d\u00e9nichez des objets l\u00e9gendaires dans les \u00e9choppes, tentez votre chance dans les salles de jeux clandestines et apprenez l\u2019art de la calligraphie gr\u00e2ce aux nombreuses rencontres qui rythment votre marche. De nouveaux voyageurs ont \u00e9t\u00e9 s\u00e9duits par cette qu\u00eate de tranquillit\u00e9 et se joignent \u00e0 vous lors de vos p\u00e9r\u00e9grinations. Crossroads va vous ouvrir de nouvelles portes et autant de nouvelles possibilit\u00e9s pour un voyage encore plus riche et strat\u00e9gique, donnant ainsi une nouvelle dimension au jeu de base et renouvelant l\u2019exp\u00e9rience ludique. Quelle merveille vous attendra \u00e0 la crois\u00e9e des chemins ?<\/p>\n","protected":false},"author":2,"featured_media":2113,"parent":478,"menu_order":0,"comment_status":"closed","ping_status":"closed","template":"","meta":{"footnotes":""},"class_list":["post-2112","page","type-page","status-publish","has-post-thumbnail","hentry"],"acf":[],"rttpg_featured_image_url":{"full":["https:\/\/meeplendice.net\/wp-content\/uploads\/2016\/11\/Tokaido_Crossroads.png",350,350,false],"landscape":["https:\/\/meeplendice.net\/wp-content\/uploads\/2016\/11\/Tokaido_Crossroads.png",350,350,false],"portraits":["https:\/\/meeplendice.net\/wp-content\/uploads\/2016\/11\/Tokaido_Crossroads.png",350,350,false],"thumbnail":["https:\/\/meeplendice.net\/wp-content\/uploads\/2016\/11\/Tokaido_Crossroads-150x150.png",150,150,true],"medium":["https:\/\/meeplendice.net\/wp-content\/uploads\/2016\/11\/Tokaido_Crossroads-300x300.png",300,300,true],"large":["https:\/\/meeplendice.net\/wp-content\/uploads\/2016\/11\/Tokaido_Crossroads.png",350,350,false],"ug_big":["https:\/\/meeplendice.net\/wp-content\/uploads\/2016\/11\/Tokaido_Crossroads.png",350,350,false],"1536x1536":["https:\/\/meeplendice.net\/wp-content\/uploads\/2016\/11\/Tokaido_Crossroads.png",350,350,false],"2048x2048":["https:\/\/meeplendice.net\/wp-content\/uploads\/2016\/11\/Tokaido_Crossroads.png",350,350,false],"ashe-slider-grid-thumbnail":["https:\/\/meeplendice.net\/wp-content\/uploads\/2016\/11\/Tokaido_Crossroads.png",350,350,false],"ashe-full-thumbnail":["https:\/\/meeplendice.net\/wp-content\/uploads\/2016\/11\/Tokaido_Crossroads.png",350,350,false],"ashe-grid-thumbnail":["https:\/\/meeplendice.net\/wp-content\/uploads\/2016\/11\/Tokaido_Crossroads-350x330.png",350,330,true],"ashe-list-thumbnail":["https:\/\/meeplendice.net\/wp-content\/uploads\/2016\/11\/Tokaido_Crossroads-300x300.png",300,300,true],"ashe-single-navigation":["https:\/\/meeplendice.net\/wp-content\/uploads\/2016\/11\/Tokaido_Crossroads-75x75.png",75,75,true],"mailpoet_newsletter_max":["https:\/\/meeplendice.net\/wp-content\/uploads\/2016\/11\/Tokaido_Crossroads.png",350,350,false],"rpwe-thumbnail":["https:\/\/meeplendice.net\/wp-content\/uploads\/2016\/11\/Tokaido_Crossroads-45x45.png",45,45,true],"sow-carousel-default":["https:\/\/meeplendice.net\/wp-content\/uploads\/2016\/11\/Tokaido_Crossroads-272x182.png",272,182,true],"rt_custom":["https:\/\/meeplendice.net\/wp-content\/uploads\/2016\/11\/Tokaido_Crossroads.png",350,350,false]},"rttpg_author":{"display_name":"Karnby","author_link":"https:\/\/meeplendice.net\/?author=2"},"rttpg_comment":0,"rttpg_category":null,"rttpg_excerpt":"Voyageurs du Tokaido, vous avez d\u00e9j\u00e0 pu appr\u00e9cier les paysages \u00e9poustouflants, profiter des bienfaits des sources chaudes, d\u00e9guster les mets culinaires locaux, faire d\u2019\u00e9tonnantes rencontres, et ramener de nombreux souvenirs au cours de votre p\u00e9riple empli de qui\u00e9tude sur cette route unique. Le Tokaido est maintenant pr\u00eat \u00e0 d\u00e9voiler quelques tr\u00e9sors suppl\u00e9mentaires aux voyageurs les\u2026","_links":{"self":[{"href":"https:\/\/meeplendice.net\/index.php?rest_route=\/wp\/v2\/pages\/2112","targetHints":{"allow":["GET"]}}],"collection":[{"href":"https:\/\/meeplendice.net\/index.php?rest_route=\/wp\/v2\/pages"}],"about":[{"href":"https:\/\/meeplendice.net\/index.php?rest_route=\/wp\/v2\/types\/page"}],"author":[{"embeddable":true,"href":"https:\/\/meeplendice.net\/index.php?rest_route=\/wp\/v2\/users\/2"}],"replies":[{"embeddable":true,"href":"https:\/\/meeplendice.net\/index.php?rest_route=%2Fwp%2Fv2%2Fcomments&post=2112"}],"version-history":[{"count":3,"href":"https:\/\/meeplendice.net\/index.php?rest_route=\/wp\/v2\/pages\/2112\/revisions"}],"predecessor-version":[{"id":7572,"href":"https:\/\/meeplendice.net\/index.php?rest_route=\/wp\/v2\/pages\/2112\/revisions\/7572"}],"up":[{"embeddable":true,"href":"https:\/\/meeplendice.net\/index.php?rest_route=\/wp\/v2\/pages\/478"}],"wp:featuredmedia":[{"embeddable":true,"href":"https:\/\/meeplendice.net\/index.php?rest_route=\/wp\/v2\/media\/2113"}],"wp:attachment":[{"href":"https:\/\/meeplendice.net\/index.php?rest_route=%2Fwp%2Fv2%2Fmedia&parent=2112"}],"curies":[{"name":"wp","href":"https:\/\/api.w.org\/{rel}","templated":true}]}}