{"id":2122,"date":"2016-11-24T00:43:02","date_gmt":"2016-11-23T23:43:02","guid":{"rendered":"http:\/\/meeplendice.net\/?page_id=2122"},"modified":"2020-11-20T20:19:07","modified_gmt":"2020-11-20T19:19:07","slug":"confrontation","status":"publish","type":"page","link":"https:\/\/meeplendice.net\/?page_id=2122","title":{"rendered":"Confrontation"},"content":{"rendered":"<p style=\"text-align: justify;\"><span id=\"result_box\" class=\"\" lang=\"fr\"><span class=\"\"><i>Les combats se sont \u00e9tendus jusqu&rsquo;au confins de l&rsquo;univers. Des alliances se sont form\u00e9es \u00e0 mesure que de nouvelles factions ont pris part au conflit.<\/i><\/span><\/span><\/p>\n<p>Gr\u00e2ce au nouveau mode de jeu \u00ab Confrontation \u00bb, d\u00e9couvrez 2 nouvelles fa\u00e7ons de jouer : affrontez 2 ennemis en vous alliant avec un autre joueur, ou mesurez-vous \u00e0 un seul adversaire dans un duel \u00e9pique.<br \/>\nRenouvelez votre flotte avec de nouveaux vaisseaux, de nouveaux \u00e9quipements et de nouveaux b\u00e2timents, variez vos tactiques de combat, incarnez de nos nouveaux leaders aux pouvoirs in\u00e9dits, conqu\u00e9rez de nouvelles plan\u00e8tes et confrontez-vous \u00e0 de nouveaux \u00e9v\u00e9nements.<\/p>\n","protected":false},"excerpt":{"rendered":"<p>Les combats se sont \u00e9tendus jusqu&rsquo;au confins de l&rsquo;univers. Des alliances se sont form\u00e9es \u00e0 mesure que de nouvelles factions ont pris part au conflit. Gr\u00e2ce au nouveau mode de jeu \u00ab Confrontation \u00bb, d\u00e9couvrez 2 nouvelles fa\u00e7ons de jouer : affrontez 2 ennemis en vous alliant avec un autre joueur, ou mesurez-vous \u00e0 un seul adversaire dans un duel \u00e9pique. Renouvelez votre flotte avec de nouveaux vaisseaux, de nouveaux \u00e9quipements et de nouveaux b\u00e2timents, variez vos tactiques de combat, incarnez de nos nouveaux leaders aux pouvoirs in\u00e9dits, conqu\u00e9rez de nouvelles plan\u00e8tes et confrontez-vous \u00e0 de nouveaux \u00e9v\u00e9nements.<\/p>\n","protected":false},"author":2,"featured_media":2123,"parent":476,"menu_order":0,"comment_status":"closed","ping_status":"closed","template":"","meta":{"footnotes":""},"class_list":["post-2122","page","type-page","status-publish","has-post-thumbnail","hentry"],"acf":[],"rttpg_featured_image_url":{"full":["https:\/\/meeplendice.net\/wp-content\/uploads\/2016\/11\/TitaniumWars_Confrontation.png",350,350,false],"landscape":["https:\/\/meeplendice.net\/wp-content\/uploads\/2016\/11\/TitaniumWars_Confrontation.png",350,350,false],"portraits":["https:\/\/meeplendice.net\/wp-content\/uploads\/2016\/11\/TitaniumWars_Confrontation.png",350,350,false],"thumbnail":["https:\/\/meeplendice.net\/wp-content\/uploads\/2016\/11\/TitaniumWars_Confrontation-150x150.png",150,150,true],"medium":["https:\/\/meeplendice.net\/wp-content\/uploads\/2016\/11\/TitaniumWars_Confrontation-300x300.png",300,300,true],"large":["https:\/\/meeplendice.net\/wp-content\/uploads\/2016\/11\/TitaniumWars_Confrontation.png",350,350,false],"ug_big":["https:\/\/meeplendice.net\/wp-content\/uploads\/2016\/11\/TitaniumWars_Confrontation.png",350,350,false],"1536x1536":["https:\/\/meeplendice.net\/wp-content\/uploads\/2016\/11\/TitaniumWars_Confrontation.png",350,350,false],"2048x2048":["https:\/\/meeplendice.net\/wp-content\/uploads\/2016\/11\/TitaniumWars_Confrontation.png",350,350,false],"ashe-slider-grid-thumbnail":["https:\/\/meeplendice.net\/wp-content\/uploads\/2016\/11\/TitaniumWars_Confrontation.png",350,350,false],"ashe-full-thumbnail":["https:\/\/meeplendice.net\/wp-content\/uploads\/2016\/11\/TitaniumWars_Confrontation.png",350,350,false],"ashe-grid-thumbnail":["https:\/\/meeplendice.net\/wp-content\/uploads\/2016\/11\/TitaniumWars_Confrontation-350x330.png",350,330,true],"ashe-list-thumbnail":["https:\/\/meeplendice.net\/wp-content\/uploads\/2016\/11\/TitaniumWars_Confrontation-300x300.png",300,300,true],"ashe-single-navigation":["https:\/\/meeplendice.net\/wp-content\/uploads\/2016\/11\/TitaniumWars_Confrontation-75x75.png",75,75,true],"mailpoet_newsletter_max":["https:\/\/meeplendice.net\/wp-content\/uploads\/2016\/11\/TitaniumWars_Confrontation.png",350,350,false],"rpwe-thumbnail":["https:\/\/meeplendice.net\/wp-content\/uploads\/2016\/11\/TitaniumWars_Confrontation-45x45.png",45,45,true],"sow-carousel-default":["https:\/\/meeplendice.net\/wp-content\/uploads\/2016\/11\/TitaniumWars_Confrontation-272x182.png",272,182,true],"rt_custom":["https:\/\/meeplendice.net\/wp-content\/uploads\/2016\/11\/TitaniumWars_Confrontation.png",350,350,false]},"rttpg_author":{"display_name":"Karnby","author_link":"https:\/\/meeplendice.net\/?author=2"},"rttpg_comment":0,"rttpg_category":null,"rttpg_excerpt":"Les combats se sont \u00e9tendus jusqu&rsquo;au confins de l&rsquo;univers. Des alliances se sont form\u00e9es \u00e0 mesure que de nouvelles factions ont pris part au conflit. Gr\u00e2ce au nouveau mode de jeu \u00ab Confrontation \u00bb, d\u00e9couvrez 2 nouvelles fa\u00e7ons de jouer : affrontez 2 ennemis en vous alliant avec un autre joueur, ou mesurez-vous \u00e0 un\u2026","_links":{"self":[{"href":"https:\/\/meeplendice.net\/index.php?rest_route=\/wp\/v2\/pages\/2122","targetHints":{"allow":["GET"]}}],"collection":[{"href":"https:\/\/meeplendice.net\/index.php?rest_route=\/wp\/v2\/pages"}],"about":[{"href":"https:\/\/meeplendice.net\/index.php?rest_route=\/wp\/v2\/types\/page"}],"author":[{"embeddable":true,"href":"https:\/\/meeplendice.net\/index.php?rest_route=\/wp\/v2\/users\/2"}],"replies":[{"embeddable":true,"href":"https:\/\/meeplendice.net\/index.php?rest_route=%2Fwp%2Fv2%2Fcomments&post=2122"}],"version-history":[{"count":2,"href":"https:\/\/meeplendice.net\/index.php?rest_route=\/wp\/v2\/pages\/2122\/revisions"}],"predecessor-version":[{"id":7550,"href":"https:\/\/meeplendice.net\/index.php?rest_route=\/wp\/v2\/pages\/2122\/revisions\/7550"}],"up":[{"embeddable":true,"href":"https:\/\/meeplendice.net\/index.php?rest_route=\/wp\/v2\/pages\/476"}],"wp:featuredmedia":[{"embeddable":true,"href":"https:\/\/meeplendice.net\/index.php?rest_route=\/wp\/v2\/media\/2123"}],"wp:attachment":[{"href":"https:\/\/meeplendice.net\/index.php?rest_route=%2Fwp%2Fv2%2Fmedia&parent=2122"}],"curies":[{"name":"wp","href":"https:\/\/api.w.org\/{rel}","templated":true}]}}