{"id":2126,"date":"2016-11-24T00:58:09","date_gmt":"2016-11-23T23:58:09","guid":{"rendered":"http:\/\/meeplendice.net\/?page_id=2126"},"modified":"2020-11-13T18:54:12","modified_gmt":"2020-11-13T17:54:12","slug":"backstage","status":"publish","type":"page","link":"https:\/\/meeplendice.net\/?page_id=2126","title":{"rendered":"Backstage"},"content":{"rendered":"<p style=\"text-align: justify;\">Pr\u00e9parez vous au succ\u00e8s et \u00e0 une nouvelle saison de th\u00e9\u00e2tre avec la premi\u00e8re extension de Shakespeare !<\/p>\n<p style=\"text-align: justify;\">De nouveaux acteurs, de nouveaux personnage, des nouveaux costumes et des mises en sc\u00e8ne novatrices vous permettront de briller lorsque le rideau se l\u00e8vera et que toutes les lumi\u00e8res seront sur vous.<span id=\"result_box\" class=\"\" lang=\"fr\"><\/span><\/p>\n","protected":false},"excerpt":{"rendered":"<p>Pr\u00e9parez vous au succ\u00e8s et \u00e0 une nouvelle saison de th\u00e9\u00e2tre avec la premi\u00e8re extension de Shakespeare ! De nouveaux acteurs, de nouveaux personnage, des nouveaux costumes et des mises en sc\u00e8ne novatrices vous permettront de briller lorsque le rideau se l\u00e8vera et que toutes les lumi\u00e8res seront sur vous.<\/p>\n","protected":false},"author":2,"featured_media":2127,"parent":424,"menu_order":0,"comment_status":"closed","ping_status":"closed","template":"","meta":{"footnotes":""},"class_list":["post-2126","page","type-page","status-publish","has-post-thumbnail","hentry"],"acf":[],"rttpg_featured_image_url":{"full":["https:\/\/meeplendice.net\/wp-content\/uploads\/2016\/11\/Shakespear_Backstage.png",350,350,false],"landscape":["https:\/\/meeplendice.net\/wp-content\/uploads\/2016\/11\/Shakespear_Backstage.png",350,350,false],"portraits":["https:\/\/meeplendice.net\/wp-content\/uploads\/2016\/11\/Shakespear_Backstage.png",350,350,false],"thumbnail":["https:\/\/meeplendice.net\/wp-content\/uploads\/2016\/11\/Shakespear_Backstage-150x150.png",150,150,true],"medium":["https:\/\/meeplendice.net\/wp-content\/uploads\/2016\/11\/Shakespear_Backstage-300x300.png",300,300,true],"large":["https:\/\/meeplendice.net\/wp-content\/uploads\/2016\/11\/Shakespear_Backstage.png",350,350,false],"ug_big":["https:\/\/meeplendice.net\/wp-content\/uploads\/2016\/11\/Shakespear_Backstage.png",350,350,false],"1536x1536":["https:\/\/meeplendice.net\/wp-content\/uploads\/2016\/11\/Shakespear_Backstage.png",350,350,false],"2048x2048":["https:\/\/meeplendice.net\/wp-content\/uploads\/2016\/11\/Shakespear_Backstage.png",350,350,false],"ashe-slider-grid-thumbnail":["https:\/\/meeplendice.net\/wp-content\/uploads\/2016\/11\/Shakespear_Backstage.png",350,350,false],"ashe-full-thumbnail":["https:\/\/meeplendice.net\/wp-content\/uploads\/2016\/11\/Shakespear_Backstage.png",350,350,false],"ashe-grid-thumbnail":["https:\/\/meeplendice.net\/wp-content\/uploads\/2016\/11\/Shakespear_Backstage-350x330.png",350,330,true],"ashe-list-thumbnail":["https:\/\/meeplendice.net\/wp-content\/uploads\/2016\/11\/Shakespear_Backstage-300x300.png",300,300,true],"ashe-single-navigation":["https:\/\/meeplendice.net\/wp-content\/uploads\/2016\/11\/Shakespear_Backstage-75x75.png",75,75,true],"mailpoet_newsletter_max":["https:\/\/meeplendice.net\/wp-content\/uploads\/2016\/11\/Shakespear_Backstage.png",350,350,false],"rpwe-thumbnail":["https:\/\/meeplendice.net\/wp-content\/uploads\/2016\/11\/Shakespear_Backstage-45x45.png",45,45,true],"sow-carousel-default":["https:\/\/meeplendice.net\/wp-content\/uploads\/2016\/11\/Shakespear_Backstage-272x182.png",272,182,true],"rt_custom":["https:\/\/meeplendice.net\/wp-content\/uploads\/2016\/11\/Shakespear_Backstage.png",350,350,false]},"rttpg_author":{"display_name":"Karnby","author_link":"https:\/\/meeplendice.net\/?author=2"},"rttpg_comment":0,"rttpg_category":null,"rttpg_excerpt":"Pr\u00e9parez vous au succ\u00e8s et \u00e0 une nouvelle saison de th\u00e9\u00e2tre avec la premi\u00e8re extension de Shakespeare ! De nouveaux acteurs, de nouveaux personnage, des nouveaux costumes et des mises en sc\u00e8ne novatrices vous permettront de briller lorsque le rideau se l\u00e8vera et que toutes les lumi\u00e8res seront sur vous.","_links":{"self":[{"href":"https:\/\/meeplendice.net\/index.php?rest_route=\/wp\/v2\/pages\/2126","targetHints":{"allow":["GET"]}}],"collection":[{"href":"https:\/\/meeplendice.net\/index.php?rest_route=\/wp\/v2\/pages"}],"about":[{"href":"https:\/\/meeplendice.net\/index.php?rest_route=\/wp\/v2\/types\/page"}],"author":[{"embeddable":true,"href":"https:\/\/meeplendice.net\/index.php?rest_route=\/wp\/v2\/users\/2"}],"replies":[{"embeddable":true,"href":"https:\/\/meeplendice.net\/index.php?rest_route=%2Fwp%2Fv2%2Fcomments&post=2126"}],"version-history":[{"count":2,"href":"https:\/\/meeplendice.net\/index.php?rest_route=\/wp\/v2\/pages\/2126\/revisions"}],"predecessor-version":[{"id":7432,"href":"https:\/\/meeplendice.net\/index.php?rest_route=\/wp\/v2\/pages\/2126\/revisions\/7432"}],"up":[{"embeddable":true,"href":"https:\/\/meeplendice.net\/index.php?rest_route=\/wp\/v2\/pages\/424"}],"wp:featuredmedia":[{"embeddable":true,"href":"https:\/\/meeplendice.net\/index.php?rest_route=\/wp\/v2\/media\/2127"}],"wp:attachment":[{"href":"https:\/\/meeplendice.net\/index.php?rest_route=%2Fwp%2Fv2%2Fmedia&parent=2126"}],"curies":[{"name":"wp","href":"https:\/\/api.w.org\/{rel}","templated":true}]}}