{"id":2135,"date":"2016-11-24T01:24:37","date_gmt":"2016-11-24T00:24:37","guid":{"rendered":"http:\/\/meeplendice.net\/?page_id=2135"},"modified":"2020-11-20T20:02:16","modified_gmt":"2020-11-20T19:02:16","slug":"strike-back","status":"publish","type":"page","link":"https:\/\/meeplendice.net\/?page_id=2135","title":{"rendered":"Strike Back"},"content":{"rendered":"<p style=\"text-align: justify;\"><span id=\"result_box\" class=\"\" lang=\"fr\"><span class=\"\">Des monstres encore plus rapides surgissent des profondeurs !<br \/>\nLes gentils dauphins vous aideront-ils \u00e0 leur \u00e9chapper ?<br \/>\nUne nouvelle cr\u00e9ature affam\u00e9e, la pieuvre g\u00e9ante, va s\u2019en prendre aux occupants des bateaux et m\u00eame attaquer jusque sur la terre ferme avec ses tentacules !<br \/>\n<\/span><\/span><\/p>\n<p style=\"text-align: justify;\"><span id=\"result_box\" class=\"\" lang=\"fr\"><span class=\"\"> Pour encore plus de frissons, vous pourrez d\u00e9sormais partager les palpitantes aventures de The Island \u00e0 5 ou 6 joueurs!<\/span><\/span><\/p>\n","protected":false},"excerpt":{"rendered":"<p>Des monstres encore plus rapides surgissent des profondeurs ! Les gentils dauphins vous aideront-ils \u00e0 leur \u00e9chapper ? Une nouvelle cr\u00e9ature affam\u00e9e, la pieuvre g\u00e9ante, va s\u2019en prendre aux occupants des bateaux et m\u00eame attaquer jusque sur la terre ferme avec ses tentacules ! Pour encore plus de frissons, vous pourrez d\u00e9sormais partager les palpitantes aventures de The Island \u00e0 5 ou 6 joueurs!<\/p>\n","protected":false},"author":2,"featured_media":2136,"parent":460,"menu_order":0,"comment_status":"closed","ping_status":"closed","template":"","meta":{"footnotes":""},"class_list":["post-2135","page","type-page","status-publish","has-post-thumbnail","hentry"],"acf":[],"rttpg_featured_image_url":{"full":["https:\/\/meeplendice.net\/wp-content\/uploads\/2016\/11\/Theisland_Strikeback.png",350,350,false],"landscape":["https:\/\/meeplendice.net\/wp-content\/uploads\/2016\/11\/Theisland_Strikeback.png",350,350,false],"portraits":["https:\/\/meeplendice.net\/wp-content\/uploads\/2016\/11\/Theisland_Strikeback.png",350,350,false],"thumbnail":["https:\/\/meeplendice.net\/wp-content\/uploads\/2016\/11\/Theisland_Strikeback-150x150.png",150,150,true],"medium":["https:\/\/meeplendice.net\/wp-content\/uploads\/2016\/11\/Theisland_Strikeback-300x300.png",300,300,true],"large":["https:\/\/meeplendice.net\/wp-content\/uploads\/2016\/11\/Theisland_Strikeback.png",350,350,false],"ug_big":["https:\/\/meeplendice.net\/wp-content\/uploads\/2016\/11\/Theisland_Strikeback.png",350,350,false],"1536x1536":["https:\/\/meeplendice.net\/wp-content\/uploads\/2016\/11\/Theisland_Strikeback.png",350,350,false],"2048x2048":["https:\/\/meeplendice.net\/wp-content\/uploads\/2016\/11\/Theisland_Strikeback.png",350,350,false],"ashe-slider-grid-thumbnail":["https:\/\/meeplendice.net\/wp-content\/uploads\/2016\/11\/Theisland_Strikeback.png",350,350,false],"ashe-full-thumbnail":["https:\/\/meeplendice.net\/wp-content\/uploads\/2016\/11\/Theisland_Strikeback.png",350,350,false],"ashe-grid-thumbnail":["https:\/\/meeplendice.net\/wp-content\/uploads\/2016\/11\/Theisland_Strikeback-350x330.png",350,330,true],"ashe-list-thumbnail":["https:\/\/meeplendice.net\/wp-content\/uploads\/2016\/11\/Theisland_Strikeback-300x300.png",300,300,true],"ashe-single-navigation":["https:\/\/meeplendice.net\/wp-content\/uploads\/2016\/11\/Theisland_Strikeback-75x75.png",75,75,true],"mailpoet_newsletter_max":["https:\/\/meeplendice.net\/wp-content\/uploads\/2016\/11\/Theisland_Strikeback.png",350,350,false],"rpwe-thumbnail":["https:\/\/meeplendice.net\/wp-content\/uploads\/2016\/11\/Theisland_Strikeback-45x45.png",45,45,true],"sow-carousel-default":["https:\/\/meeplendice.net\/wp-content\/uploads\/2016\/11\/Theisland_Strikeback-272x182.png",272,182,true],"rt_custom":["https:\/\/meeplendice.net\/wp-content\/uploads\/2016\/11\/Theisland_Strikeback.png",350,350,false]},"rttpg_author":{"display_name":"Karnby","author_link":"https:\/\/meeplendice.net\/?author=2"},"rttpg_comment":0,"rttpg_category":null,"rttpg_excerpt":"Des monstres encore plus rapides surgissent des profondeurs ! Les gentils dauphins vous aideront-ils \u00e0 leur \u00e9chapper ? Une nouvelle cr\u00e9ature affam\u00e9e, la pieuvre g\u00e9ante, va s\u2019en prendre aux occupants des bateaux et m\u00eame attaquer jusque sur la terre ferme avec ses tentacules ! Pour encore plus de frissons, vous pourrez d\u00e9sormais partager les palpitantes\u2026","_links":{"self":[{"href":"https:\/\/meeplendice.net\/index.php?rest_route=\/wp\/v2\/pages\/2135","targetHints":{"allow":["GET"]}}],"collection":[{"href":"https:\/\/meeplendice.net\/index.php?rest_route=\/wp\/v2\/pages"}],"about":[{"href":"https:\/\/meeplendice.net\/index.php?rest_route=\/wp\/v2\/types\/page"}],"author":[{"embeddable":true,"href":"https:\/\/meeplendice.net\/index.php?rest_route=\/wp\/v2\/users\/2"}],"replies":[{"embeddable":true,"href":"https:\/\/meeplendice.net\/index.php?rest_route=%2Fwp%2Fv2%2Fcomments&post=2135"}],"version-history":[{"count":2,"href":"https:\/\/meeplendice.net\/index.php?rest_route=\/wp\/v2\/pages\/2135\/revisions"}],"predecessor-version":[{"id":7538,"href":"https:\/\/meeplendice.net\/index.php?rest_route=\/wp\/v2\/pages\/2135\/revisions\/7538"}],"up":[{"embeddable":true,"href":"https:\/\/meeplendice.net\/index.php?rest_route=\/wp\/v2\/pages\/460"}],"wp:featuredmedia":[{"embeddable":true,"href":"https:\/\/meeplendice.net\/index.php?rest_route=\/wp\/v2\/media\/2136"}],"wp:attachment":[{"href":"https:\/\/meeplendice.net\/index.php?rest_route=%2Fwp%2Fv2%2Fmedia&parent=2135"}],"curies":[{"name":"wp","href":"https:\/\/api.w.org\/{rel}","templated":true}]}}