{"id":2162,"date":"2016-11-24T10:42:17","date_gmt":"2016-11-24T09:42:17","guid":{"rendered":"http:\/\/meeplendice.net\/?page_id=2162"},"modified":"2020-11-20T16:42:06","modified_gmt":"2020-11-20T15:42:06","slug":"pack-ennemis-tyranide","status":"publish","type":"page","link":"https:\/\/meeplendice.net\/?page_id=2162","title":{"rendered":"Pack Ennemis : Tyranide"},"content":{"rendered":"<p style=\"text-align: justify;\">Affrontez la menace Tyranide !<\/p>\n<p>Cette extension pour\u00a0Death Angel\u00a0: Le Jeu de Cartes\u00a0contient deux nouveaut\u00e9s : un nouveau paquet de cartes ennemi pour remplacer les Genestealers standards, ainsi qu\u2019un nouveau type de cartes Lieu.<\/p>\n<p>Le nouveau pack\u00a0Tyranide propose une grande vari\u00e9t\u00e9 d\u2019ennemis qui vont pr\u00e9senter un d\u00e9fi m\u00eame pour les Space Marines les plus accomplis, tandis que les cartes Lieu Seigneurs de la Ruche introduisent les incroyables chefs supr\u00eames Tyranides\u00a0!!<\/p>\n","protected":false},"excerpt":{"rendered":"<p>Affrontez la menace Tyranide ! Cette extension pour\u00a0Death Angel\u00a0: Le Jeu de Cartes\u00a0contient deux nouveaut\u00e9s : un nouveau paquet de cartes ennemi pour remplacer les Genestealers standards, ainsi qu\u2019un nouveau type de cartes Lieu. Le nouveau pack\u00a0Tyranide propose une grande vari\u00e9t\u00e9 d\u2019ennemis qui vont pr\u00e9senter un d\u00e9fi m\u00eame pour les Space Marines les plus accomplis, tandis que les cartes Lieu Seigneurs de la Ruche introduisent les incroyables chefs supr\u00eames Tyranides\u00a0!!<\/p>\n","protected":false},"author":2,"featured_media":2155,"parent":438,"menu_order":0,"comment_status":"closed","ping_status":"closed","template":"","meta":{"footnotes":""},"class_list":["post-2162","page","type-page","status-publish","has-post-thumbnail","hentry"],"acf":[],"rttpg_featured_image_url":{"full":["https:\/\/meeplendice.net\/wp-content\/uploads\/2016\/11\/SHDA_Tyranide.png",350,350,false],"landscape":["https:\/\/meeplendice.net\/wp-content\/uploads\/2016\/11\/SHDA_Tyranide.png",350,350,false],"portraits":["https:\/\/meeplendice.net\/wp-content\/uploads\/2016\/11\/SHDA_Tyranide.png",350,350,false],"thumbnail":["https:\/\/meeplendice.net\/wp-content\/uploads\/2016\/11\/SHDA_Tyranide-150x150.png",150,150,true],"medium":["https:\/\/meeplendice.net\/wp-content\/uploads\/2016\/11\/SHDA_Tyranide-300x300.png",300,300,true],"large":["https:\/\/meeplendice.net\/wp-content\/uploads\/2016\/11\/SHDA_Tyranide.png",350,350,false],"ug_big":["https:\/\/meeplendice.net\/wp-content\/uploads\/2016\/11\/SHDA_Tyranide.png",350,350,false],"1536x1536":["https:\/\/meeplendice.net\/wp-content\/uploads\/2016\/11\/SHDA_Tyranide.png",350,350,false],"2048x2048":["https:\/\/meeplendice.net\/wp-content\/uploads\/2016\/11\/SHDA_Tyranide.png",350,350,false],"ashe-slider-grid-thumbnail":["https:\/\/meeplendice.net\/wp-content\/uploads\/2016\/11\/SHDA_Tyranide.png",350,350,false],"ashe-full-thumbnail":["https:\/\/meeplendice.net\/wp-content\/uploads\/2016\/11\/SHDA_Tyranide.png",350,350,false],"ashe-grid-thumbnail":["https:\/\/meeplendice.net\/wp-content\/uploads\/2016\/11\/SHDA_Tyranide-350x330.png",350,330,true],"ashe-list-thumbnail":["https:\/\/meeplendice.net\/wp-content\/uploads\/2016\/11\/SHDA_Tyranide-300x300.png",300,300,true],"ashe-single-navigation":["https:\/\/meeplendice.net\/wp-content\/uploads\/2016\/11\/SHDA_Tyranide-75x75.png",75,75,true],"mailpoet_newsletter_max":["https:\/\/meeplendice.net\/wp-content\/uploads\/2016\/11\/SHDA_Tyranide.png",350,350,false],"rpwe-thumbnail":["https:\/\/meeplendice.net\/wp-content\/uploads\/2016\/11\/SHDA_Tyranide-45x45.png",45,45,true],"sow-carousel-default":["https:\/\/meeplendice.net\/wp-content\/uploads\/2016\/11\/SHDA_Tyranide-272x182.png",272,182,true],"rt_custom":["https:\/\/meeplendice.net\/wp-content\/uploads\/2016\/11\/SHDA_Tyranide.png",350,350,false]},"rttpg_author":{"display_name":"Karnby","author_link":"https:\/\/meeplendice.net\/?author=2"},"rttpg_comment":0,"rttpg_category":null,"rttpg_excerpt":"Affrontez la menace Tyranide ! Cette extension pour\u00a0Death Angel\u00a0: Le Jeu de Cartes\u00a0contient deux nouveaut\u00e9s : un nouveau paquet de cartes ennemi pour remplacer les Genestealers standards, ainsi qu\u2019un nouveau type de cartes Lieu. Le nouveau pack\u00a0Tyranide propose une grande vari\u00e9t\u00e9 d\u2019ennemis qui vont pr\u00e9senter un d\u00e9fi m\u00eame pour les Space Marines les plus accomplis,\u2026","_links":{"self":[{"href":"https:\/\/meeplendice.net\/index.php?rest_route=\/wp\/v2\/pages\/2162","targetHints":{"allow":["GET"]}}],"collection":[{"href":"https:\/\/meeplendice.net\/index.php?rest_route=\/wp\/v2\/pages"}],"about":[{"href":"https:\/\/meeplendice.net\/index.php?rest_route=\/wp\/v2\/types\/page"}],"author":[{"embeddable":true,"href":"https:\/\/meeplendice.net\/index.php?rest_route=\/wp\/v2\/users\/2"}],"replies":[{"embeddable":true,"href":"https:\/\/meeplendice.net\/index.php?rest_route=%2Fwp%2Fv2%2Fcomments&post=2162"}],"version-history":[{"count":2,"href":"https:\/\/meeplendice.net\/index.php?rest_route=\/wp\/v2\/pages\/2162\/revisions"}],"predecessor-version":[{"id":7450,"href":"https:\/\/meeplendice.net\/index.php?rest_route=\/wp\/v2\/pages\/2162\/revisions\/7450"}],"up":[{"embeddable":true,"href":"https:\/\/meeplendice.net\/index.php?rest_route=\/wp\/v2\/pages\/438"}],"wp:featuredmedia":[{"embeddable":true,"href":"https:\/\/meeplendice.net\/index.php?rest_route=\/wp\/v2\/media\/2155"}],"wp:attachment":[{"href":"https:\/\/meeplendice.net\/index.php?rest_route=%2Fwp%2Fv2%2Fmedia&parent=2162"}],"curies":[{"name":"wp","href":"https:\/\/api.w.org\/{rel}","templated":true}]}}