{"id":2220,"date":"2016-11-24T13:41:26","date_gmt":"2016-11-24T12:41:26","guid":{"rendered":"http:\/\/meeplendice.net\/?page_id=2220"},"modified":"2020-11-20T19:16:07","modified_gmt":"2020-11-20T18:16:07","slug":"plateau-6-joueurs","status":"publish","type":"page","link":"https:\/\/meeplendice.net\/?page_id=2220","title":{"rendered":"Plateau 6 joueurs"},"content":{"rendered":"<p style=\"text-align: justify;\"><em>Le monde de Small World et de Small World Underground s&rsquo;agrandit&#8230; mais il n&rsquo;y a toujours pas assez de place pour tout le monde. Formez des \u00e9quipes et partez \u00e0 la conqu\u00eate des nouveaux Lieux et de la Relique de ces nouveaux plateaux !<\/em><\/p>\n<p style=\"text-align: justify;\">Cette extension vous propose une nouvelle fa\u00e7on de jouer \u00e0 Small World ou \u00e0 Small World Underground. Les joueurs se r\u00e9partissent en \u00e9quipes de deux. La partie se d\u00e9roule ensuite normalement, chaque joueur utilisant ses propres combinaisons peuples\u00a0\/ pouvoirs sp\u00e9ciaux et marquant ses points s\u00e9par\u00e9ment. \u00c0 la fin de la partie, c&rsquo;est le score du joueur le plus faible qui compte pour l&rsquo;\u00e9quipe !<\/p>\n","protected":false},"excerpt":{"rendered":"<p>Le monde de Small World et de Small World Underground s&rsquo;agrandit&#8230; mais il n&rsquo;y a toujours pas assez de place pour tout le monde. Formez des \u00e9quipes et partez \u00e0 la conqu\u00eate des nouveaux Lieux et de la Relique de ces nouveaux plateaux ! Cette extension vous propose une nouvelle fa\u00e7on de jouer \u00e0 Small World ou \u00e0 Small World Underground. Les joueurs se r\u00e9partissent en \u00e9quipes de deux. La partie se d\u00e9roule ensuite normalement, chaque joueur utilisant ses propres combinaisons peuples\u00a0\/ pouvoirs sp\u00e9ciaux et marquant ses points s\u00e9par\u00e9ment. \u00c0 la fin de la partie, c&rsquo;est le score du joueur le plus faible qui compte pour l&rsquo;\u00e9quipe !<\/p>\n","protected":false},"author":2,"featured_media":2192,"parent":430,"menu_order":0,"comment_status":"closed","ping_status":"closed","template":"","meta":{"footnotes":""},"class_list":["post-2220","page","type-page","status-publish","has-post-thumbnail","hentry"],"acf":[],"rttpg_featured_image_url":{"full":["https:\/\/meeplendice.net\/wp-content\/uploads\/2016\/11\/SWORLD_6playerboard.png",350,350,false],"landscape":["https:\/\/meeplendice.net\/wp-content\/uploads\/2016\/11\/SWORLD_6playerboard.png",350,350,false],"portraits":["https:\/\/meeplendice.net\/wp-content\/uploads\/2016\/11\/SWORLD_6playerboard.png",350,350,false],"thumbnail":["https:\/\/meeplendice.net\/wp-content\/uploads\/2016\/11\/SWORLD_6playerboard-150x150.png",150,150,true],"medium":["https:\/\/meeplendice.net\/wp-content\/uploads\/2016\/11\/SWORLD_6playerboard-300x300.png",300,300,true],"large":["https:\/\/meeplendice.net\/wp-content\/uploads\/2016\/11\/SWORLD_6playerboard.png",350,350,false],"ug_big":["https:\/\/meeplendice.net\/wp-content\/uploads\/2016\/11\/SWORLD_6playerboard.png",350,350,false],"1536x1536":["https:\/\/meeplendice.net\/wp-content\/uploads\/2016\/11\/SWORLD_6playerboard.png",350,350,false],"2048x2048":["https:\/\/meeplendice.net\/wp-content\/uploads\/2016\/11\/SWORLD_6playerboard.png",350,350,false],"ashe-slider-grid-thumbnail":["https:\/\/meeplendice.net\/wp-content\/uploads\/2016\/11\/SWORLD_6playerboard.png",350,350,false],"ashe-full-thumbnail":["https:\/\/meeplendice.net\/wp-content\/uploads\/2016\/11\/SWORLD_6playerboard.png",350,350,false],"ashe-grid-thumbnail":["https:\/\/meeplendice.net\/wp-content\/uploads\/2016\/11\/SWORLD_6playerboard-350x330.png",350,330,true],"ashe-list-thumbnail":["https:\/\/meeplendice.net\/wp-content\/uploads\/2016\/11\/SWORLD_6playerboard-300x300.png",300,300,true],"ashe-single-navigation":["https:\/\/meeplendice.net\/wp-content\/uploads\/2016\/11\/SWORLD_6playerboard-75x75.png",75,75,true],"mailpoet_newsletter_max":["https:\/\/meeplendice.net\/wp-content\/uploads\/2016\/11\/SWORLD_6playerboard.png",350,350,false],"rpwe-thumbnail":["https:\/\/meeplendice.net\/wp-content\/uploads\/2016\/11\/SWORLD_6playerboard-45x45.png",45,45,true],"sow-carousel-default":["https:\/\/meeplendice.net\/wp-content\/uploads\/2016\/11\/SWORLD_6playerboard-272x182.png",272,182,true],"rt_custom":["https:\/\/meeplendice.net\/wp-content\/uploads\/2016\/11\/SWORLD_6playerboard.png",350,350,false]},"rttpg_author":{"display_name":"Karnby","author_link":"https:\/\/meeplendice.net\/?author=2"},"rttpg_comment":0,"rttpg_category":null,"rttpg_excerpt":"Le monde de Small World et de Small World Underground s&rsquo;agrandit&#8230; mais il n&rsquo;y a toujours pas assez de place pour tout le monde. Formez des \u00e9quipes et partez \u00e0 la conqu\u00eate des nouveaux Lieux et de la Relique de ces nouveaux plateaux ! Cette extension vous propose une nouvelle fa\u00e7on de jouer \u00e0 Small\u2026","_links":{"self":[{"href":"https:\/\/meeplendice.net\/index.php?rest_route=\/wp\/v2\/pages\/2220","targetHints":{"allow":["GET"]}}],"collection":[{"href":"https:\/\/meeplendice.net\/index.php?rest_route=\/wp\/v2\/pages"}],"about":[{"href":"https:\/\/meeplendice.net\/index.php?rest_route=\/wp\/v2\/types\/page"}],"author":[{"embeddable":true,"href":"https:\/\/meeplendice.net\/index.php?rest_route=\/wp\/v2\/users\/2"}],"replies":[{"embeddable":true,"href":"https:\/\/meeplendice.net\/index.php?rest_route=%2Fwp%2Fv2%2Fcomments&post=2220"}],"version-history":[{"count":2,"href":"https:\/\/meeplendice.net\/index.php?rest_route=\/wp\/v2\/pages\/2220\/revisions"}],"predecessor-version":[{"id":7511,"href":"https:\/\/meeplendice.net\/index.php?rest_route=\/wp\/v2\/pages\/2220\/revisions\/7511"}],"up":[{"embeddable":true,"href":"https:\/\/meeplendice.net\/index.php?rest_route=\/wp\/v2\/pages\/430"}],"wp:featuredmedia":[{"embeddable":true,"href":"https:\/\/meeplendice.net\/index.php?rest_route=\/wp\/v2\/media\/2192"}],"wp:attachment":[{"href":"https:\/\/meeplendice.net\/index.php?rest_route=%2Fwp%2Fv2%2Fmedia&parent=2220"}],"curies":[{"name":"wp","href":"https:\/\/api.w.org\/{rel}","templated":true}]}}