{"id":2226,"date":"2016-11-24T16:47:24","date_gmt":"2016-11-24T15:47:24","guid":{"rendered":"http:\/\/meeplendice.net\/?page_id=2226"},"modified":"2022-01-24T12:35:20","modified_gmt":"2022-01-24T11:35:20","slug":"android-mainframe","status":"publish","type":"page","link":"https:\/\/meeplendice.net\/?page_id=2226","title":{"rendered":"Android : Mainframe"},"content":{"rendered":"<div id=\"pl-2226\"  class=\"panel-layout\" ><div id=\"pg-2226-0\"  class=\"panel-grid panel-no-style\" ><div id=\"pgc-2226-0-0\"  class=\"panel-grid-cell\" ><div id=\"panel-2226-0-0-0\" class=\"so-panel widget widget_sow-editor panel-first-child panel-last-child\" data-index=\"0\" ><div\n\t\t\t\n\t\t\tclass=\"so-widget-sow-editor so-widget-sow-editor-base\"\n\t\t\t\n\t\t>\n<div class=\"siteorigin-widget-tinymce textwidget\">\n\t<p style=\"text-align: center;\"><strong>Nombre de joueurs :<br \/>\n<\/strong> 2 - 4<\/p>\n<\/div>\n<\/div><\/div><\/div><div id=\"pgc-2226-0-1\"  class=\"panel-grid-cell\" ><div id=\"panel-2226-0-1-0\" class=\"so-panel widget widget_sow-editor panel-first-child panel-last-child\" data-index=\"1\" ><div\n\t\t\t\n\t\t\tclass=\"so-widget-sow-editor so-widget-sow-editor-base\"\n\t\t\t\n\t\t>\n<div class=\"siteorigin-widget-tinymce textwidget\">\n\t<p style=\"text-align: center;\"><strong>Dur\u00e9e moyenne :<\/strong><br \/>\n30 min<\/p>\n<\/div>\n<\/div><\/div><\/div><div id=\"pgc-2226-0-2\"  class=\"panel-grid-cell\" ><div id=\"panel-2226-0-2-0\" class=\"so-panel widget widget_sow-editor panel-first-child panel-last-child\" data-index=\"2\" ><div\n\t\t\t\n\t\t\tclass=\"so-widget-sow-editor so-widget-sow-editor-base\"\n\t\t\t\n\t\t>\n<div class=\"siteorigin-widget-tinymce textwidget\">\n\t<p style=\"text-align: center;\"><strong>Age :<\/strong><br \/>\n14 ans et plus<\/p>\n<\/div>\n<\/div><\/div><\/div><\/div><div id=\"pg-2226-1\"  class=\"panel-grid panel-no-style\" ><div id=\"pgc-2226-1-0\"  class=\"panel-grid-cell\" ><div id=\"panel-2226-1-0-0\" class=\"so-panel widget widget_sow-editor panel-first-child panel-last-child\" data-index=\"3\" ><div\n\t\t\t\n\t\t\tclass=\"so-widget-sow-editor so-widget-sow-editor-base\"\n\t\t\t\n\t\t>\n<div class=\"siteorigin-widget-tinymce textwidget\">\n\t<p style=\"text-align: center;\"><strong>Auteur(s) :<br \/>\n<\/strong>Jordi Gen\u00e9<br \/>\nGregorio Morales<\/p>\n<\/div>\n<\/div><\/div><\/div><div id=\"pgc-2226-1-1\"  class=\"panel-grid-cell\" ><div id=\"panel-2226-1-1-0\" class=\"so-panel widget widget_sow-editor panel-first-child panel-last-child\" data-index=\"4\" ><div\n\t\t\t\n\t\t\tclass=\"so-widget-sow-editor so-widget-sow-editor-base\"\n\t\t\t\n\t\t>\n<div class=\"siteorigin-widget-tinymce textwidget\">\n\t<p style=\"text-align: center;\"><strong>Illustrations :<\/strong><br \/>\nJos\u00e9 Gil<br \/>\nDuane Nichols<br \/>\nChristopher Hosch<br \/>\nBrian Schomburg<br \/>\n...<\/p>\n<\/div>\n<\/div><\/div><\/div><div id=\"pgc-2226-1-2\"  class=\"panel-grid-cell\" ><div id=\"panel-2226-1-2-0\" class=\"so-panel widget widget_sow-editor panel-first-child panel-last-child\" data-index=\"5\" ><div\n\t\t\t\n\t\t\tclass=\"so-widget-sow-editor so-widget-sow-editor-base\"\n\t\t\t\n\t\t>\n<div class=\"siteorigin-widget-tinymce textwidget\">\n\t<p style=\"text-align: center;\"><strong>\u00c9dition :<\/strong><br \/>\nEdge Entertainement<br \/>\n2016<\/p>\n<\/div>\n<\/div><\/div><\/div><div id=\"pgc-2226-1-3\"  class=\"panel-grid-cell\" ><div id=\"panel-2226-1-3-0\" class=\"so-panel widget widget_sow-editor panel-first-child panel-last-child\" data-index=\"6\" ><div\n\t\t\t\n\t\t\tclass=\"so-widget-sow-editor so-widget-sow-editor-base\"\n\t\t\t\n\t\t>\n<div class=\"siteorigin-widget-tinymce textwidget\">\n\t<p style=\"text-align: center;\"><strong>Version :<\/strong><br \/>\nFran\u00e7aise<\/p>\n<\/div>\n<\/div><\/div><\/div><\/div><div id=\"pg-2226-2\"  class=\"panel-grid panel-no-style\" ><div id=\"pgc-2226-2-0\"  class=\"panel-grid-cell\" ><div id=\"panel-2226-2-0-0\" class=\"so-panel widget widget_sow-editor panel-first-child panel-last-child\" data-index=\"7\" ><div\n\t\t\t\n\t\t\tclass=\"so-widget-sow-editor so-widget-sow-editor-base\"\n\t\t\t\n\t\t>\n<div class=\"siteorigin-widget-tinymce textwidget\">\n\t<hr \/>\n<p>Android : Mainframe est un jeu de strat\u00e9gie rapide pour 2 \u00e0 4 joueurs se d\u00e9roulant dans l\u2019univers d\u2019Android.<\/p>\n<p>Au cours d\u2019une partie d\u2019Android : Mainframe, les joueurs incarnent des Runners, des criminels de la culture underground qui infiltrent le cyberespace pour la gloire et le profit. Ex\u00e9cutez des Programmes, placez des Points d\u2019acc\u00e8s et des Barri\u00e8res, et prenez le contr\u00f4le du Serveur Central !<\/p>\n<\/div>\n<\/div><\/div><\/div><\/div><div id=\"pg-2226-3\"  class=\"panel-grid panel-no-style\" ><div id=\"pgc-2226-3-0\"  class=\"panel-grid-cell\" ><div id=\"panel-2226-3-0-0\" class=\"so-panel widget widget_sow-editor panel-first-child panel-last-child\" data-index=\"8\" ><div\n\t\t\t\n\t\t\tclass=\"so-widget-sow-editor so-widget-sow-editor-base\"\n\t\t\t\n\t\t>\n<div class=\"siteorigin-widget-tinymce textwidget\">\n\t<hr \/>\n<h3 style=\"text-align: center;\">En vid\u00e9o<\/h3>\n<\/div>\n<\/div><\/div><\/div><\/div><div id=\"pg-2226-4\"  class=\"panel-grid panel-no-style\" ><div id=\"pgc-2226-4-0\"  class=\"panel-grid-cell\" ><div id=\"panel-2226-4-0-0\" class=\"so-panel widget widget_sow-editor panel-first-child panel-last-child\" data-index=\"9\" ><div\n\t\t\t\n\t\t\tclass=\"so-widget-sow-editor so-widget-sow-editor-base\"\n\t\t\t\n\t\t>\n<div class=\"siteorigin-widget-tinymce textwidget\">\n\t<hr \/>\n<h3 style=\"text-align: center;\">Pour aller plus loin<\/h3>\n<\/div>\n<\/div><\/div><\/div><\/div><\/div>","protected":false},"excerpt":{"rendered":"<p>Nombre de joueurs : 2 &#8211; 4 Dur\u00e9e moyenne : 30 min Age : 14 ans et plus Auteur(s) : Jordi Gen\u00e9 Gregorio Morales Illustrations : Jos\u00e9 Gil Duane Nichols Christopher Hosch Brian Schomburg &#8230; \u00c9dition : Edge Entertainement 2016 Version : Fran\u00e7aise<\/p>\n","protected":false},"author":2,"featured_media":2227,"parent":0,"menu_order":0,"comment_status":"closed","ping_status":"closed","template":"","meta":{"footnotes":""},"class_list":["post-2226","page","type-page","status-publish","has-post-thumbnail","hentry"],"acf":[],"rttpg_featured_image_url":{"full":["https:\/\/meeplendice.net\/wp-content\/uploads\/2016\/11\/Mainframe.png",350,350,false],"landscape":["https:\/\/meeplendice.net\/wp-content\/uploads\/2016\/11\/Mainframe.png",350,350,false],"portraits":["https:\/\/meeplendice.net\/wp-content\/uploads\/2016\/11\/Mainframe.png",350,350,false],"thumbnail":["https:\/\/meeplendice.net\/wp-content\/uploads\/2016\/11\/Mainframe-150x150.png",150,150,true],"medium":["https:\/\/meeplendice.net\/wp-content\/uploads\/2016\/11\/Mainframe-300x300.png",300,300,true],"large":["https:\/\/meeplendice.net\/wp-content\/uploads\/2016\/11\/Mainframe.png",350,350,false],"ug_big":["https:\/\/meeplendice.net\/wp-content\/uploads\/2016\/11\/Mainframe.png",350,350,false],"1536x1536":["https:\/\/meeplendice.net\/wp-content\/uploads\/2016\/11\/Mainframe.png",350,350,false],"2048x2048":["https:\/\/meeplendice.net\/wp-content\/uploads\/2016\/11\/Mainframe.png",350,350,false],"ashe-slider-grid-thumbnail":["https:\/\/meeplendice.net\/wp-content\/uploads\/2016\/11\/Mainframe.png",350,350,false],"ashe-full-thumbnail":["https:\/\/meeplendice.net\/wp-content\/uploads\/2016\/11\/Mainframe.png",350,350,false],"ashe-grid-thumbnail":["https:\/\/meeplendice.net\/wp-content\/uploads\/2016\/11\/Mainframe-350x330.png",350,330,true],"ashe-list-thumbnail":["https:\/\/meeplendice.net\/wp-content\/uploads\/2016\/11\/Mainframe-300x300.png",300,300,true],"ashe-single-navigation":["https:\/\/meeplendice.net\/wp-content\/uploads\/2016\/11\/Mainframe-75x75.png",75,75,true],"mailpoet_newsletter_max":["https:\/\/meeplendice.net\/wp-content\/uploads\/2016\/11\/Mainframe.png",350,350,false],"rpwe-thumbnail":["https:\/\/meeplendice.net\/wp-content\/uploads\/2016\/11\/Mainframe-45x45.png",45,45,true],"sow-carousel-default":["https:\/\/meeplendice.net\/wp-content\/uploads\/2016\/11\/Mainframe-272x182.png",272,182,true],"rt_custom":["https:\/\/meeplendice.net\/wp-content\/uploads\/2016\/11\/Mainframe.png",350,350,false]},"rttpg_author":{"display_name":"Karnby","author_link":"https:\/\/meeplendice.net\/?author=2"},"rttpg_comment":0,"rttpg_category":null,"rttpg_excerpt":"Nombre de joueurs : 2 - 4 Dur\u00e9e moyenne : 30 min Age : 14 ans et plus Auteur(s) : Jordi Gen\u00e9 Gregorio Morales Illustrations : Jos\u00e9 Gil Duane Nichols Christopher Hosch Brian Schomburg ... \u00c9dition : Edge Entertainement 2016 Version : Fran\u00e7aise","_links":{"self":[{"href":"https:\/\/meeplendice.net\/index.php?rest_route=\/wp\/v2\/pages\/2226","targetHints":{"allow":["GET"]}}],"collection":[{"href":"https:\/\/meeplendice.net\/index.php?rest_route=\/wp\/v2\/pages"}],"about":[{"href":"https:\/\/meeplendice.net\/index.php?rest_route=\/wp\/v2\/types\/page"}],"author":[{"embeddable":true,"href":"https:\/\/meeplendice.net\/index.php?rest_route=\/wp\/v2\/users\/2"}],"replies":[{"embeddable":true,"href":"https:\/\/meeplendice.net\/index.php?rest_route=%2Fwp%2Fv2%2Fcomments&post=2226"}],"version-history":[{"count":7,"href":"https:\/\/meeplendice.net\/index.php?rest_route=\/wp\/v2\/pages\/2226\/revisions"}],"predecessor-version":[{"id":9486,"href":"https:\/\/meeplendice.net\/index.php?rest_route=\/wp\/v2\/pages\/2226\/revisions\/9486"}],"wp:featuredmedia":[{"embeddable":true,"href":"https:\/\/meeplendice.net\/index.php?rest_route=\/wp\/v2\/media\/2227"}],"wp:attachment":[{"href":"https:\/\/meeplendice.net\/index.php?rest_route=%2Fwp%2Fv2%2Fmedia&parent=2226"}],"curies":[{"name":"wp","href":"https:\/\/api.w.org\/{rel}","templated":true}]}}