{"id":2229,"date":"2016-11-24T16:58:39","date_gmt":"2016-11-24T15:58:39","guid":{"rendered":"http:\/\/meeplendice.net\/?page_id=2229"},"modified":"2025-01-05T23:50:51","modified_gmt":"2025-01-05T21:50:51","slug":"kodama-les-esprits-de-larbre","status":"publish","type":"page","link":"https:\/\/meeplendice.net\/?page_id=2229","title":{"rendered":"Kodama : Les Esprits de l&rsquo;Arbre"},"content":{"rendered":"<div id=\"pl-2229\"  class=\"panel-layout\" ><div id=\"pg-2229-0\"  class=\"panel-grid panel-no-style\" ><div id=\"pgc-2229-0-0\"  class=\"panel-grid-cell\" ><div id=\"panel-2229-0-0-0\" class=\"so-panel widget widget_sow-editor panel-first-child panel-last-child\" data-index=\"0\" ><div\n\t\t\t\n\t\t\tclass=\"so-widget-sow-editor so-widget-sow-editor-base\"\n\t\t\t\n\t\t>\n<div class=\"siteorigin-widget-tinymce textwidget\">\n\t<p style=\"text-align: center;\"><strong>Nombre de joueurs :<br \/>\n<\/strong> 2 - 6 (avec extension)<\/p>\n<\/div>\n<\/div><\/div><\/div><div id=\"pgc-2229-0-1\"  class=\"panel-grid-cell\" ><div id=\"panel-2229-0-1-0\" class=\"so-panel widget widget_sow-editor panel-first-child panel-last-child\" data-index=\"1\" ><div\n\t\t\t\n\t\t\tclass=\"so-widget-sow-editor so-widget-sow-editor-base\"\n\t\t\t\n\t\t>\n<div class=\"siteorigin-widget-tinymce textwidget\">\n\t<p style=\"text-align: center;\"><strong>Dur\u00e9e moyenne :<\/strong><br \/>\n45 min<\/p>\n<\/div>\n<\/div><\/div><\/div><div id=\"pgc-2229-0-2\"  class=\"panel-grid-cell\" ><div id=\"panel-2229-0-2-0\" class=\"so-panel widget widget_sow-editor panel-first-child panel-last-child\" data-index=\"2\" ><div\n\t\t\t\n\t\t\tclass=\"so-widget-sow-editor so-widget-sow-editor-base\"\n\t\t\t\n\t\t>\n<div class=\"siteorigin-widget-tinymce textwidget\">\n\t<p style=\"text-align: center;\"><strong>Age :<\/strong><br \/>\n8 ans et plus<\/p>\n<\/div>\n<\/div><\/div><\/div><\/div><div id=\"pg-2229-1\"  class=\"panel-grid panel-no-style\" ><div id=\"pgc-2229-1-0\"  class=\"panel-grid-cell\" ><div id=\"panel-2229-1-0-0\" class=\"so-panel widget widget_sow-editor panel-first-child panel-last-child\" data-index=\"3\" ><div\n\t\t\t\n\t\t\tclass=\"so-widget-sow-editor so-widget-sow-editor-base\"\n\t\t\t\n\t\t>\n<div class=\"siteorigin-widget-tinymce textwidget\">\n\t<p style=\"text-align: center;\"><strong>Auteur(s) :<br \/>\n<\/strong>Daniel Solis<\/p>\n<\/div>\n<\/div><\/div><\/div><div id=\"pgc-2229-1-1\"  class=\"panel-grid-cell\" ><div id=\"panel-2229-1-1-0\" class=\"so-panel widget widget_sow-editor panel-first-child panel-last-child\" data-index=\"4\" ><div\n\t\t\t\n\t\t\tclass=\"so-widget-sow-editor so-widget-sow-editor-base\"\n\t\t\t\n\t\t>\n<div class=\"siteorigin-widget-tinymce textwidget\">\n\t<p style=\"text-align: center;\"><strong>Illustrations :<\/strong><br \/>\nKwanchai Moriya<br \/>\nScott Hartman<\/p>\n<\/div>\n<\/div><\/div><\/div><div id=\"pgc-2229-1-2\"  class=\"panel-grid-cell\" ><div id=\"panel-2229-1-2-0\" class=\"so-panel widget widget_sow-editor panel-first-child panel-last-child\" data-index=\"5\" ><div\n\t\t\t\n\t\t\tclass=\"so-widget-sow-editor so-widget-sow-editor-base\"\n\t\t\t\n\t\t>\n<div class=\"siteorigin-widget-tinymce textwidget\">\n\t<p style=\"text-align: center;\"><strong>\u00c9dition :<\/strong><br \/>\nCapsicum Games<br \/>\n2015<\/p>\n<\/div>\n<\/div><\/div><\/div><div id=\"pgc-2229-1-3\"  class=\"panel-grid-cell\" ><div id=\"panel-2229-1-3-0\" class=\"so-panel widget widget_sow-editor panel-first-child panel-last-child\" data-index=\"6\" ><div\n\t\t\t\n\t\t\tclass=\"so-widget-sow-editor so-widget-sow-editor-base\"\n\t\t\t\n\t\t>\n<div class=\"siteorigin-widget-tinymce textwidget\">\n\t<p style=\"text-align: center;\"><strong>Version :<\/strong><br \/>\nFran\u00e7aise<\/p>\n<\/div>\n<\/div><\/div><\/div><\/div><div id=\"pg-2229-2\"  class=\"panel-grid panel-no-style\" ><div id=\"pgc-2229-2-0\"  class=\"panel-grid-cell\" ><div id=\"panel-2229-2-0-0\" class=\"so-panel widget widget_sow-editor panel-first-child panel-last-child\" data-index=\"7\" ><div\n\t\t\t\n\t\t\tclass=\"so-widget-sow-editor so-widget-sow-editor-base\"\n\t\t\t\n\t\t>\n<div class=\"siteorigin-widget-tinymce textwidget\">\n\t<hr \/>\n<p><em>La for\u00eat pousse vite ! En tant que bienfaiteurs des Kodamas, les esprits de l'arbre, vous devez garder la for\u00eat saine et luxuriante pour vos petits compagnons.<br \/>\nPendant 3 saisons florissantes, vous devrez cultiver votre arbre en agen\u00e7ant les fleurs, les insectes et les branches pour rendre vos Kodamas aussi heureux que possible. Celui qui y parviendra le mieux restera dans les m\u00e9moires pour des g\u00e9n\u00e9rations !<\/em><\/p>\n<p>&nbsp;<\/p>\n<p>Dans <em>Kodama : les Esprits de l'Arbre<\/em>, faites pousser votre arbre en posant astucieusement des cartes Branches, tout en prenant garde de laisser de la place pour les futures croissances. A la fin de chaque saison, un Kodama vous r\u00e9compensera si votre arbre lui convient.<\/p>\n<p>Avec son univers po\u00e9tique et ses m\u00e9caniques innovantes, <em>Kodama<\/em> s\u00e9duira les petits comme les grands.<\/p>\n<\/div>\n<\/div><\/div><\/div><\/div><div id=\"pg-2229-3\"  class=\"panel-grid panel-no-style\" ><div id=\"pgc-2229-3-0\"  class=\"panel-grid-cell\" ><div id=\"panel-2229-3-0-0\" class=\"so-panel widget widget_sow-editor panel-first-child panel-last-child\" data-index=\"8\" ><div\n\t\t\t\n\t\t\tclass=\"so-widget-sow-editor so-widget-sow-editor-base\"\n\t\t\t\n\t\t>\n<div class=\"siteorigin-widget-tinymce textwidget\">\n\t<hr \/>\n<h3 style=\"text-align: center;\">En vid\u00e9o<\/h3>\n<p><a href=\"https:\/\/www.youtube.com\/watch?v=Kn5nHZY4KwE\" target=\"_blank\" rel=\"noopener\"><img loading=\"lazy\" decoding=\"async\" class=\"alignnone size-full wp-image-9090\" src=\"https:\/\/meeplendice.net\/wp-content\/uploads\/2022\/01\/Link_CJ_v2.png\" alt=\"\" width=\"200\" height=\"170\" \/><\/a><\/p>\n<\/div>\n<\/div><\/div><\/div><\/div><div id=\"pg-2229-4\"  class=\"panel-grid panel-no-style\" ><div id=\"pgc-2229-4-0\"  class=\"panel-grid-cell\" ><div id=\"panel-2229-4-0-0\" class=\"so-panel widget widget_sow-editor panel-first-child panel-last-child\" data-index=\"9\" ><div\n\t\t\t\n\t\t\tclass=\"so-widget-sow-editor so-widget-sow-editor-base\"\n\t\t\t\n\t\t>\n<div class=\"siteorigin-widget-tinymce textwidget\">\n\t<hr \/>\n<h3 style=\"text-align: center;\">Extension(s)<\/h3>\n<style type='text\/css' media='all'>#rt-tpg-container-3425776165 .read-more a{border-radius:px;}#rt-tpg-container-3425776165 .rt-img-holder img.rt-img-responsive,#rt-tpg-container-3425776165 .rt-img-holder,\n\t\t\t\t\t#rt-tpg-container-3425776165 .rt-post-overlay .post-img,\n\t\t\t\t\t#rt-tpg-container-3425776165 .post-sm .post-img,\n\t\t\t\t\t#rt-tpg-container-3425776165 .rt-post-grid .post-img,\n\t\t\t\t\t#rt-tpg-container-3425776165 .post-img img {border-radius:px;}#rt-tpg-container-3425776165 .layout9 .rt-holder h2.entry-title,\n\t\t\t\t\t#rt-tpg-container-3425776165 .layout9 .rt-holder h3.entry-title,\n\t\t\t\t\t#rt-tpg-container-3425776165 .layout9 .rt-holder h4.entry-title,\n\t\t\t\t\t#rt-tpg-container-3425776165 .layout9 .rt-holder h2.entry-title a,\n\t\t\t\t\t#rt-tpg-container-3425776165 .layout9 .rt-holder h3.entry-title a,\n\t\t\t\t\t#rt-tpg-container-3425776165 .layout9 .rt-holder h4.entry-title a,\n\t\t\t\t\t#rt-tpg-container-3425776165 .rt-holder .rt-woo-info h2 a,\n\t\t\t\t\t#rt-tpg-container-3425776165 .rt-holder .rt-woo-info h3 a,\n\t\t\t\t\t#rt-tpg-container-3425776165 .rt-holder .rt-woo-info h4 a,\n\t\t\t\t\t#rt-tpg-container-3425776165 .post-content .post-title,\n\t\t\t\t\t#rt-tpg-container-3425776165 .rt-post-grid .post-title,\n\t\t\t\t\t#rt-tpg-container-3425776165 .rt-post-grid .post-title a,\n\t\t\t\t\t#rt-tpg-container-3425776165 .post-content .post-title a,\n\t\t\t\t\t#rt-tpg-container-3425776165 .rt-holder .rt-woo-info h2,\n\t\t\t\t\t#rt-tpg-container-3425776165 .rt-holder .rt-woo-info h3,\n\t\t\t\t\t#rt-tpg-container-3425776165 .rt-holder .rt-woo-info h4{font-size:16px;line-height:26px;font-weight:normal;text-align:center;}#rt-tpg-container-3425776165 .post-grid-lg-style-1 .post-title,\n\t\t\t\t\t\t#rt-tpg-container-3425776165 .post-grid-lg-style-1 .post-title a,\n\t\t\t\t\t\t#rt-tpg-container-3425776165 .big-layout .post-title,\n\t\t\t\t\t\t#rt-tpg-container-3425776165 .big-layout .post-title a,\n\t\t\t\t\t\t#rt-tpg-container-3425776165 .post-grid-lg-style-1 .post-title,\n\t\t\t\t\t\t#rt-tpg-container-3425776165 .post-grid-lg-style-1 .post-title a {font-size:24px;line-height:34px;}<\/style><div class='rt-container-fluid rt-tpg-container tpg-shortcode-main-wrapper ' id='rt-tpg-container-3425776165'   data-layout='layout9' data-grid-style='masonry' data-desktop-col='3'  data-tab-col='2'  data-mobile-col='1' data-sc-id='13151'><div data-title='Loading ...' class='rt-row rt-content-loader   layout9 tpg-masonry '><div class=\"rt-col-md-4 rt-col-sm-6 rt-col-xs-12 masonry-grid-item rt-grid-item img_zoom_in\" data-id=\"13148\"><div class=\"rt-holder\"><div class='overlay'><a data-id='13148' class=' tpg-single-popup' href='https:\/\/meeplendice.net\/?page_id=13148'><img loading=\"lazy\" decoding=\"async\" width=\"350\" height=\"350\" src=\"https:\/\/meeplendice.net\/wp-content\/uploads\/2025\/01\/Kodama_ext_florissante.png\" class=\"rt-img-responsive \" alt=\"\" \/><\/a><\/div><div class='post-info'><h3 class=\"entry-title\"><a data-id=\"13148\" class=\" tpg-single-popup\" href=\"https:\/\/meeplendice.net\/?page_id=13148\">L&rsquo;Extension Florissante<\/a><\/h3><div class='post-meta-user '><\/div><\/div><\/div><\/div><\/div><div class='rt-pagination-wrap' data-total-pages='1' data-posts-per-page='3' data-type='pagination_ajax'  ><div class='rt-page-numbers'><\/div><\/div><\/div>\n<p>&nbsp;<\/p>\n<\/div>\n<\/div><\/div><\/div><\/div><div id=\"pg-2229-5\"  class=\"panel-grid panel-no-style\" ><div id=\"pgc-2229-5-0\"  class=\"panel-grid-cell\" ><div id=\"panel-2229-5-0-0\" class=\"so-panel widget widget_sow-editor panel-first-child panel-last-child\" data-index=\"10\" ><div\n\t\t\t\n\t\t\tclass=\"so-widget-sow-editor so-widget-sow-editor-base\"\n\t\t\t\n\t\t>\n<div class=\"siteorigin-widget-tinymce textwidget\">\n\t<hr \/>\n<h3 style=\"text-align: center;\">Pour aller plus loin<\/h3>\n<\/div>\n<\/div><\/div><\/div><\/div><\/div>","protected":false},"excerpt":{"rendered":"<p>Nombre de joueurs : 2 &#8211; 6 (avec extension) Dur\u00e9e moyenne : 45 min Age : 8 ans et plus Auteur(s) : Daniel Solis Illustrations : Kwanchai Moriya Scott Hartman \u00c9dition : Capsicum Games 2015 Version : Fran\u00e7aise<\/p>\n","protected":false},"author":2,"featured_media":2230,"parent":0,"menu_order":0,"comment_status":"closed","ping_status":"closed","template":"","meta":{"footnotes":""},"class_list":["post-2229","page","type-page","status-publish","has-post-thumbnail","hentry"],"acf":[],"rttpg_featured_image_url":{"full":["https:\/\/meeplendice.net\/wp-content\/uploads\/2016\/11\/Kodama.png",350,350,false],"landscape":["https:\/\/meeplendice.net\/wp-content\/uploads\/2016\/11\/Kodama.png",350,350,false],"portraits":["https:\/\/meeplendice.net\/wp-content\/uploads\/2016\/11\/Kodama.png",350,350,false],"thumbnail":["https:\/\/meeplendice.net\/wp-content\/uploads\/2016\/11\/Kodama-150x150.png",150,150,true],"medium":["https:\/\/meeplendice.net\/wp-content\/uploads\/2016\/11\/Kodama-300x300.png",300,300,true],"large":["https:\/\/meeplendice.net\/wp-content\/uploads\/2016\/11\/Kodama.png",350,350,false],"ug_big":["https:\/\/meeplendice.net\/wp-content\/uploads\/2016\/11\/Kodama.png",350,350,false],"1536x1536":["https:\/\/meeplendice.net\/wp-content\/uploads\/2016\/11\/Kodama.png",350,350,false],"2048x2048":["https:\/\/meeplendice.net\/wp-content\/uploads\/2016\/11\/Kodama.png",350,350,false],"ashe-slider-grid-thumbnail":["https:\/\/meeplendice.net\/wp-content\/uploads\/2016\/11\/Kodama.png",350,350,false],"ashe-full-thumbnail":["https:\/\/meeplendice.net\/wp-content\/uploads\/2016\/11\/Kodama.png",350,350,false],"ashe-grid-thumbnail":["https:\/\/meeplendice.net\/wp-content\/uploads\/2016\/11\/Kodama-350x330.png",350,330,true],"ashe-list-thumbnail":["https:\/\/meeplendice.net\/wp-content\/uploads\/2016\/11\/Kodama-300x300.png",300,300,true],"ashe-single-navigation":["https:\/\/meeplendice.net\/wp-content\/uploads\/2016\/11\/Kodama-75x75.png",75,75,true],"mailpoet_newsletter_max":["https:\/\/meeplendice.net\/wp-content\/uploads\/2016\/11\/Kodama.png",350,350,false],"rpwe-thumbnail":["https:\/\/meeplendice.net\/wp-content\/uploads\/2016\/11\/Kodama-45x45.png",45,45,true],"sow-carousel-default":["https:\/\/meeplendice.net\/wp-content\/uploads\/2016\/11\/Kodama-272x182.png",272,182,true],"rt_custom":["https:\/\/meeplendice.net\/wp-content\/uploads\/2016\/11\/Kodama.png",350,350,false]},"rttpg_author":{"display_name":"Karnby","author_link":"https:\/\/meeplendice.net\/?author=2"},"rttpg_comment":0,"rttpg_category":null,"rttpg_excerpt":"Nombre de joueurs : 2 - 6 (avec extension) Dur\u00e9e moyenne : 45 min Age : 8 ans et plus Auteur(s) : Daniel Solis Illustrations : Kwanchai Moriya Scott Hartman \u00c9dition : Capsicum Games 2015 Version : Fran\u00e7aise","_links":{"self":[{"href":"https:\/\/meeplendice.net\/index.php?rest_route=\/wp\/v2\/pages\/2229","targetHints":{"allow":["GET"]}}],"collection":[{"href":"https:\/\/meeplendice.net\/index.php?rest_route=\/wp\/v2\/pages"}],"about":[{"href":"https:\/\/meeplendice.net\/index.php?rest_route=\/wp\/v2\/types\/page"}],"author":[{"embeddable":true,"href":"https:\/\/meeplendice.net\/index.php?rest_route=\/wp\/v2\/users\/2"}],"replies":[{"embeddable":true,"href":"https:\/\/meeplendice.net\/index.php?rest_route=%2Fwp%2Fv2%2Fcomments&post=2229"}],"version-history":[{"count":12,"href":"https:\/\/meeplendice.net\/index.php?rest_route=\/wp\/v2\/pages\/2229\/revisions"}],"predecessor-version":[{"id":13155,"href":"https:\/\/meeplendice.net\/index.php?rest_route=\/wp\/v2\/pages\/2229\/revisions\/13155"}],"wp:featuredmedia":[{"embeddable":true,"href":"https:\/\/meeplendice.net\/index.php?rest_route=\/wp\/v2\/media\/2230"}],"wp:attachment":[{"href":"https:\/\/meeplendice.net\/index.php?rest_route=%2Fwp%2Fv2%2Fmedia&parent=2229"}],"curies":[{"name":"wp","href":"https:\/\/api.w.org\/{rel}","templated":true}]}}