{"id":2242,"date":"2016-11-25T13:12:18","date_gmt":"2016-11-25T12:12:18","guid":{"rendered":"http:\/\/meeplendice.net\/?page_id=2242"},"modified":"2020-11-24T14:19:57","modified_gmt":"2020-11-24T13:19:57","slug":"not-alone","status":"publish","type":"page","link":"https:\/\/meeplendice.net\/?page_id=2242","title":{"rendered":"Not Alone"},"content":{"rendered":"<div id=\"pl-2242\"  class=\"panel-layout\" ><div id=\"pg-2242-0\"  class=\"panel-grid panel-no-style\" ><div id=\"pgc-2242-0-0\"  class=\"panel-grid-cell\" ><div id=\"panel-2242-0-0-0\" class=\"so-panel widget widget_sow-editor panel-first-child panel-last-child\" data-index=\"0\" ><div\n\t\t\t\n\t\t\tclass=\"so-widget-sow-editor so-widget-sow-editor-base\"\n\t\t\t\n\t\t>\n<div class=\"siteorigin-widget-tinymce textwidget\">\n\t<p style=\"text-align: center;\"><strong>Nombre de joueurs :<\/strong><br \/>\n2 - 7<\/p>\n<\/div>\n<\/div><\/div><\/div><div id=\"pgc-2242-0-1\"  class=\"panel-grid-cell\" ><div id=\"panel-2242-0-1-0\" class=\"so-panel widget widget_sow-editor panel-first-child panel-last-child\" data-index=\"1\" ><div\n\t\t\t\n\t\t\tclass=\"so-widget-sow-editor so-widget-sow-editor-base\"\n\t\t\t\n\t\t>\n<div class=\"siteorigin-widget-tinymce textwidget\">\n\t<p style=\"text-align: center;\"><strong>Dur\u00e9e moyenne :<\/strong><br \/>\n45 min<\/p>\n<\/div>\n<\/div><\/div><\/div><div id=\"pgc-2242-0-2\"  class=\"panel-grid-cell\" ><div id=\"panel-2242-0-2-0\" class=\"so-panel widget widget_sow-editor panel-first-child panel-last-child\" data-index=\"2\" ><div\n\t\t\t\n\t\t\tclass=\"so-widget-sow-editor so-widget-sow-editor-base\"\n\t\t\t\n\t\t>\n<div class=\"siteorigin-widget-tinymce textwidget\">\n\t<p style=\"text-align: center;\"><strong>Age :<\/strong><br \/>\n10 ans et plus<\/p>\n<\/div>\n<\/div><\/div><\/div><\/div><div id=\"pg-2242-1\"  class=\"panel-grid panel-no-style\" ><div id=\"pgc-2242-1-0\"  class=\"panel-grid-cell\" ><div id=\"panel-2242-1-0-0\" class=\"so-panel widget widget_sow-editor panel-first-child panel-last-child\" data-index=\"3\" ><div\n\t\t\t\n\t\t\tclass=\"so-widget-sow-editor so-widget-sow-editor-base\"\n\t\t\t\n\t\t>\n<div class=\"siteorigin-widget-tinymce textwidget\">\n\t<p style=\"text-align: center;\"><strong>Auteur(s) :<br \/>\n<\/strong>Ghislain Masson<\/p>\n<\/div>\n<\/div><\/div><\/div><div id=\"pgc-2242-1-1\"  class=\"panel-grid-cell\" ><div id=\"panel-2242-1-1-0\" class=\"so-panel widget widget_sow-editor panel-first-child panel-last-child\" data-index=\"4\" ><div\n\t\t\t\n\t\t\tclass=\"so-widget-sow-editor so-widget-sow-editor-base\"\n\t\t\t\n\t\t>\n<div class=\"siteorigin-widget-tinymce textwidget\">\n\t<p style=\"text-align: center;\"><strong>Illustrations :<\/strong><br \/>\nS\u00e9bastien Caiveau<\/p>\n<\/div>\n<\/div><\/div><\/div><div id=\"pgc-2242-1-2\"  class=\"panel-grid-cell\" ><div id=\"panel-2242-1-2-0\" class=\"so-panel widget widget_sow-editor panel-first-child panel-last-child\" data-index=\"5\" ><div\n\t\t\t\n\t\t\tclass=\"so-widget-sow-editor so-widget-sow-editor-base\"\n\t\t\t\n\t\t>\n<div class=\"siteorigin-widget-tinymce textwidget\">\n\t<p style=\"text-align: center;\"><strong>\u00c9dition :<\/strong><br \/>\nGeek Attitude Games<\/p>\n<\/div>\n<\/div><\/div><\/div><div id=\"pgc-2242-1-3\"  class=\"panel-grid-cell\" ><div id=\"panel-2242-1-3-0\" class=\"so-panel widget widget_sow-editor panel-first-child panel-last-child\" data-index=\"6\" ><div\n\t\t\t\n\t\t\tclass=\"so-widget-sow-editor so-widget-sow-editor-base\"\n\t\t\t\n\t\t>\n<div class=\"siteorigin-widget-tinymce textwidget\">\n\t<p style=\"text-align: center;\"><strong>Version :<\/strong><br \/>\nFran\u00e7aise<\/p>\n<\/div>\n<\/div><\/div><\/div><\/div><div id=\"pg-2242-2\"  class=\"panel-grid panel-no-style\" ><div id=\"pgc-2242-2-0\"  class=\"panel-grid-cell\" ><div id=\"panel-2242-2-0-0\" class=\"so-panel widget widget_sow-editor panel-first-child panel-last-child\" data-index=\"7\" ><div\n\t\t\t\n\t\t\tclass=\"so-widget-sow-editor so-widget-sow-editor-base\"\n\t\t\t\n\t\t>\n<div class=\"siteorigin-widget-tinymce textwidget\">\n\t<hr \/>\n<p>25e si\u00e8cle, l\u2019Humanit\u00e9 s\u2019est envol\u00e9e depuis longtemps vers les \u00e9toiles. Elle a voyag\u00e9 aux confins de la galaxie \u00a0et pourtant, elle n\u2019a jamais rencontr\u00e9 d\u2019autres formes de vie intelligente.<\/p>\n<p>En fouillant les archives centrales de la vieille Terre, vous avez d\u00e9couvert qu\u2019une plan\u00e8te du nom d\u2019Artemia avait \u00e9t\u00e9 ray\u00e9e des cartes officielles et qu\u2019aucune autre donn\u00e9e n\u2019\u00e9tait disponible. Intrigu\u00e9s, vous montez une exp\u00e9dition.<\/p>\n<p>Les premiers relev\u00e9s de la surface d\u2019Artemia r\u00e9v\u00e8lent une plan\u00e8te de classe M, accueillante pour l\u2019homme et abritant une faune et une flore riches et vari\u00e9es. Lors de votre entr\u00e9e dans l\u2019atmosph\u00e8re, un puissant champ magn\u00e9tique met les ordinateurs de bord hors service. Apr\u00e8s avoir lanc\u00e9 un SOS, le Capitaine ordonne l\u2019\u00e9vacuation du vaisseau avant l\u2019in\u00e9vitable crash.<\/p>\n<p>Sains et saufs, vous entamez l\u2019exploration des environs lorsque vous entendez les cris d\u2019agonie de votre capitaine. Au loin vous distinguez une silhouette qui vous observe.<\/p>\n<p>Vous n\u2019\u00eates pas seul \u2026<\/p>\n<\/div>\n<\/div><\/div><\/div><\/div><div id=\"pg-2242-3\"  class=\"panel-grid panel-no-style\" ><div id=\"pgc-2242-3-0\"  class=\"panel-grid-cell\" ><div id=\"panel-2242-3-0-0\" class=\"so-panel widget widget_sow-editor panel-first-child panel-last-child\" data-index=\"8\" ><div\n\t\t\t\n\t\t\tclass=\"so-widget-sow-editor so-widget-sow-editor-base\"\n\t\t\t\n\t\t>\n<div class=\"siteorigin-widget-tinymce textwidget\">\n\t<hr \/>\n<p style=\"text-align: center;\"><strong>En vid\u00e9o<\/strong><\/p>\n<p style=\"text-align: left;\">De l'explication des r\u00e8gles :<\/p>\n<ul>\n<li style=\"text-align: left;\">Tric Trac<\/li>\n<\/ul>\n<p style=\"text-align: left;\"><a href=\"https:\/\/www.trictrac.net\/videos\/Not_Alone_de_l_explication\" target=\"_blank\" rel=\"noopener noreferrer\"><img loading=\"lazy\" decoding=\"async\" class=\"alignnone size-full wp-image-107\" src=\"http:\/\/meeplendice.net\/wp-content\/uploads\/2016\/08\/TT_explication.png\" alt=\"TT_explication\" width=\"200\" height=\"170\" \/><\/a><\/p>\n<p style=\"text-align: left;\">\u00a0De la partie :<\/p>\n<ul>\n<li style=\"text-align: left;\">Tric Trac<\/li>\n<\/ul>\n<p><a href=\"https:\/\/www.trictrac.net\/videos\/Not_Alone_de_la_partie\" target=\"_blank\" rel=\"noopener noreferrer\"><img loading=\"lazy\" decoding=\"async\" class=\"alignnone size-full wp-image-117\" src=\"http:\/\/meeplendice.net\/wp-content\/uploads\/2016\/08\/TT_partie_1.png\" alt=\"TT_partie_1\" width=\"200\" height=\"170\" \/><\/a><\/p>\n<\/div>\n<\/div><\/div><\/div><div id=\"pgc-2242-3-1\"  class=\"panel-grid-cell\" ><div id=\"panel-2242-3-1-0\" class=\"so-panel widget widget_sow-editor panel-first-child panel-last-child\" data-index=\"9\" ><div\n\t\t\t\n\t\t\tclass=\"so-widget-sow-editor so-widget-sow-editor-base\"\n\t\t\t\n\t\t>\n<div class=\"siteorigin-widget-tinymce textwidget\">\n\t<hr \/>\n<p style=\"text-align: center;\"><strong>Extension(s)<\/strong><\/p>\n<p style=\"text-align: center;\"><style type='text\/css' media='all'>#rt-tpg-container-2532092193 .read-more a{border-radius:px;}#rt-tpg-container-2532092193 .rt-img-holder img.rt-img-responsive,#rt-tpg-container-2532092193 .rt-img-holder,\n\t\t\t\t\t#rt-tpg-container-2532092193 .rt-post-overlay .post-img,\n\t\t\t\t\t#rt-tpg-container-2532092193 .post-sm .post-img,\n\t\t\t\t\t#rt-tpg-container-2532092193 .rt-post-grid .post-img,\n\t\t\t\t\t#rt-tpg-container-2532092193 .post-img img {border-radius:px;}#rt-tpg-container-2532092193 .layout9 .rt-holder h2.entry-title,\n\t\t\t\t\t#rt-tpg-container-2532092193 .layout9 .rt-holder h3.entry-title,\n\t\t\t\t\t#rt-tpg-container-2532092193 .layout9 .rt-holder h4.entry-title,\n\t\t\t\t\t#rt-tpg-container-2532092193 .layout9 .rt-holder h2.entry-title a,\n\t\t\t\t\t#rt-tpg-container-2532092193 .layout9 .rt-holder h3.entry-title a,\n\t\t\t\t\t#rt-tpg-container-2532092193 .layout9 .rt-holder h4.entry-title a,\n\t\t\t\t\t#rt-tpg-container-2532092193 .rt-holder .rt-woo-info h2 a,\n\t\t\t\t\t#rt-tpg-container-2532092193 .rt-holder .rt-woo-info h3 a,\n\t\t\t\t\t#rt-tpg-container-2532092193 .rt-holder .rt-woo-info h4 a,\n\t\t\t\t\t#rt-tpg-container-2532092193 .post-content .post-title,\n\t\t\t\t\t#rt-tpg-container-2532092193 .rt-post-grid .post-title,\n\t\t\t\t\t#rt-tpg-container-2532092193 .rt-post-grid .post-title a,\n\t\t\t\t\t#rt-tpg-container-2532092193 .post-content .post-title a,\n\t\t\t\t\t#rt-tpg-container-2532092193 .rt-holder .rt-woo-info h2,\n\t\t\t\t\t#rt-tpg-container-2532092193 .rt-holder .rt-woo-info h3,\n\t\t\t\t\t#rt-tpg-container-2532092193 .rt-holder .rt-woo-info h4{font-size:16px;line-height:26px;font-weight:normal;text-align:center;}#rt-tpg-container-2532092193 .post-grid-lg-style-1 .post-title,\n\t\t\t\t\t\t#rt-tpg-container-2532092193 .post-grid-lg-style-1 .post-title a,\n\t\t\t\t\t\t#rt-tpg-container-2532092193 .big-layout .post-title,\n\t\t\t\t\t\t#rt-tpg-container-2532092193 .big-layout .post-title a,\n\t\t\t\t\t\t#rt-tpg-container-2532092193 .post-grid-lg-style-1 .post-title,\n\t\t\t\t\t\t#rt-tpg-container-2532092193 .post-grid-lg-style-1 .post-title a {font-size:24px;line-height:34px;}<\/style><div class='rt-container-fluid rt-tpg-container tpg-shortcode-main-wrapper ' id='rt-tpg-container-2532092193'   data-layout='layout9' data-grid-style='even' data-desktop-col='3'  data-tab-col='2'  data-mobile-col='1' data-sc-id='3662'><div data-title='Loading ...' class='rt-row rt-content-loader   layout9 tpg-even '><div class=\"rt-col-md-4 rt-col-sm-6 rt-col-xs-12 even-grid-item rt-grid-item img_zoom_in\" data-id=\"3659\"><div class=\"rt-holder\"><div class='overlay'><a data-id='3659' class=' tpg-single-popup' href='https:\/\/meeplendice.net\/?page_id=3659'><img loading=\"lazy\" decoding=\"async\" width=\"350\" height=\"350\" src=\"https:\/\/meeplendice.net\/wp-content\/uploads\/2017\/11\/Notalone_exploration.png\" class=\"rt-img-responsive \" alt=\"\" \/><\/a><\/div><div class='post-info'><h2 class=\"entry-title\"><a data-id=\"3659\" class=\" tpg-single-popup\" href=\"https:\/\/meeplendice.net\/?page_id=3659\">Exploration<\/a><\/h2><div class='post-meta-user '><\/div><\/div><\/div><\/div><div class=\"rt-col-md-4 rt-col-sm-6 rt-col-xs-12 even-grid-item rt-grid-item img_zoom_in\" data-id=\"7657\"><div class=\"rt-holder\"><div class='overlay'><a data-id='7657' class=' tpg-single-popup' href='https:\/\/meeplendice.net\/?page_id=7657'><img loading=\"lazy\" decoding=\"async\" width=\"350\" height=\"350\" src=\"https:\/\/meeplendice.net\/wp-content\/uploads\/2020\/11\/Notalone_sanctuary.png\" class=\"rt-img-responsive \" alt=\"\" \/><\/a><\/div><div class='post-info'><h2 class=\"entry-title\"><a data-id=\"7657\" class=\" tpg-single-popup\" href=\"https:\/\/meeplendice.net\/?page_id=7657\">Sanctuary<\/a><\/h2><div class='post-meta-user '><\/div><\/div><\/div><\/div><\/div><div class='rt-pagination-wrap' data-total-pages='1' data-posts-per-page='3' data-type='pagination_ajax'  ><div class='rt-page-numbers'><\/div><\/div><\/div><\/p>\n<\/div>\n<\/div><\/div><\/div><\/div><div id=\"pg-2242-4\"  class=\"panel-grid panel-no-style\" ><div id=\"pgc-2242-4-0\"  class=\"panel-grid-cell\" ><div id=\"panel-2242-4-0-0\" class=\"so-panel widget widget_sow-editor panel-first-child panel-last-child\" data-index=\"10\" ><div\n\t\t\t\n\t\t\tclass=\"so-widget-sow-editor so-widget-sow-editor-base\"\n\t\t\t\n\t\t>\n<div class=\"siteorigin-widget-tinymce textwidget\">\n\t<hr \/>\n<p style=\"text-align: center;\"><strong>Pour aller plus loin<\/strong><\/p>\n<\/div>\n<\/div><\/div><\/div><\/div><\/div>","protected":false},"excerpt":{"rendered":"<p>Nombre de joueurs : 2 &#8211; 7 Dur\u00e9e moyenne : 45 min Age : 10 ans et plus Auteur(s) : Ghislain Masson Illustrations : S\u00e9bastien Caiveau \u00c9dition : Geek Attitude Games Version : Fran\u00e7aise<\/p>\n","protected":false},"author":2,"featured_media":2243,"parent":0,"menu_order":0,"comment_status":"closed","ping_status":"closed","template":"","meta":{"footnotes":""},"class_list":["post-2242","page","type-page","status-publish","has-post-thumbnail","hentry"],"acf":[],"rttpg_featured_image_url":{"full":["https:\/\/meeplendice.net\/wp-content\/uploads\/2016\/11\/Not_alone.png",350,350,false],"landscape":["https:\/\/meeplendice.net\/wp-content\/uploads\/2016\/11\/Not_alone.png",350,350,false],"portraits":["https:\/\/meeplendice.net\/wp-content\/uploads\/2016\/11\/Not_alone.png",350,350,false],"thumbnail":["https:\/\/meeplendice.net\/wp-content\/uploads\/2016\/11\/Not_alone-150x150.png",150,150,true],"medium":["https:\/\/meeplendice.net\/wp-content\/uploads\/2016\/11\/Not_alone-300x300.png",300,300,true],"large":["https:\/\/meeplendice.net\/wp-content\/uploads\/2016\/11\/Not_alone.png",350,350,false],"ug_big":["https:\/\/meeplendice.net\/wp-content\/uploads\/2016\/11\/Not_alone.png",350,350,false],"1536x1536":["https:\/\/meeplendice.net\/wp-content\/uploads\/2016\/11\/Not_alone.png",350,350,false],"2048x2048":["https:\/\/meeplendice.net\/wp-content\/uploads\/2016\/11\/Not_alone.png",350,350,false],"ashe-slider-grid-thumbnail":["https:\/\/meeplendice.net\/wp-content\/uploads\/2016\/11\/Not_alone.png",350,350,false],"ashe-full-thumbnail":["https:\/\/meeplendice.net\/wp-content\/uploads\/2016\/11\/Not_alone.png",350,350,false],"ashe-grid-thumbnail":["https:\/\/meeplendice.net\/wp-content\/uploads\/2016\/11\/Not_alone-350x330.png",350,330,true],"ashe-list-thumbnail":["https:\/\/meeplendice.net\/wp-content\/uploads\/2016\/11\/Not_alone-300x300.png",300,300,true],"ashe-single-navigation":["https:\/\/meeplendice.net\/wp-content\/uploads\/2016\/11\/Not_alone-75x75.png",75,75,true],"mailpoet_newsletter_max":["https:\/\/meeplendice.net\/wp-content\/uploads\/2016\/11\/Not_alone.png",350,350,false],"rpwe-thumbnail":["https:\/\/meeplendice.net\/wp-content\/uploads\/2016\/11\/Not_alone-45x45.png",45,45,true],"sow-carousel-default":["https:\/\/meeplendice.net\/wp-content\/uploads\/2016\/11\/Not_alone-272x182.png",272,182,true],"rt_custom":["https:\/\/meeplendice.net\/wp-content\/uploads\/2016\/11\/Not_alone.png",350,350,false]},"rttpg_author":{"display_name":"Karnby","author_link":"https:\/\/meeplendice.net\/?author=2"},"rttpg_comment":0,"rttpg_category":null,"rttpg_excerpt":"Nombre de joueurs : 2 - 7 Dur\u00e9e moyenne : 45 min Age : 10 ans et plus Auteur(s) : Ghislain Masson Illustrations : S\u00e9bastien Caiveau \u00c9dition : Geek Attitude Games Version : Fran\u00e7aise","_links":{"self":[{"href":"https:\/\/meeplendice.net\/index.php?rest_route=\/wp\/v2\/pages\/2242","targetHints":{"allow":["GET"]}}],"collection":[{"href":"https:\/\/meeplendice.net\/index.php?rest_route=\/wp\/v2\/pages"}],"about":[{"href":"https:\/\/meeplendice.net\/index.php?rest_route=\/wp\/v2\/types\/page"}],"author":[{"embeddable":true,"href":"https:\/\/meeplendice.net\/index.php?rest_route=\/wp\/v2\/users\/2"}],"replies":[{"embeddable":true,"href":"https:\/\/meeplendice.net\/index.php?rest_route=%2Fwp%2Fv2%2Fcomments&post=2242"}],"version-history":[{"count":9,"href":"https:\/\/meeplendice.net\/index.php?rest_route=\/wp\/v2\/pages\/2242\/revisions"}],"predecessor-version":[{"id":7656,"href":"https:\/\/meeplendice.net\/index.php?rest_route=\/wp\/v2\/pages\/2242\/revisions\/7656"}],"wp:featuredmedia":[{"embeddable":true,"href":"https:\/\/meeplendice.net\/index.php?rest_route=\/wp\/v2\/media\/2243"}],"wp:attachment":[{"href":"https:\/\/meeplendice.net\/index.php?rest_route=%2Fwp%2Fv2%2Fmedia&parent=2242"}],"curies":[{"name":"wp","href":"https:\/\/api.w.org\/{rel}","templated":true}]}}