{"id":2245,"date":"2016-11-25T13:25:00","date_gmt":"2016-11-25T12:25:00","guid":{"rendered":"http:\/\/meeplendice.net\/?page_id=2245"},"modified":"2020-11-20T19:58:28","modified_gmt":"2020-11-20T18:58:28","slug":"the-big-book-of-madness","status":"publish","type":"page","link":"https:\/\/meeplendice.net\/?page_id=2245","title":{"rendered":"The Big Book of Madness"},"content":{"rendered":"<div id=\"pl-2245\"  class=\"panel-layout\" ><div id=\"pg-2245-0\"  class=\"panel-grid panel-no-style\" ><div id=\"pgc-2245-0-0\"  class=\"panel-grid-cell\" ><div id=\"panel-2245-0-0-0\" class=\"so-panel widget widget_sow-editor panel-first-child panel-last-child\" data-index=\"0\" ><div\n\t\t\t\n\t\t\tclass=\"so-widget-sow-editor so-widget-sow-editor-base\"\n\t\t\t\n\t\t>\n<div class=\"siteorigin-widget-tinymce textwidget\">\n\t<p style=\"text-align: center;\"><strong>Nombre de joueurs :<\/strong><br \/>\n2 - 5<\/p>\n<\/div>\n<\/div><\/div><\/div><div id=\"pgc-2245-0-1\"  class=\"panel-grid-cell\" ><div id=\"panel-2245-0-1-0\" class=\"so-panel widget widget_sow-editor panel-first-child panel-last-child\" data-index=\"1\" ><div\n\t\t\t\n\t\t\tclass=\"so-widget-sow-editor so-widget-sow-editor-base\"\n\t\t\t\n\t\t>\n<div class=\"siteorigin-widget-tinymce textwidget\">\n\t<p style=\"text-align: center;\"><strong>Dur\u00e9e moyenne :<br \/>\n<\/strong>90 min<\/p>\n<\/div>\n<\/div><\/div><\/div><div id=\"pgc-2245-0-2\"  class=\"panel-grid-cell\" ><div id=\"panel-2245-0-2-0\" class=\"so-panel widget widget_sow-editor panel-first-child panel-last-child\" data-index=\"2\" ><div\n\t\t\t\n\t\t\tclass=\"so-widget-sow-editor so-widget-sow-editor-base\"\n\t\t\t\n\t\t>\n<div class=\"siteorigin-widget-tinymce textwidget\">\n\t<p style=\"text-align: center;\"><strong>Age :<\/strong><br \/>\n12 ans et plus<\/p>\n<\/div>\n<\/div><\/div><\/div><\/div><div id=\"pg-2245-1\"  class=\"panel-grid panel-no-style\" ><div id=\"pgc-2245-1-0\"  class=\"panel-grid-cell\" ><div id=\"panel-2245-1-0-0\" class=\"so-panel widget widget_sow-editor panel-first-child panel-last-child\" data-index=\"3\" ><div\n\t\t\t\n\t\t\tclass=\"so-widget-sow-editor so-widget-sow-editor-base\"\n\t\t\t\n\t\t>\n<div class=\"siteorigin-widget-tinymce textwidget\">\n\t<p style=\"text-align: center;\"><strong>Auteur(s) :<br \/>\n<\/strong>Maxime Rambourg<\/p>\n<\/div>\n<\/div><\/div><\/div><div id=\"pgc-2245-1-1\"  class=\"panel-grid-cell\" ><div id=\"panel-2245-1-1-0\" class=\"so-panel widget widget_sow-editor panel-first-child panel-last-child\" data-index=\"4\" ><div\n\t\t\t\n\t\t\tclass=\"so-widget-sow-editor so-widget-sow-editor-base\"\n\t\t\t\n\t\t>\n<div class=\"siteorigin-widget-tinymce textwidget\">\n\t<p style=\"text-align: center;\"><strong>Illustrations :<\/strong><br \/>\nNa\u00efade<\/p>\n<\/div>\n<\/div><\/div><\/div><div id=\"pgc-2245-1-2\"  class=\"panel-grid-cell\" ><div id=\"panel-2245-1-2-0\" class=\"so-panel widget widget_sow-editor panel-first-child panel-last-child\" data-index=\"5\" ><div\n\t\t\t\n\t\t\tclass=\"so-widget-sow-editor so-widget-sow-editor-base\"\n\t\t\t\n\t\t>\n<div class=\"siteorigin-widget-tinymce textwidget\">\n\t<p style=\"text-align: center;\"><strong>\u00c9dition :<\/strong><br \/>\nIello<br \/>\n2016<\/p>\n<\/div>\n<\/div><\/div><\/div><div id=\"pgc-2245-1-3\"  class=\"panel-grid-cell\" ><div id=\"panel-2245-1-3-0\" class=\"so-panel widget widget_sow-editor panel-first-child panel-last-child\" data-index=\"6\" ><div\n\t\t\t\n\t\t\tclass=\"so-widget-sow-editor so-widget-sow-editor-base\"\n\t\t\t\n\t\t>\n<div class=\"siteorigin-widget-tinymce textwidget\">\n\t<p style=\"text-align: center;\"><strong>Version :<\/strong><br \/>\nFran\u00e7aise<\/p>\n<\/div>\n<\/div><\/div><\/div><\/div><div id=\"pg-2245-2\"  class=\"panel-grid panel-no-style\" ><div id=\"pgc-2245-2-0\"  class=\"panel-grid-cell\" ><div id=\"panel-2245-2-0-0\" class=\"so-panel widget widget_sow-editor panel-first-child panel-last-child\" data-index=\"7\" ><div\n\t\t\t\n\t\t\tclass=\"so-widget-sow-editor so-widget-sow-editor-base\"\n\t\t\t\n\t\t>\n<div class=\"siteorigin-widget-tinymce textwidget\">\n\t<hr \/>\n<p><em>Ouvrez-le si vous l'osez !<\/em><\/p>\n<p><em>\u00ab Bienvenue dans la plus grande \u00e9cole de magie au monde ! Depuis des mill\u00e9naires, elle forme les apprentis magiciens aux sortil\u00e8ges les plus extraordinaires, faisant d\u2019eux les ma\u00eetres des \u00e9l\u00e9ments de demain. \u00bb<\/em><br \/>\n<em> C\u2019est en tout cas ce qu\u2019on vous avait promis\u2026 mais cette premi\u00e8re ann\u00e9e de cours vous a d\u00e9\u00e7u. Vous \u00eates \u00e0 peine capable de lancer une petite braise \u00e0 quelques centim\u00e8tres et passez plus de temps \u00e0 apprendre par c\u0153ur des livres th\u00e9orique qu\u2019\u00e0 d\u00e9couvrir de vrais sorts qui feront de vous les grands mages que vous \u00eates destin\u00e9s \u00e0 devenir.<\/em><br \/>\n<em> Ce soir tout va changer\u2026 dans les entrailles de l\u2019\u00e9cole se cache un livre aux pouvoirs inconnus qu\u2019on vous a formellement interdit d\u2019ouvrir. Jeunes et rebelle, vous avez d\u00e9cid\u00e9 de braver l\u2019interdit. \u00c0 peine la couverture soulev\u00e9, vous avez tout de suite compris votre erreur : le Big Book of Madness est une prison enfermant les pires cr\u00e9atures magiques imaginables, capables de r\u00e9duire le monde \u00e0 n\u00e9ant. Vous venez de les lib\u00e9rer\u2026 il faut les affronter !<\/em><\/p>\n<p>Dans The Big Book of Madness, vous incarnez de \u00e9tudiants magiciens qui ont ouvert par imprudence un grimoire ancien renfermant de puissants Monstres. Votre but sera de refermer les pages du livre une \u00e0 une tout en \u00e9vitant de devenir totalement fous. Pour l'emporter, faites preuves d'esprit d'\u00e9quipe,optimisez vos tours de jeu, apprenez de nouveaux sorts, maitrisez les \u00e9l\u00e9ments et faites attention \u00e0 ne pas perdre la raison...<\/p>\n<\/div>\n<\/div><\/div><\/div><\/div><div id=\"pg-2245-3\"  class=\"panel-grid panel-no-style\" ><div id=\"pgc-2245-3-0\"  class=\"panel-grid-cell\" ><div id=\"panel-2245-3-0-0\" class=\"so-panel widget widget_sow-editor panel-first-child panel-last-child\" data-index=\"8\" ><div\n\t\t\t\n\t\t\tclass=\"so-widget-sow-editor so-widget-sow-editor-base\"\n\t\t\t\n\t\t>\n<div class=\"siteorigin-widget-tinymce textwidget\">\n\t<hr \/>\n<p style=\"text-align: center;\"><strong>En vid\u00e9o<\/strong><\/p>\n<p style=\"text-align: left;\">De l'explication des r\u00e8gles :<\/p>\n<ul>\n<li style=\"text-align: left;\">Tric Trac<\/li>\n<\/ul>\n<p style=\"text-align: left;\"><a href=\"https:\/\/www.trictrac.net\/videos\/The_Big_Book_Of_Madness_le_comment_ca_marche\" target=\"_blank\" rel=\"noopener\"><img loading=\"lazy\" decoding=\"async\" class=\"alignnone size-full wp-image-107\" src=\"http:\/\/meeplendice.net\/wp-content\/uploads\/2016\/08\/TT_explication.png\" alt=\"TT_explication\" width=\"200\" height=\"170\" \/><\/a><\/p>\n<p style=\"text-align: left;\">\u00a0De la partie :<\/p>\n<ul>\n<li style=\"text-align: left;\">Tric Trac<\/li>\n<\/ul>\n<p><a href=\"https:\/\/www.trictrac.net\/videos\/The_Big_Book_Of_Madness_la_partie\" target=\"_blank\" rel=\"noopener\"><img loading=\"lazy\" decoding=\"async\" class=\"alignnone size-full wp-image-117\" src=\"http:\/\/meeplendice.net\/wp-content\/uploads\/2016\/08\/TT_partie_1.png\" alt=\"TT_partie_1\" width=\"200\" height=\"170\" \/><\/a><\/p>\n<\/div>\n<\/div><\/div><\/div><div id=\"pgc-2245-3-1\"  class=\"panel-grid-cell\" ><div id=\"panel-2245-3-1-0\" class=\"so-panel widget widget_sow-editor panel-first-child panel-last-child\" data-index=\"9\" ><div\n\t\t\t\n\t\t\tclass=\"so-widget-sow-editor so-widget-sow-editor-base\"\n\t\t\t\n\t\t>\n<div class=\"siteorigin-widget-tinymce textwidget\">\n\t<hr \/>\n<p style=\"text-align: center;\"><strong>Extension(s)<\/strong><\/p>\n<p>&nbsp;<\/p>\n<style type='text\/css' media='all'>#rt-tpg-container-1433532331 .read-more a{border-radius:px;}#rt-tpg-container-1433532331 .rt-img-holder img.rt-img-responsive,#rt-tpg-container-1433532331 .rt-img-holder,\n\t\t\t\t\t#rt-tpg-container-1433532331 .rt-post-overlay .post-img,\n\t\t\t\t\t#rt-tpg-container-1433532331 .post-sm .post-img,\n\t\t\t\t\t#rt-tpg-container-1433532331 .rt-post-grid .post-img,\n\t\t\t\t\t#rt-tpg-container-1433532331 .post-img img {border-radius:px;}#rt-tpg-container-1433532331 .layout9 .rt-holder h2.entry-title,\n\t\t\t\t\t#rt-tpg-container-1433532331 .layout9 .rt-holder h3.entry-title,\n\t\t\t\t\t#rt-tpg-container-1433532331 .layout9 .rt-holder h4.entry-title,\n\t\t\t\t\t#rt-tpg-container-1433532331 .layout9 .rt-holder h2.entry-title a,\n\t\t\t\t\t#rt-tpg-container-1433532331 .layout9 .rt-holder h3.entry-title a,\n\t\t\t\t\t#rt-tpg-container-1433532331 .layout9 .rt-holder h4.entry-title a,\n\t\t\t\t\t#rt-tpg-container-1433532331 .rt-holder .rt-woo-info h2 a,\n\t\t\t\t\t#rt-tpg-container-1433532331 .rt-holder .rt-woo-info h3 a,\n\t\t\t\t\t#rt-tpg-container-1433532331 .rt-holder .rt-woo-info h4 a,\n\t\t\t\t\t#rt-tpg-container-1433532331 .post-content .post-title,\n\t\t\t\t\t#rt-tpg-container-1433532331 .rt-post-grid .post-title,\n\t\t\t\t\t#rt-tpg-container-1433532331 .rt-post-grid .post-title a,\n\t\t\t\t\t#rt-tpg-container-1433532331 .post-content .post-title a,\n\t\t\t\t\t#rt-tpg-container-1433532331 .rt-holder .rt-woo-info h2,\n\t\t\t\t\t#rt-tpg-container-1433532331 .rt-holder .rt-woo-info h3,\n\t\t\t\t\t#rt-tpg-container-1433532331 .rt-holder .rt-woo-info h4{font-size:16px;line-height:26px;font-weight:normal;text-align:center;}#rt-tpg-container-1433532331 .post-grid-lg-style-1 .post-title,\n\t\t\t\t\t\t#rt-tpg-container-1433532331 .post-grid-lg-style-1 .post-title a,\n\t\t\t\t\t\t#rt-tpg-container-1433532331 .big-layout .post-title,\n\t\t\t\t\t\t#rt-tpg-container-1433532331 .big-layout .post-title a,\n\t\t\t\t\t\t#rt-tpg-container-1433532331 .post-grid-lg-style-1 .post-title,\n\t\t\t\t\t\t#rt-tpg-container-1433532331 .post-grid-lg-style-1 .post-title a {font-size:24px;line-height:34px;}<\/style><div class='rt-container-fluid rt-tpg-container tpg-shortcode-main-wrapper ' id='rt-tpg-container-1433532331'   data-layout='layout9' data-grid-style='even' data-desktop-col='3'  data-tab-col='2'  data-mobile-col='1' data-sc-id='5465'><div data-title='Loading ...' class='rt-row rt-content-loader   layout9 tpg-even '><div class=\"rt-col-md-4 rt-col-sm-6 rt-col-xs-12 even-grid-item rt-grid-item img_zoom_in\" data-id=\"5458\"><div class=\"rt-holder\"><div class='overlay'><a data-id='5458' class=' tpg-single-popup' href='https:\/\/meeplendice.net\/?page_id=5458'><img loading=\"lazy\" decoding=\"async\" width=\"350\" height=\"350\" src=\"https:\/\/meeplendice.net\/wp-content\/uploads\/2019\/12\/BBoM_5element.png\" class=\"rt-img-responsive \" alt=\"\" \/><\/a><\/div><div class='post-info'><h2 class=\"entry-title\"><a data-id=\"5458\" class=\" tpg-single-popup\" href=\"https:\/\/meeplendice.net\/?page_id=5458\">Le Veme \u00e9l\u00e9ment<\/a><\/h2><div class='post-meta-user '><\/div><\/div><\/div><\/div><\/div><div class='rt-pagination-wrap' data-total-pages='1' data-posts-per-page='3' data-type='pagination_ajax'  ><div class='rt-page-numbers'><\/div><\/div><\/div>\n<\/div>\n<\/div><\/div><\/div><\/div><div id=\"pg-2245-4\"  class=\"panel-grid panel-no-style\" ><div id=\"pgc-2245-4-0\"  class=\"panel-grid-cell\" ><div id=\"panel-2245-4-0-0\" class=\"so-panel widget widget_sow-editor panel-first-child panel-last-child\" data-index=\"10\" ><div\n\t\t\t\n\t\t\tclass=\"so-widget-sow-editor so-widget-sow-editor-base\"\n\t\t\t\n\t\t>\n<div class=\"siteorigin-widget-tinymce textwidget\">\n\t<hr \/>\n<p style=\"text-align: center;\"><strong>Pour aller plus loin<\/strong><\/p>\n<\/div>\n<\/div><\/div><\/div><\/div><\/div>","protected":false},"excerpt":{"rendered":"<p>Nombre de joueurs : 2 &#8211; 5 Dur\u00e9e moyenne : 90 min Age : 12 ans et plus Auteur(s) : Maxime Rambourg Illustrations : Na\u00efade \u00c9dition : Iello 2016 Version : Fran\u00e7aise<\/p>\n","protected":false},"author":2,"featured_media":2246,"parent":0,"menu_order":0,"comment_status":"closed","ping_status":"closed","template":"","meta":{"footnotes":""},"class_list":["post-2245","page","type-page","status-publish","has-post-thumbnail","hentry"],"acf":[],"rttpg_featured_image_url":{"full":["https:\/\/meeplendice.net\/wp-content\/uploads\/2016\/11\/Thebigbookofmadness.png",350,350,false],"landscape":["https:\/\/meeplendice.net\/wp-content\/uploads\/2016\/11\/Thebigbookofmadness.png",350,350,false],"portraits":["https:\/\/meeplendice.net\/wp-content\/uploads\/2016\/11\/Thebigbookofmadness.png",350,350,false],"thumbnail":["https:\/\/meeplendice.net\/wp-content\/uploads\/2016\/11\/Thebigbookofmadness-150x150.png",150,150,true],"medium":["https:\/\/meeplendice.net\/wp-content\/uploads\/2016\/11\/Thebigbookofmadness-300x300.png",300,300,true],"large":["https:\/\/meeplendice.net\/wp-content\/uploads\/2016\/11\/Thebigbookofmadness.png",350,350,false],"ug_big":["https:\/\/meeplendice.net\/wp-content\/uploads\/2016\/11\/Thebigbookofmadness.png",350,350,false],"1536x1536":["https:\/\/meeplendice.net\/wp-content\/uploads\/2016\/11\/Thebigbookofmadness.png",350,350,false],"2048x2048":["https:\/\/meeplendice.net\/wp-content\/uploads\/2016\/11\/Thebigbookofmadness.png",350,350,false],"ashe-slider-grid-thumbnail":["https:\/\/meeplendice.net\/wp-content\/uploads\/2016\/11\/Thebigbookofmadness.png",350,350,false],"ashe-full-thumbnail":["https:\/\/meeplendice.net\/wp-content\/uploads\/2016\/11\/Thebigbookofmadness.png",350,350,false],"ashe-grid-thumbnail":["https:\/\/meeplendice.net\/wp-content\/uploads\/2016\/11\/Thebigbookofmadness-350x330.png",350,330,true],"ashe-list-thumbnail":["https:\/\/meeplendice.net\/wp-content\/uploads\/2016\/11\/Thebigbookofmadness-300x300.png",300,300,true],"ashe-single-navigation":["https:\/\/meeplendice.net\/wp-content\/uploads\/2016\/11\/Thebigbookofmadness-75x75.png",75,75,true],"mailpoet_newsletter_max":["https:\/\/meeplendice.net\/wp-content\/uploads\/2016\/11\/Thebigbookofmadness.png",350,350,false],"rpwe-thumbnail":["https:\/\/meeplendice.net\/wp-content\/uploads\/2016\/11\/Thebigbookofmadness-45x45.png",45,45,true],"sow-carousel-default":["https:\/\/meeplendice.net\/wp-content\/uploads\/2016\/11\/Thebigbookofmadness-272x182.png",272,182,true],"rt_custom":["https:\/\/meeplendice.net\/wp-content\/uploads\/2016\/11\/Thebigbookofmadness.png",350,350,false]},"rttpg_author":{"display_name":"Karnby","author_link":"https:\/\/meeplendice.net\/?author=2"},"rttpg_comment":0,"rttpg_category":null,"rttpg_excerpt":"Nombre de joueurs : 2 - 5 Dur\u00e9e moyenne : 90 min Age : 12 ans et plus Auteur(s) : Maxime Rambourg Illustrations : Na\u00efade \u00c9dition : Iello 2016 Version : Fran\u00e7aise","_links":{"self":[{"href":"https:\/\/meeplendice.net\/index.php?rest_route=\/wp\/v2\/pages\/2245","targetHints":{"allow":["GET"]}}],"collection":[{"href":"https:\/\/meeplendice.net\/index.php?rest_route=\/wp\/v2\/pages"}],"about":[{"href":"https:\/\/meeplendice.net\/index.php?rest_route=\/wp\/v2\/types\/page"}],"author":[{"embeddable":true,"href":"https:\/\/meeplendice.net\/index.php?rest_route=\/wp\/v2\/users\/2"}],"replies":[{"embeddable":true,"href":"https:\/\/meeplendice.net\/index.php?rest_route=%2Fwp%2Fv2%2Fcomments&post=2245"}],"version-history":[{"count":6,"href":"https:\/\/meeplendice.net\/index.php?rest_route=\/wp\/v2\/pages\/2245\/revisions"}],"predecessor-version":[{"id":7534,"href":"https:\/\/meeplendice.net\/index.php?rest_route=\/wp\/v2\/pages\/2245\/revisions\/7534"}],"wp:featuredmedia":[{"embeddable":true,"href":"https:\/\/meeplendice.net\/index.php?rest_route=\/wp\/v2\/media\/2246"}],"wp:attachment":[{"href":"https:\/\/meeplendice.net\/index.php?rest_route=%2Fwp%2Fv2%2Fmedia&parent=2245"}],"curies":[{"name":"wp","href":"https:\/\/api.w.org\/{rel}","templated":true}]}}