{"id":2318,"date":"2017-01-08T23:10:29","date_gmt":"2017-01-08T22:10:29","guid":{"rendered":"http:\/\/meeplendice.net\/?page_id=2318"},"modified":"2020-11-13T16:26:33","modified_gmt":"2020-11-13T15:26:33","slug":"dead-of-winter-la-nuit-la-plus-longue","status":"publish","type":"page","link":"https:\/\/meeplendice.net\/?page_id=2318","title":{"rendered":"Dead of Winter &#8211; La nuit la plus longue"},"content":{"rendered":"<div id=\"pl-2318\"  class=\"panel-layout\" ><div id=\"pg-2318-0\"  class=\"panel-grid panel-no-style\" ><div id=\"pgc-2318-0-0\"  class=\"panel-grid-cell\" ><div id=\"panel-2318-0-0-0\" class=\"so-panel widget widget_sow-editor panel-first-child panel-last-child\" data-index=\"0\" ><div\n\t\t\t\n\t\t\tclass=\"so-widget-sow-editor so-widget-sow-editor-base\"\n\t\t\t\n\t\t>\n<div class=\"siteorigin-widget-tinymce textwidget\">\n\t<p style=\"text-align: center;\"><strong>Nombre de joueurs :<\/strong><br \/>\n2 - 5<\/p>\n<\/div>\n<\/div><\/div><\/div><div id=\"pgc-2318-0-1\"  class=\"panel-grid-cell\" ><div id=\"panel-2318-0-1-0\" class=\"so-panel widget widget_sow-editor panel-first-child panel-last-child\" data-index=\"1\" ><div\n\t\t\t\n\t\t\tclass=\"so-widget-sow-editor so-widget-sow-editor-base\"\n\t\t\t\n\t\t>\n<div class=\"siteorigin-widget-tinymce textwidget\">\n\t<p style=\"text-align: center;\"><strong>Dur\u00e9e moyenne :<\/strong><br \/>\n120 min<\/p>\n<\/div>\n<\/div><\/div><\/div><div id=\"pgc-2318-0-2\"  class=\"panel-grid-cell\" ><div id=\"panel-2318-0-2-0\" class=\"so-panel widget widget_sow-editor panel-first-child panel-last-child\" data-index=\"2\" ><div\n\t\t\t\n\t\t\tclass=\"so-widget-sow-editor so-widget-sow-editor-base\"\n\t\t\t\n\t\t>\n<div class=\"siteorigin-widget-tinymce textwidget\">\n\t<p style=\"text-align: center;\"><strong>Age :<\/strong><br \/>\n14 ans et plus<\/p>\n<\/div>\n<\/div><\/div><\/div><\/div><div id=\"pg-2318-1\"  class=\"panel-grid panel-no-style\" ><div id=\"pgc-2318-1-0\"  class=\"panel-grid-cell\" ><div id=\"panel-2318-1-0-0\" class=\"so-panel widget widget_sow-editor panel-first-child panel-last-child\" data-index=\"3\" ><div\n\t\t\t\n\t\t\tclass=\"so-widget-sow-editor so-widget-sow-editor-base\"\n\t\t\t\n\t\t>\n<div class=\"siteorigin-widget-tinymce textwidget\">\n\t<p style=\"text-align: center;\"><strong>Auteur(s) :<br \/>\n<\/strong>Isaac Vega et Jon Gilmour<\/p>\n<\/div>\n<\/div><\/div><\/div><div id=\"pgc-2318-1-1\"  class=\"panel-grid-cell\" ><div id=\"panel-2318-1-1-0\" class=\"so-panel widget widget_sow-editor panel-first-child panel-last-child\" data-index=\"4\" ><div\n\t\t\t\n\t\t\tclass=\"so-widget-sow-editor so-widget-sow-editor-base\"\n\t\t\t\n\t\t>\n<div class=\"siteorigin-widget-tinymce textwidget\">\n\t<p style=\"text-align: center;\"><strong>Illustrations :<\/strong><br \/>\nFernanda Suarez<\/p>\n<\/div>\n<\/div><\/div><\/div><div id=\"pgc-2318-1-2\"  class=\"panel-grid-cell\" ><div id=\"panel-2318-1-2-0\" class=\"so-panel widget widget_sow-editor panel-first-child panel-last-child\" data-index=\"5\" ><div\n\t\t\t\n\t\t\tclass=\"so-widget-sow-editor so-widget-sow-editor-base\"\n\t\t\t\n\t\t>\n<div class=\"siteorigin-widget-tinymce textwidget\">\n\t<p style=\"text-align: center;\"><strong>\u00c9dition :<\/strong><br \/>\nFilosophia<br \/>\n2016<\/p>\n<\/div>\n<\/div><\/div><\/div><div id=\"pgc-2318-1-3\"  class=\"panel-grid-cell\" ><div id=\"panel-2318-1-3-0\" class=\"so-panel widget widget_sow-editor panel-first-child panel-last-child\" data-index=\"6\" ><div\n\t\t\t\n\t\t\tclass=\"so-widget-sow-editor so-widget-sow-editor-base\"\n\t\t\t\n\t\t>\n<div class=\"siteorigin-widget-tinymce textwidget\">\n\t<p style=\"text-align: center;\"><strong>Version :<\/strong><br \/>\nFran\u00e7aise<\/p>\n<\/div>\n<\/div><\/div><\/div><\/div><div id=\"pg-2318-2\"  class=\"panel-grid panel-no-style\" ><div id=\"pgc-2318-2-0\"  class=\"panel-grid-cell\" ><div id=\"panel-2318-2-0-0\" class=\"so-panel widget widget_sow-editor panel-first-child panel-last-child\" data-index=\"7\" ><div\n\t\t\t\n\t\t\tclass=\"so-widget-sow-editor so-widget-sow-editor-base\"\n\t\t\t\n\t\t>\n<div class=\"siteorigin-widget-tinymce textwidget\">\n\t<hr \/>\n<p>\u00c0 la crois\u00e9e des chemins vous plonge dans l\u2019hiver glacial d\u2019un monde apocalyptique o\u00f9 tous luttent pour leur survie. Tous les survivants ont \u00e9t\u00e9 affect\u00e9s diff\u00e9remment par ce\u00a0nouveau monde et certains ne seront pas pr\u00eats \u00e0 mettre le bien collectif devant leurs propres aspirations.<\/p>\n<p>En plus des innombrables menaces ext\u00e9rieures, les conflits internes pourraient venir d\u00e9lier la colonie ; il faudra garder le moral pour esp\u00e9rer s\u2019en sortir\u2026<\/p>\n<p>La nuit la plus longue...introduit le laboratoire Raxxon, o\u00f9 d'horribles exp\u00e9rimentations pharmaceutiques entraineront la ville en enfer si elles ne sont pas contenues.Les brigands font \u00e9galement leur apparition, sortant de leur repaire. Et des am\u00e9liorations pourront \u00eatre port\u00e9es \u00e0 la colonie tel qu'un feu de camp ou des tranch\u00e9es. A ces am\u00e9liorations s'ajoutent de nouveaux personnages, de nouveaux objets, de nouveaux objectifs communs et secrets, et de nouvelles cartes Crois\u00e9e des chemins... et bien plus encore !<\/p>\n<\/div>\n<\/div><\/div><\/div><\/div><div id=\"pg-2318-3\"  class=\"panel-grid panel-no-style\" ><div id=\"pgc-2318-3-0\"  class=\"panel-grid-cell\" ><div id=\"panel-2318-3-0-0\" class=\"so-panel widget widget_sow-editor panel-first-child panel-last-child\" data-index=\"8\" ><div\n\t\t\t\n\t\t\tclass=\"so-widget-sow-editor so-widget-sow-editor-base\"\n\t\t\t\n\t\t>\n<div class=\"siteorigin-widget-tinymce textwidget\">\n\t<hr \/>\n<p style=\"text-align: center;\"><strong>En vid\u00e9o<\/strong><\/p>\n<p>&nbsp;<\/p>\n<\/div>\n<\/div><\/div><\/div><div id=\"pgc-2318-3-1\"  class=\"panel-grid-cell\" ><div id=\"panel-2318-3-1-0\" class=\"so-panel widget widget_sow-editor panel-first-child panel-last-child\" data-index=\"9\" ><div\n\t\t\t\n\t\t\tclass=\"so-widget-sow-editor so-widget-sow-editor-base\"\n\t\t\t\n\t\t>\n<div class=\"siteorigin-widget-tinymce textwidget\">\n\t<hr \/>\n<p style=\"text-align: center;\"><strong>Extension(s)<\/strong><\/p>\n<p style=\"text-align: center;\"><style type='text\/css' media='all'>#rt-tpg-container-2948948855 .read-more a{border-radius:px;}#rt-tpg-container-2948948855 .rt-img-holder img.rt-img-responsive,#rt-tpg-container-2948948855 .rt-img-holder,\n\t\t\t\t\t#rt-tpg-container-2948948855 .rt-post-overlay .post-img,\n\t\t\t\t\t#rt-tpg-container-2948948855 .post-sm .post-img,\n\t\t\t\t\t#rt-tpg-container-2948948855 .rt-post-grid .post-img,\n\t\t\t\t\t#rt-tpg-container-2948948855 .post-img img {border-radius:px;}#rt-tpg-container-2948948855 .layout9 .rt-holder h2.entry-title,\n\t\t\t\t\t#rt-tpg-container-2948948855 .layout9 .rt-holder h3.entry-title,\n\t\t\t\t\t#rt-tpg-container-2948948855 .layout9 .rt-holder h4.entry-title,\n\t\t\t\t\t#rt-tpg-container-2948948855 .layout9 .rt-holder h2.entry-title a,\n\t\t\t\t\t#rt-tpg-container-2948948855 .layout9 .rt-holder h3.entry-title a,\n\t\t\t\t\t#rt-tpg-container-2948948855 .layout9 .rt-holder h4.entry-title a,\n\t\t\t\t\t#rt-tpg-container-2948948855 .rt-holder .rt-woo-info h2 a,\n\t\t\t\t\t#rt-tpg-container-2948948855 .rt-holder .rt-woo-info h3 a,\n\t\t\t\t\t#rt-tpg-container-2948948855 .rt-holder .rt-woo-info h4 a,\n\t\t\t\t\t#rt-tpg-container-2948948855 .post-content .post-title,\n\t\t\t\t\t#rt-tpg-container-2948948855 .rt-post-grid .post-title,\n\t\t\t\t\t#rt-tpg-container-2948948855 .rt-post-grid .post-title a,\n\t\t\t\t\t#rt-tpg-container-2948948855 .post-content .post-title a,\n\t\t\t\t\t#rt-tpg-container-2948948855 .rt-holder .rt-woo-info h2,\n\t\t\t\t\t#rt-tpg-container-2948948855 .rt-holder .rt-woo-info h3,\n\t\t\t\t\t#rt-tpg-container-2948948855 .rt-holder .rt-woo-info h4{font-size:16px;line-height:26px;font-weight:normal;text-align:center;}#rt-tpg-container-2948948855 .post-grid-lg-style-1 .post-title,\n\t\t\t\t\t\t#rt-tpg-container-2948948855 .post-grid-lg-style-1 .post-title a,\n\t\t\t\t\t\t#rt-tpg-container-2948948855 .big-layout .post-title,\n\t\t\t\t\t\t#rt-tpg-container-2948948855 .big-layout .post-title a,\n\t\t\t\t\t\t#rt-tpg-container-2948948855 .post-grid-lg-style-1 .post-title,\n\t\t\t\t\t\t#rt-tpg-container-2948948855 .post-grid-lg-style-1 .post-title a {font-size:24px;line-height:34px;}<\/style><div class='rt-container-fluid rt-tpg-container tpg-shortcode-main-wrapper ' id='rt-tpg-container-2948948855'   data-layout='layout9' data-grid-style='even' data-desktop-col='3'  data-tab-col='2'  data-mobile-col='1' data-sc-id='4212'><div data-title='Loading ...' class='rt-row rt-content-loader   layout9 tpg-even '><div class=\"rt-col-md-4 rt-col-sm-6 rt-col-xs-12 even-grid-item rt-grid-item img_zoom_in\" data-id=\"4209\"><div class=\"rt-holder\"><div class='overlay'><a data-id='4209' class=' tpg-single-popup' href='https:\/\/meeplendice.net\/?page_id=4209'><img loading=\"lazy\" decoding=\"async\" width=\"350\" height=\"350\" src=\"https:\/\/meeplendice.net\/wp-content\/uploads\/2018\/05\/DoW_colonie.png\" class=\"rt-img-responsive \" alt=\"\" \/><\/a><\/div><div class='post-info'><h2 class=\"entry-title\"><a data-id=\"4209\" class=\" tpg-single-popup\" href=\"https:\/\/meeplendice.net\/?page_id=4209\">Colonies en Guerre<\/a><\/h2><div class='post-meta-user '><\/div><\/div><\/div><\/div><\/div><div class='rt-pagination-wrap' data-total-pages='1' data-posts-per-page='3' data-type='pagination_ajax'  ><div class='rt-page-numbers'><\/div><\/div><\/div><\/p>\n<\/div>\n<\/div><\/div><\/div><\/div><div id=\"pg-2318-4\"  class=\"panel-grid panel-no-style\" ><div id=\"pgc-2318-4-0\"  class=\"panel-grid-cell\" ><div id=\"panel-2318-4-0-0\" class=\"so-panel widget widget_sow-editor panel-first-child panel-last-child\" data-index=\"10\" ><div\n\t\t\t\n\t\t\tclass=\"so-widget-sow-editor so-widget-sow-editor-base\"\n\t\t\t\n\t\t>\n<div class=\"siteorigin-widget-tinymce textwidget\">\n\t<hr \/>\n<p style=\"text-align: center;\"><strong>Pour aller plus loin<br \/>\n<\/strong><\/p>\n<p>&nbsp;<\/p>\n<\/div>\n<\/div><\/div><\/div><\/div><\/div>","protected":false},"excerpt":{"rendered":"<p>Nombre de joueurs : 2 &#8211; 5 Dur\u00e9e moyenne : 120 min Age : 14 ans et plus Auteur(s) : Isaac Vega et Jon Gilmour Illustrations : Fernanda Suarez \u00c9dition : Filosophia 2016 Version : Fran\u00e7aise<\/p>\n","protected":false},"author":2,"featured_media":2335,"parent":0,"menu_order":0,"comment_status":"closed","ping_status":"closed","template":"","meta":{"footnotes":""},"class_list":["post-2318","page","type-page","status-publish","has-post-thumbnail","hentry"],"acf":[],"rttpg_featured_image_url":{"full":["https:\/\/meeplendice.net\/wp-content\/uploads\/2017\/01\/Deadofwinter_longnight.png",350,350,false],"landscape":["https:\/\/meeplendice.net\/wp-content\/uploads\/2017\/01\/Deadofwinter_longnight.png",350,350,false],"portraits":["https:\/\/meeplendice.net\/wp-content\/uploads\/2017\/01\/Deadofwinter_longnight.png",350,350,false],"thumbnail":["https:\/\/meeplendice.net\/wp-content\/uploads\/2017\/01\/Deadofwinter_longnight-150x150.png",150,150,true],"medium":["https:\/\/meeplendice.net\/wp-content\/uploads\/2017\/01\/Deadofwinter_longnight-300x300.png",300,300,true],"large":["https:\/\/meeplendice.net\/wp-content\/uploads\/2017\/01\/Deadofwinter_longnight.png",350,350,false],"ug_big":["https:\/\/meeplendice.net\/wp-content\/uploads\/2017\/01\/Deadofwinter_longnight.png",350,350,false],"1536x1536":["https:\/\/meeplendice.net\/wp-content\/uploads\/2017\/01\/Deadofwinter_longnight.png",350,350,false],"2048x2048":["https:\/\/meeplendice.net\/wp-content\/uploads\/2017\/01\/Deadofwinter_longnight.png",350,350,false],"ashe-slider-grid-thumbnail":["https:\/\/meeplendice.net\/wp-content\/uploads\/2017\/01\/Deadofwinter_longnight.png",350,350,false],"ashe-full-thumbnail":["https:\/\/meeplendice.net\/wp-content\/uploads\/2017\/01\/Deadofwinter_longnight.png",350,350,false],"ashe-grid-thumbnail":["https:\/\/meeplendice.net\/wp-content\/uploads\/2017\/01\/Deadofwinter_longnight-350x330.png",350,330,true],"ashe-list-thumbnail":["https:\/\/meeplendice.net\/wp-content\/uploads\/2017\/01\/Deadofwinter_longnight-300x300.png",300,300,true],"ashe-single-navigation":["https:\/\/meeplendice.net\/wp-content\/uploads\/2017\/01\/Deadofwinter_longnight-75x75.png",75,75,true],"mailpoet_newsletter_max":["https:\/\/meeplendice.net\/wp-content\/uploads\/2017\/01\/Deadofwinter_longnight.png",350,350,false],"rpwe-thumbnail":["https:\/\/meeplendice.net\/wp-content\/uploads\/2017\/01\/Deadofwinter_longnight-45x45.png",45,45,true],"sow-carousel-default":["https:\/\/meeplendice.net\/wp-content\/uploads\/2017\/01\/Deadofwinter_longnight-272x182.png",272,182,true],"rt_custom":["https:\/\/meeplendice.net\/wp-content\/uploads\/2017\/01\/Deadofwinter_longnight.png",350,350,false]},"rttpg_author":{"display_name":"Karnby","author_link":"https:\/\/meeplendice.net\/?author=2"},"rttpg_comment":0,"rttpg_category":null,"rttpg_excerpt":"Nombre de joueurs : 2 - 5 Dur\u00e9e moyenne : 120 min Age : 14 ans et plus Auteur(s) : Isaac Vega et Jon Gilmour Illustrations : Fernanda Suarez \u00c9dition : Filosophia 2016 Version : Fran\u00e7aise","_links":{"self":[{"href":"https:\/\/meeplendice.net\/index.php?rest_route=\/wp\/v2\/pages\/2318","targetHints":{"allow":["GET"]}}],"collection":[{"href":"https:\/\/meeplendice.net\/index.php?rest_route=\/wp\/v2\/pages"}],"about":[{"href":"https:\/\/meeplendice.net\/index.php?rest_route=\/wp\/v2\/types\/page"}],"author":[{"embeddable":true,"href":"https:\/\/meeplendice.net\/index.php?rest_route=\/wp\/v2\/users\/2"}],"replies":[{"embeddable":true,"href":"https:\/\/meeplendice.net\/index.php?rest_route=%2Fwp%2Fv2%2Fcomments&post=2318"}],"version-history":[{"count":6,"href":"https:\/\/meeplendice.net\/index.php?rest_route=\/wp\/v2\/pages\/2318\/revisions"}],"predecessor-version":[{"id":7223,"href":"https:\/\/meeplendice.net\/index.php?rest_route=\/wp\/v2\/pages\/2318\/revisions\/7223"}],"wp:featuredmedia":[{"embeddable":true,"href":"https:\/\/meeplendice.net\/index.php?rest_route=\/wp\/v2\/media\/2335"}],"wp:attachment":[{"href":"https:\/\/meeplendice.net\/index.php?rest_route=%2Fwp%2Fv2%2Fmedia&parent=2318"}],"curies":[{"name":"wp","href":"https:\/\/api.w.org\/{rel}","templated":true}]}}