{"id":2328,"date":"2017-01-08T23:44:39","date_gmt":"2017-01-08T22:44:39","guid":{"rendered":"http:\/\/meeplendice.net\/?page_id=2328"},"modified":"2026-01-11T18:36:08","modified_gmt":"2026-01-11T16:36:08","slug":"tikal","status":"publish","type":"page","link":"https:\/\/meeplendice.net\/?page_id=2328","title":{"rendered":"Tikal"},"content":{"rendered":"<div id=\"pl-2328\"  class=\"panel-layout\" ><div id=\"pg-2328-0\"  class=\"panel-grid panel-no-style\" ><div id=\"pgc-2328-0-0\"  class=\"panel-grid-cell\" ><div id=\"panel-2328-0-0-0\" class=\"so-panel widget widget_sow-editor panel-first-child panel-last-child\" data-index=\"0\" ><div\n\t\t\t\n\t\t\tclass=\"so-widget-sow-editor so-widget-sow-editor-base\"\n\t\t\t\n\t\t>\n<div class=\"siteorigin-widget-tinymce textwidget\">\n\t<p style=\"text-align: center;\"><strong>Nombre de joueurs :<\/strong><br \/>\n2 - 4<\/p>\n<\/div>\n<\/div><\/div><\/div><div id=\"pgc-2328-0-1\"  class=\"panel-grid-cell\" ><div id=\"panel-2328-0-1-0\" class=\"so-panel widget widget_sow-editor panel-first-child panel-last-child\" data-index=\"1\" ><div\n\t\t\t\n\t\t\tclass=\"so-widget-sow-editor so-widget-sow-editor-base\"\n\t\t\t\n\t\t>\n<div class=\"siteorigin-widget-tinymce textwidget\">\n\t<p style=\"text-align: center;\"><strong>Dur\u00e9e moyenne :<\/strong><br \/>\n90 min<\/p>\n<\/div>\n<\/div><\/div><\/div><div id=\"pgc-2328-0-2\"  class=\"panel-grid-cell\" ><div id=\"panel-2328-0-2-0\" class=\"so-panel widget widget_sow-editor panel-first-child panel-last-child\" data-index=\"2\" ><div\n\t\t\t\n\t\t\tclass=\"so-widget-sow-editor so-widget-sow-editor-base\"\n\t\t\t\n\t\t>\n<div class=\"siteorigin-widget-tinymce textwidget\">\n\t<p style=\"text-align: center;\"><strong>Age :<\/strong><br \/>\n10 ans et plus<\/p>\n<\/div>\n<\/div><\/div><\/div><\/div><div id=\"pg-2328-1\"  class=\"panel-grid panel-no-style\" ><div id=\"pgc-2328-1-0\"  class=\"panel-grid-cell\" ><div id=\"panel-2328-1-0-0\" class=\"so-panel widget widget_sow-editor panel-first-child panel-last-child\" data-index=\"3\" ><div\n\t\t\t\n\t\t\tclass=\"so-widget-sow-editor so-widget-sow-editor-base\"\n\t\t\t\n\t\t>\n<div class=\"siteorigin-widget-tinymce textwidget\">\n\t<p style=\"text-align: center;\"><strong>Auteur(s) : <\/strong><br \/>\nWolfgang Kramer<br \/>\nMichael Kiesling<\/p>\n<\/div>\n<\/div><\/div><\/div><div id=\"pgc-2328-1-1\"  class=\"panel-grid-cell\" ><div id=\"panel-2328-1-1-0\" class=\"so-panel widget widget_sow-editor panel-first-child panel-last-child\" data-index=\"4\" ><div\n\t\t\t\n\t\t\tclass=\"so-widget-sow-editor so-widget-sow-editor-base\"\n\t\t\t\n\t\t>\n<div class=\"siteorigin-widget-tinymce textwidget\">\n\t<p style=\"text-align: center;\"><strong>Illustrations :<\/strong><br \/>\nPaul Mafayon<br \/>\nChristophe Swal<\/p>\n<\/div>\n<\/div><\/div><\/div><div id=\"pgc-2328-1-2\"  class=\"panel-grid-cell\" ><div id=\"panel-2328-1-2-0\" class=\"so-panel widget widget_sow-editor panel-first-child panel-last-child\" data-index=\"5\" ><div\n\t\t\t\n\t\t\tclass=\"so-widget-sow-editor so-widget-sow-editor-base\"\n\t\t\t\n\t\t>\n<div class=\"siteorigin-widget-tinymce textwidget\">\n\t<p style=\"text-align: center;\"><strong>\u00c9dition :<\/strong><br \/>\nSuper Meeple<br \/>\n2016<\/p>\n<\/div>\n<\/div><\/div><\/div><div id=\"pgc-2328-1-3\"  class=\"panel-grid-cell\" ><div id=\"panel-2328-1-3-0\" class=\"so-panel widget widget_sow-editor panel-first-child panel-last-child\" data-index=\"6\" ><div\n\t\t\t\n\t\t\tclass=\"so-widget-sow-editor so-widget-sow-editor-base\"\n\t\t\t\n\t\t>\n<div class=\"siteorigin-widget-tinymce textwidget\">\n\t<p style=\"text-align: center;\"><strong>Version :<\/strong><br \/>\nFran\u00e7aise<\/p>\n<\/div>\n<\/div><\/div><\/div><\/div><div id=\"pg-2328-2\"  class=\"panel-grid panel-no-style\" ><div id=\"pgc-2328-2-0\"  class=\"panel-grid-cell\" ><div id=\"panel-2328-2-0-0\" class=\"so-panel widget widget_sow-editor panel-first-child panel-last-child\" data-index=\"7\" ><div\n\t\t\t\n\t\t\tclass=\"so-widget-sow-editor so-widget-sow-editor-base\"\n\t\t\t\n\t\t>\n<div class=\"siteorigin-widget-tinymce textwidget\">\n\t<hr \/>\n<p><em>Tikal \u00e9tait la capitale d\u2019un des plus puissants royaumes de l\u2019\u00e9poque Maya et est un des plus grands sites arch\u00e9ologiques d\u2019Am\u00e9rique du Sud. Vous menez une \u00e9quipe d\u2019aventuriers \u00e0 la recherche des tr\u00e9sors d\u2019une civilisation fascinante.<\/em><\/p>\n<p>&nbsp;<\/p>\n<p><em>Tikal<\/em> est un jeu de majorit\u00e9 et de placement, \u00e0 la fois simple d\u2019approche et profond\u00e9ment tactique.<\/p>\n<p>Vous disposez d\u2019un nombre limit\u00e9 de points d\u2019action par tour pour mener votre \u00e9quipe \u00e0 travers la jungle et d\u00e9couvrir des temples, trouver des tr\u00e9sors, \u00e9tablir des campements ... Mais le site est convoit\u00e9, et la concurrence est rude !<\/p>\n<\/div>\n<\/div><\/div><\/div><\/div><div id=\"pg-2328-3\"  class=\"panel-grid panel-no-style\" ><div id=\"pgc-2328-3-0\"  class=\"panel-grid-cell\" ><div id=\"panel-2328-3-0-0\" class=\"so-panel widget widget_sow-editor panel-first-child panel-last-child\" data-index=\"8\" ><div\n\t\t\t\n\t\t\tclass=\"so-widget-sow-editor so-widget-sow-editor-base\"\n\t\t\t\n\t\t>\n<div class=\"siteorigin-widget-tinymce textwidget\">\n\t<hr \/>\n<h3 style=\"text-align: center;\">En vid\u00e9o<\/h3>\n<p><a href=\"https:\/\/www.youtube.com\/watch?v=w4n4qxsrrp0\" target=\"_blank\" rel=\"noopener\"><img loading=\"lazy\" decoding=\"async\" class=\"alignnone size-full wp-image-9090\" src=\"https:\/\/meeplendice.net\/wp-content\/uploads\/2022\/01\/Link_CJ_v2.png\" alt=\"\" width=\"200\" height=\"170\" \/><\/a><\/p>\n<\/div>\n<\/div><\/div><\/div><\/div><div id=\"pg-2328-4\"  class=\"panel-grid panel-no-style\" ><div id=\"pgc-2328-4-0\"  class=\"panel-grid-cell\" ><div id=\"panel-2328-4-0-0\" class=\"so-panel widget widget_sow-editor panel-first-child panel-last-child\" data-index=\"9\" ><div\n\t\t\t\n\t\t\tclass=\"so-widget-sow-editor so-widget-sow-editor-base\"\n\t\t\t\n\t\t>\n<div class=\"siteorigin-widget-tinymce textwidget\">\n\t<hr \/>\n<h3 style=\"text-align: center;\">Pour aller plus loin<\/h3>\n<\/div>\n<\/div><\/div><\/div><\/div><\/div>","protected":false},"excerpt":{"rendered":"<p>Nombre de joueurs : 2 &#8211; 4 Dur\u00e9e moyenne : 90 min Age : 10 ans et plus Auteur(s) : Wolfgang Kramer Michael Kiesling Illustrations : Paul Mafayon Christophe Swal \u00c9dition : Super Meeple 2016 Version : Fran\u00e7aise<\/p>\n","protected":false},"author":2,"featured_media":2341,"parent":0,"menu_order":0,"comment_status":"closed","ping_status":"closed","template":"","meta":{"footnotes":""},"class_list":["post-2328","page","type-page","status-publish","has-post-thumbnail","hentry"],"acf":[],"rttpg_featured_image_url":{"full":["https:\/\/meeplendice.net\/wp-content\/uploads\/2017\/01\/Tikal.png",350,350,false],"landscape":["https:\/\/meeplendice.net\/wp-content\/uploads\/2017\/01\/Tikal.png",350,350,false],"portraits":["https:\/\/meeplendice.net\/wp-content\/uploads\/2017\/01\/Tikal.png",350,350,false],"thumbnail":["https:\/\/meeplendice.net\/wp-content\/uploads\/2017\/01\/Tikal-150x150.png",150,150,true],"medium":["https:\/\/meeplendice.net\/wp-content\/uploads\/2017\/01\/Tikal-300x300.png",300,300,true],"large":["https:\/\/meeplendice.net\/wp-content\/uploads\/2017\/01\/Tikal.png",350,350,false],"ug_big":["https:\/\/meeplendice.net\/wp-content\/uploads\/2017\/01\/Tikal.png",350,350,false],"1536x1536":["https:\/\/meeplendice.net\/wp-content\/uploads\/2017\/01\/Tikal.png",350,350,false],"2048x2048":["https:\/\/meeplendice.net\/wp-content\/uploads\/2017\/01\/Tikal.png",350,350,false],"ashe-slider-grid-thumbnail":["https:\/\/meeplendice.net\/wp-content\/uploads\/2017\/01\/Tikal.png",350,350,false],"ashe-full-thumbnail":["https:\/\/meeplendice.net\/wp-content\/uploads\/2017\/01\/Tikal.png",350,350,false],"ashe-grid-thumbnail":["https:\/\/meeplendice.net\/wp-content\/uploads\/2017\/01\/Tikal-350x330.png",350,330,true],"ashe-list-thumbnail":["https:\/\/meeplendice.net\/wp-content\/uploads\/2017\/01\/Tikal-300x300.png",300,300,true],"ashe-single-navigation":["https:\/\/meeplendice.net\/wp-content\/uploads\/2017\/01\/Tikal-75x75.png",75,75,true],"mailpoet_newsletter_max":["https:\/\/meeplendice.net\/wp-content\/uploads\/2017\/01\/Tikal.png",350,350,false],"rpwe-thumbnail":["https:\/\/meeplendice.net\/wp-content\/uploads\/2017\/01\/Tikal-45x45.png",45,45,true],"sow-carousel-default":["https:\/\/meeplendice.net\/wp-content\/uploads\/2017\/01\/Tikal-272x182.png",272,182,true],"rt_custom":["https:\/\/meeplendice.net\/wp-content\/uploads\/2017\/01\/Tikal.png",350,350,false]},"rttpg_author":{"display_name":"Karnby","author_link":"https:\/\/meeplendice.net\/?author=2"},"rttpg_comment":0,"rttpg_category":null,"rttpg_excerpt":"Nombre de joueurs : 2 - 4 Dur\u00e9e moyenne : 90 min Age : 10 ans et plus Auteur(s) : Wolfgang Kramer Michael Kiesling Illustrations : Paul Mafayon Christophe Swal \u00c9dition : Super Meeple 2016 Version : Fran\u00e7aise","_links":{"self":[{"href":"https:\/\/meeplendice.net\/index.php?rest_route=\/wp\/v2\/pages\/2328","targetHints":{"allow":["GET"]}}],"collection":[{"href":"https:\/\/meeplendice.net\/index.php?rest_route=\/wp\/v2\/pages"}],"about":[{"href":"https:\/\/meeplendice.net\/index.php?rest_route=\/wp\/v2\/types\/page"}],"author":[{"embeddable":true,"href":"https:\/\/meeplendice.net\/index.php?rest_route=\/wp\/v2\/users\/2"}],"replies":[{"embeddable":true,"href":"https:\/\/meeplendice.net\/index.php?rest_route=%2Fwp%2Fv2%2Fcomments&post=2328"}],"version-history":[{"count":7,"href":"https:\/\/meeplendice.net\/index.php?rest_route=\/wp\/v2\/pages\/2328\/revisions"}],"predecessor-version":[{"id":13983,"href":"https:\/\/meeplendice.net\/index.php?rest_route=\/wp\/v2\/pages\/2328\/revisions\/13983"}],"wp:featuredmedia":[{"embeddable":true,"href":"https:\/\/meeplendice.net\/index.php?rest_route=\/wp\/v2\/media\/2341"}],"wp:attachment":[{"href":"https:\/\/meeplendice.net\/index.php?rest_route=%2Fwp%2Fv2%2Fmedia&parent=2328"}],"curies":[{"name":"wp","href":"https:\/\/api.w.org\/{rel}","templated":true}]}}