{"id":2330,"date":"2017-01-08T23:50:36","date_gmt":"2017-01-08T22:50:36","guid":{"rendered":"http:\/\/meeplendice.net\/?page_id=2330"},"modified":"2020-11-13T14:58:48","modified_gmt":"2020-11-13T13:58:48","slug":"cs-files","status":"publish","type":"page","link":"https:\/\/meeplendice.net\/?page_id=2330","title":{"rendered":"CS files"},"content":{"rendered":"<div id=\"pl-2330\"  class=\"panel-layout\" ><div id=\"pg-2330-0\"  class=\"panel-grid panel-no-style\" ><div id=\"pgc-2330-0-0\"  class=\"panel-grid-cell\" ><div id=\"panel-2330-0-0-0\" class=\"so-panel widget widget_sow-editor panel-first-child panel-last-child\" data-index=\"0\" ><div\n\t\t\t\n\t\t\tclass=\"so-widget-sow-editor so-widget-sow-editor-base\"\n\t\t\t\n\t\t>\n<div class=\"siteorigin-widget-tinymce textwidget\">\n\t<p style=\"text-align: center;\"><strong>Nombre de joueurs :<\/strong><br \/>\n4 - 12 (14 avec extension)<\/p>\n<\/div>\n<\/div><\/div><\/div><div id=\"pgc-2330-0-1\"  class=\"panel-grid-cell\" ><div id=\"panel-2330-0-1-0\" class=\"so-panel widget widget_sow-editor panel-first-child panel-last-child\" data-index=\"1\" ><div\n\t\t\t\n\t\t\tclass=\"so-widget-sow-editor so-widget-sow-editor-base\"\n\t\t\t\n\t\t>\n<div class=\"siteorigin-widget-tinymce textwidget\">\n\t<p style=\"text-align: center;\"><strong>Dur\u00e9e moyenne :<\/strong><br \/>\n20 min<\/p>\n<\/div>\n<\/div><\/div><\/div><div id=\"pgc-2330-0-2\"  class=\"panel-grid-cell\" ><div id=\"panel-2330-0-2-0\" class=\"so-panel widget widget_sow-editor panel-first-child panel-last-child\" data-index=\"2\" ><div\n\t\t\t\n\t\t\tclass=\"so-widget-sow-editor so-widget-sow-editor-base\"\n\t\t\t\n\t\t>\n<div class=\"siteorigin-widget-tinymce textwidget\">\n\t<p style=\"text-align: center;\"><strong>Age :<\/strong><br \/>\n14 ans et plus<\/p>\n<\/div>\n<\/div><\/div><\/div><\/div><div id=\"pg-2330-1\"  class=\"panel-grid panel-no-style\" ><div id=\"pgc-2330-1-0\"  class=\"panel-grid-cell\" ><div id=\"panel-2330-1-0-0\" class=\"so-panel widget widget_sow-editor panel-first-child panel-last-child\" data-index=\"3\" ><div\n\t\t\t\n\t\t\tclass=\"so-widget-sow-editor so-widget-sow-editor-base\"\n\t\t\t\n\t\t>\n<div class=\"siteorigin-widget-tinymce textwidget\">\n\t<p style=\"text-align: center;\"><strong>Auteur(s) :<br \/>\n<\/strong>Tobey Ho<\/p>\n<\/div>\n<\/div><\/div><\/div><div id=\"pgc-2330-1-1\"  class=\"panel-grid-cell\" ><div id=\"panel-2330-1-1-0\" class=\"so-panel widget widget_sow-editor panel-first-child panel-last-child\" data-index=\"4\" ><div\n\t\t\t\n\t\t\tclass=\"so-widget-sow-editor so-widget-sow-editor-base\"\n\t\t\t\n\t\t>\n<div class=\"siteorigin-widget-tinymce textwidget\">\n\t<p style=\"text-align: center;\"><strong>Illustrations :<\/strong><br \/>\nTommy KC.5<br \/>\nOn Tung<br \/>\nBenjamin Carr\u00e9<\/p>\n<\/div>\n<\/div><\/div><\/div><div id=\"pgc-2330-1-2\"  class=\"panel-grid-cell\" ><div id=\"panel-2330-1-2-0\" class=\"so-panel widget widget_sow-editor panel-first-child panel-last-child\" data-index=\"5\" ><div\n\t\t\t\n\t\t\tclass=\"so-widget-sow-editor so-widget-sow-editor-base\"\n\t\t\t\n\t\t>\n<div class=\"siteorigin-widget-tinymce textwidget\">\n\t<p style=\"text-align: center;\"><strong>\u00c9dition :<\/strong><br \/>\nJolly Thinkers<br \/>\nIello<br \/>\n2016<\/p>\n<\/div>\n<\/div><\/div><\/div><div id=\"pgc-2330-1-3\"  class=\"panel-grid-cell\" ><div id=\"panel-2330-1-3-0\" class=\"so-panel widget widget_sow-editor panel-first-child panel-last-child\" data-index=\"6\" ><div\n\t\t\t\n\t\t\tclass=\"so-widget-sow-editor so-widget-sow-editor-base\"\n\t\t\t\n\t\t>\n<div class=\"siteorigin-widget-tinymce textwidget\">\n\t<p style=\"text-align: center;\"><strong>Version :<\/strong><br \/>\nFran\u00e7aise<\/p>\n<\/div>\n<\/div><\/div><\/div><\/div><div id=\"pg-2330-2\"  class=\"panel-grid panel-no-style\" ><div id=\"pgc-2330-2-0\"  class=\"panel-grid-cell\" ><div id=\"panel-2330-2-0-0\" class=\"so-panel widget widget_sow-editor panel-first-child panel-last-child\" data-index=\"7\" ><div\n\t\t\t\n\t\t\tclass=\"so-widget-sow-editor so-widget-sow-editor-base\"\n\t\t\t\n\t\t>\n<div class=\"siteorigin-widget-tinymce textwidget\">\n\t<hr \/>\n<p>Plongez au c\u0153ur d\u2019une sce\u0300ne de crime ou\u0300 la de\u0301duction et la supercherie sont les mai\u0302tres-mots. Cache\u0301 parmi les enque\u0302teurs, le meurtrier choisit secre\u0300tement son arme du crime et une pie\u0300ce a\u0300 conviction compromettante. Seul le me\u0301decin le\u0301giste connai\u0302t la solution de l\u2019enque\u0302te, mais il ne peut s\u2019exprimer qu\u2019au travers des indices releve\u0301s sur les lieux du crime.<\/p>\n<p>Vous devrez donc collaborer entre vous pour interpre\u0301ter les informations donne\u0301es par le me\u0301decin le\u0301giste en e\u0301coutant votre instinct et votre esprit de de\u0301duction. Mais me\u0301fiez-vous, le meurtrier pourrait e\u0302tre n\u2019importe lequel d\u2019entre vous !<\/p>\n<p>Parviendrez-vous a\u0300 de\u0301jouer les mensonges et attraper le meurtrier qui se cache parmi vous ? Ou le meurtrier saura-t-il brouiller les pistes assez longtemps pour e\u0301chapper a\u0300 toute condamnation ?<\/p>\n<\/div>\n<\/div><\/div><\/div><\/div><div id=\"pg-2330-3\"  class=\"panel-grid panel-no-style\" ><div id=\"pgc-2330-3-0\"  class=\"panel-grid-cell\" ><div id=\"panel-2330-3-0-0\" class=\"so-panel widget widget_sow-editor panel-first-child panel-last-child\" data-index=\"8\" ><div\n\t\t\t\n\t\t\tclass=\"so-widget-sow-editor so-widget-sow-editor-base\"\n\t\t\t\n\t\t>\n<div class=\"siteorigin-widget-tinymce textwidget\">\n\t<hr \/>\n<p style=\"text-align: center;\"><strong>En vid\u00e9o<\/strong><\/p>\n<p style=\"text-align: left;\">De l'explication des r\u00e8gles :<\/p>\n<ul>\n<li style=\"text-align: left;\">Tric Trac<\/li>\n<\/ul>\n<p style=\"text-align: left;\"><a href=\"https:\/\/www.trictrac.net\/actus\/cs-files-de-l-explication\" target=\"_blank\" rel=\"noopener noreferrer\"><img loading=\"lazy\" decoding=\"async\" class=\"alignnone size-full wp-image-107\" src=\"http:\/\/meeplendice.net\/wp-content\/uploads\/2016\/08\/TT_explication.png\" alt=\"TT_explication\" width=\"200\" height=\"170\" \/><\/a><\/p>\n<p style=\"text-align: left;\">\u00a0De la partie :<\/p>\n<ul>\n<li style=\"text-align: left;\">Tric Trac<\/li>\n<\/ul>\n<p><a href=\"https:\/\/www.trictrac.net\/actus\/cs-files-de-la-partie\" target=\"_blank\" rel=\"noopener noreferrer\"><img loading=\"lazy\" decoding=\"async\" class=\"alignnone size-full wp-image-117\" src=\"http:\/\/meeplendice.net\/wp-content\/uploads\/2016\/08\/TT_partie_1.png\" alt=\"TT_partie_1\" width=\"200\" height=\"170\" \/><\/a><\/p>\n<\/div>\n<\/div><\/div><\/div><div id=\"pgc-2330-3-1\"  class=\"panel-grid-cell\" ><div id=\"panel-2330-3-1-0\" class=\"so-panel widget widget_sow-editor panel-first-child panel-last-child\" data-index=\"9\" ><div\n\t\t\t\n\t\t\tclass=\"so-widget-sow-editor so-widget-sow-editor-base\"\n\t\t\t\n\t\t>\n<div class=\"siteorigin-widget-tinymce textwidget\">\n\t<hr \/>\n<p style=\"text-align: center;\"><strong>Extension(s)<\/strong><\/p>\n<p style=\"text-align: center;\"><style type='text\/css' media='all'>#rt-tpg-container-2441628209 .read-more a{border-radius:px;}#rt-tpg-container-2441628209 .rt-img-holder img.rt-img-responsive,#rt-tpg-container-2441628209 .rt-img-holder,\n\t\t\t\t\t#rt-tpg-container-2441628209 .rt-post-overlay .post-img,\n\t\t\t\t\t#rt-tpg-container-2441628209 .post-sm .post-img,\n\t\t\t\t\t#rt-tpg-container-2441628209 .rt-post-grid .post-img,\n\t\t\t\t\t#rt-tpg-container-2441628209 .post-img img {border-radius:px;}#rt-tpg-container-2441628209 .layout9 .rt-holder h2.entry-title,\n\t\t\t\t\t#rt-tpg-container-2441628209 .layout9 .rt-holder h3.entry-title,\n\t\t\t\t\t#rt-tpg-container-2441628209 .layout9 .rt-holder h4.entry-title,\n\t\t\t\t\t#rt-tpg-container-2441628209 .layout9 .rt-holder h2.entry-title a,\n\t\t\t\t\t#rt-tpg-container-2441628209 .layout9 .rt-holder h3.entry-title a,\n\t\t\t\t\t#rt-tpg-container-2441628209 .layout9 .rt-holder h4.entry-title a,\n\t\t\t\t\t#rt-tpg-container-2441628209 .rt-holder .rt-woo-info h2 a,\n\t\t\t\t\t#rt-tpg-container-2441628209 .rt-holder .rt-woo-info h3 a,\n\t\t\t\t\t#rt-tpg-container-2441628209 .rt-holder .rt-woo-info h4 a,\n\t\t\t\t\t#rt-tpg-container-2441628209 .post-content .post-title,\n\t\t\t\t\t#rt-tpg-container-2441628209 .rt-post-grid .post-title,\n\t\t\t\t\t#rt-tpg-container-2441628209 .rt-post-grid .post-title a,\n\t\t\t\t\t#rt-tpg-container-2441628209 .post-content .post-title a,\n\t\t\t\t\t#rt-tpg-container-2441628209 .rt-holder .rt-woo-info h2,\n\t\t\t\t\t#rt-tpg-container-2441628209 .rt-holder .rt-woo-info h3,\n\t\t\t\t\t#rt-tpg-container-2441628209 .rt-holder .rt-woo-info h4{font-size:16px;line-height:26px;font-weight:normal;text-align:center;}#rt-tpg-container-2441628209 .post-grid-lg-style-1 .post-title,\n\t\t\t\t\t\t#rt-tpg-container-2441628209 .post-grid-lg-style-1 .post-title a,\n\t\t\t\t\t\t#rt-tpg-container-2441628209 .big-layout .post-title,\n\t\t\t\t\t\t#rt-tpg-container-2441628209 .big-layout .post-title a,\n\t\t\t\t\t\t#rt-tpg-container-2441628209 .post-grid-lg-style-1 .post-title,\n\t\t\t\t\t\t#rt-tpg-container-2441628209 .post-grid-lg-style-1 .post-title a {font-size:24px;line-height:34px;}<\/style><div class='rt-container-fluid rt-tpg-container tpg-shortcode-main-wrapper ' id='rt-tpg-container-2441628209'   data-layout='layout9' data-grid-style='even' data-desktop-col='3'  data-tab-col='2'  data-mobile-col='1' data-sc-id='4897'><div data-title='Loading ...' class='rt-row rt-content-loader   layout9 tpg-even '><div class=\"rt-col-md-4 rt-col-sm-6 rt-col-xs-12 even-grid-item rt-grid-item img_zoom_in\" data-id=\"4861\"><div class=\"rt-holder\"><div class='overlay'><a data-id='4861' class=' tpg-single-popup' href='https:\/\/meeplendice.net\/?page_id=4861'><img loading=\"lazy\" decoding=\"async\" width=\"350\" height=\"350\" src=\"https:\/\/meeplendice.net\/wp-content\/uploads\/2019\/04\/CSF_AgentsInfiltres.png\" class=\"rt-img-responsive \" alt=\"\" \/><\/a><\/div><div class='post-info'><h2 class=\"entry-title\"><a data-id=\"4861\" class=\" tpg-single-popup\" href=\"https:\/\/meeplendice.net\/?page_id=4861\">Agents Infiltr\u00e9s<\/a><\/h2><div class='post-meta-user '><\/div><\/div><\/div><\/div><\/div><div class='rt-pagination-wrap' data-total-pages='1' data-posts-per-page='3' data-type='pagination_ajax'  ><div class='rt-page-numbers'><\/div><\/div><\/div><\/p>\n<\/div>\n<\/div><\/div><\/div><\/div><div id=\"pg-2330-4\"  class=\"panel-grid panel-no-style\" ><div id=\"pgc-2330-4-0\"  class=\"panel-grid-cell\" ><div id=\"panel-2330-4-0-0\" class=\"so-panel widget widget_sow-editor panel-first-child panel-last-child\" data-index=\"10\" ><div\n\t\t\t\n\t\t\tclass=\"so-widget-sow-editor so-widget-sow-editor-base\"\n\t\t\t\n\t\t>\n<div class=\"siteorigin-widget-tinymce textwidget\">\n\t<hr \/>\n<p style=\"text-align: center;\"><strong>Pour aller plus loin<\/strong><\/p>\n<\/div>\n<\/div><\/div><\/div><\/div><\/div>","protected":false},"excerpt":{"rendered":"<p>Nombre de joueurs : 4 &#8211; 12 (14 avec extension) Dur\u00e9e moyenne : 20 min Age : 14 ans et plus Auteur(s) : Tobey Ho Illustrations : Tommy KC.5 On Tung Benjamin Carr\u00e9 \u00c9dition : Jolly Thinkers Iello 2016 Version : Fran\u00e7aise<\/p>\n","protected":false},"author":2,"featured_media":2333,"parent":0,"menu_order":0,"comment_status":"closed","ping_status":"closed","template":"","meta":{"footnotes":""},"class_list":["post-2330","page","type-page","status-publish","has-post-thumbnail","hentry"],"acf":[],"rttpg_featured_image_url":{"full":["https:\/\/meeplendice.net\/wp-content\/uploads\/2017\/01\/CSFiles.png",350,350,false],"landscape":["https:\/\/meeplendice.net\/wp-content\/uploads\/2017\/01\/CSFiles.png",350,350,false],"portraits":["https:\/\/meeplendice.net\/wp-content\/uploads\/2017\/01\/CSFiles.png",350,350,false],"thumbnail":["https:\/\/meeplendice.net\/wp-content\/uploads\/2017\/01\/CSFiles-150x150.png",150,150,true],"medium":["https:\/\/meeplendice.net\/wp-content\/uploads\/2017\/01\/CSFiles-300x300.png",300,300,true],"large":["https:\/\/meeplendice.net\/wp-content\/uploads\/2017\/01\/CSFiles.png",350,350,false],"ug_big":["https:\/\/meeplendice.net\/wp-content\/uploads\/2017\/01\/CSFiles.png",350,350,false],"1536x1536":["https:\/\/meeplendice.net\/wp-content\/uploads\/2017\/01\/CSFiles.png",350,350,false],"2048x2048":["https:\/\/meeplendice.net\/wp-content\/uploads\/2017\/01\/CSFiles.png",350,350,false],"ashe-slider-grid-thumbnail":["https:\/\/meeplendice.net\/wp-content\/uploads\/2017\/01\/CSFiles.png",350,350,false],"ashe-full-thumbnail":["https:\/\/meeplendice.net\/wp-content\/uploads\/2017\/01\/CSFiles.png",350,350,false],"ashe-grid-thumbnail":["https:\/\/meeplendice.net\/wp-content\/uploads\/2017\/01\/CSFiles-350x330.png",350,330,true],"ashe-list-thumbnail":["https:\/\/meeplendice.net\/wp-content\/uploads\/2017\/01\/CSFiles-300x300.png",300,300,true],"ashe-single-navigation":["https:\/\/meeplendice.net\/wp-content\/uploads\/2017\/01\/CSFiles-75x75.png",75,75,true],"mailpoet_newsletter_max":["https:\/\/meeplendice.net\/wp-content\/uploads\/2017\/01\/CSFiles.png",350,350,false],"rpwe-thumbnail":["https:\/\/meeplendice.net\/wp-content\/uploads\/2017\/01\/CSFiles-45x45.png",45,45,true],"sow-carousel-default":["https:\/\/meeplendice.net\/wp-content\/uploads\/2017\/01\/CSFiles-272x182.png",272,182,true],"rt_custom":["https:\/\/meeplendice.net\/wp-content\/uploads\/2017\/01\/CSFiles.png",350,350,false]},"rttpg_author":{"display_name":"Karnby","author_link":"https:\/\/meeplendice.net\/?author=2"},"rttpg_comment":0,"rttpg_category":null,"rttpg_excerpt":"Nombre de joueurs : 4 - 12 (14 avec extension) Dur\u00e9e moyenne : 20 min Age : 14 ans et plus Auteur(s) : Tobey Ho Illustrations : Tommy KC.5 On Tung Benjamin Carr\u00e9 \u00c9dition : Jolly Thinkers Iello 2016 Version : Fran\u00e7aise","_links":{"self":[{"href":"https:\/\/meeplendice.net\/index.php?rest_route=\/wp\/v2\/pages\/2330","targetHints":{"allow":["GET"]}}],"collection":[{"href":"https:\/\/meeplendice.net\/index.php?rest_route=\/wp\/v2\/pages"}],"about":[{"href":"https:\/\/meeplendice.net\/index.php?rest_route=\/wp\/v2\/types\/page"}],"author":[{"embeddable":true,"href":"https:\/\/meeplendice.net\/index.php?rest_route=\/wp\/v2\/users\/2"}],"replies":[{"embeddable":true,"href":"https:\/\/meeplendice.net\/index.php?rest_route=%2Fwp%2Fv2%2Fcomments&post=2330"}],"version-history":[{"count":13,"href":"https:\/\/meeplendice.net\/index.php?rest_route=\/wp\/v2\/pages\/2330\/revisions"}],"predecessor-version":[{"id":7215,"href":"https:\/\/meeplendice.net\/index.php?rest_route=\/wp\/v2\/pages\/2330\/revisions\/7215"}],"wp:featuredmedia":[{"embeddable":true,"href":"https:\/\/meeplendice.net\/index.php?rest_route=\/wp\/v2\/media\/2333"}],"wp:attachment":[{"href":"https:\/\/meeplendice.net\/index.php?rest_route=%2Fwp%2Fv2%2Fmedia&parent=2330"}],"curies":[{"name":"wp","href":"https:\/\/api.w.org\/{rel}","templated":true}]}}