{"id":2446,"date":"2017-02-18T18:18:30","date_gmt":"2017-02-18T17:18:30","guid":{"rendered":"http:\/\/meeplendice.net\/?page_id=2446"},"modified":"2025-12-16T11:40:07","modified_gmt":"2025-12-16T09:40:07","slug":"2446-2","status":"publish","type":"page","link":"https:\/\/meeplendice.net\/?page_id=2446","title":{"rendered":"Unlock!"},"content":{"rendered":"<div id=\"pl-2446\"  class=\"panel-layout\" ><div id=\"pg-2446-0\"  class=\"panel-grid panel-no-style\" ><div id=\"pgc-2446-0-0\"  class=\"panel-grid-cell\" ><div id=\"panel-2446-0-0-0\" class=\"so-panel widget widget_sow-editor panel-first-child panel-last-child\" data-index=\"0\" ><div\n\t\t\t\n\t\t\tclass=\"so-widget-sow-editor so-widget-sow-editor-base\"\n\t\t\t\n\t\t>\n<div class=\"siteorigin-widget-tinymce textwidget\">\n\t<p style=\"text-align: center;\"><strong>Nombre de joueurs :<\/strong><br \/>\n2 - 6<\/p>\n<\/div>\n<\/div><\/div><\/div><div id=\"pgc-2446-0-1\"  class=\"panel-grid-cell\" ><div id=\"panel-2446-0-1-0\" class=\"so-panel widget widget_sow-editor panel-first-child panel-last-child\" data-index=\"1\" ><div\n\t\t\t\n\t\t\tclass=\"so-widget-sow-editor so-widget-sow-editor-base\"\n\t\t\t\n\t\t>\n<div class=\"siteorigin-widget-tinymce textwidget\">\n\t<p style=\"text-align: center;\"><strong>Dur\u00e9e moyenne :<\/strong><br \/>\n30\/60 min<\/p>\n<\/div>\n<\/div><\/div><\/div><div id=\"pgc-2446-0-2\"  class=\"panel-grid-cell\" ><div id=\"panel-2446-0-2-0\" class=\"so-panel widget widget_sow-editor panel-first-child panel-last-child\" data-index=\"2\" ><div\n\t\t\t\n\t\t\tclass=\"so-widget-sow-editor so-widget-sow-editor-base\"\n\t\t\t\n\t\t>\n<div class=\"siteorigin-widget-tinymce textwidget\">\n\t<p style=\"text-align: center;\"><strong>Age :<\/strong><br \/>\n10 ans et plus<\/p>\n<\/div>\n<\/div><\/div><\/div><\/div><div id=\"pg-2446-1\"  class=\"panel-grid panel-no-style\" ><div id=\"pgc-2446-1-0\"  class=\"panel-grid-cell\" ><div id=\"panel-2446-1-0-0\" class=\"so-panel widget widget_sow-editor panel-first-child panel-last-child\" data-index=\"3\" ><div\n\t\t\t\n\t\t\tclass=\"so-widget-sow-editor so-widget-sow-editor-base\"\n\t\t\t\n\t\t>\n<div class=\"siteorigin-widget-tinymce textwidget\">\n\t<hr \/>\n<p>Un jeu de cartes coop\u00e9ratif inspir\u00e9 des Escapes Rooms...<\/p>\n<p>Les escape rooms sont des salles dont vous devez vous \u00e9chapper en moins de 60min.<br \/>\n<em>Unlock !<\/em> vous fait vivre ces exp\u00e9riences chez vous, autour d'une table.<\/p>\n<\/div>\n<\/div><\/div><\/div><\/div><div id=\"pg-2446-2\"  class=\"panel-grid panel-no-style\" ><div id=\"pgc-2446-2-0\"  class=\"panel-grid-cell\" ><div id=\"panel-2446-2-0-0\" class=\"so-panel widget widget_sow-editor panel-first-child panel-last-child\" data-index=\"4\" ><div\n\t\t\t\n\t\t\tclass=\"so-widget-sow-editor so-widget-sow-editor-base\"\n\t\t\t\n\t\t>\n<div class=\"siteorigin-widget-tinymce textwidget\">\n\t<hr \/>\n<h3 style=\"text-align: center;\">En vid\u00e9o<\/h3>\n<p><a href=\"https:\/\/www.youtube.com\/watch?v=KXfqwT6JI4o\" target=\"_blank\" rel=\"noopener\"><img loading=\"lazy\" decoding=\"async\" class=\"alignnone size-full wp-image-9090\" src=\"https:\/\/meeplendice.net\/wp-content\/uploads\/2022\/01\/Link_CJ_v2.png\" alt=\"\" width=\"200\" height=\"170\" \/><\/a><\/p>\n<\/div>\n<\/div><\/div><\/div><\/div><div id=\"pg-2446-3\"  class=\"panel-grid panel-no-style\" ><div id=\"pgc-2446-3-0\"  class=\"panel-grid-cell\" ><div id=\"panel-2446-3-0-0\" class=\"so-panel widget widget_sow-editor panel-first-child panel-last-child\" data-index=\"5\" ><div\n\t\t\t\n\t\t\tclass=\"so-widget-sow-editor so-widget-sow-editor-base\"\n\t\t\t\n\t\t>\n<div class=\"siteorigin-widget-tinymce textwidget\">\n\t<hr \/>\n<h3 style=\"text-align: center;\">Adventures<\/h3>\n<style type='text\/css' media='all'>#rt-tpg-container-2610421973 .read-more a{border-radius:px;}#rt-tpg-container-2610421973 .rt-img-holder img.rt-img-responsive,#rt-tpg-container-2610421973 .rt-img-holder,\n\t\t\t\t\t#rt-tpg-container-2610421973 .rt-post-overlay .post-img,\n\t\t\t\t\t#rt-tpg-container-2610421973 .post-sm .post-img,\n\t\t\t\t\t#rt-tpg-container-2610421973 .rt-post-grid .post-img,\n\t\t\t\t\t#rt-tpg-container-2610421973 .post-img img {border-radius:px;}#rt-tpg-container-2610421973 .layout9 .rt-holder h2.entry-title,\n\t\t\t\t\t#rt-tpg-container-2610421973 .layout9 .rt-holder h3.entry-title,\n\t\t\t\t\t#rt-tpg-container-2610421973 .layout9 .rt-holder h4.entry-title,\n\t\t\t\t\t#rt-tpg-container-2610421973 .layout9 .rt-holder h2.entry-title a,\n\t\t\t\t\t#rt-tpg-container-2610421973 .layout9 .rt-holder h3.entry-title a,\n\t\t\t\t\t#rt-tpg-container-2610421973 .layout9 .rt-holder h4.entry-title a,\n\t\t\t\t\t#rt-tpg-container-2610421973 .rt-holder .rt-woo-info h2 a,\n\t\t\t\t\t#rt-tpg-container-2610421973 .rt-holder .rt-woo-info h3 a,\n\t\t\t\t\t#rt-tpg-container-2610421973 .rt-holder .rt-woo-info h4 a,\n\t\t\t\t\t#rt-tpg-container-2610421973 .post-content .post-title,\n\t\t\t\t\t#rt-tpg-container-2610421973 .rt-post-grid .post-title,\n\t\t\t\t\t#rt-tpg-container-2610421973 .rt-post-grid .post-title a,\n\t\t\t\t\t#rt-tpg-container-2610421973 .post-content .post-title a,\n\t\t\t\t\t#rt-tpg-container-2610421973 .rt-holder .rt-woo-info h2,\n\t\t\t\t\t#rt-tpg-container-2610421973 .rt-holder .rt-woo-info h3,\n\t\t\t\t\t#rt-tpg-container-2610421973 .rt-holder .rt-woo-info h4{font-size:16px;line-height:26px;font-weight:normal;text-align:center;}#rt-tpg-container-2610421973 .post-grid-lg-style-1 .post-title,\n\t\t\t\t\t\t#rt-tpg-container-2610421973 .post-grid-lg-style-1 .post-title a,\n\t\t\t\t\t\t#rt-tpg-container-2610421973 .big-layout .post-title,\n\t\t\t\t\t\t#rt-tpg-container-2610421973 .big-layout .post-title a,\n\t\t\t\t\t\t#rt-tpg-container-2610421973 .post-grid-lg-style-1 .post-title,\n\t\t\t\t\t\t#rt-tpg-container-2610421973 .post-grid-lg-style-1 .post-title a {font-size:24px;line-height:34px;}<\/style><div class='rt-container-fluid rt-tpg-container tpg-shortcode-main-wrapper ' id='rt-tpg-container-2610421973'   data-layout='layout9' data-grid-style='masonry' data-desktop-col='3'  data-tab-col='2'  data-mobile-col='1' data-sc-id='13830'><div data-title='Loading ...' class='rt-row rt-content-loader   layout9 tpg-masonry '><div class=\"rt-col-md-4 rt-col-sm-6 rt-col-xs-12 masonry-grid-item rt-grid-item img_zoom_in\" data-id=\"13768\"><div class=\"rt-holder\"><div class='overlay'><a data-id='13768' class=' tpg-single-popup' href='https:\/\/meeplendice.net\/?page_id=13768'><img loading=\"lazy\" decoding=\"async\" width=\"350\" height=\"350\" src=\"https:\/\/meeplendice.net\/wp-content\/uploads\/2025\/12\/Unlock_Escape.png\" class=\"rt-img-responsive \" alt=\"\" \/><\/a><\/div><div class='post-info'><h3 class=\"entry-title\"><a data-id=\"13768\" class=\" tpg-single-popup\" href=\"https:\/\/meeplendice.net\/?page_id=13768\">Escape Adventures<\/a><\/h3><div class='post-meta-user '><\/div><\/div><\/div><\/div><div class=\"rt-col-md-4 rt-col-sm-6 rt-col-xs-12 masonry-grid-item rt-grid-item img_zoom_in\" data-id=\"3348\"><div class=\"rt-holder\"><div class='overlay'><a data-id='3348' class=' tpg-single-popup' href='https:\/\/meeplendice.net\/?page_id=3348'><img loading=\"lazy\" decoding=\"async\" width=\"350\" height=\"350\" src=\"https:\/\/meeplendice.net\/wp-content\/uploads\/2025\/12\/Unlock_Mystery.png\" class=\"rt-img-responsive \" alt=\"\" \/><\/a><\/div><div class='post-info'><h3 class=\"entry-title\"><a data-id=\"3348\" class=\" tpg-single-popup\" href=\"https:\/\/meeplendice.net\/?page_id=3348\">Mystery Adventures<\/a><\/h3><div class='post-meta-user '><\/div><\/div><\/div><\/div><div class=\"rt-col-md-4 rt-col-sm-6 rt-col-xs-12 masonry-grid-item rt-grid-item img_zoom_in\" data-id=\"3894\"><div class=\"rt-holder\"><div class='overlay'><a data-id='3894' class=' tpg-single-popup' href='https:\/\/meeplendice.net\/?page_id=3894'><img loading=\"lazy\" decoding=\"async\" width=\"350\" height=\"350\" src=\"https:\/\/meeplendice.net\/wp-content\/uploads\/2025\/12\/Unlock_Secret.png\" class=\"rt-img-responsive \" alt=\"\" \/><\/a><\/div><div class='post-info'><h3 class=\"entry-title\"><a data-id=\"3894\" class=\" tpg-single-popup\" href=\"https:\/\/meeplendice.net\/?page_id=3894\">Secret Adventures<\/a><\/h3><div class='post-meta-user '><\/div><\/div><\/div><\/div><\/div><div class='rt-pagination-wrap' data-total-pages='5' data-posts-per-page='3' data-type='pagination_ajax'  ><div class='rt-page-numbers'><\/div><\/div><\/div>\n<\/div>\n<\/div><\/div><\/div><\/div><div id=\"pg-2446-4\"  class=\"panel-grid panel-no-style\" ><div id=\"pgc-2446-4-0\"  class=\"panel-grid-cell\" ><div id=\"panel-2446-4-0-0\" class=\"so-panel widget widget_sow-editor panel-first-child panel-last-child\" data-index=\"6\" ><div\n\t\t\t\n\t\t\tclass=\"so-widget-sow-editor so-widget-sow-editor-base\"\n\t\t\t\n\t\t>\n<div class=\"siteorigin-widget-tinymce textwidget\">\n\t<hr \/>\n<h3 style=\"text-align: center;\">Short Adventures<\/h3>\n<p>&nbsp;<\/p>\n<style type='text\/css' media='all'>#rt-tpg-container-1016021940 .read-more a{border-radius:px;}#rt-tpg-container-1016021940 .rt-img-holder img.rt-img-responsive,#rt-tpg-container-1016021940 .rt-img-holder,\n\t\t\t\t\t#rt-tpg-container-1016021940 .rt-post-overlay .post-img,\n\t\t\t\t\t#rt-tpg-container-1016021940 .post-sm .post-img,\n\t\t\t\t\t#rt-tpg-container-1016021940 .rt-post-grid .post-img,\n\t\t\t\t\t#rt-tpg-container-1016021940 .post-img img {border-radius:px;}#rt-tpg-container-1016021940 .layout9 .rt-holder h2.entry-title,\n\t\t\t\t\t#rt-tpg-container-1016021940 .layout9 .rt-holder h3.entry-title,\n\t\t\t\t\t#rt-tpg-container-1016021940 .layout9 .rt-holder h4.entry-title,\n\t\t\t\t\t#rt-tpg-container-1016021940 .layout9 .rt-holder h2.entry-title a,\n\t\t\t\t\t#rt-tpg-container-1016021940 .layout9 .rt-holder h3.entry-title a,\n\t\t\t\t\t#rt-tpg-container-1016021940 .layout9 .rt-holder h4.entry-title a,\n\t\t\t\t\t#rt-tpg-container-1016021940 .rt-holder .rt-woo-info h2 a,\n\t\t\t\t\t#rt-tpg-container-1016021940 .rt-holder .rt-woo-info h3 a,\n\t\t\t\t\t#rt-tpg-container-1016021940 .rt-holder .rt-woo-info h4 a,\n\t\t\t\t\t#rt-tpg-container-1016021940 .post-content .post-title,\n\t\t\t\t\t#rt-tpg-container-1016021940 .rt-post-grid .post-title,\n\t\t\t\t\t#rt-tpg-container-1016021940 .rt-post-grid .post-title a,\n\t\t\t\t\t#rt-tpg-container-1016021940 .post-content .post-title a,\n\t\t\t\t\t#rt-tpg-container-1016021940 .rt-holder .rt-woo-info h2,\n\t\t\t\t\t#rt-tpg-container-1016021940 .rt-holder .rt-woo-info h3,\n\t\t\t\t\t#rt-tpg-container-1016021940 .rt-holder .rt-woo-info h4{font-size:16px;line-height:26px;font-weight:normal;text-align:center;}#rt-tpg-container-1016021940 .post-grid-lg-style-1 .post-title,\n\t\t\t\t\t\t#rt-tpg-container-1016021940 .post-grid-lg-style-1 .post-title a,\n\t\t\t\t\t\t#rt-tpg-container-1016021940 .big-layout .post-title,\n\t\t\t\t\t\t#rt-tpg-container-1016021940 .big-layout .post-title a,\n\t\t\t\t\t\t#rt-tpg-container-1016021940 .post-grid-lg-style-1 .post-title,\n\t\t\t\t\t\t#rt-tpg-container-1016021940 .post-grid-lg-style-1 .post-title a {font-size:24px;line-height:34px;}<\/style><div class='rt-container-fluid rt-tpg-container tpg-shortcode-main-wrapper ' id='rt-tpg-container-1016021940'   data-layout='layout9' data-grid-style='masonry' data-desktop-col='3'  data-tab-col='2'  data-mobile-col='1' data-sc-id='13872'><div data-title='Loading ...' class='rt-row rt-content-loader   layout9 tpg-masonry '><div class=\"rt-col-md-4 rt-col-sm-6 rt-col-xs-12 masonry-grid-item rt-grid-item img_zoom_in\" data-id=\"10459\"><div class=\"rt-holder\"><div class='overlay'><a data-id='10459' class=' tpg-single-popup' href='https:\/\/meeplendice.net\/?page_id=10459'><img loading=\"lazy\" decoding=\"async\" width=\"350\" height=\"350\" src=\"https:\/\/meeplendice.net\/wp-content\/uploads\/2025\/12\/UnlockS_Cuisine.png\" class=\"rt-img-responsive \" alt=\"\" \/><\/a><\/div><div class='post-info'><h3 class=\"entry-title\"><a data-id=\"10459\" class=\" tpg-single-popup\" href=\"https:\/\/meeplendice.net\/?page_id=10459\">Panique en Cuisine !<\/a><\/h3><div class='post-meta-user '><\/div><\/div><\/div><\/div><div class=\"rt-col-md-4 rt-col-sm-6 rt-col-xs-12 masonry-grid-item rt-grid-item img_zoom_in\" data-id=\"10466\"><div class=\"rt-holder\"><div class='overlay'><a data-id='10466' class=' tpg-single-popup' href='https:\/\/meeplendice.net\/?page_id=10466'><img loading=\"lazy\" decoding=\"async\" width=\"350\" height=\"350\" src=\"https:\/\/meeplendice.net\/wp-content\/uploads\/2025\/12\/UnlockS_Pieuvre.png\" class=\"rt-img-responsive \" alt=\"\" \/><\/a><\/div><div class='post-info'><h3 class=\"entry-title\"><a data-id=\"10466\" class=\" tpg-single-popup\" href=\"https:\/\/meeplendice.net\/?page_id=10466\">Les secrets de la Pieuvre<\/a><\/h3><div class='post-meta-user '><\/div><\/div><\/div><\/div><div class=\"rt-col-md-4 rt-col-sm-6 rt-col-xs-12 masonry-grid-item rt-grid-item img_zoom_in\" data-id=\"10473\"><div class=\"rt-holder\"><div class='overlay'><a data-id='10473' class=' tpg-single-popup' href='https:\/\/meeplendice.net\/?page_id=10473'><img loading=\"lazy\" decoding=\"async\" width=\"350\" height=\"350\" src=\"https:\/\/meeplendice.net\/wp-content\/uploads\/2025\/12\/UnlockS_Ange.png\" class=\"rt-img-responsive \" alt=\"\" \/><\/a><\/div><div class='post-info'><h3 class=\"entry-title\"><a data-id=\"10473\" class=\" tpg-single-popup\" href=\"https:\/\/meeplendice.net\/?page_id=10473\">Le vol de l&rsquo;Ange<\/a><\/h3><div class='post-meta-user '><\/div><\/div><\/div><\/div><\/div><div class='rt-pagination-wrap' data-total-pages='4' data-posts-per-page='3' data-type='pagination_ajax'  ><div class='rt-page-numbers'><\/div><\/div><\/div>\n<\/div>\n<\/div><\/div><\/div><\/div><div id=\"pg-2446-5\"  class=\"panel-grid panel-no-style\" ><div id=\"pgc-2446-5-0\"  class=\"panel-grid-cell\" ><div id=\"panel-2446-5-0-0\" class=\"so-panel widget widget_sow-editor panel-first-child panel-last-child\" data-index=\"7\" ><div\n\t\t\t\n\t\t\tclass=\"so-widget-sow-editor so-widget-sow-editor-base\"\n\t\t\t\n\t\t>\n<div class=\"siteorigin-widget-tinymce textwidget\">\n\t<hr \/>\n<h3 style=\"text-align: center;\">Pour aller plus loin<\/h3>\n<\/div>\n<\/div><\/div><\/div><\/div><\/div>","protected":false},"excerpt":{"rendered":"<p>Nombre de joueurs : 2 &#8211; 6 Dur\u00e9e moyenne : 30\/60 min Age : 10 ans et plus Un jeu de cartes coop\u00e9ratif inspir\u00e9 des Escapes Rooms&#8230; Les escape rooms sont des salles dont vous devez vous \u00e9chapper en moins de 60min. Unlock ! vous fait vivre ces exp\u00e9riences chez vous, autour d&rsquo;une table.<\/p>\n","protected":false},"author":2,"featured_media":13770,"parent":0,"menu_order":0,"comment_status":"closed","ping_status":"closed","template":"","meta":{"footnotes":""},"class_list":["post-2446","page","type-page","status-publish","has-post-thumbnail","hentry"],"acf":[],"rttpg_featured_image_url":{"full":["https:\/\/meeplendice.net\/wp-content\/uploads\/2025\/12\/Unlock_logo.png",350,350,false],"landscape":["https:\/\/meeplendice.net\/wp-content\/uploads\/2025\/12\/Unlock_logo.png",350,350,false],"portraits":["https:\/\/meeplendice.net\/wp-content\/uploads\/2025\/12\/Unlock_logo.png",350,350,false],"thumbnail":["https:\/\/meeplendice.net\/wp-content\/uploads\/2025\/12\/Unlock_logo-150x150.png",150,150,true],"medium":["https:\/\/meeplendice.net\/wp-content\/uploads\/2025\/12\/Unlock_logo-300x300.png",300,300,true],"large":["https:\/\/meeplendice.net\/wp-content\/uploads\/2025\/12\/Unlock_logo.png",350,350,false],"ug_big":["https:\/\/meeplendice.net\/wp-content\/uploads\/2025\/12\/Unlock_logo.png",350,350,false],"1536x1536":["https:\/\/meeplendice.net\/wp-content\/uploads\/2025\/12\/Unlock_logo.png",350,350,false],"2048x2048":["https:\/\/meeplendice.net\/wp-content\/uploads\/2025\/12\/Unlock_logo.png",350,350,false],"ashe-slider-grid-thumbnail":["https:\/\/meeplendice.net\/wp-content\/uploads\/2025\/12\/Unlock_logo.png",350,350,false],"ashe-full-thumbnail":["https:\/\/meeplendice.net\/wp-content\/uploads\/2025\/12\/Unlock_logo.png",350,350,false],"ashe-grid-thumbnail":["https:\/\/meeplendice.net\/wp-content\/uploads\/2025\/12\/Unlock_logo-350x330.png",350,330,true],"ashe-list-thumbnail":["https:\/\/meeplendice.net\/wp-content\/uploads\/2025\/12\/Unlock_logo-300x300.png",300,300,true],"ashe-single-navigation":["https:\/\/meeplendice.net\/wp-content\/uploads\/2025\/12\/Unlock_logo-75x75.png",75,75,true],"mailpoet_newsletter_max":["https:\/\/meeplendice.net\/wp-content\/uploads\/2025\/12\/Unlock_logo.png",350,350,false],"rpwe-thumbnail":["https:\/\/meeplendice.net\/wp-content\/uploads\/2025\/12\/Unlock_logo-45x45.png",45,45,true],"sow-carousel-default":["https:\/\/meeplendice.net\/wp-content\/uploads\/2025\/12\/Unlock_logo-272x182.png",272,182,true],"rt_custom":["https:\/\/meeplendice.net\/wp-content\/uploads\/2025\/12\/Unlock_logo.png",350,350,false]},"rttpg_author":{"display_name":"Karnby","author_link":"https:\/\/meeplendice.net\/?author=2"},"rttpg_comment":0,"rttpg_category":null,"rttpg_excerpt":"Nombre de joueurs : 2 - 6 Dur\u00e9e moyenne : 30\/60 min Age : 10 ans et plus Un jeu de cartes coop\u00e9ratif inspir\u00e9 des Escapes Rooms... Les escape rooms sont des salles dont vous devez vous \u00e9chapper en moins de 60min. Unlock ! vous fait vivre ces exp\u00e9riences chez vous, autour d'une table.","_links":{"self":[{"href":"https:\/\/meeplendice.net\/index.php?rest_route=\/wp\/v2\/pages\/2446","targetHints":{"allow":["GET"]}}],"collection":[{"href":"https:\/\/meeplendice.net\/index.php?rest_route=\/wp\/v2\/pages"}],"about":[{"href":"https:\/\/meeplendice.net\/index.php?rest_route=\/wp\/v2\/types\/page"}],"author":[{"embeddable":true,"href":"https:\/\/meeplendice.net\/index.php?rest_route=\/wp\/v2\/users\/2"}],"replies":[{"embeddable":true,"href":"https:\/\/meeplendice.net\/index.php?rest_route=%2Fwp%2Fv2%2Fcomments&post=2446"}],"version-history":[{"count":12,"href":"https:\/\/meeplendice.net\/index.php?rest_route=\/wp\/v2\/pages\/2446\/revisions"}],"predecessor-version":[{"id":13873,"href":"https:\/\/meeplendice.net\/index.php?rest_route=\/wp\/v2\/pages\/2446\/revisions\/13873"}],"wp:featuredmedia":[{"embeddable":true,"href":"https:\/\/meeplendice.net\/index.php?rest_route=\/wp\/v2\/media\/13770"}],"wp:attachment":[{"href":"https:\/\/meeplendice.net\/index.php?rest_route=%2Fwp%2Fv2%2Fmedia&parent=2446"}],"curies":[{"name":"wp","href":"https:\/\/api.w.org\/{rel}","templated":true}]}}