{"id":2461,"date":"2017-02-21T23:01:30","date_gmt":"2017-02-21T22:01:30","guid":{"rendered":"http:\/\/meeplendice.net\/?page_id=2461"},"modified":"2020-09-07T15:51:32","modified_gmt":"2020-09-07T14:51:32","slug":"cher-patron","status":"publish","type":"page","link":"https:\/\/meeplendice.net\/?page_id=2461","title":{"rendered":"Cher Patron"},"content":{"rendered":"<p style=\"text-align: justify;\"><em><span id=\"result_box\" class=\"\" lang=\"fr\">La lettre qui d\u00e9bute par la c\u00e9l\u00e8bre expression \u00a0\u00bb Cher Patron \u00a0\u00bb fut re\u00e7ue le jeudi 27 Septembre 1888 par l&rsquo;agence de presse Central News Agency de Londres, qui la transmit deux jours plus tard \u00e0 Scotland Yard. Elle \u00e9tait \u00e9crite en rouge et contenait de nombreux d\u00e9tails macabres qu&rsquo;on ne pouvait ignorer. Elle \u00e9tait sign\u00e9e Jack l\u2019\u00c9ventreur. La terreur de Whitechapel avait enfin un nom&#8230; un nom qui hanterait le quartier \u00e0 tout jamais.<\/span><\/em><\/p>\n<p style=\"text-align: justify;\"><em>Cher Patron <\/em>est la premi\u00e8re extension pour le jeu de plateau <em>Lettres de Whitechapel <\/em>et vous aidera \u00e0 vous plonger dans l\u2019atmosph\u00e8re sordide de Whitechapel : vous en apprendrez davantage sur les personnages principaux de cet \u00e9pouvantable automne. Enfin, que vous soyez Jack ou un inspecteur, vous rel\u00e8verez de tout nouveaux d\u00e9fis passionnants.<\/p>\n","protected":false},"excerpt":{"rendered":"<p>La lettre qui d\u00e9bute par la c\u00e9l\u00e8bre expression \u00a0\u00bb Cher Patron \u00a0\u00bb fut re\u00e7ue le jeudi 27 Septembre 1888 par l&rsquo;agence de presse Central News Agency de Londres, qui la transmit deux jours plus tard \u00e0 Scotland Yard. Elle \u00e9tait \u00e9crite en rouge et contenait de nombreux d\u00e9tails macabres qu&rsquo;on ne pouvait ignorer. Elle \u00e9tait sign\u00e9e Jack l\u2019\u00c9ventreur. La terreur de Whitechapel avait enfin un nom&#8230; un nom qui hanterait le quartier \u00e0 tout jamais. Cher Patron est la premi\u00e8re extension pour le jeu de plateau Lettres de Whitechapel et vous aidera \u00e0 vous plonger dans l\u2019atmosph\u00e8re sordide de Whitechapel : vous en apprendrez davantage sur les personnages principaux de cet \u00e9pouvantable automne. Enfin, que vous soyez Jack ou un inspecteur, vous rel\u00e8verez de tout nouveaux d\u00e9fis passionnants.<\/p>\n","protected":false},"author":2,"featured_media":2463,"parent":352,"menu_order":1,"comment_status":"closed","ping_status":"closed","template":"","meta":{"footnotes":""},"class_list":["post-2461","page","type-page","status-publish","has-post-thumbnail","hentry"],"acf":[],"rttpg_featured_image_url":{"full":["https:\/\/meeplendice.net\/wp-content\/uploads\/2017\/02\/LW_Cherpatron.png",350,350,false],"landscape":["https:\/\/meeplendice.net\/wp-content\/uploads\/2017\/02\/LW_Cherpatron.png",350,350,false],"portraits":["https:\/\/meeplendice.net\/wp-content\/uploads\/2017\/02\/LW_Cherpatron.png",350,350,false],"thumbnail":["https:\/\/meeplendice.net\/wp-content\/uploads\/2017\/02\/LW_Cherpatron-150x150.png",150,150,true],"medium":["https:\/\/meeplendice.net\/wp-content\/uploads\/2017\/02\/LW_Cherpatron-300x300.png",300,300,true],"large":["https:\/\/meeplendice.net\/wp-content\/uploads\/2017\/02\/LW_Cherpatron.png",350,350,false],"ug_big":["https:\/\/meeplendice.net\/wp-content\/uploads\/2017\/02\/LW_Cherpatron.png",350,350,false],"1536x1536":["https:\/\/meeplendice.net\/wp-content\/uploads\/2017\/02\/LW_Cherpatron.png",350,350,false],"2048x2048":["https:\/\/meeplendice.net\/wp-content\/uploads\/2017\/02\/LW_Cherpatron.png",350,350,false],"ashe-slider-grid-thumbnail":["https:\/\/meeplendice.net\/wp-content\/uploads\/2017\/02\/LW_Cherpatron.png",350,350,false],"ashe-full-thumbnail":["https:\/\/meeplendice.net\/wp-content\/uploads\/2017\/02\/LW_Cherpatron.png",350,350,false],"ashe-grid-thumbnail":["https:\/\/meeplendice.net\/wp-content\/uploads\/2017\/02\/LW_Cherpatron-350x330.png",350,330,true],"ashe-list-thumbnail":["https:\/\/meeplendice.net\/wp-content\/uploads\/2017\/02\/LW_Cherpatron-300x300.png",300,300,true],"ashe-single-navigation":["https:\/\/meeplendice.net\/wp-content\/uploads\/2017\/02\/LW_Cherpatron-75x75.png",75,75,true],"mailpoet_newsletter_max":["https:\/\/meeplendice.net\/wp-content\/uploads\/2017\/02\/LW_Cherpatron.png",350,350,false],"rpwe-thumbnail":["https:\/\/meeplendice.net\/wp-content\/uploads\/2017\/02\/LW_Cherpatron-45x45.png",45,45,true],"sow-carousel-default":["https:\/\/meeplendice.net\/wp-content\/uploads\/2017\/02\/LW_Cherpatron-272x182.png",272,182,true],"rt_custom":["https:\/\/meeplendice.net\/wp-content\/uploads\/2017\/02\/LW_Cherpatron.png",350,350,false]},"rttpg_author":{"display_name":"Karnby","author_link":"https:\/\/meeplendice.net\/?author=2"},"rttpg_comment":0,"rttpg_category":null,"rttpg_excerpt":"La lettre qui d\u00e9bute par la c\u00e9l\u00e8bre expression \u00a0\u00bb Cher Patron \u00a0\u00bb fut re\u00e7ue le jeudi 27 Septembre 1888 par l&rsquo;agence de presse Central News Agency de Londres, qui la transmit deux jours plus tard \u00e0 Scotland Yard. Elle \u00e9tait \u00e9crite en rouge et contenait de nombreux d\u00e9tails macabres qu&rsquo;on ne pouvait ignorer. Elle \u00e9tait\u2026","_links":{"self":[{"href":"https:\/\/meeplendice.net\/index.php?rest_route=\/wp\/v2\/pages\/2461","targetHints":{"allow":["GET"]}}],"collection":[{"href":"https:\/\/meeplendice.net\/index.php?rest_route=\/wp\/v2\/pages"}],"about":[{"href":"https:\/\/meeplendice.net\/index.php?rest_route=\/wp\/v2\/types\/page"}],"author":[{"embeddable":true,"href":"https:\/\/meeplendice.net\/index.php?rest_route=\/wp\/v2\/users\/2"}],"replies":[{"embeddable":true,"href":"https:\/\/meeplendice.net\/index.php?rest_route=%2Fwp%2Fv2%2Fcomments&post=2461"}],"version-history":[{"count":4,"href":"https:\/\/meeplendice.net\/index.php?rest_route=\/wp\/v2\/pages\/2461\/revisions"}],"predecessor-version":[{"id":6840,"href":"https:\/\/meeplendice.net\/index.php?rest_route=\/wp\/v2\/pages\/2461\/revisions\/6840"}],"up":[{"embeddable":true,"href":"https:\/\/meeplendice.net\/index.php?rest_route=\/wp\/v2\/pages\/352"}],"wp:featuredmedia":[{"embeddable":true,"href":"https:\/\/meeplendice.net\/index.php?rest_route=\/wp\/v2\/media\/2463"}],"wp:attachment":[{"href":"https:\/\/meeplendice.net\/index.php?rest_route=%2Fwp%2Fv2%2Fmedia&parent=2461"}],"curies":[{"name":"wp","href":"https:\/\/api.w.org\/{rel}","templated":true}]}}