{"id":2520,"date":"2017-02-28T11:17:22","date_gmt":"2017-02-28T10:17:22","guid":{"rendered":"http:\/\/meeplendice.net\/?page_id=2520"},"modified":"2020-08-31T16:52:54","modified_gmt":"2020-08-31T15:52:54","slug":"2520-2","status":"publish","type":"page","link":"https:\/\/meeplendice.net\/?page_id=2520","title":{"rendered":"Prison Outbreak : Zombicide Saison 2"},"content":{"rendered":"<p>Zombicide Saison 2.<\/p>\n<p>Le monde est en guerre contre une horde de zombies n\u00e9e de notre propre folie. L\u00e0 o\u00f9 la plupart des gens ont pr\u00e9f\u00e9r\u00e9 fuir et devenir des proies, nous avons choisi de faire face et de devenir des pr\u00e9dateurs. Nous sommes des survivants, nous combattons la mort elle-m\u00eame avec toutes les armes \u00e0 notre disposition.<\/p>\n<p>Il est temps de se livrer \u00e0 un\u2026 Zombicide !<\/p>\n<p>Tout en constituant un jeu \u00e0 part enti\u00e8re, cette bo\u00eete <em>Prison Outbreak<\/em> peut \u00eatre combin\u00e9e avec les autres produits de la gamme, tels Zombicide Saison 1 ou l\u2019extension Toxic City Mall.<\/p>\n<p>Endossez le r\u00f4le de survivants aux capacit\u00e9s uniques, ma\u00eetrisez leurs comp\u00e9tences et venez \u00e0 bout de hordes de zombies sanguinaires d\u00e9c\u00e9r\u00e9br\u00e9s gr\u00e2ce \u00e0 la force du travail en \u00e9quipe\u00a0!<\/p>\n<p>Les cr\u00e9atures infect\u00e9es sont contr\u00f4l\u00e9es par des r\u00e8gles simples et intuitives. Jouez 10 missions sur 10 cartes diff\u00e9rentes compos\u00e9es \u00e0 partir des dalles modulables de cette bo\u00eete ou cr\u00e9ez vous-m\u00eame vos propres missions.<\/p>\n<p>Trouvez des armes. Tuez des zombies. Plus vous tuez de zombies, plus vous devenez fort et plus les zombies sont nombreux.<\/p>\n<p>Six survivants ont d\u00e9cid\u00e9 de transformer une prison infest\u00e9e de zombies en un abri s\u00fbr. Ils devront faire face aux zombies berserkers, de v\u00e9ritables machines \u00e0 tuer sanguinaires. Mais les h\u00e9ros ont acc\u00e8s \u00e0 de nouvelles armes meutri\u00e8res\u00a0: les fusils automatiques, les hachettes doubles, les battes clout\u00e9es, les hachoirs, les boucliers anti\u00e9meutes et m\u00eame les Gunblades.<\/p>\n<p>&nbsp;<\/p>\n","protected":false},"excerpt":{"rendered":"<p>Zombicide Saison 2. Le monde est en guerre contre une horde de zombies n\u00e9e de notre propre folie. L\u00e0 o\u00f9 la plupart des gens ont pr\u00e9f\u00e9r\u00e9 fuir et devenir des proies, nous avons choisi de faire face et de devenir des pr\u00e9dateurs. Nous sommes des survivants, nous combattons la mort elle-m\u00eame avec toutes les armes \u00e0 notre disposition. Il est temps de se livrer \u00e0 un\u2026 Zombicide ! Tout en constituant un jeu \u00e0 part enti\u00e8re, cette bo\u00eete Prison Outbreak peut \u00eatre combin\u00e9e avec les autres produits de la gamme, tels Zombicide Saison 1 ou l\u2019extension Toxic City Mall. Endossez le r\u00f4le de survivants aux capacit\u00e9s uniques, ma\u00eetrisez leurs comp\u00e9tences et venez \u00e0 bout de hordes de zombies sanguinaires d\u00e9c\u00e9r\u00e9br\u00e9s gr\u00e2ce \u00e0 la force du travail en \u00e9quipe\u00a0! Les cr\u00e9atures infect\u00e9es sont contr\u00f4l\u00e9es par des r\u00e8gles simples et intuitives. Jouez 10 missions sur 10 cartes diff\u00e9rentes compos\u00e9es \u00e0 partir des dalles modulables de cette bo\u00eete ou cr\u00e9ez vous-m\u00eame vos propres missions. Trouvez des armes. Tuez des zombies. Plus vous tuez de zombies, plus vous devenez fort et plus les zombies sont nombreux. Six survivants ont d\u00e9cid\u00e9 de transformer une prison infest\u00e9e de zombies en un abri s\u00fbr. Ils devront faire face aux zombies berserkers, de v\u00e9ritables machines \u00e0 tuer sanguinaires. Mais les h\u00e9ros ont acc\u00e8s \u00e0 de nouvelles armes meutri\u00e8res\u00a0: les fusils automatiques, les hachettes doubles, les battes clout\u00e9es, les hachoirs, les boucliers anti\u00e9meutes et m\u00eame les Gunblades. &nbsp;<\/p>\n","protected":false},"author":2,"featured_media":2521,"parent":498,"menu_order":1,"comment_status":"closed","ping_status":"closed","template":"","meta":{"footnotes":""},"class_list":["post-2520","page","type-page","status-publish","has-post-thumbnail","hentry"],"acf":[],"rttpg_featured_image_url":{"full":["https:\/\/meeplendice.net\/wp-content\/uploads\/2017\/02\/Z_Prisonoutbreak.png",350,350,false],"landscape":["https:\/\/meeplendice.net\/wp-content\/uploads\/2017\/02\/Z_Prisonoutbreak.png",350,350,false],"portraits":["https:\/\/meeplendice.net\/wp-content\/uploads\/2017\/02\/Z_Prisonoutbreak.png",350,350,false],"thumbnail":["https:\/\/meeplendice.net\/wp-content\/uploads\/2017\/02\/Z_Prisonoutbreak-150x150.png",150,150,true],"medium":["https:\/\/meeplendice.net\/wp-content\/uploads\/2017\/02\/Z_Prisonoutbreak-300x300.png",300,300,true],"large":["https:\/\/meeplendice.net\/wp-content\/uploads\/2017\/02\/Z_Prisonoutbreak.png",350,350,false],"ug_big":["https:\/\/meeplendice.net\/wp-content\/uploads\/2017\/02\/Z_Prisonoutbreak.png",350,350,false],"1536x1536":["https:\/\/meeplendice.net\/wp-content\/uploads\/2017\/02\/Z_Prisonoutbreak.png",350,350,false],"2048x2048":["https:\/\/meeplendice.net\/wp-content\/uploads\/2017\/02\/Z_Prisonoutbreak.png",350,350,false],"ashe-slider-grid-thumbnail":["https:\/\/meeplendice.net\/wp-content\/uploads\/2017\/02\/Z_Prisonoutbreak.png",350,350,false],"ashe-full-thumbnail":["https:\/\/meeplendice.net\/wp-content\/uploads\/2017\/02\/Z_Prisonoutbreak.png",350,350,false],"ashe-grid-thumbnail":["https:\/\/meeplendice.net\/wp-content\/uploads\/2017\/02\/Z_Prisonoutbreak-350x330.png",350,330,true],"ashe-list-thumbnail":["https:\/\/meeplendice.net\/wp-content\/uploads\/2017\/02\/Z_Prisonoutbreak-300x300.png",300,300,true],"ashe-single-navigation":["https:\/\/meeplendice.net\/wp-content\/uploads\/2017\/02\/Z_Prisonoutbreak-75x75.png",75,75,true],"mailpoet_newsletter_max":["https:\/\/meeplendice.net\/wp-content\/uploads\/2017\/02\/Z_Prisonoutbreak.png",350,350,false],"rpwe-thumbnail":["https:\/\/meeplendice.net\/wp-content\/uploads\/2017\/02\/Z_Prisonoutbreak-45x45.png",45,45,true],"sow-carousel-default":["https:\/\/meeplendice.net\/wp-content\/uploads\/2017\/02\/Z_Prisonoutbreak-272x182.png",272,182,true],"rt_custom":["https:\/\/meeplendice.net\/wp-content\/uploads\/2017\/02\/Z_Prisonoutbreak.png",350,350,false]},"rttpg_author":{"display_name":"Karnby","author_link":"https:\/\/meeplendice.net\/?author=2"},"rttpg_comment":0,"rttpg_category":null,"rttpg_excerpt":"Zombicide Saison 2. Le monde est en guerre contre une horde de zombies n\u00e9e de notre propre folie. L\u00e0 o\u00f9 la plupart des gens ont pr\u00e9f\u00e9r\u00e9 fuir et devenir des proies, nous avons choisi de faire face et de devenir des pr\u00e9dateurs. Nous sommes des survivants, nous combattons la mort elle-m\u00eame avec toutes les armes\u2026","_links":{"self":[{"href":"https:\/\/meeplendice.net\/index.php?rest_route=\/wp\/v2\/pages\/2520","targetHints":{"allow":["GET"]}}],"collection":[{"href":"https:\/\/meeplendice.net\/index.php?rest_route=\/wp\/v2\/pages"}],"about":[{"href":"https:\/\/meeplendice.net\/index.php?rest_route=\/wp\/v2\/types\/page"}],"author":[{"embeddable":true,"href":"https:\/\/meeplendice.net\/index.php?rest_route=\/wp\/v2\/users\/2"}],"replies":[{"embeddable":true,"href":"https:\/\/meeplendice.net\/index.php?rest_route=%2Fwp%2Fv2%2Fcomments&post=2520"}],"version-history":[{"count":3,"href":"https:\/\/meeplendice.net\/index.php?rest_route=\/wp\/v2\/pages\/2520\/revisions"}],"predecessor-version":[{"id":6370,"href":"https:\/\/meeplendice.net\/index.php?rest_route=\/wp\/v2\/pages\/2520\/revisions\/6370"}],"up":[{"embeddable":true,"href":"https:\/\/meeplendice.net\/index.php?rest_route=\/wp\/v2\/pages\/498"}],"wp:featuredmedia":[{"embeddable":true,"href":"https:\/\/meeplendice.net\/index.php?rest_route=\/wp\/v2\/media\/2521"}],"wp:attachment":[{"href":"https:\/\/meeplendice.net\/index.php?rest_route=%2Fwp%2Fv2%2Fmedia&parent=2520"}],"curies":[{"name":"wp","href":"https:\/\/api.w.org\/{rel}","templated":true}]}}