{"id":2542,"date":"2017-02-28T12:07:58","date_gmt":"2017-02-28T11:07:58","guid":{"rendered":"http:\/\/meeplendice.net\/?page_id=2542"},"modified":"2020-08-31T16:54:15","modified_gmt":"2020-08-31T15:54:15","slug":"angry-zombies","status":"publish","type":"page","link":"https:\/\/meeplendice.net\/?page_id=2542","title":{"rendered":"Angry Zombies"},"content":{"rendered":"<p>Ils visent la gorge ! Les berserkers zombies se rient des balles. D\u00e9truire leur t\u00eate est la seule mani\u00e8re de les r\u00e9duire au silence.<\/p>\n<p>Cette bo\u00eete contient des zombies berserkers suppl\u00e9mentaires pour le jeu de plateau Zombicide : des Fatties Berserkers, des Runners Berserkers et des Walkers Berserkers pour instaurer un r\u00e8gne de brutalit\u00e9 dans les rues et les corridors des prisons.<\/p>\n<p>Faites appel \u00e0 eux pour instiller la peur dans le coeur des survivants les plus endurcis et red\u00e9finir les fronti\u00e8res du combat rapproch\u00e9 !<\/p>\n<p>Cette bo\u00eete contient \u00e9galement 2 mod\u00e8les de Walkers\u00a0Berserkers exclusifs et 1 mod\u00e8le de Fatty\u00a0Berserker exclusif pour compl\u00e9ter votre collection de zombies.<\/p>\n<p>&nbsp;<\/p>\n","protected":false},"excerpt":{"rendered":"<p>Ils visent la gorge ! Les berserkers zombies se rient des balles. D\u00e9truire leur t\u00eate est la seule mani\u00e8re de les r\u00e9duire au silence. Cette bo\u00eete contient des zombies berserkers suppl\u00e9mentaires pour le jeu de plateau Zombicide : des Fatties Berserkers, des Runners Berserkers et des Walkers Berserkers pour instaurer un r\u00e8gne de brutalit\u00e9 dans les rues et les corridors des prisons. Faites appel \u00e0 eux pour instiller la peur dans le coeur des survivants les plus endurcis et red\u00e9finir les fronti\u00e8res du combat rapproch\u00e9 ! Cette bo\u00eete contient \u00e9galement 2 mod\u00e8les de Walkers\u00a0Berserkers exclusifs et 1 mod\u00e8le de Fatty\u00a0Berserker exclusif pour compl\u00e9ter votre collection de zombies. &nbsp;<\/p>\n","protected":false},"author":2,"featured_media":2543,"parent":498,"menu_order":8,"comment_status":"closed","ping_status":"closed","template":"","meta":{"footnotes":""},"class_list":["post-2542","page","type-page","status-publish","has-post-thumbnail","hentry"],"acf":[],"rttpg_featured_image_url":{"full":["https:\/\/meeplendice.net\/wp-content\/uploads\/2017\/02\/Z_Angryzombies.png",350,350,false],"landscape":["https:\/\/meeplendice.net\/wp-content\/uploads\/2017\/02\/Z_Angryzombies.png",350,350,false],"portraits":["https:\/\/meeplendice.net\/wp-content\/uploads\/2017\/02\/Z_Angryzombies.png",350,350,false],"thumbnail":["https:\/\/meeplendice.net\/wp-content\/uploads\/2017\/02\/Z_Angryzombies-150x150.png",150,150,true],"medium":["https:\/\/meeplendice.net\/wp-content\/uploads\/2017\/02\/Z_Angryzombies-300x300.png",300,300,true],"large":["https:\/\/meeplendice.net\/wp-content\/uploads\/2017\/02\/Z_Angryzombies.png",350,350,false],"ug_big":["https:\/\/meeplendice.net\/wp-content\/uploads\/2017\/02\/Z_Angryzombies.png",350,350,false],"1536x1536":["https:\/\/meeplendice.net\/wp-content\/uploads\/2017\/02\/Z_Angryzombies.png",350,350,false],"2048x2048":["https:\/\/meeplendice.net\/wp-content\/uploads\/2017\/02\/Z_Angryzombies.png",350,350,false],"ashe-slider-grid-thumbnail":["https:\/\/meeplendice.net\/wp-content\/uploads\/2017\/02\/Z_Angryzombies.png",350,350,false],"ashe-full-thumbnail":["https:\/\/meeplendice.net\/wp-content\/uploads\/2017\/02\/Z_Angryzombies.png",350,350,false],"ashe-grid-thumbnail":["https:\/\/meeplendice.net\/wp-content\/uploads\/2017\/02\/Z_Angryzombies-350x330.png",350,330,true],"ashe-list-thumbnail":["https:\/\/meeplendice.net\/wp-content\/uploads\/2017\/02\/Z_Angryzombies-300x300.png",300,300,true],"ashe-single-navigation":["https:\/\/meeplendice.net\/wp-content\/uploads\/2017\/02\/Z_Angryzombies-75x75.png",75,75,true],"mailpoet_newsletter_max":["https:\/\/meeplendice.net\/wp-content\/uploads\/2017\/02\/Z_Angryzombies.png",350,350,false],"rpwe-thumbnail":["https:\/\/meeplendice.net\/wp-content\/uploads\/2017\/02\/Z_Angryzombies-45x45.png",45,45,true],"sow-carousel-default":["https:\/\/meeplendice.net\/wp-content\/uploads\/2017\/02\/Z_Angryzombies-272x182.png",272,182,true],"rt_custom":["https:\/\/meeplendice.net\/wp-content\/uploads\/2017\/02\/Z_Angryzombies.png",350,350,false]},"rttpg_author":{"display_name":"Karnby","author_link":"https:\/\/meeplendice.net\/?author=2"},"rttpg_comment":0,"rttpg_category":null,"rttpg_excerpt":"Ils visent la gorge ! Les berserkers zombies se rient des balles. D\u00e9truire leur t\u00eate est la seule mani\u00e8re de les r\u00e9duire au silence. Cette bo\u00eete contient des zombies berserkers suppl\u00e9mentaires pour le jeu de plateau Zombicide : des Fatties Berserkers, des Runners Berserkers et des Walkers Berserkers pour instaurer un r\u00e8gne de brutalit\u00e9 dans\u2026","_links":{"self":[{"href":"https:\/\/meeplendice.net\/index.php?rest_route=\/wp\/v2\/pages\/2542","targetHints":{"allow":["GET"]}}],"collection":[{"href":"https:\/\/meeplendice.net\/index.php?rest_route=\/wp\/v2\/pages"}],"about":[{"href":"https:\/\/meeplendice.net\/index.php?rest_route=\/wp\/v2\/types\/page"}],"author":[{"embeddable":true,"href":"https:\/\/meeplendice.net\/index.php?rest_route=\/wp\/v2\/users\/2"}],"replies":[{"embeddable":true,"href":"https:\/\/meeplendice.net\/index.php?rest_route=%2Fwp%2Fv2%2Fcomments&post=2542"}],"version-history":[{"count":2,"href":"https:\/\/meeplendice.net\/index.php?rest_route=\/wp\/v2\/pages\/2542\/revisions"}],"predecessor-version":[{"id":6376,"href":"https:\/\/meeplendice.net\/index.php?rest_route=\/wp\/v2\/pages\/2542\/revisions\/6376"}],"up":[{"embeddable":true,"href":"https:\/\/meeplendice.net\/index.php?rest_route=\/wp\/v2\/pages\/498"}],"wp:featuredmedia":[{"embeddable":true,"href":"https:\/\/meeplendice.net\/index.php?rest_route=\/wp\/v2\/media\/2543"}],"wp:attachment":[{"href":"https:\/\/meeplendice.net\/index.php?rest_route=%2Fwp%2Fv2%2Fmedia&parent=2542"}],"curies":[{"name":"wp","href":"https:\/\/api.w.org\/{rel}","templated":true}]}}