{"id":2565,"date":"2017-03-01T14:52:27","date_gmt":"2017-03-01T13:52:27","guid":{"rendered":"http:\/\/meeplendice.net\/?page_id=2565"},"modified":"2020-08-31T16:55:47","modified_gmt":"2020-08-31T15:55:47","slug":"ultimate-survivors-1","status":"publish","type":"page","link":"https:\/\/meeplendice.net\/?page_id=2565","title":{"rendered":"Ultimate Survivors #1"},"content":{"rendered":"<p><em>Le monde a \u00e9volu\u00e9. Nous aussi. Nous avons assimil\u00e9 en quelques mois ce qu\u2019un soldat aurait appris en plusieurs ann\u00e9es. La vie que nous menions, ce que nous \u00e9tions, tout \u00e7a a disparu et nous l\u2019acceptons. Nous sommes des Survivants et nous forgeons le futur.<\/em><\/p>\n<p>Parfois, vous ne voudriez pas voir l\u2019histoire de votre Survivant favori se terminer. Vous souhaiteriez le voir vivre de nombreuses aventures et \u00e9voluer dans le monde de <em>Zombicide <\/em>! Le Mode Exp\u00e9rience vous permet d\u2019\u00e9crire votre propre l\u00e9gende, en vous basant sur les cartes Exp\u00e9rience, qui renforcent vos Survivants et qui peuvent \u00eatre conserv\u00e9es d\u2019une Mission \u00e0 l\u2019autre ! Vos Survivants se dresseront-ils comme les v\u00e9ritables h\u00e9ros de l\u2019apocalypse zombie ? Vous seul d\u00e9tenez la r\u00e9ponse !!<\/p>\n<p>&nbsp;<\/p>\n","protected":false},"excerpt":{"rendered":"<p>Le monde a \u00e9volu\u00e9. Nous aussi. Nous avons assimil\u00e9 en quelques mois ce qu\u2019un soldat aurait appris en plusieurs ann\u00e9es. La vie que nous menions, ce que nous \u00e9tions, tout \u00e7a a disparu et nous l\u2019acceptons. Nous sommes des Survivants et nous forgeons le futur. Parfois, vous ne voudriez pas voir l\u2019histoire de votre Survivant favori se terminer. Vous souhaiteriez le voir vivre de nombreuses aventures et \u00e9voluer dans le monde de Zombicide ! Le Mode Exp\u00e9rience vous permet d\u2019\u00e9crire votre propre l\u00e9gende, en vous basant sur les cartes Exp\u00e9rience, qui renforcent vos Survivants et qui peuvent \u00eatre conserv\u00e9es d\u2019une Mission \u00e0 l\u2019autre ! Vos Survivants se dresseront-ils comme les v\u00e9ritables h\u00e9ros de l\u2019apocalypse zombie ? Vous seul d\u00e9tenez la r\u00e9ponse !! &nbsp;<\/p>\n","protected":false},"author":2,"featured_media":2559,"parent":498,"menu_order":14,"comment_status":"closed","ping_status":"closed","template":"","meta":{"footnotes":""},"class_list":["post-2565","page","type-page","status-publish","has-post-thumbnail","hentry"],"acf":[],"rttpg_featured_image_url":{"full":["https:\/\/meeplendice.net\/wp-content\/uploads\/2017\/03\/Z_Ultimate1.png",350,350,false],"landscape":["https:\/\/meeplendice.net\/wp-content\/uploads\/2017\/03\/Z_Ultimate1.png",350,350,false],"portraits":["https:\/\/meeplendice.net\/wp-content\/uploads\/2017\/03\/Z_Ultimate1.png",350,350,false],"thumbnail":["https:\/\/meeplendice.net\/wp-content\/uploads\/2017\/03\/Z_Ultimate1-150x150.png",150,150,true],"medium":["https:\/\/meeplendice.net\/wp-content\/uploads\/2017\/03\/Z_Ultimate1-300x300.png",300,300,true],"large":["https:\/\/meeplendice.net\/wp-content\/uploads\/2017\/03\/Z_Ultimate1.png",350,350,false],"ug_big":["https:\/\/meeplendice.net\/wp-content\/uploads\/2017\/03\/Z_Ultimate1.png",350,350,false],"1536x1536":["https:\/\/meeplendice.net\/wp-content\/uploads\/2017\/03\/Z_Ultimate1.png",350,350,false],"2048x2048":["https:\/\/meeplendice.net\/wp-content\/uploads\/2017\/03\/Z_Ultimate1.png",350,350,false],"ashe-slider-grid-thumbnail":["https:\/\/meeplendice.net\/wp-content\/uploads\/2017\/03\/Z_Ultimate1.png",350,350,false],"ashe-full-thumbnail":["https:\/\/meeplendice.net\/wp-content\/uploads\/2017\/03\/Z_Ultimate1.png",350,350,false],"ashe-grid-thumbnail":["https:\/\/meeplendice.net\/wp-content\/uploads\/2017\/03\/Z_Ultimate1-350x330.png",350,330,true],"ashe-list-thumbnail":["https:\/\/meeplendice.net\/wp-content\/uploads\/2017\/03\/Z_Ultimate1-300x300.png",300,300,true],"ashe-single-navigation":["https:\/\/meeplendice.net\/wp-content\/uploads\/2017\/03\/Z_Ultimate1-75x75.png",75,75,true],"mailpoet_newsletter_max":["https:\/\/meeplendice.net\/wp-content\/uploads\/2017\/03\/Z_Ultimate1.png",350,350,false],"rpwe-thumbnail":["https:\/\/meeplendice.net\/wp-content\/uploads\/2017\/03\/Z_Ultimate1-45x45.png",45,45,true],"sow-carousel-default":["https:\/\/meeplendice.net\/wp-content\/uploads\/2017\/03\/Z_Ultimate1-272x182.png",272,182,true],"rt_custom":["https:\/\/meeplendice.net\/wp-content\/uploads\/2017\/03\/Z_Ultimate1.png",350,350,false]},"rttpg_author":{"display_name":"Karnby","author_link":"https:\/\/meeplendice.net\/?author=2"},"rttpg_comment":0,"rttpg_category":null,"rttpg_excerpt":"Le monde a \u00e9volu\u00e9. Nous aussi. Nous avons assimil\u00e9 en quelques mois ce qu\u2019un soldat aurait appris en plusieurs ann\u00e9es. La vie que nous menions, ce que nous \u00e9tions, tout \u00e7a a disparu et nous l\u2019acceptons. Nous sommes des Survivants et nous forgeons le futur. Parfois, vous ne voudriez pas voir l\u2019histoire de votre Survivant\u2026","_links":{"self":[{"href":"https:\/\/meeplendice.net\/index.php?rest_route=\/wp\/v2\/pages\/2565","targetHints":{"allow":["GET"]}}],"collection":[{"href":"https:\/\/meeplendice.net\/index.php?rest_route=\/wp\/v2\/pages"}],"about":[{"href":"https:\/\/meeplendice.net\/index.php?rest_route=\/wp\/v2\/types\/page"}],"author":[{"embeddable":true,"href":"https:\/\/meeplendice.net\/index.php?rest_route=\/wp\/v2\/users\/2"}],"replies":[{"embeddable":true,"href":"https:\/\/meeplendice.net\/index.php?rest_route=%2Fwp%2Fv2%2Fcomments&post=2565"}],"version-history":[{"count":2,"href":"https:\/\/meeplendice.net\/index.php?rest_route=\/wp\/v2\/pages\/2565\/revisions"}],"predecessor-version":[{"id":6383,"href":"https:\/\/meeplendice.net\/index.php?rest_route=\/wp\/v2\/pages\/2565\/revisions\/6383"}],"up":[{"embeddable":true,"href":"https:\/\/meeplendice.net\/index.php?rest_route=\/wp\/v2\/pages\/498"}],"wp:featuredmedia":[{"embeddable":true,"href":"https:\/\/meeplendice.net\/index.php?rest_route=\/wp\/v2\/media\/2559"}],"wp:attachment":[{"href":"https:\/\/meeplendice.net\/index.php?rest_route=%2Fwp%2Fv2%2Fmedia&parent=2565"}],"curies":[{"name":"wp","href":"https:\/\/api.w.org\/{rel}","templated":true}]}}