{"id":2588,"date":"2017-03-01T15:47:17","date_gmt":"2017-03-01T14:47:17","guid":{"rendered":"http:\/\/meeplendice.net\/?page_id=2588"},"modified":"2020-09-01T10:45:15","modified_gmt":"2020-09-01T09:45:15","slug":"egypt","status":"publish","type":"page","link":"https:\/\/meeplendice.net\/?page_id=2588","title":{"rendered":"Egypt"},"content":{"rendered":"<p><em>Vous voici d\u00e9sormais \u00e0 la t\u00eate d\u2019une civilisation antique extraordinaire : l\u2019\u00c9gypte. Saurez-vous contribuer au d\u00e9veloppement et au rayonnement de cet empire par-del\u00e0 les territoires inconnus qui l\u2019entourent ?<\/em><\/p>\n<p>Deus Egypt est une extension pour Deus, le jeu de base est n\u00e9cessaire.<\/p>\n<div>Cette extension est essentiellement constitu\u00e9e de 96 nouvelles cartes B\u00e2timent (16 de chaque couleur) utilis\u00e9es pour remplacer tout ou une partie du jeu de base. Pour chaque couleur, vous pourrez choisir en d\u00e9but de partie si vous jouerez avec celles du jeu de base ou bien celles de l\u2019extension. Chaque ensemble de 16 cartes am\u00e8ne un ensemble de nouvelles r\u00e8gles et de challenges strat\u00e9giques. Deus Egypt permet ainsi de renouveler en profondeur le jeu, sans en allonger la dur\u00e9e de partie.<\/div>\n<p>&nbsp;<\/p>\n","protected":false},"excerpt":{"rendered":"<p>Vous voici d\u00e9sormais \u00e0 la t\u00eate d\u2019une civilisation antique extraordinaire : l\u2019\u00c9gypte. Saurez-vous contribuer au d\u00e9veloppement et au rayonnement de cet empire par-del\u00e0 les territoires inconnus qui l\u2019entourent ? Deus Egypt est une extension pour Deus, le jeu de base est n\u00e9cessaire. Cette extension est essentiellement constitu\u00e9e de 96 nouvelles cartes B\u00e2timent (16 de chaque couleur) utilis\u00e9es pour remplacer tout ou une partie du jeu de base. Pour chaque couleur, vous pourrez choisir en d\u00e9but de partie si vous jouerez avec celles du jeu de base ou bien celles de l\u2019extension. Chaque ensemble de 16 cartes am\u00e8ne un ensemble de nouvelles r\u00e8gles et de challenges strat\u00e9giques. Deus Egypt permet ainsi de renouveler en profondeur le jeu, sans en allonger la dur\u00e9e de partie. &nbsp;<\/p>\n","protected":false},"author":2,"featured_media":2590,"parent":288,"menu_order":0,"comment_status":"closed","ping_status":"closed","template":"","meta":{"footnotes":""},"class_list":["post-2588","page","type-page","status-publish","has-post-thumbnail","hentry"],"acf":[],"rttpg_featured_image_url":{"full":["https:\/\/meeplendice.net\/wp-content\/uploads\/2017\/03\/DEUS_Egypt.png",350,350,false],"landscape":["https:\/\/meeplendice.net\/wp-content\/uploads\/2017\/03\/DEUS_Egypt.png",350,350,false],"portraits":["https:\/\/meeplendice.net\/wp-content\/uploads\/2017\/03\/DEUS_Egypt.png",350,350,false],"thumbnail":["https:\/\/meeplendice.net\/wp-content\/uploads\/2017\/03\/DEUS_Egypt-150x150.png",150,150,true],"medium":["https:\/\/meeplendice.net\/wp-content\/uploads\/2017\/03\/DEUS_Egypt-300x300.png",300,300,true],"large":["https:\/\/meeplendice.net\/wp-content\/uploads\/2017\/03\/DEUS_Egypt.png",350,350,false],"ug_big":["https:\/\/meeplendice.net\/wp-content\/uploads\/2017\/03\/DEUS_Egypt.png",350,350,false],"1536x1536":["https:\/\/meeplendice.net\/wp-content\/uploads\/2017\/03\/DEUS_Egypt.png",350,350,false],"2048x2048":["https:\/\/meeplendice.net\/wp-content\/uploads\/2017\/03\/DEUS_Egypt.png",350,350,false],"ashe-slider-grid-thumbnail":["https:\/\/meeplendice.net\/wp-content\/uploads\/2017\/03\/DEUS_Egypt.png",350,350,false],"ashe-full-thumbnail":["https:\/\/meeplendice.net\/wp-content\/uploads\/2017\/03\/DEUS_Egypt.png",350,350,false],"ashe-grid-thumbnail":["https:\/\/meeplendice.net\/wp-content\/uploads\/2017\/03\/DEUS_Egypt-350x330.png",350,330,true],"ashe-list-thumbnail":["https:\/\/meeplendice.net\/wp-content\/uploads\/2017\/03\/DEUS_Egypt-300x300.png",300,300,true],"ashe-single-navigation":["https:\/\/meeplendice.net\/wp-content\/uploads\/2017\/03\/DEUS_Egypt-75x75.png",75,75,true],"mailpoet_newsletter_max":["https:\/\/meeplendice.net\/wp-content\/uploads\/2017\/03\/DEUS_Egypt.png",350,350,false],"rpwe-thumbnail":["https:\/\/meeplendice.net\/wp-content\/uploads\/2017\/03\/DEUS_Egypt-45x45.png",45,45,true],"sow-carousel-default":["https:\/\/meeplendice.net\/wp-content\/uploads\/2017\/03\/DEUS_Egypt-272x182.png",272,182,true],"rt_custom":["https:\/\/meeplendice.net\/wp-content\/uploads\/2017\/03\/DEUS_Egypt.png",350,350,false]},"rttpg_author":{"display_name":"Karnby","author_link":"https:\/\/meeplendice.net\/?author=2"},"rttpg_comment":0,"rttpg_category":null,"rttpg_excerpt":"Vous voici d\u00e9sormais \u00e0 la t\u00eate d\u2019une civilisation antique extraordinaire : l\u2019\u00c9gypte. Saurez-vous contribuer au d\u00e9veloppement et au rayonnement de cet empire par-del\u00e0 les territoires inconnus qui l\u2019entourent ? Deus Egypt est une extension pour Deus, le jeu de base est n\u00e9cessaire. Cette extension est essentiellement constitu\u00e9e de 96 nouvelles cartes B\u00e2timent (16 de chaque\u2026","_links":{"self":[{"href":"https:\/\/meeplendice.net\/index.php?rest_route=\/wp\/v2\/pages\/2588","targetHints":{"allow":["GET"]}}],"collection":[{"href":"https:\/\/meeplendice.net\/index.php?rest_route=\/wp\/v2\/pages"}],"about":[{"href":"https:\/\/meeplendice.net\/index.php?rest_route=\/wp\/v2\/types\/page"}],"author":[{"embeddable":true,"href":"https:\/\/meeplendice.net\/index.php?rest_route=\/wp\/v2\/users\/2"}],"replies":[{"embeddable":true,"href":"https:\/\/meeplendice.net\/index.php?rest_route=%2Fwp%2Fv2%2Fcomments&post=2588"}],"version-history":[{"count":4,"href":"https:\/\/meeplendice.net\/index.php?rest_route=\/wp\/v2\/pages\/2588\/revisions"}],"predecessor-version":[{"id":6478,"href":"https:\/\/meeplendice.net\/index.php?rest_route=\/wp\/v2\/pages\/2588\/revisions\/6478"}],"up":[{"embeddable":true,"href":"https:\/\/meeplendice.net\/index.php?rest_route=\/wp\/v2\/pages\/288"}],"wp:featuredmedia":[{"embeddable":true,"href":"https:\/\/meeplendice.net\/index.php?rest_route=\/wp\/v2\/media\/2590"}],"wp:attachment":[{"href":"https:\/\/meeplendice.net\/index.php?rest_route=%2Fwp%2Fv2%2Fmedia&parent=2588"}],"curies":[{"name":"wp","href":"https:\/\/api.w.org\/{rel}","templated":true}]}}