{"id":2633,"date":"2017-03-13T15:33:40","date_gmt":"2017-03-13T14:33:40","guid":{"rendered":"http:\/\/meeplendice.net\/?page_id=2633"},"modified":"2020-11-20T20:12:08","modified_gmt":"2020-11-20T19:12:08","slug":"the-pyramids-deadling","status":"publish","type":"page","link":"https:\/\/meeplendice.net\/?page_id=2633","title":{"rendered":"The Pyramid&rsquo;s Deadline"},"content":{"rendered":"<div id=\"pl-2633\"  class=\"panel-layout\" ><div id=\"pg-2633-0\"  class=\"panel-grid panel-no-style\" ><div id=\"pgc-2633-0-0\"  class=\"panel-grid-cell\" ><div id=\"panel-2633-0-0-0\" class=\"so-panel widget widget_sow-editor panel-first-child panel-last-child\" data-index=\"0\" ><div\n\t\t\t\n\t\t\tclass=\"so-widget-sow-editor so-widget-sow-editor-base\"\n\t\t\t\n\t\t>\n<div class=\"siteorigin-widget-tinymce textwidget\">\n\t<p style=\"text-align: center;\"><strong>Nombre de joueurs :<\/strong><br \/>\n2 - 6<\/p>\n<\/div>\n<\/div><\/div><\/div><div id=\"pgc-2633-0-1\"  class=\"panel-grid-cell\" ><div id=\"panel-2633-0-1-0\" class=\"so-panel widget widget_sow-editor panel-first-child panel-last-child\" data-index=\"1\" ><div\n\t\t\t\n\t\t\tclass=\"so-widget-sow-editor so-widget-sow-editor-base\"\n\t\t\t\n\t\t>\n<div class=\"siteorigin-widget-tinymce textwidget\">\n\t<p style=\"text-align: center;\"><strong>Dur\u00e9e moyenne :<\/strong><br \/>\n30 min<\/p>\n<\/div>\n<\/div><\/div><\/div><div id=\"pgc-2633-0-2\"  class=\"panel-grid-cell\" ><div id=\"panel-2633-0-2-0\" class=\"so-panel widget widget_sow-editor panel-first-child panel-last-child\" data-index=\"2\" ><div\n\t\t\t\n\t\t\tclass=\"so-widget-sow-editor so-widget-sow-editor-base\"\n\t\t\t\n\t\t>\n<div class=\"siteorigin-widget-tinymce textwidget\">\n\t<p style=\"text-align: center;\"><strong>Age :<\/strong><br \/>\n8 ans et plus<\/p>\n<\/div>\n<\/div><\/div><\/div><\/div><div id=\"pg-2633-1\"  class=\"panel-grid panel-no-style\" ><div id=\"pgc-2633-1-0\"  class=\"panel-grid-cell\" ><div id=\"panel-2633-1-0-0\" class=\"so-panel widget widget_sow-editor panel-first-child panel-last-child\" data-index=\"3\" ><div\n\t\t\t\n\t\t\tclass=\"so-widget-sow-editor so-widget-sow-editor-base\"\n\t\t\t\n\t\t>\n<div class=\"siteorigin-widget-tinymce textwidget\">\n\t<p style=\"text-align: center;\"><strong>Auteur(s) :<br \/>\n<\/strong>Jun Sasaki<\/p>\n<\/div>\n<\/div><\/div><\/div><div id=\"pgc-2633-1-1\"  class=\"panel-grid-cell\" ><div id=\"panel-2633-1-1-0\" class=\"so-panel widget widget_sow-editor panel-first-child panel-last-child\" data-index=\"4\" ><div\n\t\t\t\n\t\t\tclass=\"so-widget-sow-editor so-widget-sow-editor-base\"\n\t\t\t\n\t\t>\n<div class=\"siteorigin-widget-tinymce textwidget\">\n\t<p style=\"text-align: center;\"><strong>Illustrations :<\/strong><br \/>\nSatoe Hatano<\/p>\n<\/div>\n<\/div><\/div><\/div><div id=\"pgc-2633-1-2\"  class=\"panel-grid-cell\" ><div id=\"panel-2633-1-2-0\" class=\"so-panel widget widget_sow-editor panel-first-child panel-last-child\" data-index=\"5\" ><div\n\t\t\t\n\t\t\tclass=\"so-widget-sow-editor so-widget-sow-editor-base\"\n\t\t\t\n\t\t>\n<div class=\"siteorigin-widget-tinymce textwidget\">\n\t<p style=\"text-align: center;\"><strong>\u00c9dition :<\/strong><br \/>\nOink Games Inc<br \/>\n2017<\/p>\n<\/div>\n<\/div><\/div><\/div><div id=\"pgc-2633-1-3\"  class=\"panel-grid-cell\" ><div id=\"panel-2633-1-3-0\" class=\"so-panel widget widget_sow-editor panel-first-child panel-last-child\" data-index=\"6\" ><div\n\t\t\t\n\t\t\tclass=\"so-widget-sow-editor so-widget-sow-editor-base\"\n\t\t\t\n\t\t>\n<div class=\"siteorigin-widget-tinymce textwidget\">\n\t<p style=\"text-align: center;\"><strong>Version :<\/strong><br \/>\nFran\u00e7aise<\/p>\n<\/div>\n<\/div><\/div><\/div><\/div><div id=\"pg-2633-2\"  class=\"panel-grid panel-no-style\" ><div id=\"pgc-2633-2-0\"  class=\"panel-grid-cell\" ><div id=\"panel-2633-2-0-0\" class=\"so-panel widget widget_sow-editor panel-first-child panel-last-child\" data-index=\"7\" ><div\n\t\t\t\n\t\t\tclass=\"so-widget-sow-editor so-widget-sow-editor-base\"\n\t\t\t\n\t\t>\n<div class=\"siteorigin-widget-tinymce textwidget\">\n\t<hr \/>\n<p>Nous sommes dans l'Egypte antique. Le Pharaon a appel\u00e9 aupr\u00e8s de lui les meilleurs architectes afin de leur ordonner de construire le plus beau tombeau. Celui qui parviendra \u00e0 \u00e9riger le plus grand tombeau sera couvert de gloire et son nom r\u00e9sonnera \u00e0 jamais. Mais attention pour ceux qui ne parviendront pas avant la derni\u00e8re heure du Pharaon... Ils seront ex\u00e9cut\u00e9s !<\/p>\n<p>Vous avez \u00e9t\u00e9 vous aussi appel\u00e9 aupr\u00e8s du Pharaon... Chance ou mal\u00e9diction, vous n'avez d'autre choix que de vous lancer dans la construction du plus grand tombeau. Les autres architectes ne se laisseront pas faire et il vous faudra redoubler d'astuce pour y parvenir avant la mort de votre Pharaon...<\/p>\n<\/div>\n<\/div><\/div><\/div><\/div><div id=\"pg-2633-3\"  class=\"panel-grid panel-no-style\" ><div id=\"pgc-2633-3-0\"  class=\"panel-grid-cell\" ><div id=\"panel-2633-3-0-0\" class=\"so-panel widget widget_sow-editor panel-first-child panel-last-child\" data-index=\"8\" ><div\n\t\t\t\n\t\t\tclass=\"so-widget-sow-editor so-widget-sow-editor-base\"\n\t\t\t\n\t\t>\n<div class=\"siteorigin-widget-tinymce textwidget\">\n\t<hr \/>\n<p style=\"text-align: center;\"><strong>En vid\u00e9o<\/strong><\/p>\n<\/div>\n<\/div><\/div><\/div><\/div><div id=\"pg-2633-4\"  class=\"panel-grid panel-no-style\" ><div id=\"pgc-2633-4-0\"  class=\"panel-grid-cell\" ><div id=\"panel-2633-4-0-0\" class=\"so-panel widget widget_sow-editor panel-first-child panel-last-child\" data-index=\"9\" ><div\n\t\t\t\n\t\t\tclass=\"so-widget-sow-editor so-widget-sow-editor-base\"\n\t\t\t\n\t\t>\n<div class=\"siteorigin-widget-tinymce textwidget\">\n\t<p>&nbsp;<\/p>\n<hr \/>\n<p style=\"text-align: center;\"><strong>Pour aller plus loin<\/strong><\/p>\n<\/div>\n<\/div><\/div><\/div><\/div><\/div>","protected":false},"excerpt":{"rendered":"<p>Nombre de joueurs : 2 &#8211; 6 Dur\u00e9e moyenne : 30 min Age : 8 ans et plus Auteur(s) : Jun Sasaki Illustrations : Satoe Hatano \u00c9dition : Oink Games Inc 2017 Version : Fran\u00e7aise<\/p>\n","protected":false},"author":2,"featured_media":2628,"parent":0,"menu_order":0,"comment_status":"closed","ping_status":"closed","template":"","meta":{"footnotes":""},"class_list":["post-2633","page","type-page","status-publish","has-post-thumbnail","hentry"],"acf":[],"rttpg_featured_image_url":{"full":["https:\/\/meeplendice.net\/wp-content\/uploads\/2017\/03\/Pyramiddeadline.png",350,350,false],"landscape":["https:\/\/meeplendice.net\/wp-content\/uploads\/2017\/03\/Pyramiddeadline.png",350,350,false],"portraits":["https:\/\/meeplendice.net\/wp-content\/uploads\/2017\/03\/Pyramiddeadline.png",350,350,false],"thumbnail":["https:\/\/meeplendice.net\/wp-content\/uploads\/2017\/03\/Pyramiddeadline-150x150.png",150,150,true],"medium":["https:\/\/meeplendice.net\/wp-content\/uploads\/2017\/03\/Pyramiddeadline-300x300.png",300,300,true],"large":["https:\/\/meeplendice.net\/wp-content\/uploads\/2017\/03\/Pyramiddeadline.png",350,350,false],"ug_big":["https:\/\/meeplendice.net\/wp-content\/uploads\/2017\/03\/Pyramiddeadline.png",350,350,false],"1536x1536":["https:\/\/meeplendice.net\/wp-content\/uploads\/2017\/03\/Pyramiddeadline.png",350,350,false],"2048x2048":["https:\/\/meeplendice.net\/wp-content\/uploads\/2017\/03\/Pyramiddeadline.png",350,350,false],"ashe-slider-grid-thumbnail":["https:\/\/meeplendice.net\/wp-content\/uploads\/2017\/03\/Pyramiddeadline.png",350,350,false],"ashe-full-thumbnail":["https:\/\/meeplendice.net\/wp-content\/uploads\/2017\/03\/Pyramiddeadline.png",350,350,false],"ashe-grid-thumbnail":["https:\/\/meeplendice.net\/wp-content\/uploads\/2017\/03\/Pyramiddeadline-350x330.png",350,330,true],"ashe-list-thumbnail":["https:\/\/meeplendice.net\/wp-content\/uploads\/2017\/03\/Pyramiddeadline-300x300.png",300,300,true],"ashe-single-navigation":["https:\/\/meeplendice.net\/wp-content\/uploads\/2017\/03\/Pyramiddeadline-75x75.png",75,75,true],"mailpoet_newsletter_max":["https:\/\/meeplendice.net\/wp-content\/uploads\/2017\/03\/Pyramiddeadline.png",350,350,false],"rpwe-thumbnail":["https:\/\/meeplendice.net\/wp-content\/uploads\/2017\/03\/Pyramiddeadline-45x45.png",45,45,true],"sow-carousel-default":["https:\/\/meeplendice.net\/wp-content\/uploads\/2017\/03\/Pyramiddeadline-272x182.png",272,182,true],"rt_custom":["https:\/\/meeplendice.net\/wp-content\/uploads\/2017\/03\/Pyramiddeadline.png",350,350,false]},"rttpg_author":{"display_name":"Karnby","author_link":"https:\/\/meeplendice.net\/?author=2"},"rttpg_comment":0,"rttpg_category":null,"rttpg_excerpt":"Nombre de joueurs : 2 - 6 Dur\u00e9e moyenne : 30 min Age : 8 ans et plus Auteur(s) : Jun Sasaki Illustrations : Satoe Hatano \u00c9dition : Oink Games Inc 2017 Version : Fran\u00e7aise","_links":{"self":[{"href":"https:\/\/meeplendice.net\/index.php?rest_route=\/wp\/v2\/pages\/2633","targetHints":{"allow":["GET"]}}],"collection":[{"href":"https:\/\/meeplendice.net\/index.php?rest_route=\/wp\/v2\/pages"}],"about":[{"href":"https:\/\/meeplendice.net\/index.php?rest_route=\/wp\/v2\/types\/page"}],"author":[{"embeddable":true,"href":"https:\/\/meeplendice.net\/index.php?rest_route=\/wp\/v2\/users\/2"}],"replies":[{"embeddable":true,"href":"https:\/\/meeplendice.net\/index.php?rest_route=%2Fwp%2Fv2%2Fcomments&post=2633"}],"version-history":[{"count":5,"href":"https:\/\/meeplendice.net\/index.php?rest_route=\/wp\/v2\/pages\/2633\/revisions"}],"predecessor-version":[{"id":7544,"href":"https:\/\/meeplendice.net\/index.php?rest_route=\/wp\/v2\/pages\/2633\/revisions\/7544"}],"wp:featuredmedia":[{"embeddable":true,"href":"https:\/\/meeplendice.net\/index.php?rest_route=\/wp\/v2\/media\/2628"}],"wp:attachment":[{"href":"https:\/\/meeplendice.net\/index.php?rest_route=%2Fwp%2Fv2%2Fmedia&parent=2633"}],"curies":[{"name":"wp","href":"https:\/\/api.w.org\/{rel}","templated":true}]}}