{"id":2635,"date":"2017-03-13T15:34:19","date_gmt":"2017-03-13T14:34:19","guid":{"rendered":"http:\/\/meeplendice.net\/?page_id=2635"},"modified":"2020-11-13T16:34:05","modified_gmt":"2020-11-13T15:34:05","slug":"gang-rush-breakout","status":"publish","type":"page","link":"https:\/\/meeplendice.net\/?page_id=2635","title":{"rendered":"Gang Rush Breakout"},"content":{"rendered":"<div id=\"pl-2635\"  class=\"panel-layout\" ><div id=\"pg-2635-0\"  class=\"panel-grid panel-no-style\" ><div id=\"pgc-2635-0-0\"  class=\"panel-grid-cell\" ><div id=\"panel-2635-0-0-0\" class=\"so-panel widget widget_sow-editor panel-first-child panel-last-child\" data-index=\"0\" ><div\n\t\t\t\n\t\t\tclass=\"so-widget-sow-editor so-widget-sow-editor-base\"\n\t\t\t\n\t\t>\n<div class=\"siteorigin-widget-tinymce textwidget\">\n\t<p style=\"text-align: center;\"><strong>Nombre de joueurs :<\/strong><br \/>\n3 - 5<\/p>\n<\/div>\n<\/div><\/div><\/div><div id=\"pgc-2635-0-1\"  class=\"panel-grid-cell\" ><div id=\"panel-2635-0-1-0\" class=\"so-panel widget widget_sow-editor panel-first-child panel-last-child\" data-index=\"1\" ><div\n\t\t\t\n\t\t\tclass=\"so-widget-sow-editor so-widget-sow-editor-base\"\n\t\t\t\n\t\t>\n<div class=\"siteorigin-widget-tinymce textwidget\">\n\t<p style=\"text-align: center;\"><strong>Dur\u00e9e moyenne :<\/strong><br \/>\n45 min<\/p>\n<\/div>\n<\/div><\/div><\/div><div id=\"pgc-2635-0-2\"  class=\"panel-grid-cell\" ><div id=\"panel-2635-0-2-0\" class=\"so-panel widget widget_sow-editor panel-first-child panel-last-child\" data-index=\"2\" ><div\n\t\t\t\n\t\t\tclass=\"so-widget-sow-editor so-widget-sow-editor-base\"\n\t\t\t\n\t\t>\n<div class=\"siteorigin-widget-tinymce textwidget\">\n\t<p style=\"text-align: center;\"><strong>Age :<\/strong><br \/>\n10 ans et plus<\/p>\n<\/div>\n<\/div><\/div><\/div><\/div><div id=\"pg-2635-1\"  class=\"panel-grid panel-no-style\" ><div id=\"pgc-2635-1-0\"  class=\"panel-grid-cell\" ><div id=\"panel-2635-1-0-0\" class=\"so-panel widget widget_sow-editor panel-first-child panel-last-child\" data-index=\"3\" ><div\n\t\t\t\n\t\t\tclass=\"so-widget-sow-editor so-widget-sow-editor-base\"\n\t\t\t\n\t\t>\n<div class=\"siteorigin-widget-tinymce textwidget\">\n\t<p style=\"text-align: center;\"><strong>Auteur(s) :<br \/>\n<\/strong>Galladur<br \/>\nHenri Pym<\/p>\n<\/div>\n<\/div><\/div><\/div><div id=\"pgc-2635-1-1\"  class=\"panel-grid-cell\" ><div id=\"panel-2635-1-1-0\" class=\"so-panel widget widget_sow-editor panel-first-child panel-last-child\" data-index=\"4\" ><div\n\t\t\t\n\t\t\tclass=\"so-widget-sow-editor so-widget-sow-editor-base\"\n\t\t\t\n\t\t>\n<div class=\"siteorigin-widget-tinymce textwidget\">\n\t<p style=\"text-align: center;\"><strong>Illustrations :<\/strong><br \/>\nGalladur<br \/>\nKorky<br \/>\nR\u00e9mi Farjaud<\/p>\n<\/div>\n<\/div><\/div><\/div><div id=\"pgc-2635-1-2\"  class=\"panel-grid-cell\" ><div id=\"panel-2635-1-2-0\" class=\"so-panel widget widget_sow-editor panel-first-child panel-last-child\" data-index=\"5\" ><div\n\t\t\t\n\t\t\tclass=\"so-widget-sow-editor so-widget-sow-editor-base\"\n\t\t\t\n\t\t>\n<div class=\"siteorigin-widget-tinymce textwidget\">\n\t<p style=\"text-align: center;\"><strong>\u00c9dition :<\/strong><br \/>\nAnkama<br \/>\n2017<\/p>\n<\/div>\n<\/div><\/div><\/div><div id=\"pgc-2635-1-3\"  class=\"panel-grid-cell\" ><div id=\"panel-2635-1-3-0\" class=\"so-panel widget widget_sow-editor panel-first-child panel-last-child\" data-index=\"6\" ><div\n\t\t\t\n\t\t\tclass=\"so-widget-sow-editor so-widget-sow-editor-base\"\n\t\t\t\n\t\t>\n<div class=\"siteorigin-widget-tinymce textwidget\">\n\t<p style=\"text-align: center;\"><strong>Version :<\/strong><br \/>\nFran\u00e7aise<\/p>\n<\/div>\n<\/div><\/div><\/div><\/div><div id=\"pg-2635-2\"  class=\"panel-grid panel-no-style\" ><div id=\"pgc-2635-2-0\"  class=\"panel-grid-cell\" ><div id=\"panel-2635-2-0-0\" class=\"so-panel widget widget_sow-editor panel-first-child panel-last-child\" data-index=\"7\" ><div\n\t\t\t\n\t\t\tclass=\"so-widget-sow-editor so-widget-sow-editor-base\"\n\t\t\t\n\t\t>\n<div class=\"siteorigin-widget-tinymce textwidget\">\n\t<hr \/>\n<p>En 1950, D\u00e9troit est la capitale mondiale de l'automobile et de la criminalit\u00e9. Le parrain local de la mafia cherche toujours \u00e0 faire fructifier ses gains, et cherche des hommes de confiance...<\/p>\n<p>\"Messieurs, il est temps d'aller chercher les sommes qui nous sont d\u00fbes par toutes les personnes sous notre protection. J'ai remarqu\u00e9 que derni\u00e8rement certains d'entre vous ont tendance \u00e0 se la couler douce, alors je vous conseille d'\u00eatre rapides et efficaces sur ce coup afin de ne pas me d\u00e9cevoir...\"<\/p>\n<p>Les joueurs incarnent des hommes de main de la mafia, qui se retrouvent tous au m\u00eame moment dans la derni\u00e8re ligne droite les ramenant vers leur QG : le pont de D\u00e9troit.<br \/>\nAu volant de voitures boost\u00e9es, ils vont devoir jouer des coudes, de la g\u00e2chette et d'un bon coup de volant pour rapporter le plus gros pactole et devenir ainsi le bras droit du parrain. Chacun peut conseiller, menacer, influencer les autres joueurs dans leurs. Ici, c'est l\u00e9gal !<\/p>\n<\/div>\n<\/div><\/div><\/div><\/div><div id=\"pg-2635-3\"  class=\"panel-grid panel-no-style\" ><div id=\"pgc-2635-3-0\"  class=\"panel-grid-cell\" ><div id=\"panel-2635-3-0-0\" class=\"so-panel widget widget_sow-editor panel-first-child panel-last-child\" data-index=\"8\" ><div\n\t\t\t\n\t\t\tclass=\"so-widget-sow-editor so-widget-sow-editor-base\"\n\t\t\t\n\t\t>\n<div class=\"siteorigin-widget-tinymce textwidget\">\n\t<hr \/>\n<p style=\"text-align: center;\"><strong>En vid\u00e9o<\/strong><\/p>\n<p style=\"text-align: left;\">De l'explication des r\u00e8gles :<\/p>\n<ul>\n<li style=\"text-align: left;\">Tric Trac<\/li>\n<\/ul>\n<p style=\"text-align: left;\"><a href=\"https:\/\/www.trictrac.net\/actus\/gang-rush-breakout-de-l-explication\" target=\"_blank\" rel=\"noopener noreferrer\"><img loading=\"lazy\" decoding=\"async\" class=\"alignnone size-full wp-image-107\" src=\"http:\/\/meeplendice.net\/wp-content\/uploads\/2016\/08\/TT_explication.png\" alt=\"TT_explication\" width=\"200\" height=\"170\" \/><\/a><\/p>\n<p style=\"text-align: left;\">\u00a0De la partie :<\/p>\n<ul>\n<li style=\"text-align: left;\">Tric Trac<\/li>\n<\/ul>\n<p><a href=\"https:\/\/www.trictrac.net\/actus\/gang-rush-breakout-de-la-partie\"><img loading=\"lazy\" decoding=\"async\" class=\"alignnone size-full wp-image-117\" src=\"http:\/\/meeplendice.net\/wp-content\/uploads\/2016\/08\/TT_partie_1.png\" alt=\"TT_partie_1\" width=\"200\" height=\"170\" \/><\/a><\/p>\n<p style=\"text-align: center;\"><strong>\u00a0<\/strong><\/p>\n<\/div>\n<\/div><\/div><\/div><\/div><div id=\"pg-2635-4\"  class=\"panel-grid panel-no-style\" ><div id=\"pgc-2635-4-0\"  class=\"panel-grid-cell\" ><div id=\"panel-2635-4-0-0\" class=\"so-panel widget widget_sow-editor panel-first-child panel-last-child\" data-index=\"9\" ><div\n\t\t\t\n\t\t\tclass=\"so-widget-sow-editor so-widget-sow-editor-base\"\n\t\t\t\n\t\t>\n<div class=\"siteorigin-widget-tinymce textwidget\">\n\t<hr \/>\n<p style=\"text-align: center;\"><strong>Pour aller plus loin<\/strong><\/p>\n<\/div>\n<\/div><\/div><\/div><\/div><\/div>","protected":false},"excerpt":{"rendered":"<p>Nombre de joueurs : 3 &#8211; 5 Dur\u00e9e moyenne : 45 min Age : 10 ans et plus Auteur(s) : Galladur Henri Pym Illustrations : Galladur Korky R\u00e9mi Farjaud \u00c9dition : Ankama 2017 Version : Fran\u00e7aise<\/p>\n","protected":false},"author":2,"featured_media":2629,"parent":0,"menu_order":0,"comment_status":"closed","ping_status":"closed","template":"","meta":{"footnotes":""},"class_list":["post-2635","page","type-page","status-publish","has-post-thumbnail","hentry"],"acf":[],"rttpg_featured_image_url":{"full":["https:\/\/meeplendice.net\/wp-content\/uploads\/2017\/03\/Gangrushbreakout.png",350,350,false],"landscape":["https:\/\/meeplendice.net\/wp-content\/uploads\/2017\/03\/Gangrushbreakout.png",350,350,false],"portraits":["https:\/\/meeplendice.net\/wp-content\/uploads\/2017\/03\/Gangrushbreakout.png",350,350,false],"thumbnail":["https:\/\/meeplendice.net\/wp-content\/uploads\/2017\/03\/Gangrushbreakout-150x150.png",150,150,true],"medium":["https:\/\/meeplendice.net\/wp-content\/uploads\/2017\/03\/Gangrushbreakout-300x300.png",300,300,true],"large":["https:\/\/meeplendice.net\/wp-content\/uploads\/2017\/03\/Gangrushbreakout.png",350,350,false],"ug_big":["https:\/\/meeplendice.net\/wp-content\/uploads\/2017\/03\/Gangrushbreakout.png",350,350,false],"1536x1536":["https:\/\/meeplendice.net\/wp-content\/uploads\/2017\/03\/Gangrushbreakout.png",350,350,false],"2048x2048":["https:\/\/meeplendice.net\/wp-content\/uploads\/2017\/03\/Gangrushbreakout.png",350,350,false],"ashe-slider-grid-thumbnail":["https:\/\/meeplendice.net\/wp-content\/uploads\/2017\/03\/Gangrushbreakout.png",350,350,false],"ashe-full-thumbnail":["https:\/\/meeplendice.net\/wp-content\/uploads\/2017\/03\/Gangrushbreakout.png",350,350,false],"ashe-grid-thumbnail":["https:\/\/meeplendice.net\/wp-content\/uploads\/2017\/03\/Gangrushbreakout-350x330.png",350,330,true],"ashe-list-thumbnail":["https:\/\/meeplendice.net\/wp-content\/uploads\/2017\/03\/Gangrushbreakout-300x300.png",300,300,true],"ashe-single-navigation":["https:\/\/meeplendice.net\/wp-content\/uploads\/2017\/03\/Gangrushbreakout-75x75.png",75,75,true],"mailpoet_newsletter_max":["https:\/\/meeplendice.net\/wp-content\/uploads\/2017\/03\/Gangrushbreakout.png",350,350,false],"rpwe-thumbnail":["https:\/\/meeplendice.net\/wp-content\/uploads\/2017\/03\/Gangrushbreakout-45x45.png",45,45,true],"sow-carousel-default":["https:\/\/meeplendice.net\/wp-content\/uploads\/2017\/03\/Gangrushbreakout-272x182.png",272,182,true],"rt_custom":["https:\/\/meeplendice.net\/wp-content\/uploads\/2017\/03\/Gangrushbreakout.png",350,350,false]},"rttpg_author":{"display_name":"Karnby","author_link":"https:\/\/meeplendice.net\/?author=2"},"rttpg_comment":0,"rttpg_category":null,"rttpg_excerpt":"Nombre de joueurs : 3 - 5 Dur\u00e9e moyenne : 45 min Age : 10 ans et plus Auteur(s) : Galladur Henri Pym Illustrations : Galladur Korky R\u00e9mi Farjaud \u00c9dition : Ankama 2017 Version : Fran\u00e7aise","_links":{"self":[{"href":"https:\/\/meeplendice.net\/index.php?rest_route=\/wp\/v2\/pages\/2635","targetHints":{"allow":["GET"]}}],"collection":[{"href":"https:\/\/meeplendice.net\/index.php?rest_route=\/wp\/v2\/pages"}],"about":[{"href":"https:\/\/meeplendice.net\/index.php?rest_route=\/wp\/v2\/types\/page"}],"author":[{"embeddable":true,"href":"https:\/\/meeplendice.net\/index.php?rest_route=\/wp\/v2\/users\/2"}],"replies":[{"embeddable":true,"href":"https:\/\/meeplendice.net\/index.php?rest_route=%2Fwp%2Fv2%2Fcomments&post=2635"}],"version-history":[{"count":8,"href":"https:\/\/meeplendice.net\/index.php?rest_route=\/wp\/v2\/pages\/2635\/revisions"}],"predecessor-version":[{"id":7251,"href":"https:\/\/meeplendice.net\/index.php?rest_route=\/wp\/v2\/pages\/2635\/revisions\/7251"}],"wp:featuredmedia":[{"embeddable":true,"href":"https:\/\/meeplendice.net\/index.php?rest_route=\/wp\/v2\/media\/2629"}],"wp:attachment":[{"href":"https:\/\/meeplendice.net\/index.php?rest_route=%2Fwp%2Fv2%2Fmedia&parent=2635"}],"curies":[{"name":"wp","href":"https:\/\/api.w.org\/{rel}","templated":true}]}}